{"id":939,"date":"2019-12-02T12:06:50","date_gmt":"2019-12-02T12:06:50","guid":{"rendered":"https:\/\/jupiterx.artbees.net\/mobile-repair\/?page_id=12"},"modified":"2023-11-20T15:23:02","modified_gmt":"2023-11-20T12:23:02","slug":"iletisim","status":"publish","type":"page","link":"https:\/\/www.tuyider.org\/en\/iletisim\/","title":{"rendered":"\u0130leti\u015fim"},"content":{"rendered":"<div data-elementor-type=\"wp-page\" data-elementor-id=\"939\" class=\"elementor elementor-939\" data-elementor-post-type=\"page\">\n\t\t\t\t\t\t<section class=\"elementor-section elementor-top-section elementor-element elementor-element-2555f80 elementor-section-content-middle elementor-section-boxed elementor-section-height-default elementor-section-height-default\" data-id=\"2555f80\" data-element_type=\"section\" data-e-type=\"section\">\n\t\t\t\t\t\t<div class=\"elementor-container elementor-column-gap-default\">\n\t\t\t\t\t<div class=\"elementor-column elementor-col-33 elementor-top-column elementor-element elementor-element-6c72678\" data-id=\"6c72678\" data-element_type=\"column\" data-e-type=\"column\">\n\t\t\t<div class=\"elementor-widget-wrap elementor-element-populated\">\n\t\t\t\t\t\t<div class=\"elementor-element elementor-element-29248df bg-white shadow shadow-hover-sm fly-sm rounded-10 elementor-invisible elementor-widget elementor-widget-pix-feature\" data-id=\"29248df\" data-element_type=\"widget\" data-e-type=\"widget\" data-widget_type=\"pix-feature.default\">\n\t\t\t\t<div class=\"elementor-widget-container\">\n\t\t\t\t\t<a href=\"tel:+902165768606\" ><div id=\"pix-feature-29248df\" class=\"pix-feature-el text-custom\"><div class=\"pix-feature-icon d-inline-block mw-100 text-gradient-primary animate-in\" data-anim-type=\"fade-in-up\" data-anim-delay=\"0\" style=\"aspect-ratio:1\/1 !important;position:relative;text-align:center;font-size:1px;line-height:1px;\"><svg class=\"pixfort-icon\" width=\"24\" height=\"24\"  data-name=\"Line\/pixfort-icon-telephone-1\" viewbox=\"2 2 20 20\"><path fill=\"none\" stroke=\"var(--pf-icon-color)\" stroke-linecap=\"round\" stroke-linejoin=\"round\" stroke-width=\"var(--pf-icon-stroke-width)\" d=\"M18.8832522,15.2149875 L16.6435199,14.9557395 C16.063686,14.888624 15.4834673,15.0781662 15.0550765,15.474642 L13.9101291,16.5342913 L13.9101291,16.5342913 C11.0247673,15.2272362 8.65046344,13.0476406 7.32012905,9.94429134 L8.40498315,8.93981673 C8.87321964,8.50627302 9.10646531,7.87531619 9.03281655,7.24145388 L8.78582632,5.11571837 C8.65834351,4.01853018 7.6655515,3.23242866 6.56836332,3.35991148 C6.52669972,3.36475239 6.48519872,3.37090276 6.44392189,3.37835345 L4.03181843,3.81375119 C3.42678981,3.92293172 2.99622204,4.46337942 3.02497102,5.07750767 C3.02497102,5.07750767 3.02497102,5.07750767 3.02497102,5.07750767 C3.46000713,14.3706349 9.54976692,20.5603505 18.9740596,20.9775141 C18.9740596,20.9775141 18.9740596,20.9775141 18.9740596,20.9775141 C19.5592738,21.0034184 20.0735032,20.5926686 20.177581,20.0162014 L20.6214816,17.5569921 C20.8176915,16.4699892 20.095561,15.4297396 19.0085581,15.2335297 C18.9669957,15.2260274 18.9252062,15.2198436 18.8832522,15.2149875 Z\"\/><\/svg><\/div><h5 class=\"pix-feature-title  font-weight-bold  secondary-font text-heading-default animate-in\" style=\"padding-top:30px;\" data-anim-type=\"fade-in-up\" data-anim-delay=\"100\">Telefon<\/h5><div class=\"pix-feature-content text-body-default text-18     animate-in\" style=\"padding-top:10px;\" data-anim-type=\"fade-in-up\" data-anim-delay=\"200\">+90 216 576 86 06<\/div><\/div><\/a>\t\t\t\t<\/div>\n\t\t\t\t<\/div>\n\t\t\t\t\t<\/div>\n\t\t<\/div>\n\t\t\t\t<div class=\"elementor-column elementor-col-33 elementor-top-column elementor-element elementor-element-3f0c680\" data-id=\"3f0c680\" data-element_type=\"column\" data-e-type=\"column\">\n\t\t\t<div class=\"elementor-widget-wrap elementor-element-populated\">\n\t\t\t\t\t\t<div class=\"elementor-element elementor-element-e31ee73 bg-white shadow shadow-hover-sm fly-sm rounded-10 elementor-invisible elementor-widget elementor-widget-pix-feature\" data-id=\"e31ee73\" data-element_type=\"widget\" data-e-type=\"widget\" data-widget_type=\"pix-feature.default\">\n\t\t\t\t<div class=\"elementor-widget-container\">\n\t\t\t\t\t<a href=\"https:\/\/www.google.com\/maps\/place\/Melek+Aras+Blv.+No:2,+34956+Ayd%C4%B1nl%C4%B1-kosb%2FTuzla%2F%C4%B0stanbul,+Turkey\/@40.8786002,29.3838412,17z\/data=!3m1!4b1!4m5!3m4!1s0x14cad8f6e2797c19:0x9abdf4fc9d32fc18!8m2!3d40.8786002!4d29.3860299\" target=\"_blank\" rel=\"noopener\"><div id=\"e31ee73\" class=\"pix-feature-el text-custom\"><div class=\"pix-feature-icon d-inline-block mw-100 text-gradient-primary animate-in\" data-anim-type=\"fade-in-up\" data-anim-delay=\"0\" style=\"aspect-ratio:1\/1 !important;position:relative;text-align:center;font-size:1px;line-height:1px;\"><svg class=\"pixfort-icon\" width=\"24\" height=\"24\"  data-name=\"Line\/pixfort-icon-lock-2\" viewbox=\"2 2 20 20\"><path fill=\"none\" stroke=\"var(--pf-icon-color)\" stroke-linecap=\"round\" stroke-linejoin=\"round\" stroke-width=\"var(--pf-icon-stroke-width)\" d=\"M10.5,10 L13.5,10 C16.5375661,10 19,12.4624339 19,15.5 C19,18.5375661 16.5375661,21 13.5,21 L10.5,21 C7.46243388,21 5,18.5375661 5,15.5 C5,12.4624339 7.46243388,10 10.5,10 Z M8,10 L8,7 C8,4.790861 9.790861,3 12,3 C14.209139,3 16,4.790861 16,7 L16,10 M12,14 L12,17\"\/><\/svg><\/div><h5 class=\"pix-feature-title  font-weight-bold  secondary-font text-heading-default animate-in\" style=\"padding-top:30px;\" data-anim-type=\"fade-in-up\" data-anim-delay=\"100\">Adres<\/h5><div class=\"pix-feature-content text-body-default text-18     animate-in\" style=\"padding-top:10px;\" data-anim-type=\"fade-in-up\" data-anim-delay=\"200\">Ayd\u0131nl\u0131-KOSB Mah. Tuzla Kimya Sanayicileri OSB Atom Caddesi No:2 Tuzla 34956 Istanbul, T\u00fcrkiye<\/div><\/div><\/a>\t\t\t\t<\/div>\n\t\t\t\t<\/div>\n\t\t\t\t\t<\/div>\n\t\t<\/div>\n\t\t\t\t<div class=\"elementor-column elementor-col-33 elementor-top-column elementor-element elementor-element-8ce5870\" data-id=\"8ce5870\" data-element_type=\"column\" data-e-type=\"column\">\n\t\t\t<div class=\"elementor-widget-wrap elementor-element-populated\">\n\t\t\t\t\t\t<div class=\"elementor-element elementor-element-ef25f3f bg-white shadow shadow-hover-sm fly-sm rounded-10 elementor-invisible elementor-widget elementor-widget-pix-feature\" data-id=\"ef25f3f\" data-element_type=\"widget\" data-e-type=\"widget\" data-widget_type=\"pix-feature.default\">\n\t\t\t\t<div class=\"elementor-widget-container\">\n\t\t\t\t\t<a href=\"mailto:info@tuyider.org\" ><div id=\"ef25f3f\" class=\"pix-feature-el text-custom\"><div class=\"pix-feature-icon d-inline-block mw-100 text-gradient-primary animate-in\" data-anim-type=\"fade-in-up\" data-anim-delay=\"0\" style=\"aspect-ratio:1\/1 !important;position:relative;text-align:center;font-size:1px;line-height:1px;\"><svg class=\"pixfort-icon\" width=\"24\" height=\"24\"  data-name=\"Line\/pixfort-icon-mail-open-4\" viewbox=\"2 2 20 20\"><path fill=\"none\" stroke=\"var(--pf-icon-color)\" stroke-linecap=\"round\" stroke-linejoin=\"round\" stroke-width=\"var(--pf-icon-stroke-width)\" d=\"M18.0211296,7.01408643 L20.5547002,8.70313346 C20.8328989,8.88859924 21,9.20083057 21,9.53518376 L21,19 C21,20.1045695 20.1045695,21 19,21 L5,21 C3.8954305,21 3,20.1045695 3,19 L3,9.53518376 C3,9.20083057 3.16710114,8.88859924 3.4452998,8.70313346 L5.98731471,7.00845686 L5.98731471,7.00845686 M9,13.5918345 L3.59082089,20.4037252 M14.9959078,13.5918345 L20.4003124,20.3914607 M3.30149167,8.98779765 L10.7448982,14.9882141 C11.4774541,15.5787556 12.5225812,15.5787994 13.2551866,14.9883193 L20.7,8.98779765 L20.7,8.98779765 M6,11.1902729 L6,4.2 C6,3.5372583 6.5372583,3 7.2,3 L16.8,3 C17.4627417,3 18,3.5372583 18,4.2 L18,11.1902729 L18,11.1902729 M10,7 L14,7 M10,10 L13,10\"\/><\/svg><\/div><h5 class=\"pix-feature-title  font-weight-bold  secondary-font text-heading-default animate-in\" style=\"padding-top:30px;\" data-anim-type=\"fade-in-up\" data-anim-delay=\"100\">E-Posta<\/h5><div class=\"pix-feature-content text-body-default text-18     animate-in\" style=\"padding-top:10px;\" data-anim-type=\"fade-in-up\" data-anim-delay=\"200\">info@tuyider.org<\/div><\/div><\/a>\t\t\t\t<\/div>\n\t\t\t\t<\/div>\n\t\t\t\t\t<\/div>\n\t\t<\/div>\n\t\t\t\t\t<\/div>\n\t\t<\/section>\n\t\t\t\t<section class=\"elementor-section elementor-top-section elementor-element elementor-element-3769fc3 elementor-section-boxed elementor-section-height-default elementor-section-height-default\" data-id=\"3769fc3\" data-element_type=\"section\" data-e-type=\"section\">\n\t\t\t\t\t\t<div class=\"elementor-container elementor-column-gap-default\">\n\t\t\t\t\t<div class=\"elementor-column elementor-col-100 elementor-top-column elementor-element elementor-element-d6f1bfe\" data-id=\"d6f1bfe\" data-element_type=\"column\" data-e-type=\"column\">\n\t\t\t<div class=\"elementor-widget-wrap elementor-element-populated\">\n\t\t\t\t\t\t<section class=\"elementor-section elementor-inner-section elementor-element elementor-element-cfcf4f4 elementor-section-boxed elementor-section-height-default elementor-section-height-default\" data-id=\"cfcf4f4\" data-element_type=\"section\" data-e-type=\"section\">\n\t\t\t\t\t\t<div class=\"elementor-container elementor-column-gap-default\">\n\t\t\t\t\t<div class=\"elementor-column elementor-col-100 elementor-inner-column elementor-element elementor-element-18edb1c\" data-id=\"18edb1c\" data-element_type=\"column\" data-e-type=\"column\">\n\t\t\t<div class=\"elementor-widget-wrap elementor-element-populated\">\n\t\t\t\t\t\t<div class=\"elementor-element elementor-element-1902de5 elementor-widget elementor-widget-pix-map\" data-id=\"1902de5\" data-element_type=\"widget\" data-e-type=\"widget\" data-widget_type=\"pix-map.default\">\n\t\t\t\t<div class=\"elementor-widget-container\">\n\t\t\t\t\t<div class=\"overflow-hidden pix-map-out mb-2 mb-sm-0\" ><section class=\"pix-google-map w-100\" data-style=\"standard\" data-color=\"\" data-saturation=\"-20\" data-brightness=\"5\" data-latitude=\"40.878582\" data-longitude=\"29.3858518\" data-map-zoom=\"15\" data-marker=\"https:\/\/www.tuyider.org\/wp-content\/plugins\/pixfort-core\/functions\/images\/map\/pix-icon-location.svg\"><div class=\"google-container\"><\/div><div class=\"pix-zoom-in bg-white shadow rounded text-dark-opacity-8 text-18 d-flex align-items-center justify-content-center\"><svg class=\"pixfort-icon\" width=\"24\" height=\"24\"  data-name=\"Line\/pixfort-icon-plus-circle-1\" viewbox=\"2 2 20 20\"><path fill=\"none\" stroke=\"var(--pf-icon-color)\" stroke-linecap=\"round\" stroke-linejoin=\"round\" stroke-width=\"var(--pf-icon-stroke-width)\" d=\"M12,21 C16.9705627,21 21,16.9705627 21,12 C21,7.02943725 16.9705627,3 12,3 C7.02943725,3 3,7.02943725 3,12 C3,16.9705627 7.02943725,21 12,21 Z M12,8 L12,16 M8,12 L16,12\"\/><\/svg><\/div><div class=\"pix-zoom-out bg-white mt-1 shadow rounded text-dark-opacity-8 text-18 d-flex align-items-center justify-content-center\"><svg class=\"pixfort-icon\" width=\"24\" height=\"24\"  data-name=\"Line\/pixfort-icon-minus-circle-1\" viewbox=\"2 2 20 20\"><path fill=\"none\" stroke=\"var(--pf-icon-color)\" stroke-linecap=\"round\" stroke-linejoin=\"round\" stroke-width=\"var(--pf-icon-stroke-width)\" d=\"M12,21 C16.9705627,21 21,16.9705627 21,12 C21,7.02943725 16.9705627,3 12,3 C7.02943725,3 3,7.02943725 3,12 C3,16.9705627 7.02943725,21 12,21 Z M8,12 L16,12\"\/><\/svg><\/div><\/section><\/div>\t\t\t\t<\/div>\n\t\t\t\t<\/div>\n\t\t\t\t\t<\/div>\n\t\t<\/div>\n\t\t\t\t\t<\/div>\n\t\t<\/section>\n\t\t\t\t<div class=\"elementor-element elementor-element-908191c bg-white shadow shadow-hover-sm fly-sm rounded-10 elementor-hidden-desktop elementor-hidden-tablet elementor-invisible elementor-widget elementor-widget-pix-feature\" data-id=\"908191c\" data-element_type=\"widget\" data-e-type=\"widget\" data-widget_type=\"pix-feature.default\">\n\t\t\t\t<div class=\"elementor-widget-container\">\n\t\t\t\t\t<a href=\"https:\/\/www.google.com\/maps\/place\/Melek+Aras+Blv.+No:2,+34956+Ayd%C4%B1nl%C4%B1-kosb%2FTuzla%2F%C4%B0stanbul,+Turkey\/@40.8786002,29.3838412,17z\/data=!3m1!4b1!4m5!3m4!1s0x14cad8f6e2797c19:0x9abdf4fc9d32fc18!8m2!3d40.8786002!4d29.3860299\" target=\"_blank\" rel=\"noopener\"><div id=\"pix-feature-908191c\" class=\"pix-feature-el text-custom\"><div class=\"pix-feature-icon d-inline-block mw-100 text-gradient-primary animate-in\" data-anim-type=\"fade-in-up\" data-anim-delay=\"0\" style=\"aspect-ratio:1\/1 !important;position:relative;text-align:center;font-size:1px;line-height:1px;\"><svg class=\"pixfort-icon\" width=\"24\" height=\"24\"  data-name=\"Line\/pixfort-icon-map-navigation-1\" viewbox=\"2 2 20 20\"><path fill=\"none\" stroke=\"var(--pf-icon-color)\" stroke-linecap=\"round\" stroke-linejoin=\"round\" stroke-width=\"var(--pf-icon-stroke-width)\" d=\"M12.7909281,14.2366729 L11.2269412,10.8480953 C11.1690805,10.7227327 11.0205487,10.6680116 10.895186,10.7258723 C10.8412077,10.7507858 10.7978743,10.7941198 10.7729615,10.8480984 L9.20904171,14.2366521 C9.1511827,14.3620155 9.20590585,14.5105467 9.33126927,14.5684057 C9.40022427,14.6002305 9.47990697,14.5989857 9.54783426,14.5650226 L10.7763771,13.9507609 C10.9171413,13.8803799 11.0828274,13.8803809 11.2235907,13.9507637 L12.4521342,14.5650451 C12.5756284,14.6267932 12.725797,14.5767381 12.7875451,14.4532438 C12.8215101,14.3853149 12.8227549,14.3056296 12.7909281,14.2366729 Z M11,18 C13.7614237,18 16,15.7614237 16,13 C16,10.2385763 13.7614237,8 11,8 C8.23857625,8 6,10.2385763 6,13 C6,15.7614237 8.23857625,18 11,18 Z M15,3 C15,6.3137085 17.6862915,9 21,9 M5,3 L19,3 C20.1045695,3 21,3.8954305 21,5 L21,19 C21,20.1045695 20.1045695,21 19,21 L5,21 C3.8954305,21 3,20.1045695 3,19 L3,5 C3,3.8954305 3.8954305,3 5,3 Z M10.9999914,3 L10.9999914,8 M20.9977398,17.3884548 L20.5620212,17.3884548 C20.1940117,17.3884548 19.833137,17.2869171 19.5191212,17.0950185 L15.6863139,14.7527474 L15.6863139,14.7527474 M7.30371251,9.63004654 L4.48055734,7.90478504 C4.16654151,7.71288648 3.80566683,7.61134871 3.43765732,7.61134871 L3.00200272,7.61134871 L3.00200272,7.61134871 M10.9999555,21 L11,18\"\/><\/svg><\/div><h5 class=\"pix-feature-title  font-weight-bold  secondary-font text-heading-default animate-in\" style=\"padding-top:30px;\" data-anim-type=\"fade-in-up\" data-anim-delay=\"100\">Adres tarifi<\/h5><div class=\"pix-feature-content text-body-default text-18     animate-in\" style=\"padding-top:10px;\" data-anim-type=\"fade-in-up\" data-anim-delay=\"200\">Mobil cihaz\u0131n\u0131zdan adres tarifi almak i\u00e7in t\u0131klayabilirsiniz<\/div><\/div><\/a>\t\t\t\t<\/div>\n\t\t\t\t<\/div>\n\t\t\t\t<div class=\"elementor-element elementor-element-e510b45 elementor-widget elementor-widget-spacer\" data-id=\"e510b45\" data-element_type=\"widget\" data-e-type=\"widget\" data-widget_type=\"spacer.default\">\n\t\t\t\t<div class=\"elementor-widget-container\">\n\t\t\t\t\t\t\t<div class=\"elementor-spacer\">\n\t\t\t<div class=\"elementor-spacer-inner\"><\/div>\n\t\t<\/div>\n\t\t\t\t\t\t<\/div>\n\t\t\t\t<\/div>\n\t\t\t\t\t<\/div>\n\t\t<\/div>\n\t\t\t\t\t<\/div>\n\t\t<\/section>\n\t\t\t\t<\/div>","protected":false},"excerpt":{"rendered":"<p>Telefon +90 216 576 86 06 Adres Ayd\u0131nl\u0131-KOSB Mah. Tuzla Kimya Sanayicileri OSB Atom Caddesi No:2 Tuzla 34956 Istanbul, T\u00fcrkiye E-Posta <a href=\"mailto:info@tuyider.org\" class=\"autohyperlink\">info@tuyider.org<\/a> Adres tarifi Mobil cihaz\u0131n\u0131zdan adres tarifi almak i\u00e7in t\u0131klayabilirsiniz<\/p>","protected":false},"author":14,"featured_media":0,"parent":0,"menu_order":0,"comment_status":"closed","ping_status":"closed","template":"","meta":{"footnotes":""},"class_list":["post-939","page","type-page","status-publish","hentry"],"_links":{"self":[{"href":"https:\/\/www.tuyider.org\/en\/wp-json\/wp\/v2\/pages\/939","targetHints":{"allow":["GET"]}}],"collection":[{"href":"https:\/\/www.tuyider.org\/en\/wp-json\/wp\/v2\/pages"}],"about":[{"href":"https:\/\/www.tuyider.org\/en\/wp-json\/wp\/v2\/types\/page"}],"author":[{"embeddable":true,"href":"https:\/\/www.tuyider.org\/en\/wp-json\/wp\/v2\/users\/14"}],"replies":[{"embeddable":true,"href":"https:\/\/www.tuyider.org\/en\/wp-json\/wp\/v2\/comments?post=939"}],"version-history":[{"count":40,"href":"https:\/\/www.tuyider.org\/en\/wp-json\/wp\/v2\/pages\/939\/revisions"}],"predecessor-version":[{"id":6402,"href":"https:\/\/www.tuyider.org\/en\/wp-json\/wp\/v2\/pages\/939\/revisions\/6402"}],"wp:attachment":[{"href":"https:\/\/www.tuyider.org\/en\/wp-json\/wp\/v2\/media?parent=939"}],"curies":[{"name":"wp","href":"https:\/\/api.w.org\/{rel}","templated":true}]}}