{"id":893,"date":"2020-12-10T17:35:47","date_gmt":"2020-12-10T14:35:47","guid":{"rendered":"http:\/\/www.tuyider.nanotasarim.com\/?page_id=893"},"modified":"2026-02-09T18:05:25","modified_gmt":"2026-02-09T15:05:25","slug":"yonetim-tuyider","status":"publish","type":"page","link":"https:\/\/www.tuyider.org\/en\/yonetim-tuyider\/","title":{"rendered":"Management"},"content":{"rendered":"<div data-elementor-type=\"wp-page\" data-elementor-id=\"893\" class=\"elementor elementor-893\" data-elementor-post-type=\"page\">\n\t\t\t\t\t\t<section class=\"elementor-section elementor-top-section elementor-element elementor-element-37f3597 elementor-section-stretched elementor-section-boxed elementor-section-height-default elementor-section-height-default\" data-id=\"37f3597\" data-element_type=\"section\" data-e-type=\"section\" data-settings=\"{&quot;stretch_section&quot;:&quot;section-stretched&quot;}\">\n\t\t\t\t\t\t<div class=\"elementor-container elementor-column-gap-default\">\n\t\t\t\t\t<div class=\"elementor-column elementor-col-100 elementor-top-column elementor-element elementor-element-520cddf\" data-id=\"520cddf\" data-element_type=\"column\" data-e-type=\"column\">\n\t\t\t<div class=\"elementor-widget-wrap elementor-element-populated\">\n\t\t\t\t\t\t<div class=\"elementor-element elementor-element-d58cc35 elementor-widget elementor-widget-pix-sliding-text\" data-id=\"d58cc35\" data-element_type=\"widget\" data-e-type=\"widget\" data-widget_type=\"pix-sliding-text.default\">\n\t\t\t\t<div class=\"elementor-widget-container\">\n\t\t\t\t\t<div id=\"el-d58cc35\" class=\"mb-3 text-center\"><div class=\"d-inline-block\" style=\"max-width:600px;\"><h2 class=\"mb-32 pix-sliding-headline-2 animate-in font-weight-bold secondary-font\" data-anim-type=\"pix-sliding-text\" pix-anim-delay=\"500\" data-class=\"secondary-font text-heading-default\" style=\"\"><span class=\"slide-in-container\"><span class=\"pix-sliding-item secondary-font text-heading-default\" style=\"transition-delay: 0ms;\">Y\u00f6netim&#32;<\/span><\/span> <\/h2><\/div><\/div>\t\t\t\t<\/div>\n\t\t\t\t<\/div>\n\t\t\t\t<div class=\"elementor-element elementor-element-8120f71 elementor-invisible elementor-widget elementor-widget-pix-text\" data-id=\"8120f71\" data-element_type=\"widget\" data-e-type=\"widget\" data-widget_type=\"pix-text.default\">\n\t\t\t\t<div class=\"elementor-widget-container\">\n\t\t\t\t\t<div class=\"pix-el-text w-100 text-center\" ><div class=\"d-inline-block\" style=\"max-width:600px;\"><p class=\"text-20 resp-option  text-center\" ><span class=\"animate-in d-inline-block\" data-anim-delay=\"500\" data-anim-type=\"fade-in-up\">T\u00dcY\u0130DER T\u00fcm Y\u00fczey \u0130\u015flemler Derne\u011fi Y\u00f6netim Mesaj\u0131, Y\u00f6netim Kurulu ve Y\u00f6netim Kurulu Toplant\u0131lar\u0131 sayfalar\u0131na a\u015fa\u011f\u0131daki linklerden ula\u015fabilirsiniz.<\/span><\/p><\/div><\/div>\t\t\t\t<\/div>\n\t\t\t\t<\/div>\n\t\t\t\t<section class=\"elementor-section elementor-inner-section elementor-element elementor-element-fc69e03 elementor-section-boxed elementor-section-height-default elementor-section-height-default\" data-id=\"fc69e03\" data-element_type=\"section\" data-e-type=\"section\">\n\t\t\t\t\t\t<div class=\"elementor-container elementor-column-gap-default\">\n\t\t\t\t\t<div class=\"elementor-column elementor-col-25 elementor-inner-column elementor-element elementor-element-0bdd3d0\" data-id=\"0bdd3d0\" data-element_type=\"column\" data-e-type=\"column\">\n\t\t\t<div class=\"elementor-widget-wrap elementor-element-populated\">\n\t\t\t\t\t\t<div class=\"elementor-element elementor-element-a0bb6b5 bg-white shadow shadow-hover-sm fly-sm rounded-10 elementor-invisible elementor-widget elementor-widget-pix-feature\" data-id=\"a0bb6b5\" data-element_type=\"widget\" data-e-type=\"widget\" data-widget_type=\"pix-feature.default\">\n\t\t\t\t<div class=\"elementor-widget-container\">\n\t\t\t\t\t<a href=\"https:\/\/www.tuyider.org\/en\/yonetim-tuyider\/yonetimin-mesaji\/\" ><div id=\"a0bb6b5\" class=\"pix-feature-el text-custom\"><div class=\"pix-feature-icon d-inline-block mw-100 text-gradient-primary animate-in\" data-anim-type=\"fade-in-up\" data-anim-delay=\"0\" style=\"aspect-ratio:1\/1 !important;position:relative;text-align:center;font-size:1px;line-height:1px;\"><svg class=\"pixfort-icon\" width=\"24\" height=\"24\"  data-name=\"Line\/pixfort-icon-chat-person-1\" viewbox=\"2 2 20 20\"><path fill=\"none\" stroke=\"var(--pf-icon-color)\" stroke-linecap=\"round\" stroke-linejoin=\"round\" stroke-width=\"var(--pf-icon-stroke-width)\" d=\"M14,17 L9.60555128,17 C9.2107013,17 8.82468592,17.1168761 8.49615088,17.3358994 L4.5547002,19.9635332 C4.09517151,20.2698857 3.47430216,20.1457118 3.16794971,19.6861831 C3.05843803,19.5219156 3,19.3289079 3,19.1314829 L3,6 C3,4.8954305 3.8954305,4 5,4 L19,4 C20.1045695,4 21,4.8954305 21,6 L21,12.5 M7,8.5 L17,8.5 M7,12.5 L14,12.5 M15,21 C15.5,19.75 16.5,19 18,19 C19.5,19 20.5,19.75 21,21 L15,21 Z M18,16.5 C18.5522847,16.5 19,16.0522847 19,15.5 C19,14.9477153 18.5522847,14.5 18,14.5 C17.4477153,14.5 17,14.9477153 17,15.5 C17,16.0522847 17.4477153,16.5 18,16.5 Z\"\/><\/svg><\/div><h5 class=\"pix-feature-title  font-weight-bold  secondary-font text-heading-default animate-in\" style=\"padding-top:30px;\" data-anim-type=\"fade-in-up\" data-anim-delay=\"100\">From The Chairman<br><br><\/h5><div class=\"pix-feature-content text-body-default text-18     animate-in\" style=\"padding-top:10px;\" data-anim-type=\"fade-in-up\" data-anim-delay=\"200\"><\/div><\/div><\/a>\t\t\t\t<\/div>\n\t\t\t\t<\/div>\n\t\t\t\t\t<\/div>\n\t\t<\/div>\n\t\t\t\t<div class=\"elementor-column elementor-col-25 elementor-inner-column elementor-element elementor-element-3c87478\" data-id=\"3c87478\" data-element_type=\"column\" data-e-type=\"column\">\n\t\t\t<div class=\"elementor-widget-wrap elementor-element-populated\">\n\t\t\t\t\t\t<div class=\"elementor-element elementor-element-eedf51a bg-white shadow shadow-hover-sm fly-sm rounded-10 elementor-invisible elementor-widget elementor-widget-pix-feature\" data-id=\"eedf51a\" data-element_type=\"widget\" data-e-type=\"widget\" data-widget_type=\"pix-feature.default\">\n\t\t\t\t<div class=\"elementor-widget-container\">\n\t\t\t\t\t<a href=\"https:\/\/www.tuyider.org\/en\/yonetim-tuyider\/yonetim-semasi\/\" ><div id=\"eedf51a\" class=\"pix-feature-el text-custom\"><div class=\"pix-feature-icon d-inline-block mw-100 text-gradient-primary animate-in\" data-anim-type=\"fade-in-up\" data-anim-delay=\"0\" style=\"aspect-ratio:1\/1 !important;position:relative;text-align:center;font-size:1px;line-height:1px;\"><svg class=\"pixfort-icon\" width=\"24\" height=\"24\"  data-name=\"Line\/pixfort-icon-network-1\" viewbox=\"2 2 20 20\"><path fill=\"none\" stroke=\"var(--pf-icon-color)\" stroke-linecap=\"round\" stroke-linejoin=\"round\" stroke-width=\"var(--pf-icon-stroke-width)\" d=\"M9,21 C9.5,19.75 10.5,19 12,19 C13.5,19 14.5,19.75 15,21 L9,21 Z M12,16.5 C12.5522847,16.5 13,16.0522847 13,15.5 C13,14.9477153 12.5522847,14.5 12,14.5 C11.4477153,14.5 11,14.9477153 11,15.5 C11,16.0522847 11.4477153,16.5 12,16.5 Z M3,10 C3.5,8.75 4.5,8 6,8 C7.5,8 8.5,8.75 9,10 L3,10 Z M6,5.5 C6.55228475,5.5 7,5.05228475 7,4.5 C7,3.94771525 6.55228475,3.5 6,3.5 C5.44771525,3.5 5,3.94771525 5,4.5 C5,5.05228475 5.44771525,5.5 6,5.5 Z M15,10 C15.5,8.75 16.5,8 18,8 C19.5,8 20.5,8.75 21,10 L15,10 Z M18,5.5 C18.5522847,5.5 19,5.05228475 19,4.5 C19,3.94771525 18.5522847,3.5 18,3.5 C17.4477153,3.5 17,3.94771525 17,4.5 C17,5.05228475 17.4477153,5.5 18,5.5 Z M18,13 L16,15 M8,15 L6,13 M10.5,6 L13.5,6\"\/><\/svg><\/div><h5 class=\"pix-feature-title  font-weight-bold  secondary-font text-heading-default animate-in\" style=\"padding-top:30px;\" data-anim-type=\"fade-in-up\" data-anim-delay=\"100\">T\u00dcY\u0130DER Kurullar\u0131<br><br><\/h5><div class=\"pix-feature-content text-body-default text-18     animate-in\" style=\"padding-top:10px;\" data-anim-type=\"fade-in-up\" data-anim-delay=\"200\"><\/div><\/div><\/a>\t\t\t\t<\/div>\n\t\t\t\t<\/div>\n\t\t\t\t\t<\/div>\n\t\t<\/div>\n\t\t\t\t<div class=\"elementor-column elementor-col-25 elementor-inner-column elementor-element elementor-element-fd23b05\" data-id=\"fd23b05\" data-element_type=\"column\" data-e-type=\"column\">\n\t\t\t<div class=\"elementor-widget-wrap elementor-element-populated\">\n\t\t\t\t\t\t<div class=\"elementor-element elementor-element-5bdb8a2 bg-white shadow shadow-hover-sm fly-sm rounded-10 elementor-invisible elementor-widget elementor-widget-pix-feature\" data-id=\"5bdb8a2\" data-element_type=\"widget\" data-e-type=\"widget\" data-widget_type=\"pix-feature.default\">\n\t\t\t\t<div class=\"elementor-widget-container\">\n\t\t\t\t\t<a href=\"\/en\/yonetim\/etik-kurul\/\" ><div id=\"pix-feature-5bdb8a2\" class=\"pix-feature-el text-custom\"><div class=\"pix-feature-icon d-inline-block mw-100 text-gradient-primary animate-in\" data-anim-type=\"fade-in-up\" data-anim-delay=\"0\" style=\"aspect-ratio:1\/1 !important;position:relative;text-align:center;font-size:1px;line-height:1px;\"><svg class=\"pixfort-icon\" width=\"24\" height=\"24\"  data-name=\"Line\/pixfort-icon-users-2\" viewbox=\"2 2 20 20\"><path fill=\"none\" stroke=\"var(--pf-icon-color)\" stroke-linecap=\"round\" stroke-linejoin=\"round\" stroke-width=\"var(--pf-icon-stroke-width)\" d=\"M3.23452225,16.9621902 C4.42973658,14.9873967 6.1515625,14 8.4,14 C10.6484375,14 12.3702634,14.9873967 13.5654778,16.9621902 C14.1391177,17.906124 13.8384733,19.1362478 12.8943242,19.7095332 C12.582312,19.8989864 12.2244007,19.9994362 11.859375,20 L4.940625,20 C3.83605681,19.9982988 2.94200451,19.1014923 2.9437033,17.9969241 C2.94426469,17.6318983 3.04471454,17.2739871 3.23452225,16.9621902 Z M8.5,11 C10.4329966,11 12,9.43299662 12,7.5 C12,5.56700338 10.4329966,4 8.5,4 C6.56700338,4 5,5.56700338 5,7.5 C5,9.43299662 6.56700338,11 8.5,11 Z M14.6901279,14.0345316 C14.920613,14.0115105 15.157237,14 15.4,14 C17.6484375,14 19.3702634,14.9873967 20.5654778,16.9621902 C21.1373194,17.9072152 20.836087,19.1371951 19.8916639,19.7100292 C19.5786897,19.8998618 19.21962,20.0001611 18.8535745,20 L15.8983765,20 M13.7043528,10.5048934 C14.2293365,10.8192858 14.8435642,11 15.5,11 C17.4329966,11 19,9.43299662 19,7.5 C19,5.56700338 17.4329966,4 15.5,4 C14.8385285,4 14.2199152,4.18349742 13.6922868,4.50236549\"\/><\/svg><\/div><h5 class=\"pix-feature-title  font-weight-bold  secondary-font text-heading-default animate-in\" style=\"padding-top:30px;\" data-anim-type=\"fade-in-up\" data-anim-delay=\"100\">Ethics Committee<br><br><\/h5><div class=\"pix-feature-content text-body-default text-18     animate-in\" style=\"padding-top:10px;\" data-anim-type=\"fade-in-up\" data-anim-delay=\"200\"><\/div><\/div><\/a>\t\t\t\t<\/div>\n\t\t\t\t<\/div>\n\t\t\t\t\t<\/div>\n\t\t<\/div>\n\t\t\t\t<div class=\"elementor-column elementor-col-25 elementor-inner-column elementor-element elementor-element-60bd4b9\" data-id=\"60bd4b9\" data-element_type=\"column\" data-e-type=\"column\">\n\t\t\t<div class=\"elementor-widget-wrap elementor-element-populated\">\n\t\t\t\t\t\t<div class=\"elementor-element elementor-element-dd1c3f8 bg-white shadow shadow-hover-sm fly-sm rounded-10 elementor-invisible elementor-widget elementor-widget-pix-feature\" data-id=\"dd1c3f8\" data-element_type=\"widget\" data-e-type=\"widget\" data-widget_type=\"pix-feature.default\">\n\t\t\t\t<div class=\"elementor-widget-container\">\n\t\t\t\t\t<a href=\"\/en\/yonetim\/bilim-danisma-kurulu\/\" ><div id=\"dd1c3f8\" class=\"pix-feature-el text-custom\"><div class=\"pix-feature-icon d-inline-block mw-100 text-gradient-primary animate-in\" data-anim-type=\"fade-in-up\" data-anim-delay=\"0\" style=\"aspect-ratio:1\/1 !important;position:relative;text-align:center;font-size:1px;line-height:1px;\"><svg class=\"pixfort-icon\" width=\"24\" height=\"24\"  data-name=\"Line\/pixfort-icon-check-badge-1\" viewbox=\"2 2 20 20\"><path fill=\"none\" stroke=\"var(--pf-icon-color)\" stroke-linecap=\"round\" stroke-linejoin=\"round\" stroke-width=\"var(--pf-icon-stroke-width)\" d=\"M10.0865828,20.1193977 C9.28529962,20.5881687 8.25571722,20.3186143 7.78694618,19.5173311 C7.70950874,19.3849652 7.65054942,19.2426248 7.6117091,19.0942714 C7.26489931,17.7696064 6.23039365,16.7351007 4.9057286,16.3882909 C4.00766462,16.1531693 3.47024365,15.2345409 3.70536526,14.3364769 C3.74420558,14.1881235 3.80316491,14.0457831 3.88060234,13.9134172 C4.57205042,12.731506 4.57205042,11.268494 3.88060234,10.0865828 C3.41183129,9.28529962 3.68138567,8.25571722 4.48266888,7.78694618 C4.61503481,7.70950874 4.75737522,7.65054942 4.9057286,7.6117091 C6.23039365,7.26489931 7.26489931,6.23039365 7.6117091,4.9057286 C7.84683072,4.00766462 8.76545914,3.47024365 9.66352312,3.70536526 C9.8118765,3.74420558 9.95421691,3.80316491 10.0865828,3.88060234 C11.268494,4.57205042 12.731506,4.57205042 13.9134172,3.88060234 C14.7147004,3.41183129 15.7442828,3.68138567 16.2130538,4.48266888 C16.2904913,4.61503481 16.3494506,4.75737522 16.3882909,4.9057286 C16.7351007,6.23039365 17.7696064,7.26489931 19.0942714,7.6117091 C19.9923354,7.84683072 20.5297563,8.76545914 20.2946347,9.66352312 C20.2557944,9.8118765 20.1968351,9.95421691 20.1193977,10.0865828 C19.4279496,11.268494 19.4279496,12.731506 20.1193977,13.9134172 C20.5881687,14.7147004 20.3186143,15.7442828 19.5173311,16.2130538 C19.3849652,16.2904913 19.2426248,16.3494506 19.0942714,16.3882909 C17.7696064,16.7351007 16.7351007,17.7696064 16.3882909,19.0942714 C16.1531693,19.9923354 15.2345409,20.5297563 14.3364769,20.2946347 C14.1881235,20.2557944 14.0457831,20.1968351 13.9134172,20.1193977 C12.731506,19.4279496 11.268494,19.4279496 10.0865828,20.1193977 Z M9,12 L11,14 L15,10\"\/><\/svg><\/div><h5 class=\"pix-feature-title  font-weight-bold  secondary-font text-heading-default animate-in\" style=\"padding-top:30px;\" data-anim-type=\"fade-in-up\" data-anim-delay=\"100\">Scientific And Advisory Board<\/h5><div class=\"pix-feature-content text-body-default text-18     animate-in\" style=\"padding-top:10px;\" data-anim-type=\"fade-in-up\" data-anim-delay=\"200\"><\/div><\/div><\/a>\t\t\t\t<\/div>\n\t\t\t\t<\/div>\n\t\t\t\t\t<\/div>\n\t\t<\/div>\n\t\t\t\t\t<\/div>\n\t\t<\/section>\n\t\t\t\t\t<\/div>\n\t\t<\/div>\n\t\t\t\t\t<\/div>\n\t\t<\/section>\n\t\t\t\t<\/div>","protected":false},"excerpt":{"rendered":"<p>Y\u00f6netim&#32; T\u00dcY\u0130DER T\u00fcm Y\u00fczey \u0130\u015flemler Derne\u011fi Y\u00f6netim Mesaj\u0131, Y\u00f6netim Kurulu ve Y\u00f6netim Kurulu Toplant\u0131lar\u0131 sayfalar\u0131na a\u015fa\u011f\u0131daki linklerden ula\u015fabilirsiniz. Y\u00f6netimin Mesaj\u0131 T\u00dcY\u0130DER Kurullar\u0131 Etik Kurul Bilim Dan\u0131\u015fma Kurulu<\/p>","protected":false},"author":14,"featured_media":0,"parent":0,"menu_order":0,"comment_status":"closed","ping_status":"closed","template":"","meta":{"footnotes":""},"class_list":["post-893","page","type-page","status-publish","hentry"],"_links":{"self":[{"href":"https:\/\/www.tuyider.org\/en\/wp-json\/wp\/v2\/pages\/893","targetHints":{"allow":["GET"]}}],"collection":[{"href":"https:\/\/www.tuyider.org\/en\/wp-json\/wp\/v2\/pages"}],"about":[{"href":"https:\/\/www.tuyider.org\/en\/wp-json\/wp\/v2\/types\/page"}],"author":[{"embeddable":true,"href":"https:\/\/www.tuyider.org\/en\/wp-json\/wp\/v2\/users\/14"}],"replies":[{"embeddable":true,"href":"https:\/\/www.tuyider.org\/en\/wp-json\/wp\/v2\/comments?post=893"}],"version-history":[{"count":50,"href":"https:\/\/www.tuyider.org\/en\/wp-json\/wp\/v2\/pages\/893\/revisions"}],"predecessor-version":[{"id":7826,"href":"https:\/\/www.tuyider.org\/en\/wp-json\/wp\/v2\/pages\/893\/revisions\/7826"}],"wp:attachment":[{"href":"https:\/\/www.tuyider.org\/en\/wp-json\/wp\/v2\/media?parent=893"}],"curies":[{"name":"wp","href":"https:\/\/api.w.org\/{rel}","templated":true}]}}