{"id":737,"date":"2020-11-18T23:56:58","date_gmt":"2020-11-18T20:56:58","guid":{"rendered":"http:\/\/www.tuyider.nanotasarim.com\/?page_id=737"},"modified":"2022-12-28T22:56:08","modified_gmt":"2022-12-28T19:56:08","slug":"cr-ni-cu-cnc-kaplamalar-calisma-grubu","status":"publish","type":"page","link":"https:\/\/www.tuyider.org\/en\/calisma-gruplari\/cr-ni-cu-cnc-kaplamalar-calisma-grubu\/","title":{"rendered":"Cr, Ni, Cu (CNC) Kaplamalar \u00c7al\u0131\u015fma Grubu"},"content":{"rendered":"<div data-elementor-type=\"wp-page\" data-elementor-id=\"737\" class=\"elementor elementor-737\" data-elementor-post-type=\"page\">\n\t\t\t\t\t\t<section class=\"elementor-section elementor-top-section elementor-element elementor-element-ab0b242 elementor-section-boxed elementor-section-height-default elementor-section-height-default\" data-id=\"ab0b242\" data-element_type=\"section\" data-e-type=\"section\">\n\t\t\t\t\t\t<div class=\"elementor-container elementor-column-gap-default\">\n\t\t\t\t\t<div class=\"elementor-column elementor-col-100 elementor-top-column elementor-element elementor-element-dec9f5e\" data-id=\"dec9f5e\" data-element_type=\"column\" data-e-type=\"column\">\n\t\t\t<div class=\"elementor-widget-wrap elementor-element-populated\">\n\t\t\t\t\t\t<div class=\"elementor-element elementor-element-3bbbfb7 elementor-widget elementor-widget-text-editor\" data-id=\"3bbbfb7\" data-element_type=\"widget\" data-e-type=\"widget\" data-widget_type=\"text-editor.default\">\n\t\t\t\t<div class=\"elementor-widget-container\">\n\t\t\t\t\t\t\t\t\t<p><span id=\"page43R_mcid29\" class=\"markedContent\"><\/span><span id=\"page59R_mcid21\" class=\"markedContent\"><span dir=\"ltr\" role=\"presentation\">Cr, Ni, Cu esasl\u0131 ka<\/span><span dir=\"ltr\" role=\"presentation\">plamalar\u0131 kullanan ve<\/span> <span dir=\"ltr\" role=\"presentation\">uygulayan ki\u015fi ve kurumlar, uzmanlar, akademisyenler, tedarik\u00e7iler<\/span><\/span><span id=\"page59R_mcid22\" class=\"markedContent\"><\/span><span id=\"page59R_mcid23\" class=\"markedContent\"><\/span><span id=\"page59R_mcid24\" class=\"markedContent\"><\/span><span id=\"page59R_mcid25\" class=\"markedContent\"><br role=\"presentation\" \/><span dir=\"ltr\" role=\"presentation\">\u2022<\/span> <span dir=\"ltr\" role=\"presentation\">CNC ve ala\u015f\u0131m\u0131 kaplamalar ile ilgili standartlar\u0131 dernek k\u00fct\u00fcphanesine kazand\u0131r\u0131r, G\u00fcncel revizyonlar\u0131<\/span> <span dir=\"ltr\" role=\"presentation\">takip eder ve bilgilendirme toplant\u0131lar\u0131 organize eder, uzman<\/span> <span dir=\"ltr\" role=\"presentation\">g\u00f6r\u00fc\u015fleri al\u0131r.<\/span><\/span><span id=\"page59R_mcid26\" class=\"markedContent\"><\/span><span id=\"page59R_mcid27\" class=\"markedContent\"><br role=\"presentation\" \/><span dir=\"ltr\" role=\"presentation\">\u2022<\/span> <span dir=\"ltr\" role=\"presentation\">CNC esasl\u0131 kaplamalar\u0131n uygulanmas\u0131 ile ilgili e\u011fitimler, uygulamal\u0131 laboratuvar \u00e7al\u0131\u015fmalar\u0131<\/span> <span dir=\"ltr\" role=\"presentation\">organize eder ve \u00e7al\u0131\u015fma esaslar\u0131n\u0131 tan\u0131mlar, raporlar<\/span><\/span><span id=\"page59R_mcid28\" class=\"markedContent\"><\/span><span id=\"page59R_mcid29\" class=\"markedContent\"><br role=\"presentation\" \/><span dir=\"ltr\" role=\"presentation\">\u2022<\/span> <span dir=\"ltr\" role=\"presentation\">CNC esasl\u0131 kaplamalar\u0131n test ve analizleri kapsam\u0131nda teknik notlar haz\u0131rlar,<\/span> <span dir=\"ltr\" role=\"presentation\">raporlar<\/span><\/span><span id=\"page59R_mcid30\" class=\"markedContent\"><\/span><span id=\"page59R_mcid31\" class=\"markedContent\"><br role=\"presentation\" \/><span dir=\"ltr\" role=\"presentation\">\u2022<\/span> <span dir=\"ltr\" role=\"presentation\">CNC esasl\u0131 kaplamalar\u0131n kullan\u0131m\u0131, t\u00fcketimi ve uygulamalar\u0131 konusunda veri toplama, analiz<\/span> <span dir=\"ltr\" role=\"presentation\">\u00e7al\u0131\u015fmalar\u0131 y\u00fcr\u00fct\u00fcr ve istatistiksel veri analizi ger\u00e7ekle\u015ftirir.<\/span><\/span><span id=\"page59R_mcid32\" class=\"markedContent\"><\/span><span id=\"page59R_mcid33\" class=\"markedContent\"><br role=\"presentation\" \/><span dir=\"ltr\" role=\"presentation\">\u2022<\/span> <span dir=\"ltr\" role=\"presentation\">Sekt\u00f6rel<\/span> <span dir=\"ltr\" role=\"presentation\">talepler,<\/span> <span dir=\"ltr\" role=\"presentation\">yerlile\u015ftirme,<\/span> <span dir=\"ltr\" role=\"presentation\">ben\u00e7mark<\/span> <span dir=\"ltr\" role=\"presentation\">\u00e7al\u0131\u015fmalar\u0131,<\/span> <span dir=\"ltr\" role=\"presentation\">arge<\/span> <span dir=\"ltr\" role=\"presentation\">ve<\/span> <span dir=\"ltr\" role=\"presentation\">test<\/span> <span dir=\"ltr\" role=\"presentation\">\u00e7al\u0131\u015fmalar\u0131<\/span> <span dir=\"ltr\" role=\"presentation\">y\u00fcr\u00fct\u00fcr.<\/span><br role=\"presentation\" \/><span dir=\"ltr\" role=\"presentation\">Projelendirebilir ve uygun \u015fartlar\u0131n sa\u011flanmas\u0131 halinde d\u0131\u015f destek ve te\u015fvik sistemlerine ba\u015fvuru<\/span> <span dir=\"ltr\" role=\"presentation\">yapabilir.<\/span><\/span><\/p>\t\t\t\t\t\t\t\t<\/div>\n\t\t\t\t<\/div>\n\t\t\t\t\t<\/div>\n\t\t<\/div>\n\t\t\t\t\t<\/div>\n\t\t<\/section>\n\t\t\t\t<\/div>","protected":false},"excerpt":{"rendered":"<p>Cr, Ni, Cu esasl\u0131 kaplamalar\u0131 kullanan ve uygulayan ki\u015fi ve kurumlar, uzmanlar, akademisyenler, tedarik\u00e7iler\u2022 CNC ve ala\u015f\u0131m\u0131 kaplamalar ile ilgili standartlar\u0131 dernek k\u00fct\u00fcphanesine kazand\u0131r\u0131r, G\u00fcncel revizyonlar\u0131 takip eder ve bilgilendirme toplant\u0131lar\u0131 organize eder, uzman g\u00f6r\u00fc\u015fleri al\u0131r.\u2022 CNC esasl\u0131 kaplamalar\u0131n uygulanmas\u0131&#8230;<\/p>","protected":false},"author":14,"featured_media":0,"parent":1070,"menu_order":0,"comment_status":"closed","ping_status":"closed","template":"","meta":{"footnotes":""},"class_list":["post-737","page","type-page","status-publish","hentry"],"_links":{"self":[{"href":"https:\/\/www.tuyider.org\/en\/wp-json\/wp\/v2\/pages\/737","targetHints":{"allow":["GET"]}}],"collection":[{"href":"https:\/\/www.tuyider.org\/en\/wp-json\/wp\/v2\/pages"}],"about":[{"href":"https:\/\/www.tuyider.org\/en\/wp-json\/wp\/v2\/types\/page"}],"author":[{"embeddable":true,"href":"https:\/\/www.tuyider.org\/en\/wp-json\/wp\/v2\/users\/14"}],"replies":[{"embeddable":true,"href":"https:\/\/www.tuyider.org\/en\/wp-json\/wp\/v2\/comments?post=737"}],"version-history":[{"count":14,"href":"https:\/\/www.tuyider.org\/en\/wp-json\/wp\/v2\/pages\/737\/revisions"}],"predecessor-version":[{"id":5924,"href":"https:\/\/www.tuyider.org\/en\/wp-json\/wp\/v2\/pages\/737\/revisions\/5924"}],"up":[{"embeddable":true,"href":"https:\/\/www.tuyider.org\/en\/wp-json\/wp\/v2\/pages\/1070"}],"wp:attachment":[{"href":"https:\/\/www.tuyider.org\/en\/wp-json\/wp\/v2\/media?parent=737"}],"curies":[{"name":"wp","href":"https:\/\/api.w.org\/{rel}","templated":true}]}}