{"id":688,"date":"2020-11-18T19:44:19","date_gmt":"2020-11-18T16:44:19","guid":{"rendered":"http:\/\/www.tuyider.nanotasarim.com\/?page_id=688"},"modified":"2026-02-09T19:55:29","modified_gmt":"2026-02-09T16:55:29","slug":"teknik-dokumanlar","status":"publish","type":"page","link":"https:\/\/www.tuyider.org\/en\/yuzey-akademi\/teknik-dokumanlar\/","title":{"rendered":"Technical Documents"},"content":{"rendered":"<div data-elementor-type=\"wp-page\" data-elementor-id=\"688\" class=\"elementor elementor-688\" data-elementor-post-type=\"page\">\n\t\t\t\t\t\t<section class=\"elementor-section elementor-top-section elementor-element elementor-element-4432fe1 elementor-section-boxed elementor-section-height-default elementor-section-height-default\" data-id=\"4432fe1\" data-element_type=\"section\" data-e-type=\"section\">\n\t\t\t\t\t\t<div class=\"elementor-container elementor-column-gap-default\">\n\t\t\t\t\t<div class=\"elementor-column elementor-col-100 elementor-top-column elementor-element elementor-element-6ad2873\" data-id=\"6ad2873\" data-element_type=\"column\" data-e-type=\"column\">\n\t\t\t<div class=\"elementor-widget-wrap elementor-element-populated\">\n\t\t\t\t\t\t<div class=\"elementor-element elementor-element-62919c7 elementor-widget elementor-widget-heading\" data-id=\"62919c7\" data-element_type=\"widget\" data-e-type=\"widget\" data-widget_type=\"heading.default\">\n\t\t\t\t<div class=\"elementor-widget-container\">\n\t\t\t\t\t<h2 class=\"elementor-heading-title elementor-size-default\">Sekt\u00f6rel Teknik Ar\u015fiv ve Uygulama Rehberleri Haz\u0131rlan\u0131yor<\/h2>\t\t\t\t<\/div>\n\t\t\t\t<\/div>\n\t\t\t\t<div class=\"elementor-element elementor-element-3eb7784 elementor-widget elementor-widget-text-editor\" data-id=\"3eb7784\" data-element_type=\"widget\" data-e-type=\"widget\" data-widget_type=\"text-editor.default\">\n\t\t\t\t<div class=\"elementor-widget-container\">\n\t\t\t\t\t\t\t\t\t<p>Y\u00fczey i\u015flemler sekt\u00f6r\u00fcnde do\u011fru bilgiye ula\u015f\u0131m\u0131 h\u0131zland\u0131rmak ve uygulama hatalar\u0131n\u0131 minimize etmek amac\u0131yla kapsaml\u0131 bir teknik d\u00f6k\u00fcmantasyon havuzu olu\u015fturuyoruz.<\/p><p>S\u00fcre\u00e7 f\u00f6yleri, teknik \u015fartnameler, uygulama rehberleri ve malzeme g\u00fcvenlik bilgi formlar\u0131ndan (MSDS) olu\u015facak dijital ar\u015fivimiz; uzman ekibimiz taraf\u0131ndan tasnif edilerek dijital ortama aktar\u0131lmaktad\u0131r. Sekt\u00f6r profesyonellerinin ve akademik ara\u015ft\u0131rmac\u0131lar\u0131n referans alaca\u011f\u0131 bu teknik k\u00fct\u00fcphane \u00e7ok yak\u0131nda eri\u015fiminize a\u00e7\u0131lacakt\u0131r.<\/p>\t\t\t\t\t\t\t\t<\/div>\n\t\t\t\t<\/div>\n\t\t\t\t\t<\/div>\n\t\t<\/div>\n\t\t\t\t\t<\/div>\n\t\t<\/section>\n\t\t\t\t<\/div>","protected":false},"excerpt":{"rendered":"<p>Sekt\u00f6rel Teknik Ar\u015fiv ve Uygulama Rehberleri Haz\u0131rlan\u0131yor Y\u00fczey i\u015flemler sekt\u00f6r\u00fcnde do\u011fru bilgiye ula\u015f\u0131m\u0131 h\u0131zland\u0131rmak ve uygulama hatalar\u0131n\u0131 minimize etmek amac\u0131yla kapsaml\u0131 bir teknik d\u00f6k\u00fcmantasyon havuzu olu\u015fturuyoruz. S\u00fcre\u00e7 f\u00f6yleri, teknik \u015fartnameler, uygulama rehberleri ve malzeme g\u00fcvenlik bilgi formlar\u0131ndan (MSDS) olu\u015facak dijital&#8230;<\/p>","protected":false},"author":14,"featured_media":0,"parent":1077,"menu_order":0,"comment_status":"closed","ping_status":"closed","template":"","meta":{"footnotes":""},"class_list":["post-688","page","type-page","status-publish","hentry"],"_links":{"self":[{"href":"https:\/\/www.tuyider.org\/en\/wp-json\/wp\/v2\/pages\/688","targetHints":{"allow":["GET"]}}],"collection":[{"href":"https:\/\/www.tuyider.org\/en\/wp-json\/wp\/v2\/pages"}],"about":[{"href":"https:\/\/www.tuyider.org\/en\/wp-json\/wp\/v2\/types\/page"}],"author":[{"embeddable":true,"href":"https:\/\/www.tuyider.org\/en\/wp-json\/wp\/v2\/users\/14"}],"replies":[{"embeddable":true,"href":"https:\/\/www.tuyider.org\/en\/wp-json\/wp\/v2\/comments?post=688"}],"version-history":[{"count":10,"href":"https:\/\/www.tuyider.org\/en\/wp-json\/wp\/v2\/pages\/688\/revisions"}],"predecessor-version":[{"id":8000,"href":"https:\/\/www.tuyider.org\/en\/wp-json\/wp\/v2\/pages\/688\/revisions\/8000"}],"up":[{"embeddable":true,"href":"https:\/\/www.tuyider.org\/en\/wp-json\/wp\/v2\/pages\/1077"}],"wp:attachment":[{"href":"https:\/\/www.tuyider.org\/en\/wp-json\/wp\/v2\/media?parent=688"}],"curies":[{"name":"wp","href":"https:\/\/api.w.org\/{rel}","templated":true}]}}