{"id":683,"date":"2020-11-18T19:42:30","date_gmt":"2020-11-18T16:42:30","guid":{"rendered":"http:\/\/www.tuyider.nanotasarim.com\/?page_id=683"},"modified":"2026-02-09T19:54:01","modified_gmt":"2026-02-09T16:54:01","slug":"danismanlik-hizmetleri","status":"publish","type":"page","link":"https:\/\/www.tuyider.org\/en\/yuzey-akademi\/danismanlik-hizmetleri\/","title":{"rendered":"Consultancy"},"content":{"rendered":"<div data-elementor-type=\"wp-page\" data-elementor-id=\"683\" class=\"elementor elementor-683\" data-elementor-post-type=\"page\">\n\t\t\t\t\t\t<section class=\"elementor-section elementor-top-section elementor-element elementor-element-b5363a6 elementor-section-boxed elementor-section-height-default elementor-section-height-default\" data-id=\"b5363a6\" data-element_type=\"section\" data-e-type=\"section\">\n\t\t\t\t\t\t<div class=\"elementor-container elementor-column-gap-default\">\n\t\t\t\t\t<div class=\"elementor-column elementor-col-66 elementor-top-column elementor-element elementor-element-648f14b\" data-id=\"648f14b\" data-element_type=\"column\" data-e-type=\"column\">\n\t\t\t<div class=\"elementor-widget-wrap elementor-element-populated\">\n\t\t\t\t\t\t<div class=\"elementor-element elementor-element-b55ba7a elementor-widget elementor-widget-text-editor\" data-id=\"b55ba7a\" data-element_type=\"widget\" data-e-type=\"widget\" data-widget_type=\"text-editor.default\">\n\t\t\t\t<div class=\"elementor-widget-container\">\n\t\t\t\t\t\t\t\t\t<h3 style=\"color: #333;\">NADCAP Dan\u0131\u015fmanl\u0131k ve E\u011fitim Hizmetleri<\/h3>\n\n<div style=\"background-color: #f9f9f9; border-left: 5px solid #d02030; padding: 15px 20px; margin-bottom: 25px; border-radius: 0 4px 4px 0;\">\n    <p style=\"margin: 0; font-size: 1.1em; color: #555;\">\n        <strong style=\"color: #d02030;\">Sn. ERKAN \u00dcNSAL<\/strong>, 21 y\u0131ll\u0131k sekt\u00f6r deneyimini ve teknik birikimini T\u00dcY\u0130DER arac\u0131l\u0131\u011f\u0131yla sekt\u00f6rle payla\u015f\u0131yor.\n    <\/p>\n<\/div>\n\n<p>Havac\u0131l\u0131k sekt\u00f6r\u00fcnde hizmet veren kurulu\u015flar\u0131n s\u00fcrekli kar\u015f\u0131 kar\u015f\u0131ya kald\u0131klar\u0131 sertifikasyon taleplerinin ba\u015f\u0131nda <strong>NADCAP (National Aerospace and Defense Contractors Accreditation Program)<\/strong> gelmektedir. 1990 y\u0131l\u0131nda <strong>PRI (Performance Review Institute)<\/strong> taraf\u0131ndan geli\u015ftirilen bu program; havac\u0131l\u0131k ve uzay sanayisinin yan\u0131 s\u0131ra medikal, ta\u015f\u0131mac\u0131l\u0131k, enerji, \u00fcretim ve in\u015faat sekt\u00f6rlerinde de standartlar do\u011frultusunda denetleme ve sertifikasyon faaliyetleri y\u00fcr\u00fctmektedir.<\/p>\n\n<p>NADCAP\u2019in temel amac\u0131; havac\u0131l\u0131k sekt\u00f6r\u00fcnde \u00fcretim yapan kurulu\u015flar\u0131n uygulad\u0131\u011f\u0131 \u00f6zel proseslerin, havac\u0131l\u0131k sekt\u00f6r\u00fc kalite ve kurallar\u0131na uygunlu\u011funu de\u011ferlendirmek ve sertifikaland\u0131rmakt\u0131r.<\/p>\n\n<h4 style=\"color: #333; margin-top: 30px;\">Kapsam Dahilindeki \u00d6zel Prosesler:<\/h4>\n<ul style=\"margin-bottom: 30px;\">\n    <li>Kimyasal \u0130\u015flemler ve Kaplamalar<\/li>\n    <li>Y\u00fczey Geli\u015ftirme<\/li>\n    <li>Is\u0131l \u0130\u015flem<\/li>\n    <li>Konvansiyonel Olmayan \u0130\u015flemler<\/li>\n    <li>Kaynak Teknolojileri<\/li>\n    <li>Malzeme ve Test \u0130\u015flemleri<\/li>\n<\/ul>\t\t\t\t\t\t\t\t<\/div>\n\t\t\t\t<\/div>\n\t\t\t\t\t<\/div>\n\t\t<\/div>\n\t\t\t\t<div class=\"elementor-column elementor-col-33 elementor-top-column elementor-element elementor-element-e38ec26\" data-id=\"e38ec26\" data-element_type=\"column\" data-e-type=\"column\">\n\t\t\t<div class=\"elementor-widget-wrap elementor-element-populated\">\n\t\t\t\t\t\t<div class=\"elementor-element elementor-element-810e168 elementor-widget elementor-widget-image\" data-id=\"810e168\" data-element_type=\"widget\" data-e-type=\"widget\" data-widget_type=\"image.default\">\n\t\t\t\t<div class=\"elementor-widget-container\">\n\t\t\t\t\t\t\t\t\t\t\t\t\t\t\t<img fetchpriority=\"high\" decoding=\"async\" width=\"300\" height=\"300\" src=\"https:\/\/www.tuyider.org\/wp-content\/uploads\/2021\/05\/asdf-300x300.jpg\" class=\"attachment-thumblist size-thumblist wp-image-4490\" alt=\"\" srcset=\"https:\/\/www.tuyider.org\/wp-content\/uploads\/2021\/05\/asdf-300x300.jpg 300w, https:\/\/www.tuyider.org\/wp-content\/uploads\/2021\/05\/asdf-150x150.jpg 150w, https:\/\/www.tuyider.org\/wp-content\/uploads\/2021\/05\/asdf-75x75.jpg 75w\" sizes=\"(max-width: 300px) 100vw, 300px\" \/>\t\t\t\t\t\t\t\t\t\t\t\t\t\t\t<\/div>\n\t\t\t\t<\/div>\n\t\t\t\t\t<\/div>\n\t\t<\/div>\n\t\t\t\t\t<\/div>\n\t\t<\/section>\n\t\t\t\t<section class=\"elementor-section elementor-top-section elementor-element elementor-element-7fb2469 elementor-section-boxed elementor-section-height-default elementor-section-height-default\" data-id=\"7fb2469\" data-element_type=\"section\" data-e-type=\"section\">\n\t\t\t\t\t\t<div class=\"elementor-container elementor-column-gap-default\">\n\t\t\t\t\t<div class=\"elementor-column elementor-col-100 elementor-top-column elementor-element elementor-element-28d337c\" data-id=\"28d337c\" data-element_type=\"column\" data-e-type=\"column\">\n\t\t\t<div class=\"elementor-widget-wrap elementor-element-populated\">\n\t\t\t\t\t\t<div class=\"elementor-element elementor-element-29b4aaf elementor-widget elementor-widget-text-editor\" data-id=\"29b4aaf\" data-element_type=\"widget\" data-e-type=\"widget\" data-widget_type=\"text-editor.default\">\n\t\t\t\t<div class=\"elementor-widget-container\">\n\t\t\t\t\t\t\t\t\t\n<h4 style=\"color: #d02030;\">T\u00dcY\u0130DER \u00dcyelerine \u00d6zel Hizmet ve Avantajlar<\/h4>\n\n<p>T\u00dcY\u0130DER olarak; havac\u0131l\u0131k sekt\u00f6r\u00fcnde hizmet veren veya vermeyi hedefleyen firmalar\u0131m\u0131za NADCAP konusunda dan\u0131\u015fmanl\u0131k hizmeti sunmaktay\u0131z. Derne\u011fimiz ayr\u0131ca, havac\u0131l\u0131k sekt\u00f6r\u00fc d\u0131\u015f\u0131nda \u00e7al\u0131\u015fan firmalar\u0131m\u0131za da, m\u00fc\u015fterileri taraf\u0131ndan talep edilen denetlemeler (NADCAP d\u0131\u015f\u0131) i\u00e7in dan\u0131\u015fmanl\u0131k ve teknik destek sa\u011flamaktad\u0131r.<\/p>\n\n<p><em>* T\u00dcY\u0130DER \u00fcyelerine \u00f6zel indirimli dan\u0131\u015fmanl\u0131k hizmetlerimizden faydalanabilirsiniz.<\/em><\/p>\n\n<div style=\"margin-top: 30px;\">\n    <p style=\"font-size: 1.1em;\">\n        <strong>Detayl\u0131 Bilgi ve Ba\u015fvuru \u0130\u00e7in:<\/strong><br>\n        <a href=\"mailto:danismanlik@tuyider.org\" style=\"color: #d02030; text-decoration: none; font-weight: bold;\">\n            \u2709 <a href=\"mailto:danismanlik@tuyider.org\" class=\"autohyperlink\">danismanlik@tuyider.org<\/a>\n        <\/a>\n    <\/p>\n<\/div>\t\t\t\t\t\t\t\t<\/div>\n\t\t\t\t<\/div>\n\t\t\t\t\t<\/div>\n\t\t<\/div>\n\t\t\t\t\t<\/div>\n\t\t<\/section>\n\t\t\t\t<\/div>","protected":false},"excerpt":{"rendered":"<p>NADCAP Dan\u0131\u015fmanl\u0131k ve E\u011fitim Hizmetleri Sn. ERKAN \u00dcNSAL, 21 y\u0131ll\u0131k sekt\u00f6r deneyimini ve teknik birikimini T\u00dcY\u0130DER arac\u0131l\u0131\u011f\u0131yla sekt\u00f6rle payla\u015f\u0131yor. Havac\u0131l\u0131k sekt\u00f6r\u00fcnde hizmet veren kurulu\u015flar\u0131n s\u00fcrekli kar\u015f\u0131 kar\u015f\u0131ya kald\u0131klar\u0131 sertifikasyon taleplerinin ba\u015f\u0131nda NADCAP (National Aerospace and Defense Contractors Accreditation Program) gelmektedir&#8230;.<\/p>","protected":false},"author":14,"featured_media":0,"parent":1077,"menu_order":0,"comment_status":"closed","ping_status":"closed","template":"","meta":{"footnotes":""},"class_list":["post-683","page","type-page","status-publish","hentry"],"_links":{"self":[{"href":"https:\/\/www.tuyider.org\/en\/wp-json\/wp\/v2\/pages\/683","targetHints":{"allow":["GET"]}}],"collection":[{"href":"https:\/\/www.tuyider.org\/en\/wp-json\/wp\/v2\/pages"}],"about":[{"href":"https:\/\/www.tuyider.org\/en\/wp-json\/wp\/v2\/types\/page"}],"author":[{"embeddable":true,"href":"https:\/\/www.tuyider.org\/en\/wp-json\/wp\/v2\/users\/14"}],"replies":[{"embeddable":true,"href":"https:\/\/www.tuyider.org\/en\/wp-json\/wp\/v2\/comments?post=683"}],"version-history":[{"count":17,"href":"https:\/\/www.tuyider.org\/en\/wp-json\/wp\/v2\/pages\/683\/revisions"}],"predecessor-version":[{"id":7994,"href":"https:\/\/www.tuyider.org\/en\/wp-json\/wp\/v2\/pages\/683\/revisions\/7994"}],"up":[{"embeddable":true,"href":"https:\/\/www.tuyider.org\/en\/wp-json\/wp\/v2\/pages\/1077"}],"wp:attachment":[{"href":"https:\/\/www.tuyider.org\/en\/wp-json\/wp\/v2\/media?parent=683"}],"curies":[{"name":"wp","href":"https:\/\/api.w.org\/{rel}","templated":true}]}}