{"id":6798,"date":"2024-12-09T21:49:49","date_gmt":"2024-12-09T18:49:49","guid":{"rendered":"https:\/\/www.tuyider.org\/?page_id=6798"},"modified":"2024-12-09T21:50:36","modified_gmt":"2024-12-09T18:50:36","slug":"doruk-hastaneleri","status":"publish","type":"page","link":"https:\/\/www.tuyider.org\/en\/tuyidergi\/tuyikart\/doruk-hastaneleri\/","title":{"rendered":"Doruk Hastaneleri"},"content":{"rendered":"<div data-elementor-type=\"wp-page\" data-elementor-id=\"6798\" class=\"elementor elementor-6798\" data-elementor-post-type=\"page\">\n\t\t\t\t\t\t<section class=\"elementor-section elementor-top-section elementor-element elementor-element-8fe2262 elementor-section-boxed elementor-section-height-default elementor-section-height-default\" data-id=\"8fe2262\" data-element_type=\"section\" data-e-type=\"section\">\n\t\t\t\t\t\t<div class=\"elementor-container elementor-column-gap-default\">\n\t\t\t\t\t<div class=\"elementor-column elementor-col-100 elementor-top-column elementor-element elementor-element-555072e\" data-id=\"555072e\" data-element_type=\"column\" data-e-type=\"column\">\n\t\t\t<div class=\"elementor-widget-wrap elementor-element-populated\">\n\t\t\t\t\t\t<div class=\"elementor-element elementor-element-42ec71e elementor-widget elementor-widget-image\" data-id=\"42ec71e\" data-element_type=\"widget\" data-e-type=\"widget\" data-widget_type=\"image.default\">\n\t\t\t\t<div class=\"elementor-widget-container\">\n\t\t\t\t\t\t\t\t\t\t\t\t\t\t\t<img fetchpriority=\"high\" decoding=\"async\" width=\"346\" height=\"202\" src=\"https:\/\/www.tuyider.org\/wp-content\/uploads\/Doruk-Hastaneleri-Logo.png\" class=\"attachment-full size-full wp-image-6776\" alt=\"\" srcset=\"https:\/\/www.tuyider.org\/wp-content\/uploads\/Doruk-Hastaneleri-Logo.png 346w, https:\/\/www.tuyider.org\/wp-content\/uploads\/Doruk-Hastaneleri-Logo-300x175.png 300w, https:\/\/www.tuyider.org\/wp-content\/uploads\/Doruk-Hastaneleri-Logo-18x12.png 18w\" sizes=\"(max-width: 346px) 100vw, 346px\" \/>\t\t\t\t\t\t\t\t\t\t\t\t\t\t\t<\/div>\n\t\t\t\t<\/div>\n\t\t\t\t\t<\/div>\n\t\t<\/div>\n\t\t\t\t\t<\/div>\n\t\t<\/section>\n\t\t\t\t<section class=\"elementor-section elementor-top-section elementor-element elementor-element-0d46395 elementor-section-boxed elementor-section-height-default elementor-section-height-default\" data-id=\"0d46395\" data-element_type=\"section\" data-e-type=\"section\">\n\t\t\t\t\t\t<div class=\"elementor-container elementor-column-gap-default\">\n\t\t\t\t\t<div class=\"elementor-column elementor-col-100 elementor-top-column elementor-element elementor-element-10f537c\" data-id=\"10f537c\" data-element_type=\"column\" data-e-type=\"column\">\n\t\t\t<div class=\"elementor-widget-wrap elementor-element-populated\">\n\t\t\t\t\t\t<div class=\"elementor-element elementor-element-b40bef0 elementor-widget elementor-widget-text-editor\" data-id=\"b40bef0\" data-element_type=\"widget\" data-e-type=\"widget\" data-widget_type=\"text-editor.default\">\n\t\t\t\t<div class=\"elementor-widget-container\">\n\t\t\t\t\t\t\t\t\t<h3 style=\"text-align: center;\"><strong>\u0130ndirim oranlar\u0131 \u00f6n\u00fcm\u00fczdeki g\u00fcnlerde belirlenecektir.<\/strong><\/h3>\t\t\t\t\t\t\t\t<\/div>\n\t\t\t\t<\/div>\n\t\t\t\t\t<\/div>\n\t\t<\/div>\n\t\t\t\t\t<\/div>\n\t\t<\/section>\n\t\t\t\t<\/div>","protected":false},"excerpt":{"rendered":"<p>\u0130ndirim oranlar\u0131 \u00f6n\u00fcm\u00fczdeki g\u00fcnlerde belirlenecektir.<\/p>","protected":false},"author":14,"featured_media":5753,"parent":3336,"menu_order":0,"comment_status":"closed","ping_status":"closed","template":"","meta":{"footnotes":""},"class_list":["post-6798","page","type-page","status-publish","has-post-thumbnail","hentry"],"_links":{"self":[{"href":"https:\/\/www.tuyider.org\/en\/wp-json\/wp\/v2\/pages\/6798","targetHints":{"allow":["GET"]}}],"collection":[{"href":"https:\/\/www.tuyider.org\/en\/wp-json\/wp\/v2\/pages"}],"about":[{"href":"https:\/\/www.tuyider.org\/en\/wp-json\/wp\/v2\/types\/page"}],"author":[{"embeddable":true,"href":"https:\/\/www.tuyider.org\/en\/wp-json\/wp\/v2\/users\/14"}],"replies":[{"embeddable":true,"href":"https:\/\/www.tuyider.org\/en\/wp-json\/wp\/v2\/comments?post=6798"}],"version-history":[{"count":4,"href":"https:\/\/www.tuyider.org\/en\/wp-json\/wp\/v2\/pages\/6798\/revisions"}],"predecessor-version":[{"id":6802,"href":"https:\/\/www.tuyider.org\/en\/wp-json\/wp\/v2\/pages\/6798\/revisions\/6802"}],"up":[{"embeddable":true,"href":"https:\/\/www.tuyider.org\/en\/wp-json\/wp\/v2\/pages\/3336"}],"wp:featuredmedia":[{"embeddable":true,"href":"https:\/\/www.tuyider.org\/en\/wp-json\/wp\/v2\/media\/5753"}],"wp:attachment":[{"href":"https:\/\/www.tuyider.org\/en\/wp-json\/wp\/v2\/media?parent=6798"}],"curies":[{"name":"wp","href":"https:\/\/api.w.org\/{rel}","templated":true}]}}