{"id":678,"date":"2020-11-18T19:40:46","date_gmt":"2020-11-18T16:40:46","guid":{"rendered":"http:\/\/www.tuyider.nanotasarim.com\/?page_id=678"},"modified":"2026-02-09T19:52:28","modified_gmt":"2026-02-09T16:52:28","slug":"standartlar","status":"publish","type":"page","link":"https:\/\/www.tuyider.org\/en\/yuzey-akademi\/standartlar\/","title":{"rendered":"Standards"},"content":{"rendered":"<div data-elementor-type=\"wp-page\" data-elementor-id=\"678\" class=\"elementor elementor-678\" data-elementor-post-type=\"page\">\n\t\t\t\t\t\t<section class=\"elementor-section elementor-top-section elementor-element elementor-element-5b5218a elementor-section-boxed elementor-section-height-default elementor-section-height-default\" data-id=\"5b5218a\" data-element_type=\"section\" data-e-type=\"section\">\n\t\t\t\t\t\t<div class=\"elementor-container elementor-column-gap-default\">\n\t\t\t\t\t<div class=\"elementor-column elementor-col-100 elementor-top-column elementor-element elementor-element-d4b97e1\" data-id=\"d4b97e1\" data-element_type=\"column\" data-e-type=\"column\">\n\t\t\t<div class=\"elementor-widget-wrap elementor-element-populated\">\n\t\t\t\t\t\t<div class=\"elementor-element elementor-element-57fc707 elementor-widget elementor-widget-text-editor\" data-id=\"57fc707\" data-element_type=\"widget\" data-e-type=\"widget\" data-widget_type=\"text-editor.default\">\n\t\t\t\t<div class=\"elementor-widget-container\">\n\t\t\t\t\t\t\t\t\t<h3 style=\"color: #333;\">Uluslararas\u0131 Standartlar ve Referans Dok\u00fcmanlar<\/h3><p>Y\u00fczey Akademisi ve T\u00dcY\u0130DER olarak, t\u00fcm test ve uygulama s\u00fcre\u00e7lerimizde uluslararas\u0131 ge\u00e7erlili\u011fi olan ASTM (American Society for Testing and Materials) standartlar\u0131n\u0131 referans almaktay\u0131z.<\/p><h4 style=\"color: #333;\">Genel Kaplama, Haz\u0131rl\u0131k ve Test Standartlar\u0131<\/h4><div style=\"margin-bottom: 30px;\"><p style=\"margin-bottom: 12px; border-bottom: 1px solid #eee; padding-bottom: 8px;\"><strong style=\"color: #d02030; font-size: 1.1em;\">ASTM B633-19<\/strong><br \/><span style=\"color: #555;\">Standard Specification for Electrodeposited Coatings of Zinc on Iron and Steel<\/span><\/p><p style=\"margin-bottom: 12px; border-bottom: 1px solid #eee; padding-bottom: 8px;\"><strong style=\"color: #d02030; font-size: 1.1em;\">ASTM A591 \/ A591M<\/strong><br \/><span style=\"color: #555;\">Specification for Steel Sheet, Electrolytic Zinc-Coated, for Light Coating Weight [Mass] Applications<\/span><\/p><p style=\"margin-bottom: 12px; border-bottom: 1px solid #eee; padding-bottom: 8px;\"><strong style=\"color: #d02030; font-size: 1.1em;\">ASTM B117<\/strong><br \/><span style=\"color: #555;\">Practice for Operating Salt Spray (Fog) Apparatus<\/span><\/p><p style=\"margin-bottom: 12px; border-bottom: 1px solid #eee; padding-bottom: 8px;\"><strong style=\"color: #d02030; font-size: 1.1em;\">ASTM B183<\/strong><br \/><span style=\"color: #555;\">Practice for Preparation of Low-Carbon Steel for Electroplating<\/span><\/p><p style=\"margin-bottom: 12px; border-bottom: 1px solid #eee; padding-bottom: 8px;\"><strong style=\"color: #d02030; font-size: 1.1em;\">ASTM B201<\/strong><br \/><span style=\"color: #555;\">Practice for Testing Chromate Coatings on Zinc and Cadmium Surfaces<\/span><\/p><p style=\"margin-bottom: 12px; border-bottom: 1px solid #eee; padding-bottom: 8px;\"><strong style=\"color: #d02030; font-size: 1.1em;\">ASTM B242<\/strong><br \/><span style=\"color: #555;\">Guide for Preparation of High-Carbon Steel for Electroplating<\/span><\/p><p style=\"margin-bottom: 12px; border-bottom: 1px solid #eee; padding-bottom: 8px;\"><strong style=\"color: #d02030; font-size: 1.1em;\">ASTM B254<\/strong><br \/><span style=\"color: #555;\">Practice for Preparation of and Electroplating on Stainless Steel<\/span><\/p><p style=\"margin-bottom: 12px; border-bottom: 1px solid #eee; padding-bottom: 8px;\"><strong style=\"color: #d02030; font-size: 1.1em;\">ASTM B320<\/strong><br \/><span style=\"color: #555;\">Practice for Preparation of Iron Castings for Electroplating<\/span><\/p><p style=\"margin-bottom: 12px; border-bottom: 1px solid #eee; padding-bottom: 8px;\"><strong style=\"color: #d02030; font-size: 1.1em;\">ASTM B322<\/strong><br \/><span style=\"color: #555;\">Guide for Cleaning Metals Prior to Electroplating<\/span><\/p><p style=\"margin-bottom: 12px; border-bottom: 1px solid #eee; padding-bottom: 8px;\"><strong style=\"color: #d02030; font-size: 1.1em;\">ASTM B374<\/strong><br \/><span style=\"color: #555;\">Terminology Relating to Electroplating<\/span><\/p><p style=\"margin-bottom: 12px; border-bottom: 1px solid #eee; padding-bottom: 8px;\"><strong style=\"color: #d02030; font-size: 1.1em;\">ASTM B487<\/strong><br \/><span style=\"color: #555;\">Test Method for Measurement of Metal and Oxide Coating Thickness by Microscopical Examination of Cross Section<\/span><\/p><p style=\"margin-bottom: 12px; border-bottom: 1px solid #eee; padding-bottom: 8px;\"><strong style=\"color: #d02030; font-size: 1.1em;\">ASTM B499<\/strong><br \/><span style=\"color: #555;\">Test Method for Measurement of Coating Thicknesses by the Magnetic Method: Nonmagnetic Coatings on Magnetic Basis Metals<\/span><\/p><p style=\"margin-bottom: 12px; border-bottom: 1px solid #eee; padding-bottom: 8px;\"><strong style=\"color: #d02030; font-size: 1.1em;\">ASTM B504<\/strong><br \/><span style=\"color: #555;\">Test Method for Measurement of Thickness of Metallic Coatings by the Coulometric Method<\/span><\/p><p style=\"margin-bottom: 12px; border-bottom: 1px solid #eee; padding-bottom: 8px;\"><strong style=\"color: #d02030; font-size: 1.1em;\">ASTM B567<\/strong><br \/><span style=\"color: #555;\">Test Method for Measurement of Coating Thickness by the Beta Backscatter Method<\/span><\/p><p style=\"margin-bottom: 12px; border-bottom: 1px solid #eee; padding-bottom: 8px;\"><strong style=\"color: #d02030; font-size: 1.1em;\">ASTM B568<\/strong><br \/><span style=\"color: #555;\">Test Method for Measurement of Coating Thickness by X-Ray Spectrometry<\/span><\/p><p style=\"margin-bottom: 12px; border-bottom: 1px solid #eee; padding-bottom: 8px;\"><strong style=\"color: #d02030; font-size: 1.1em;\">ASTM B571<\/strong><br \/><span style=\"color: #555;\">Practice for Qualitative Adhesion Testing of Metallic Coatings<\/span><\/p><p style=\"margin-bottom: 12px; border-bottom: 1px solid #eee; padding-bottom: 8px;\"><strong style=\"color: #d02030; font-size: 1.1em;\">ASTM B602<\/strong><br \/><span style=\"color: #555;\">Test Method for Attribute Sampling of Metallic and Inorganic Coatings<\/span><\/p><p style=\"margin-bottom: 12px; border-bottom: 1px solid #eee; padding-bottom: 8px;\"><strong style=\"color: #d02030; font-size: 1.1em;\">ASTM B697<\/strong><br \/><span style=\"color: #555;\">Guide for Selection of Sampling Plans for Inspection of Electrodeposited Metallic and Inorganic Coatings<\/span><\/p><p style=\"margin-bottom: 12px; border-bottom: 1px solid #eee; padding-bottom: 8px;\"><strong style=\"color: #d02030; font-size: 1.1em;\">ASTM B748<\/strong><br \/><span style=\"color: #555;\">Test Method for Measurement of Thickness of Metallic Coatings by Measurement of Cross Section with a Scanning Electron Microscope<\/span><\/p><p style=\"margin-bottom: 12px; border-bottom: 1px solid #eee; padding-bottom: 8px;\"><strong style=\"color: #d02030; font-size: 1.1em;\">ASTM B762<\/strong><br \/><span style=\"color: #555;\">Test Method of Variables Sampling of Metallic and Inorganic Coatings<\/span><\/p><p style=\"margin-bottom: 12px; border-bottom: 1px solid #eee; padding-bottom: 8px;\"><strong style=\"color: #d02030; font-size: 1.1em;\">ASTM B849<\/strong><br \/><span style=\"color: #555;\">Specification for Pre-Treatments of Iron or Steel for Reducing Risk of Hydrogen Embrittlement<\/span><\/p><p style=\"margin-bottom: 12px; border-bottom: 1px solid #eee; padding-bottom: 8px;\"><strong style=\"color: #d02030; font-size: 1.1em;\">ASTM B850<\/strong><br \/><span style=\"color: #555;\">Guide for Post-Coating Treatments of Steel for Reducing the Risk of Hydrogen Embrittlement<\/span><\/p><p style=\"margin-bottom: 12px; border-bottom: 1px solid #eee; padding-bottom: 8px;\"><strong style=\"color: #d02030; font-size: 1.1em;\">ASTM D2092<\/strong><br \/><span style=\"color: #555;\">Guide for Preparation of Zinc-Coated (Galvanized) Steel Surfaces for Painting<\/span><\/p><p style=\"margin-bottom: 12px; border-bottom: 1px solid #eee; padding-bottom: 8px;\"><strong style=\"color: #d02030; font-size: 1.1em;\">ASTM F1940<\/strong><br \/><span style=\"color: #555;\">Test Method for Process Control Verification to Prevent Hydrogen Embrittlement in Plated or Coated Fasteners<\/span><\/p><p style=\"margin-bottom: 12px; border-bottom: 1px solid #eee; padding-bottom: 8px;\"><strong style=\"color: #d02030; font-size: 1.1em;\">ASTM F2078<\/strong><br \/><span style=\"color: #555;\">Terminology Relating to Hydrogen Embrittlement Testing<\/span><\/p><\/div><h4 style=\"color: #333; margin-top: 40px;\">Sert Krom ve M\u00fchendislik Kaplamalar\u0131 Standartlar\u0131<\/h4><div style=\"margin-bottom: 30px;\"><p style=\"margin-bottom: 12px; border-bottom: 1px solid #eee; padding-bottom: 8px;\"><strong style=\"color: #d02030; font-size: 1.1em;\">ASTM B177 \/ B177M \u2013 11(2017)<\/strong><br \/><span style=\"color: #555;\">Standard Guide for Engineering Chromium Electroplating<\/span><\/p><p style=\"margin-bottom: 12px; border-bottom: 1px solid #eee; padding-bottom: 8px;\"><strong style=\"color: #d02030; font-size: 1.1em;\">ASTM B244<\/strong><br \/><span style=\"color: #555;\">Test Method for Measurement of Thickness of Anodic Coatings on Aluminum and of Other Nonconductive Coatings on Nonmagnetic Basis Metals with Eddy-Current Instruments<\/span><\/p><p style=\"margin-bottom: 12px; border-bottom: 1px solid #eee; padding-bottom: 8px;\"><strong style=\"color: #d02030; font-size: 1.1em;\">ASTM B253<\/strong><br \/><span style=\"color: #555;\">Guide for Preparation of Aluminum Alloys for Electroplating<\/span><\/p><p style=\"margin-bottom: 12px; border-bottom: 1px solid #eee; padding-bottom: 8px;\"><strong style=\"color: #d02030; font-size: 1.1em;\">ASTM B281<\/strong><br \/><span style=\"color: #555;\">Practice for Preparation of Copper and Copper-Base Alloys for Electroplating and Conversion Coatings<\/span><\/p><p style=\"margin-bottom: 12px; border-bottom: 1px solid #eee; padding-bottom: 8px;\"><strong style=\"color: #d02030; font-size: 1.1em;\">ASTM B481<\/strong><br \/><span style=\"color: #555;\">Practice for Preparation of Titanium and Titanium Alloys for Electroplating<\/span><\/p><p style=\"margin-bottom: 12px; border-bottom: 1px solid #eee; padding-bottom: 8px;\"><strong style=\"color: #d02030; font-size: 1.1em;\">ASTM B507<\/strong><br \/><span style=\"color: #555;\">Practice for Design of Articles to Be Electroplated on Racks<\/span><\/p><p style=\"margin-bottom: 12px; border-bottom: 1px solid #eee; padding-bottom: 8px;\"><strong style=\"color: #d02030; font-size: 1.1em;\">ASTM B558<\/strong><br \/><span style=\"color: #555;\">Practice for Preparation of Nickel Alloys for Electroplating<\/span><\/p><p style=\"margin-bottom: 12px; border-bottom: 1px solid #eee; padding-bottom: 8px;\"><strong style=\"color: #d02030; font-size: 1.1em;\">ASTM B578<\/strong><br \/><span style=\"color: #555;\">Test Method for Microhardness of Electroplated Coatings<\/span><\/p><p style=\"margin-bottom: 12px; border-bottom: 1px solid #eee; padding-bottom: 8px;\"><strong style=\"color: #d02030; font-size: 1.1em;\">ASTM B630<\/strong><br \/><span style=\"color: #555;\">Practice for Preparation of Chromium for Electroplating with Chromium<\/span><\/p><p style=\"margin-bottom: 12px; border-bottom: 1px solid #eee; padding-bottom: 8px;\"><strong style=\"color: #d02030; font-size: 1.1em;\">ASTM B650<\/strong><br \/><span style=\"color: #555;\">Specification for Electrodeposited Engineering Chromium Coatings on Ferrous Substrates<\/span><\/p><p style=\"margin-bottom: 12px; border-bottom: 1px solid #eee; padding-bottom: 8px;\"><strong style=\"color: #d02030; font-size: 1.1em;\">ASTM B851<\/strong><br \/><span style=\"color: #555;\">Specification for Automated Controlled Shot Peening of Metallic Articles Prior to Nickel, Autocatalytic Nickel, or Chromium Plating, or as Final Finish<\/span><\/p><p style=\"margin-bottom: 12px; border-bottom: 1px solid #eee; padding-bottom: 8px;\"><strong style=\"color: #d02030; font-size: 1.1em;\">ASTM F519<\/strong><br \/><span style=\"color: #555;\">Test Method for Mechanical Hydrogen Embrittlement Evaluation of Plating\/Coating Processes and Service Environments<\/span><\/p><\/div>\t\t\t\t\t\t\t\t<\/div>\n\t\t\t\t<\/div>\n\t\t\t\t\t<\/div>\n\t\t<\/div>\n\t\t\t\t\t<\/div>\n\t\t<\/section>\n\t\t\t\t<\/div>","protected":false},"excerpt":{"rendered":"<p>Uluslararas\u0131 Standartlar ve Referans Dok\u00fcmanlar Y\u00fczey Akademisi ve T\u00dcY\u0130DER olarak, t\u00fcm test ve uygulama s\u00fcre\u00e7lerimizde uluslararas\u0131 ge\u00e7erlili\u011fi olan ASTM (American Society for Testing and Materials) standartlar\u0131n\u0131 referans almaktay\u0131z. Genel Kaplama, Haz\u0131rl\u0131k ve Test Standartlar\u0131 ASTM B633-19Standard Specification for Electrodeposited Coatings&#8230;<\/p>","protected":false},"author":14,"featured_media":0,"parent":1077,"menu_order":0,"comment_status":"closed","ping_status":"closed","template":"","meta":{"footnotes":""},"class_list":["post-678","page","type-page","status-publish","hentry"],"_links":{"self":[{"href":"https:\/\/www.tuyider.org\/en\/wp-json\/wp\/v2\/pages\/678","targetHints":{"allow":["GET"]}}],"collection":[{"href":"https:\/\/www.tuyider.org\/en\/wp-json\/wp\/v2\/pages"}],"about":[{"href":"https:\/\/www.tuyider.org\/en\/wp-json\/wp\/v2\/types\/page"}],"author":[{"embeddable":true,"href":"https:\/\/www.tuyider.org\/en\/wp-json\/wp\/v2\/users\/14"}],"replies":[{"embeddable":true,"href":"https:\/\/www.tuyider.org\/en\/wp-json\/wp\/v2\/comments?post=678"}],"version-history":[{"count":22,"href":"https:\/\/www.tuyider.org\/en\/wp-json\/wp\/v2\/pages\/678\/revisions"}],"predecessor-version":[{"id":7988,"href":"https:\/\/www.tuyider.org\/en\/wp-json\/wp\/v2\/pages\/678\/revisions\/7988"}],"up":[{"embeddable":true,"href":"https:\/\/www.tuyider.org\/en\/wp-json\/wp\/v2\/pages\/1077"}],"wp:attachment":[{"href":"https:\/\/www.tuyider.org\/en\/wp-json\/wp\/v2\/media?parent=678"}],"curies":[{"name":"wp","href":"https:\/\/api.w.org\/{rel}","templated":true}]}}