{"id":6766,"date":"2024-12-09T21:16:39","date_gmt":"2024-12-09T18:16:39","guid":{"rendered":"https:\/\/www.tuyider.org\/?page_id=6766"},"modified":"2024-12-09T21:49:35","modified_gmt":"2024-12-09T18:49:35","slug":"medicana-hastanesi","status":"publish","type":"page","link":"https:\/\/www.tuyider.org\/en\/tuyidergi\/tuyikart\/medicana-hastanesi\/","title":{"rendered":"Medicana Hastanesi"},"content":{"rendered":"<div data-elementor-type=\"wp-page\" data-elementor-id=\"6766\" class=\"elementor elementor-6766\" data-elementor-post-type=\"page\">\n\t\t\t\t\t\t<section class=\"elementor-section elementor-top-section elementor-element elementor-element-8fe2262 elementor-section-boxed elementor-section-height-default elementor-section-height-default\" data-id=\"8fe2262\" data-element_type=\"section\" data-e-type=\"section\">\n\t\t\t\t\t\t<div class=\"elementor-container elementor-column-gap-default\">\n\t\t\t\t\t<div class=\"elementor-column elementor-col-100 elementor-top-column elementor-element elementor-element-555072e\" data-id=\"555072e\" data-element_type=\"column\" data-e-type=\"column\">\n\t\t\t<div class=\"elementor-widget-wrap elementor-element-populated\">\n\t\t\t\t\t\t<div class=\"elementor-element elementor-element-42ec71e elementor-widget elementor-widget-image\" data-id=\"42ec71e\" data-element_type=\"widget\" data-e-type=\"widget\" data-widget_type=\"image.default\">\n\t\t\t\t<div class=\"elementor-widget-container\">\n\t\t\t\t\t\t\t\t\t\t\t\t\t\t\t<img fetchpriority=\"high\" decoding=\"async\" width=\"1911\" height=\"271\" src=\"https:\/\/www.tuyider.org\/wp-content\/uploads\/Medicana-Hastanesi-Logo.png\" class=\"attachment-full size-full wp-image-6768\" alt=\"\" srcset=\"https:\/\/www.tuyider.org\/wp-content\/uploads\/Medicana-Hastanesi-Logo.png 1911w, https:\/\/www.tuyider.org\/wp-content\/uploads\/Medicana-Hastanesi-Logo-300x43.png 300w, https:\/\/www.tuyider.org\/wp-content\/uploads\/Medicana-Hastanesi-Logo-1024x145.png 1024w, https:\/\/www.tuyider.org\/wp-content\/uploads\/Medicana-Hastanesi-Logo-768x109.png 768w, https:\/\/www.tuyider.org\/wp-content\/uploads\/Medicana-Hastanesi-Logo-1536x218.png 1536w, https:\/\/www.tuyider.org\/wp-content\/uploads\/Medicana-Hastanesi-Logo-18x3.png 18w\" sizes=\"(max-width: 1911px) 100vw, 1911px\" \/>\t\t\t\t\t\t\t\t\t\t\t\t\t\t\t<\/div>\n\t\t\t\t<\/div>\n\t\t\t\t\t<\/div>\n\t\t<\/div>\n\t\t\t\t\t<\/div>\n\t\t<\/section>\n\t\t\t\t<section class=\"elementor-section elementor-top-section elementor-element elementor-element-0d46395 elementor-section-boxed elementor-section-height-default elementor-section-height-default\" data-id=\"0d46395\" data-element_type=\"section\" data-e-type=\"section\">\n\t\t\t\t\t\t<div class=\"elementor-container elementor-column-gap-default\">\n\t\t\t\t\t<div class=\"elementor-column elementor-col-100 elementor-top-column elementor-element elementor-element-10f537c\" data-id=\"10f537c\" data-element_type=\"column\" data-e-type=\"column\">\n\t\t\t<div class=\"elementor-widget-wrap elementor-element-populated\">\n\t\t\t\t\t\t<div class=\"elementor-element elementor-element-b40bef0 elementor-widget elementor-widget-text-editor\" data-id=\"b40bef0\" data-element_type=\"widget\" data-e-type=\"widget\" data-widget_type=\"text-editor.default\">\n\t\t\t\t<div class=\"elementor-widget-container\">\n\t\t\t\t\t\t\t\t\t<p style=\"text-align: center;\">\u00a0<strong>GE\u00c7ERL\u0130 OLDU\u011eU HASTANELER <\/strong><\/p><table width=\"125%\"><tbody><tr><td width=\"47%\"><p><strong>\u015eUBE<\/strong><\/p><\/td><td width=\"30%\"><p><strong>ADRES<\/strong><\/p><\/td><td width=\"11%\"><p><strong>\u0130L<\/strong><\/p><\/td><td width=\"11%\"><p><strong>\u0130L\u00c7E<\/strong><\/p><\/td><\/tr><tr><td width=\"47%\"><p>MED\u0130CANA INTERNATIONAL ANKARA HASTANES\u0130<\/p><\/td><td width=\"30%\"><p>S\u00f6\u011f\u00fct\u00f6z\u00fc Mah. 2165.sok. No:6<\/p><\/td><td width=\"11%\"><p>Ankara<\/p><\/td><td width=\"11%\"><p>\u00c7ankaya<\/p><\/td><\/tr><tr><td width=\"47%\"><p>MED\u0130CANA INTERNATIONAL ATAK\u00d6Y HASTANES\u0130<\/p><\/td><td width=\"30%\"><p>Rauf Orbay Cd. 2\/1Z 34158<\/p><\/td><td width=\"11%\"><p>\u0130stanbul<\/p><\/td><td width=\"11%\"><p>Bak\u0131rk\u00f6y<\/p><\/td><\/tr><tr><td width=\"47%\"><p>MED\u0130CANA INTERNATIONAL ATA\u015eEH\u0130R HASTANES\u0130<\/p><\/td><td width=\"30%\"><p>Vedat G\u00fcnyol Cad. No:24<\/p><\/td><td width=\"11%\"><p>\u0130stanbul<\/p><\/td><td width=\"11%\"><p>Ata\u015fehir<\/p><\/td><\/tr><tr><td width=\"47%\"><p>MED\u0130CANA AVCILAR HASTANES\u0130<\/p><\/td><td width=\"30%\"><p>Marmara Cad. \u015eaml\u0131 Sok.No:32<\/p><\/td><td width=\"11%\"><p>\u0130stanbul<\/p><\/td><td width=\"11%\"><p>Avc\u0131lar<\/p><\/td><\/tr><tr><td width=\"47%\"><p>MED\u0130CANA BAH\u00c7EL\u0130EVLER HASTANES\u0130<\/p><\/td><td width=\"30%\"><p>Adnan Kahveci Bulvar\u0131 No: 2<\/p><\/td><td width=\"11%\"><p>\u0130stanbul<\/p><\/td><td width=\"11%\"><p>Bah\u00e7elievler<\/p><\/td><\/tr><tr><td width=\"47%\"><p>MED\u0130CANA BURSA HASTANES\u0130<\/p><\/td><td width=\"30%\"><p>Odunluk Mahallesi, Liman Cad. No:4, 16110<\/p><\/td><td width=\"11%\"><p>Bursa<\/p><\/td><td width=\"11%\"><p>Nil\u00fcfer<\/p><\/td><\/tr><tr><td width=\"47%\"><p>MED\u0130CANA \u00c7E\u015eME TIP MERKEZ\u0130<\/p><\/td><td width=\"30%\"><p>Il\u0131ca, 5003. Sok No: 58, 35930\u00a0<\/p><\/td><td width=\"11%\"><p>\u0130zmir<\/p><\/td><td width=\"11%\"><p>\u00c7e\u015fme<\/p><\/td><\/tr><tr><td width=\"47%\"><p>B\u0130RUN\u0130 \u00dcN\u0130VERS\u0130TES\u0130 MED\u0130CANA INTERNAT\u0130ONAL \u0130STANBUL TIP FAK\u00dcLTES\u0130 HASTANES\u0130<\/p><\/td><td width=\"30%\"><p>Beylikd\u00fcz\u00fc Cad.No:3<\/p><\/td><td width=\"11%\"><p>\u0130stanbul<\/p><\/td><td width=\"11%\"><p>Beylikd\u00fcz\u00fc<\/p><\/td><\/tr><tr><td width=\"47%\"><p>MED\u0130CANA \u00c7AMLICA HASTANES\u0130<\/p><\/td><td width=\"30%\"><p>Alemda\u011f Cad. No: 113<\/p><\/td><td width=\"11%\"><p>\u0130stanbul<\/p><\/td><td width=\"11%\"><p>\u00dcsk\u00fcdar<\/p><\/td><\/tr><tr><td width=\"47%\"><p>MED\u0130CANA \u00c7AMLICA TIP MERKEZ\u0130<\/p><\/td><td width=\"30%\"><p>Alemda\u011f Cad. No: 103<\/p><\/td><td width=\"11%\"><p>\u0130stanbul<\/p><\/td><td width=\"11%\"><p>\u00dcsk\u00fcdar<\/p><\/td><\/tr><tr><td width=\"47%\"><p>MED\u0130CANA INTERNATIOANL \u0130ZM\u0130R HASTANES\u0130<\/p><\/td><td width=\"30%\"><p>\u0130\u015f\u00e7iler Cad. No:126 Yeni\u015fehir<\/p><\/td><td width=\"11%\"><p>\u0130zmir<\/p><\/td><td width=\"11%\"><p>Konak<\/p><\/td><\/tr><tr><td width=\"47%\"><p>MED\u0130CANA KADIK\u00d6Y HASTANES\u0130<\/p><\/td><td width=\"30%\"><p>Z\u00fcht\u00fcpa\u015fa Mah. Recep Peker Cad. No:11<\/p><\/td><td width=\"11%\"><p>\u0130stanbul<\/p><\/td><td width=\"11%\"><p>Kad\u0131k\u00f6y<\/p><\/td><\/tr><tr><td width=\"47%\"><p>KTO KARATAY \u00dcN\u0130VERS\u0130TES\u0130 MEDICANA TIP FAK\u00dcLTES\u0130 HASTANES\u0130<\/p><\/td><td width=\"30%\"><p>Musalla Ba\u011flar\u0131 Mah. G\u00fcrz Sok. No.1<\/p><\/td><td width=\"11%\"><p>Konya<\/p><\/td><td width=\"11%\"><p>Sel\u00e7uklu<\/p><\/td><\/tr><tr><td width=\"47%\"><p>MED\u0130CANA INTERNATIONAL SAMSUN HASTANES\u0130<\/p><\/td><td width=\"30%\"><p>Yeni Mah. \u015eehit Mesut Birinci Cad.No:85<\/p><\/td><td width=\"11%\"><p>Samsun<\/p><\/td><td width=\"11%\"><p>Canik<\/p><\/td><\/tr><tr><td width=\"47%\"><p>MED\u0130CANA S\u0130VAS HASTANES\u0130<\/p><\/td><td width=\"30%\"><p>M.Fethi Aky\u00fcz Cd. No:8<\/p><\/td><td width=\"11%\"><p>Sivas<\/p><\/td><td width=\"11%\"><p>Merkez<\/p><\/td><\/tr><tr><td width=\"47%\"><p>MED\u0130CANA Z\u0130NC\u0130RL\u0130KUYU HASTANES\u0130<\/p><\/td><td width=\"30%\"><p>Esentepe Mah.B\u00fcy\u00fckdere Cd.N:165<\/p><\/td><td width=\"11%\"><p>\u0130stanbul<\/p><\/td><td width=\"11%\"><p>\u015ei\u015fli<\/p><\/td><\/tr><\/tbody><\/table>\t\t\t\t\t\t\t\t<\/div>\n\t\t\t\t<\/div>\n\t\t\t\t\t<\/div>\n\t\t<\/div>\n\t\t\t\t\t<\/div>\n\t\t<\/section>\n\t\t\t\t<section class=\"elementor-section elementor-top-section elementor-element elementor-element-cca7841 elementor-section-boxed elementor-section-height-default elementor-section-height-default\" data-id=\"cca7841\" data-element_type=\"section\" data-e-type=\"section\">\n\t\t\t\t\t\t<div class=\"elementor-container elementor-column-gap-default\">\n\t\t\t\t\t<div class=\"elementor-column elementor-col-100 elementor-top-column elementor-element elementor-element-5ffc7b4\" data-id=\"5ffc7b4\" data-element_type=\"column\" data-e-type=\"column\">\n\t\t\t<div class=\"elementor-widget-wrap elementor-element-populated\">\n\t\t\t\t\t\t<div class=\"elementor-element elementor-element-832ff1e elementor-widget elementor-widget-text-editor\" data-id=\"832ff1e\" data-element_type=\"widget\" data-e-type=\"widget\" data-widget_type=\"text-editor.default\">\n\t\t\t\t<div class=\"elementor-widget-container\">\n\t\t\t\t\t\t\t\t\t<table width=\"114%\"><tbody><tr><td colspan=\"4\" width=\"100%\"><p style=\"text-align: center;\"><strong>\u0130ND\u0130R\u0130M ORANLARI<br \/><\/strong><\/p><\/td><\/tr><tr><td colspan=\"2\" width=\"40%\"><p><strong>H\u0130ZMETLER<\/strong><\/p><\/td><td width=\"49%\"><p><strong>A\u00c7IKLAMA<\/strong><\/p><\/td><td width=\"10%\"><p><strong>\u0130ND\u0130R\u0130M ORANI<\/strong><\/p><\/td><\/tr><tr><td rowspan=\"3\" width=\"20%\"><p><strong>AYAKTA TEDAV\u0130<\/strong><\/p><\/td><td width=\"20%\"><p><strong>MUAYENE<\/strong><\/p><\/td><td width=\"49%\"><p>DOKTOR MUAYENE, KONS\u00dcLTASYON, TAK\u0130P ( Uzman )<\/p><\/td><td width=\"10%\"><p><strong>10%<\/strong><\/p><\/td><\/tr><tr><td width=\"20%\"><p><strong>G\u00d6R\u00dcNT\u00dcLEME<\/strong><\/p><\/td><td width=\"49%\"><p>T\u00dcM G\u00d6R\u00dcNT\u00dcLEME \u0130\u015eLEMLER\u0130<\/p><\/td><td width=\"10%\"><p><strong>10%<\/strong><\/p><\/td><\/tr><tr><td width=\"20%\"><p><strong>LABORATUVAR<\/strong><\/p><\/td><td width=\"49%\"><p>T\u00dcM LABORATUVAR \u0130\u015eLEMLER\u0130<\/p><\/td><td width=\"10%\"><p><strong>10%<\/strong><\/p><\/td><\/tr><tr><td colspan=\"2\" width=\"40%\"><p><strong>B\u00d6L\u00dcMLERE \u00d6ZEL \u0130\u015eLEM, TETK\u0130K VE \u0130NCELEMELER<\/strong><\/p><\/td><td width=\"49%\"><p>B\u00d6L\u00dcMLERE \u00d6ZEL \u0130\u015eLEM, TETK\u0130K VE \u0130NCELEMELER<\/p><\/td><td width=\"10%\"><p><strong>10%<\/strong><\/p><\/td><\/tr><tr><td colspan=\"2\" width=\"40%\"><p><strong>K\u00dc\u00c7\u00dcK M\u00dcDAHALE<\/strong><\/p><\/td><td width=\"49%\"><p>T\u00dcM K\u00dc\u00c7\u00dcK M\u00dcDAHALE \u0130\u015eLEMLER\u0130 ( Uzman )<\/p><\/td><td width=\"10%\"><p><strong>10%<\/strong><\/p><\/td><\/tr><tr><td colspan=\"2\" rowspan=\"3\" width=\"40%\"><p><strong>YATARAK TEDAV\u0130\u00a0\u00a0\u00a0\u00a0\u00a0\u00a0\u00a0\u00a0\u00a0\u00a0\u00a0\u00a0\u00a0\u00a0\u00a0\u00a0\u00a0\u00a0\u00a0\u00a0\u00a0\u00a0\u00a0\u00a0\u00a0\u00a0\u00a0\u00a0\u00a0\u00a0\u00a0\u00a0\u00a0\u00a0\u00a0\u00a0\u00a0\u00a0\u00a0\u00a0\u00a0\u00a0\u00a0\u00a0\u00a0\u00a0\u00a0\u00a0\u00a0\u00a0\u00a0\u00a0\u00a0\u00a0\u00a0\u00a0\u00a0\u00a0\u00a0\u00a0\u00a0\u00a0\u00a0\u00a0\u00a0\u00a0\u00a0\u00a0\u00a0\u00a0\u00a0\u00a0\u00a0\u00a0\u00a0\u00a0\u00a0 <\/strong><\/p><\/td><td width=\"49%\"><p>T\u00dcM CERRAH\u0130 \u0130\u015eLEMLER ( Uzman )<\/p><\/td><td width=\"10%\"><p><strong>10%<\/strong><\/p><\/td><\/tr><tr><td width=\"49%\"><p>T\u00dcM MED\u0130KAL YATI\u015e \u0130\u015eLEMLER\u0130 ( Uzman )<\/p><\/td><td width=\"10%\"><p><strong>10%<\/strong><\/p><\/td><\/tr><tr><td width=\"49%\"><p>D\u0130\u011eER T\u00dcM YATARAK TEDAV\u0130 \u0130\u015eLEMLER\u0130 ( Uzman )<\/p><\/td><td width=\"10%\"><p><strong>10%<\/strong><\/p><\/td><\/tr><tr><td colspan=\"2\" width=\"40%\"><p><strong>PS\u0130KOLOJ\u0130K DANI\u015eMANLIK<\/strong><\/p><\/td><td width=\"49%\"><p>PS\u0130KOLOJ\u0130K DANI\u015eMANLIK (Fiziki G\u00f6r\u00fc\u015fmeler)<\/p><\/td><td width=\"10%\"><p><strong>10%<\/strong><\/p><\/td><\/tr><tr><td colspan=\"2\" width=\"40%\"><p><strong>D\u0130YET VE SA\u011eLIKLI BESLENME<\/strong><\/p><\/td><td width=\"49%\"><p>D\u0130YET\u0130SYEN G\u00d6R\u00dc\u015eMELER\u0130 (Fiziki G\u00f6r\u00fc\u015fmeler)<\/p><\/td><td width=\"10%\"><p><strong>10%<\/strong><\/p><\/td><\/tr><tr><td colspan=\"2\" width=\"40%\"><p><strong>ESTET\u0130K BAKIM &amp; DERMOKOZMET\u0130K \u0130\u015eLEMLER\u0130<\/strong><\/p><\/td><td width=\"49%\"><p>ESTET\u0130K BAKIM &amp; DERMOKOZMET\u0130K \u0130\u015eLEMLER\u0130<\/p><\/td><td width=\"10%\"><p><strong>10%<\/strong><\/p><\/td><\/tr><tr><td colspan=\"2\" width=\"40%\"><p><strong>T\u00dcP BEBEK<\/strong><\/p><\/td><td width=\"49%\"><p>T\u00dcM T\u00dcP BEBEK VE ERKEK INFERT\u0130L\u0130TES\u0130 \u0130\u015eLEMLER\u0130 ( Uzman )<\/p><\/td><td width=\"10%\"><p><strong>10%<\/strong><\/p><\/td><\/tr><tr><td colspan=\"2\" width=\"40%\"><p><strong>S\u00dcNNET<\/strong><\/p><\/td><td width=\"49%\"><p>S\u00dcNNET KAPSAMINDAK\u0130 T\u00dcM \u0130\u015eLEMLER ( Uzman )<\/p><\/td><td width=\"10%\"><p><strong>10%<\/strong><\/p><\/td><\/tr><tr><td colspan=\"2\" width=\"40%\"><p><strong>SA\u00c7 EK\u0130M\u0130<\/strong><\/p><\/td><td width=\"49%\"><p>SA\u00c7 EK\u0130M\u0130 KAPSAMINDAK\u0130 T\u00dcM \u0130\u015eLEMLER<\/p><\/td><td width=\"10%\"><p><strong>10%<\/strong><\/p><\/td><\/tr><tr><td colspan=\"2\" width=\"40%\"><p><strong>CHECK-UP<\/strong><\/p><\/td><td width=\"49%\"><p>CHECK-UP PAKETLER\u0130<\/p><\/td><td width=\"10%\"><p><strong>Cari<\/strong><\/p><\/td><\/tr><tr><td colspan=\"2\" width=\"40%\"><p><strong>A\u011eIZ VE D\u0130\u015e SA\u011eLI\u011eI<\/strong><\/p><\/td><td width=\"49%\"><p>T\u00dcM D\u0130\u015e MUAYENE, TETK\u0130K VE TEDAV\u0130 \u0130\u015eLEMLER\u0130<\/p><\/td><td width=\"10%\"><p><strong>Cari<\/strong><\/p><\/td><\/tr><tr><td colspan=\"2\" rowspan=\"3\" width=\"40%\"><p><strong>PCR+ANT\u0130JEN+ANT\u0130KOR ( SA\u011eLIK KURUMUNDA )<\/strong><\/p><\/td><td width=\"49%\"><p>Covid-19 (SARS-CoV-2) Reverse Transkriptaz PCR<\/p><\/td><td width=\"10%\"><p><strong>10%<\/strong><\/p><\/td><\/tr><tr><td width=\"49%\"><p>Covid-19 Antijeni (SARS-CoV-2) (DFA)<\/p><\/td><td width=\"10%\"><p><strong>10%<\/strong><\/p><\/td><\/tr><tr><td width=\"49%\"><p>Covid-19 (SARS-CoV-2) IgG + IgM<\/p><\/td><td width=\"10%\"><p><strong>10%<\/strong><\/p><\/td><\/tr><tr><td colspan=\"4\" width=\"100%\"><p>*\u0130la\u00e7, sarf, \u00f6zellikli malzeme, kan \u00fcr\u00fcnleri, ambulans, evde bak\u0131m hizmetleri, d\u0131\u015f merkeze y\u00f6nlendirilen hizmetler, onkoloji, \u00f6zel sigorta kat\u0131l\u0131m paylar\u0131, indirim protokol\u00fcne dahil olmayan hekimler ve \u00f6\u011fretim \u00fcyesi farklar\u0131 hari\u00e7tir.<\/p><p><br \/>*\u00d6zellikli paket ameliyatlar ile do\u011fumlar indirim protokol\u00fcne dahil de\u011fildir.<\/p><\/td><\/tr><tr><td colspan=\"4\" width=\"100%\"><p>*SGK kullan\u0131mlar\u0131nda 15 \u20ba muayene katk\u0131 pay\u0131 hasta \u00f6demelidir.<\/p><\/td><\/tr><\/tbody><\/table>\t\t\t\t\t\t\t\t<\/div>\n\t\t\t\t<\/div>\n\t\t\t\t\t<\/div>\n\t\t<\/div>\n\t\t\t\t\t<\/div>\n\t\t<\/section>\n\t\t\t\t<\/div>","protected":false},"excerpt":{"rendered":"<p>\u00a0GE\u00c7ERL\u0130 OLDU\u011eU HASTANELER \u015eUBE ADRES \u0130L \u0130L\u00c7E MED\u0130CANA INTERNATIONAL ANKARA HASTANES\u0130 S\u00f6\u011f\u00fct\u00f6z\u00fc Mah. 2165.sok. No:6 Ankara \u00c7ankaya MED\u0130CANA INTERNATIONAL ATAK\u00d6Y HASTANES\u0130 Rauf Orbay Cd. 2\/1Z 34158 \u0130stanbul Bak\u0131rk\u00f6y MED\u0130CANA INTERNATIONAL ATA\u015eEH\u0130R HASTANES\u0130 Vedat G\u00fcnyol Cad. No:24 \u0130stanbul Ata\u015fehir MED\u0130CANA AVCILAR&#8230;<\/p>","protected":false},"author":14,"featured_media":5753,"parent":3336,"menu_order":0,"comment_status":"closed","ping_status":"closed","template":"","meta":{"footnotes":""},"class_list":["post-6766","page","type-page","status-publish","has-post-thumbnail","hentry"],"_links":{"self":[{"href":"https:\/\/www.tuyider.org\/en\/wp-json\/wp\/v2\/pages\/6766","targetHints":{"allow":["GET"]}}],"collection":[{"href":"https:\/\/www.tuyider.org\/en\/wp-json\/wp\/v2\/pages"}],"about":[{"href":"https:\/\/www.tuyider.org\/en\/wp-json\/wp\/v2\/types\/page"}],"author":[{"embeddable":true,"href":"https:\/\/www.tuyider.org\/en\/wp-json\/wp\/v2\/users\/14"}],"replies":[{"embeddable":true,"href":"https:\/\/www.tuyider.org\/en\/wp-json\/wp\/v2\/comments?post=6766"}],"version-history":[{"count":7,"href":"https:\/\/www.tuyider.org\/en\/wp-json\/wp\/v2\/pages\/6766\/revisions"}],"predecessor-version":[{"id":6794,"href":"https:\/\/www.tuyider.org\/en\/wp-json\/wp\/v2\/pages\/6766\/revisions\/6794"}],"up":[{"embeddable":true,"href":"https:\/\/www.tuyider.org\/en\/wp-json\/wp\/v2\/pages\/3336"}],"wp:featuredmedia":[{"embeddable":true,"href":"https:\/\/www.tuyider.org\/en\/wp-json\/wp\/v2\/media\/5753"}],"wp:attachment":[{"href":"https:\/\/www.tuyider.org\/en\/wp-json\/wp\/v2\/media?parent=6766"}],"curies":[{"name":"wp","href":"https:\/\/api.w.org\/{rel}","templated":true}]}}