{"id":673,"date":"2020-11-18T19:38:26","date_gmt":"2020-11-18T16:38:26","guid":{"rendered":"http:\/\/www.tuyider.nanotasarim.com\/?page_id=673"},"modified":"2026-02-09T19:49:57","modified_gmt":"2026-02-09T16:49:57","slug":"test-ve-analiz-hizmetleri","status":"publish","type":"page","link":"https:\/\/www.tuyider.org\/en\/yuzey-akademi\/test-ve-analiz-hizmetleri\/","title":{"rendered":"Test and Analysis"},"content":{"rendered":"<div data-elementor-type=\"wp-page\" data-elementor-id=\"673\" class=\"elementor elementor-673\" data-elementor-post-type=\"page\">\n\t\t\t\t\t\t<section class=\"elementor-section elementor-top-section elementor-element elementor-element-8d74190 elementor-section-boxed elementor-section-height-default elementor-section-height-default\" data-id=\"8d74190\" data-element_type=\"section\" data-e-type=\"section\">\n\t\t\t\t\t\t<div class=\"elementor-container elementor-column-gap-default\">\n\t\t\t\t\t<div class=\"elementor-column elementor-col-100 elementor-top-column elementor-element elementor-element-ee53515\" data-id=\"ee53515\" data-element_type=\"column\" data-e-type=\"column\">\n\t\t\t<div class=\"elementor-widget-wrap elementor-element-populated\">\n\t\t\t\t\t\t<div class=\"elementor-element elementor-element-f118632 elementor-widget elementor-widget-heading\" data-id=\"f118632\" data-element_type=\"widget\" data-e-type=\"widget\" data-widget_type=\"heading.default\">\n\t\t\t\t<div class=\"elementor-widget-container\">\n\t\t\t\t\t<h2 class=\"elementor-heading-title elementor-size-default\">Y\u00fczey Karakterizasyonunda \u0130leri Teknoloji ve Hassas \u00c7\u00f6z\u00fcmler<\/h2>\t\t\t\t<\/div>\n\t\t\t\t<\/div>\n\t\t\t\t<div class=\"elementor-element elementor-element-faf7abd elementor-widget elementor-widget-text-editor\" data-id=\"faf7abd\" data-element_type=\"widget\" data-e-type=\"widget\" data-widget_type=\"text-editor.default\">\n\t\t\t\t<div class=\"elementor-widget-container\">\n\t\t\t\t\t\t\t\t\t<p>T\u00dcY\u0130DER Y\u00fczey Akademisi; b\u00fcnyesindeki y\u00fcksek teknoloji test cihazlar\u0131 ile sekt\u00f6r\u00fcn kalite kontrol s\u00fcre\u00e7lerini bir \u00fcst seviyeye ta\u015f\u0131may\u0131 hedeflemektedir.<\/p><p>\u00dcretim s\u00fcre\u00e7lerinizin uluslararas\u0131 standartlara uygunlu\u011funu belgelemek, \u00fcr\u00fcn kalitesini art\u0131rmak ve malzeme karakterizasyonunu do\u011fru yapmak ad\u0131na sundu\u011fumuz test ve analiz hizmetleri, alan\u0131nda uzman teknik personelimiz taraf\u0131ndan y\u00fcr\u00fct\u00fclmektedir.<\/p><p>Ar-Ge ve \u00dcr-Ge \u00e7al\u0131\u015fmalar\u0131n\u0131za \u0131\u015f\u0131k tutacak, akredite raporlama ve detayl\u0131 analiz hizmetlerimizle \u00e7\u00f6z\u00fcm orta\u011f\u0131n\u0131z olmaya haz\u0131r\u0131z.<\/p>\t\t\t\t\t\t\t\t<\/div>\n\t\t\t\t<\/div>\n\t\t\t\t\t<\/div>\n\t\t<\/div>\n\t\t\t\t\t<\/div>\n\t\t<\/section>\n\t\t\t\t<\/div>","protected":false},"excerpt":{"rendered":"<p>Y\u00fczey Karakterizasyonunda \u0130leri Teknoloji ve Hassas \u00c7\u00f6z\u00fcmler T\u00dcY\u0130DER Y\u00fczey Akademisi; b\u00fcnyesindeki y\u00fcksek teknoloji test cihazlar\u0131 ile sekt\u00f6r\u00fcn kalite kontrol s\u00fcre\u00e7lerini bir \u00fcst seviyeye ta\u015f\u0131may\u0131 hedeflemektedir. \u00dcretim s\u00fcre\u00e7lerinizin uluslararas\u0131 standartlara uygunlu\u011funu belgelemek, \u00fcr\u00fcn kalitesini art\u0131rmak ve malzeme karakterizasyonunu do\u011fru yapmak ad\u0131na&#8230;<\/p>","protected":false},"author":14,"featured_media":0,"parent":1077,"menu_order":0,"comment_status":"closed","ping_status":"closed","template":"","meta":{"footnotes":""},"class_list":["post-673","page","type-page","status-publish","hentry"],"_links":{"self":[{"href":"https:\/\/www.tuyider.org\/en\/wp-json\/wp\/v2\/pages\/673","targetHints":{"allow":["GET"]}}],"collection":[{"href":"https:\/\/www.tuyider.org\/en\/wp-json\/wp\/v2\/pages"}],"about":[{"href":"https:\/\/www.tuyider.org\/en\/wp-json\/wp\/v2\/types\/page"}],"author":[{"embeddable":true,"href":"https:\/\/www.tuyider.org\/en\/wp-json\/wp\/v2\/users\/14"}],"replies":[{"embeddable":true,"href":"https:\/\/www.tuyider.org\/en\/wp-json\/wp\/v2\/comments?post=673"}],"version-history":[{"count":10,"href":"https:\/\/www.tuyider.org\/en\/wp-json\/wp\/v2\/pages\/673\/revisions"}],"predecessor-version":[{"id":7976,"href":"https:\/\/www.tuyider.org\/en\/wp-json\/wp\/v2\/pages\/673\/revisions\/7976"}],"up":[{"embeddable":true,"href":"https:\/\/www.tuyider.org\/en\/wp-json\/wp\/v2\/pages\/1077"}],"wp:attachment":[{"href":"https:\/\/www.tuyider.org\/en\/wp-json\/wp\/v2\/media?parent=673"}],"curies":[{"name":"wp","href":"https:\/\/api.w.org\/{rel}","templated":true}]}}