{"id":668,"date":"2020-11-18T19:36:35","date_gmt":"2020-11-18T16:36:35","guid":{"rendered":"http:\/\/www.tuyider.nanotasarim.com\/?page_id=668"},"modified":"2026-02-09T19:47:22","modified_gmt":"2026-02-09T16:47:22","slug":"kutuphane","status":"publish","type":"page","link":"https:\/\/www.tuyider.org\/en\/yuzey-akademi\/kutuphane\/","title":{"rendered":"Library"},"content":{"rendered":"<div data-elementor-type=\"wp-page\" data-elementor-id=\"668\" class=\"elementor elementor-668\" data-elementor-post-type=\"page\">\n\t\t\t\t\t\t<section class=\"elementor-section elementor-top-section elementor-element elementor-element-1a2408f elementor-section-boxed elementor-section-height-default elementor-section-height-default\" data-id=\"1a2408f\" data-element_type=\"section\" data-e-type=\"section\">\n\t\t\t\t\t\t<div class=\"elementor-container elementor-column-gap-default\">\n\t\t\t\t\t<div class=\"elementor-column elementor-col-100 elementor-top-column elementor-element elementor-element-2b519ad\" data-id=\"2b519ad\" data-element_type=\"column\" data-e-type=\"column\">\n\t\t\t<div class=\"elementor-widget-wrap elementor-element-populated\">\n\t\t\t\t\t\t<div class=\"elementor-element elementor-element-e37e3fe elementor-widget elementor-widget-heading\" data-id=\"e37e3fe\" data-element_type=\"widget\" data-e-type=\"widget\" data-widget_type=\"heading.default\">\n\t\t\t\t<div class=\"elementor-widget-container\">\n\t\t\t\t\t<h2 class=\"elementor-heading-title elementor-size-default\">E-K\u00fct\u00fcphane ve Kaynak Merkezi<\/h2>\t\t\t\t<\/div>\n\t\t\t\t<\/div>\n\t\t\t\t<div class=\"elementor-element elementor-element-bc91620 elementor-widget elementor-widget-text-editor\" data-id=\"bc91620\" data-element_type=\"widget\" data-e-type=\"widget\" data-widget_type=\"text-editor.default\">\n\t\t\t\t<div class=\"elementor-widget-container\">\n\t\t\t\t\t\t\t\t\t<p data-path-to-node=\"18\">Sekt\u00f6r\u00fcm\u00fcze dair teknik dok\u00fcmanlara, mevzuatlara ve e\u011fitim materyallerine kolayca ula\u015fabilece\u011finiz k\u00fct\u00fcphane altyap\u0131m\u0131z haz\u0131rlanmaktad\u0131r.<\/p><p data-path-to-node=\"19\">Bilgi birikimini payla\u015farak \u00e7o\u011faltmay\u0131 hedefleyen Y\u00fczey Akademisi, zengin i\u00e7erikli ar\u015fiviyle \u00e7ok yak\u0131nda burada yay\u0131nda olacakt\u0131r. Yeni eklenen kaynaklardan haberdar olmak i\u00e7in b\u00fcltenimize abone olabilirsiniz.<\/p>\t\t\t\t\t\t\t\t<\/div>\n\t\t\t\t<\/div>\n\t\t\t\t\t<\/div>\n\t\t<\/div>\n\t\t\t\t\t<\/div>\n\t\t<\/section>\n\t\t\t\t<\/div>","protected":false},"excerpt":{"rendered":"<p>E-K\u00fct\u00fcphane ve Kaynak Merkezi Sekt\u00f6r\u00fcm\u00fcze dair teknik dok\u00fcmanlara, mevzuatlara ve e\u011fitim materyallerine kolayca ula\u015fabilece\u011finiz k\u00fct\u00fcphane altyap\u0131m\u0131z haz\u0131rlanmaktad\u0131r. Bilgi birikimini payla\u015farak \u00e7o\u011faltmay\u0131 hedefleyen Y\u00fczey Akademisi, zengin i\u00e7erikli ar\u015fiviyle \u00e7ok yak\u0131nda burada yay\u0131nda olacakt\u0131r. Yeni eklenen kaynaklardan haberdar olmak i\u00e7in b\u00fcltenimize abone&#8230;<\/p>","protected":false},"author":14,"featured_media":0,"parent":1077,"menu_order":0,"comment_status":"closed","ping_status":"closed","template":"","meta":{"footnotes":""},"class_list":["post-668","page","type-page","status-publish","hentry"],"_links":{"self":[{"href":"https:\/\/www.tuyider.org\/en\/wp-json\/wp\/v2\/pages\/668","targetHints":{"allow":["GET"]}}],"collection":[{"href":"https:\/\/www.tuyider.org\/en\/wp-json\/wp\/v2\/pages"}],"about":[{"href":"https:\/\/www.tuyider.org\/en\/wp-json\/wp\/v2\/types\/page"}],"author":[{"embeddable":true,"href":"https:\/\/www.tuyider.org\/en\/wp-json\/wp\/v2\/users\/14"}],"replies":[{"embeddable":true,"href":"https:\/\/www.tuyider.org\/en\/wp-json\/wp\/v2\/comments?post=668"}],"version-history":[{"count":10,"href":"https:\/\/www.tuyider.org\/en\/wp-json\/wp\/v2\/pages\/668\/revisions"}],"predecessor-version":[{"id":7957,"href":"https:\/\/www.tuyider.org\/en\/wp-json\/wp\/v2\/pages\/668\/revisions\/7957"}],"up":[{"embeddable":true,"href":"https:\/\/www.tuyider.org\/en\/wp-json\/wp\/v2\/pages\/1077"}],"wp:attachment":[{"href":"https:\/\/www.tuyider.org\/en\/wp-json\/wp\/v2\/media?parent=668"}],"curies":[{"name":"wp","href":"https:\/\/api.w.org\/{rel}","templated":true}]}}