{"id":663,"date":"2020-11-18T19:35:39","date_gmt":"2020-11-18T16:35:39","guid":{"rendered":"http:\/\/www.tuyider.nanotasarim.com\/?page_id=663"},"modified":"2026-02-09T19:49:09","modified_gmt":"2026-02-09T16:49:09","slug":"egitimler","status":"publish","type":"page","link":"https:\/\/www.tuyider.org\/en\/yuzey-akademi\/egitimler\/","title":{"rendered":"Courses"},"content":{"rendered":"<div data-elementor-type=\"wp-page\" data-elementor-id=\"663\" class=\"elementor elementor-663\" data-elementor-post-type=\"page\">\n\t\t\t\t\t\t<section class=\"elementor-section elementor-top-section elementor-element elementor-element-9eafe84 elementor-section-boxed elementor-section-height-default elementor-section-height-default\" data-id=\"9eafe84\" data-element_type=\"section\" data-e-type=\"section\">\n\t\t\t\t\t\t<div class=\"elementor-container elementor-column-gap-default\">\n\t\t\t\t\t<div class=\"elementor-column elementor-col-100 elementor-top-column elementor-element elementor-element-417eaee\" data-id=\"417eaee\" data-element_type=\"column\" data-e-type=\"column\">\n\t\t\t<div class=\"elementor-widget-wrap elementor-element-populated\">\n\t\t\t\t\t\t<div class=\"elementor-element elementor-element-0c45382 elementor-widget elementor-widget-heading\" data-id=\"0c45382\" data-element_type=\"widget\" data-e-type=\"widget\" data-widget_type=\"heading.default\">\n\t\t\t\t<div class=\"elementor-widget-container\">\n\t\t\t\t\t<h2 class=\"elementor-heading-title elementor-size-default\">E\u011fitim ve Sertifikasyon Programlar\u0131m\u0131z Yap\u0131land\u0131r\u0131l\u0131yor<\/h2>\t\t\t\t<\/div>\n\t\t\t\t<\/div>\n\t\t\t\t<div class=\"elementor-element elementor-element-76b1de9 elementor-widget elementor-widget-text-editor\" data-id=\"76b1de9\" data-element_type=\"widget\" data-e-type=\"widget\" data-widget_type=\"text-editor.default\">\n\t\t\t\t<div class=\"elementor-widget-container\">\n\t\t\t\t\t\t\t\t\t<p>Y\u00fczey Akademisi olarak, sekt\u00f6r\u00fcm\u00fcz\u00fcn ihtiya\u00e7 duydu\u011fu nitelikli bilgiye ula\u015f\u0131m\u0131 sa\u011flamak ve uluslararas\u0131 standartlarda uzmanlar yeti\u015ftirmek amac\u0131yla e\u011fitim m\u00fcfredat\u0131m\u0131z\u0131 haz\u0131rl\u0131yoruz.<\/p><p>Alan\u0131nda uzman akademisyenler ve sekt\u00f6r profesyonelleriyle birlikte geli\u015ftirdi\u011fimiz; teknik e\u011fitimler, mesleki yeterlilik programlar\u0131 ve kurumsal geli\u015fim seminerlerimiz \u00e7ok yak\u0131nda bu sayfada yay\u0131nlanacakt\u0131r.<\/p><p>Akademik takvimimiz ve ba\u015fvuru s\u00fcre\u00e7lerimiz netle\u015fti\u011finde haberdar olmak i\u00e7in duyurular\u0131m\u0131z\u0131 takip edebilirsiniz.<\/p>\t\t\t\t\t\t\t\t<\/div>\n\t\t\t\t<\/div>\n\t\t\t\t\t<\/div>\n\t\t<\/div>\n\t\t\t\t\t<\/div>\n\t\t<\/section>\n\t\t\t\t<\/div>","protected":false},"excerpt":{"rendered":"<p>E\u011fitim ve Sertifikasyon Programlar\u0131m\u0131z Yap\u0131land\u0131r\u0131l\u0131yor Y\u00fczey Akademisi olarak, sekt\u00f6r\u00fcm\u00fcz\u00fcn ihtiya\u00e7 duydu\u011fu nitelikli bilgiye ula\u015f\u0131m\u0131 sa\u011flamak ve uluslararas\u0131 standartlarda uzmanlar yeti\u015ftirmek amac\u0131yla e\u011fitim m\u00fcfredat\u0131m\u0131z\u0131 haz\u0131rl\u0131yoruz. Alan\u0131nda uzman akademisyenler ve sekt\u00f6r profesyonelleriyle birlikte geli\u015ftirdi\u011fimiz; teknik e\u011fitimler, mesleki yeterlilik programlar\u0131 ve kurumsal geli\u015fim&#8230;<\/p>","protected":false},"author":14,"featured_media":0,"parent":1077,"menu_order":0,"comment_status":"closed","ping_status":"closed","template":"","meta":{"footnotes":""},"class_list":["post-663","page","type-page","status-publish","hentry"],"_links":{"self":[{"href":"https:\/\/www.tuyider.org\/en\/wp-json\/wp\/v2\/pages\/663","targetHints":{"allow":["GET"]}}],"collection":[{"href":"https:\/\/www.tuyider.org\/en\/wp-json\/wp\/v2\/pages"}],"about":[{"href":"https:\/\/www.tuyider.org\/en\/wp-json\/wp\/v2\/types\/page"}],"author":[{"embeddable":true,"href":"https:\/\/www.tuyider.org\/en\/wp-json\/wp\/v2\/users\/14"}],"replies":[{"embeddable":true,"href":"https:\/\/www.tuyider.org\/en\/wp-json\/wp\/v2\/comments?post=663"}],"version-history":[{"count":22,"href":"https:\/\/www.tuyider.org\/en\/wp-json\/wp\/v2\/pages\/663\/revisions"}],"predecessor-version":[{"id":7970,"href":"https:\/\/www.tuyider.org\/en\/wp-json\/wp\/v2\/pages\/663\/revisions\/7970"}],"up":[{"embeddable":true,"href":"https:\/\/www.tuyider.org\/en\/wp-json\/wp\/v2\/pages\/1077"}],"wp:attachment":[{"href":"https:\/\/www.tuyider.org\/en\/wp-json\/wp\/v2\/media?parent=663"}],"curies":[{"name":"wp","href":"https:\/\/api.w.org\/{rel}","templated":true}]}}