{"id":643,"date":"2020-11-18T19:24:34","date_gmt":"2020-11-18T16:24:34","guid":{"rendered":"http:\/\/www.tuyider.nanotasarim.com\/?page_id=643"},"modified":"2021-02-22T16:18:51","modified_gmt":"2021-02-22T13:18:51","slug":"basinda-tuyider","status":"publish","type":"page","link":"https:\/\/www.tuyider.org\/en\/basinda-tuyider\/","title":{"rendered":"T\u00fcyider News \/ Bulletin"},"content":{"rendered":"<div data-elementor-type=\"wp-page\" data-elementor-id=\"643\" class=\"elementor elementor-643\" data-elementor-post-type=\"page\">\n\t\t\t\t\t\t<section class=\"elementor-section elementor-top-section elementor-element elementor-element-c5e5ef2 elementor-section-boxed elementor-section-height-default elementor-section-height-default\" data-id=\"c5e5ef2\" data-element_type=\"section\" data-e-type=\"section\">\n\t\t\t\t\t\t<div class=\"elementor-container elementor-column-gap-default\">\n\t\t\t\t\t<div class=\"elementor-column elementor-col-100 elementor-top-column elementor-element elementor-element-66e775b\" data-id=\"66e775b\" data-element_type=\"column\" data-e-type=\"column\">\n\t\t\t<div class=\"elementor-widget-wrap elementor-element-populated\">\n\t\t\t\t\t\t<div class=\"elementor-element elementor-element-95e2f58 elementor-widget elementor-widget-text-editor\" data-id=\"95e2f58\" data-element_type=\"widget\" data-e-type=\"widget\" data-widget_type=\"text-editor.default\">\n\t\t\t\t<div class=\"elementor-widget-container\">\n\t\t\t\t\t\t\t\t\t<ul><li><a href=\"https:\/\/www.turkchem.net\/yuzey-islem-ve-kaplama-sektorleri-derneklesiyor.html\" target=\"_blank\" rel=\"noopener\">Y\u00fczey \u0130\u015flem ve Kaplama Sekt\u00f6rleri Dernekle\u015fiyor &#8211; Turkchem<\/a><\/li><li><a href=\"https:\/\/www.turkchem.net\/yuzey-islemler-sektoru-tuyider-catisi-altinda-derneklesti.html\" target=\"_blank\" rel=\"noopener\">Y\u00fczey \u0130\u015flemler Sekt\u00f6r\u00fc T\u00dcY\u0130DER \u00c7at\u0131s\u0131 Alt\u0131nda Dernekle\u015fti &#8211; Turkchem<\/a><\/li><li><a href=\"https:\/\/www.turkchem.net\/covid-19-ve-endustride-yuzey-cozumleri-webinari-6-mayis-saat-21-00de.html\" target=\"_blank\" rel=\"noopener\">Covid-19 ve End\u00fcstride Y\u00fczey \u00c7\u00f6z\u00fcmleri Webinar\u0131 6 May\u0131s Saat 21.00\u2019de &#8211; Turkchem<\/a><\/li><li><a href=\"https:\/\/www.turkchem.net\/tuyider-kurucu-uyesi-ve-yonetim-kurulu-baskani-ibrahim-dogangun-ile-soylesi.html\" target=\"_blank\" rel=\"noopener\">T\u00dcY\u0130DER Kurucu \u00dcyesi ve Y\u00f6netim Kurulu Ba\u015fkan\u0131 \u0130brahim Do\u011fang\u00fcn ile S\u00f6yle\u015fi &#8211; Turkchem<\/a><\/li><li><a href=\"https:\/\/www.turkchem.net\/covid-19-surecinde-yuzey-islem-sektorune-genel-bakis.html\" target=\"_blank\" rel=\"noopener\">Covid-19 S\u00fcrecinde Y\u00fczey \u0130\u015flem Sekt\u00f6r\u00fcne Genel Bak\u0131\u015f &#8211; Turkchem<\/a><\/li><li><a href=\"https:\/\/www.turkchem.net\/tuyiderin-yeni-webinar-etkinligi-21-ekimde-gerceklesecek.html\" target=\"_blank\" rel=\"noopener\">T\u00dcY\u0130DER&#8217;in Yeni WEBINAR Etkinli\u011fi 21 Ekim\u2019de Ger\u00e7ekle\u015fecek &#8211; Turkchem<\/a><\/li><li><a href=\"https:\/\/www.turkchem.net\/tuyider-bulusmalari-12-webinari-gerceklesecek.html\" target=\"_blank\" rel=\"noopener\">&#8220;T\u00dcY\u0130DER Bulu\u015fmalar\u0131&#8221; 12. Webinar\u0131 Ger\u00e7ekle\u015fecek &#8211; Turkchem<\/a><\/li><li><a href=\"https:\/\/www.turkchem.net\/surtech-eurasia-fuari-artkim-fuarcilik-ve-tuyider-is-birligi-ile-gucleniyor.html\" target=\"_blank\" rel=\"noopener\">Surtech Eurasia Fuar\u0131, Artkim Fuarc\u0131l\u0131k ve T\u00dcY\u0130DER \u0130\u015f Birli\u011fi ile G\u00fc\u00e7leniyor &#8211; Turkchem<\/a><\/li><li><a href=\"https:\/\/www.stendustri.com.tr\/makina\/tuyider-sektorel-networku-olusturacagiz-h105939.html\" target=\"_blank\" rel=\"noopener\">T\u00dcY\u0130DER: \u201cSekt\u00f6rel network\u2019\u00fc olu\u015fturaca\u011f\u0131z\u201d (stendustri.com.tr)<\/a><\/li><li><a href=\"https:\/\/www.stendustri.com.tr\/robot-yatirimlari\/tuyider-ve-abb-den-yuzey-islemlerde-robotik-cozumler-webinari-h106271.html\" target=\"_blank\" rel=\"noopener\">T\u00dcY\u0130DER ve ABB&#8217;den y\u00fczey i\u015flemlerde robotik \u00e7\u00f6z\u00fcmler webinar\u0131 (stendustri.com.tr)<\/a><\/li><li><a href=\"https:\/\/www.stendustri.com.tr\/endustri-40-uygulamalari\/insan-kaynagimizi-dijitallesmeye-gore-yetistirmeliyiz-h106311.html\" target=\"_blank\" rel=\"noopener\">\u201c\u0130nsan kayna\u011f\u0131m\u0131z\u0131, dijitalle\u015fmeye g\u00f6re yeti\u015ftirmeliyiz\u201d (stendustri.com.tr)<\/a><\/li><li><a href=\"https:\/\/www.stendustri.com.tr\/robot-yatirimlari\/tuyider-ve-abb-yuzey-islemlerde-robotik-cozumleri-ele-aldi-h106734.html\" target=\"_blank\" rel=\"noopener\">T\u00dcY\u0130DER ve ABB, y\u00fczey i\u015flemlerde robotik \u00e7\u00f6z\u00fcmleri ele ald\u0131 (stendustri.com.tr)<\/a><\/li><li><a href=\"https:\/\/www.stendustri.com.tr\/otomasyon\/6-tuyider-bulusmalarinin-konugu-arzum-ykb-murat-kolbasi-oldu-h106901.html\" target=\"_blank\" rel=\"noopener\">6. T\u00dcY\u0130DER Bulu\u015fmalar\u0131n\u0131n konu\u011fu Arzum YKB Murat Kolba\u015f\u0131 oldu (stendustri.com.tr)<\/a><\/li><li><a href=\"https:\/\/www.stendustri.com.tr\/bilim-teknoloji\/tuyider-covid-19da-fonksiyonel-ve-nanoteknolojik-yuzeyleri-ele-h107264.html\" target=\"_blank\" rel=\"noopener\">T\u00dcY\u0130DER, COVID-19\u2019da fonksiyonel ve nanoteknolojik y\u00fczeyleri ele ald\u0131 (stendustri.com.tr)<\/a><\/li><li><a href=\"https:\/\/www.stendustri.com.tr\/makina\/tuyider-yuzey-akademisi-geliyor-h107794.html\" target=\"_blank\" rel=\"noopener\">T\u00dcY\u0130DER Y\u00dcZEY AKADEM\u0130S\u0130 GEL\u0130YOR (stendustri.com.tr)<\/a><\/li><li><a href=\"https:\/\/www.stendustri.com.tr\/makina\/pandemiyle-birlikte-onemi-daha-fazla-anlasildi-h109342.html\" target=\"_blank\" rel=\"noopener\">PANDEM\u0130YLE B\u0130RL\u0130KTE \u00d6NEM\u0130 DAHA FAZLA ANLA\u015eILDI (stendustri.com.tr)<\/a><\/li><li><a href=\"https:\/\/www.stendustri.com.tr\/makina\/yuzey-islemler-sektorunun-aci-kaybi-h109643.html\" target=\"_blank\" rel=\"noopener\">Y\u00dcZEY \u0130\u015eLEMLER SEKT\u00d6R\u00dcN\u00dcN ACI KAYBI (stendustri.com.tr)<\/a><\/li><li><a href=\"https:\/\/www.tucsa.org\/Tr\/haber_detay.aspx?haber=953\" target=\"_blank\" rel=\"noopener\">TUCSA\u2019YI Z\u0130YARET EDEN T\u00dcY\u0130DER \u0130LE \u0130\u015eB\u0130RL\u0130\u011e\u0130 BA\u015eLIYOR<\/a><\/li><li><a href=\"https:\/\/www.stendustri.com.tr\/proses-otomasyonu\/boya-ve-kaplama-sektorunun-aci-kaybi-h110335.html\" target=\"_blank\" rel=\"noopener\">BOYA VE KAPLAMA SEKT\u00d6R\u00dcN\u00dcN ACI KAYBI (stendustri.com.tr)<\/a><\/li><li><a href=\"https:\/\/www.stendustri.com.tr\/makina\/uretilen-urunler-hayati-onem-tasiyor-h111359.html\" target=\"_blank\" rel=\"noopener\">\u201c\u00dcRET\u0130LEN \u00dcR\u00dcNLER HAYAT\u0130 \u00d6NEM TA\u015eIYOR\u201d (stendustri.com.tr)<\/a><\/li><li><a href=\"https:\/\/www.stendustri.com.tr\/makina\/tuyider-kurulus-yildonumunu-kutluyor-h111867.html\" target=\"_blank\" rel=\"noopener\">T\u00dcY\u0130DER KURULU\u015e YILD\u00d6N\u00dcM\u00dcN\u00dc KUTLUYOR (stendustri.com.tr)<\/a><\/li><li><a href=\"https:\/\/www.subconturkey.com.tr\/tum-yuzey-islemler-dernegi-tuyider-kuruldu\/\" target=\"_blank\" rel=\"noopener\">T\u00fcm Y\u00fczey \u0130\u015flemler Derne\u011fi ( T\u00dcY\u0130DER ) Kuruldu | subconturkey.com.tr<\/a><\/li><li><a href=\"https:\/\/www.subconturkey.com.tr\/tum-yuzey-islemler-dernegi-sektorel-degerlendirme-toplantisi-gerceklestirildi\/\" target=\"_blank\" rel=\"noopener\">T\u00fcm Y\u00fczey \u0130\u015flemler Derne\u011fi Sekt\u00f6rel De\u011ferlendirme Toplant\u0131s\u0131 Ger\u00e7ekle\u015ftirildi | subconturkey.com.tr<\/a><\/li><li><a href=\"https:\/\/www.subconturkey.com.tr\/yuzey-islem-sektoru-tuyider-catisi-altinda-toplandi\/\" target=\"_blank\" rel=\"noopener\">Y\u00fczey \u0130\u015flem Sekt\u00f6r\u00fc T\u00dcY\u0130DER \u00c7at\u0131s\u0131 Alt\u0131nda Topland\u0131 | subconturkey.com.tr<\/a><\/li><li><a href=\"https:\/\/sumar.subu.edu.tr\/tr\/node\/324\" target=\"_blank\" rel=\"noopener\">T\u00dcM Y\u00dcZEY \u0130\u015eLEMLER DERNE\u011e\u0130-T\u00dcY\u0130DER B\u0130L\u0130M KURULU&#8217;na Dr. EKREM ALTUNCU davet edilmi\u015ftir. | Malzeme ve \u00dcretim Teknolojileri Uygulama ve Ara\u015ft\u0131rma Merkezi (subu.edu.tr)<\/a><\/li><li><a href=\"https:\/\/sumar.subu.edu.tr\/tr\/node\/326\" target=\"_blank\" rel=\"noopener\">T\u00dcM Y\u00dcZEY \u0130\u015eLEM DERNE\u011e\u0130-T\u00dcY\u0130DER COV\u0130D 19 S\u00fcrecinin End\u00fcstriye Etkisini De\u011ferlendirdi ve Y\u00fczey \u00c7\u00f6z\u00fcmleri Ele Al\u0131nd\u0131 | Malzeme ve \u00dcretim Teknolojileri Uygulama ve Ara\u015ft\u0131rma Merkezi (subu.edu.tr)<\/a><\/li><li><a href=\"https:\/\/www.bursahayat.com.tr\/haber\/yuzey-islemler-dernegi-nin-temelleri-atildi-245136.html\" target=\"_blank\" rel=\"noopener\">Y\u00fczey \u0130\u015flemler Derne\u011fi&#8217;nin temelleri at\u0131ld\u0131 &#8211; Haberleri &#8211; Bursa Hayat Gazetesi<\/a><\/li><li><a href=\"https:\/\/sumar.subu.edu.tr\/tr\/node\/330\" target=\"_blank\" rel=\"noopener\">T\u00dcM Y\u00dcZEY \u0130\u015eLEMLER DERNE\u011e\u0130( T\u00dcY\u0130DER)-SUMAR \u0130\u015eB\u0130RL\u0130\u011e\u0130 PROTOKOL\u00dc imzalanm\u0131\u015ft\u0131r | Malzeme ve \u00dcretim Teknolojileri Uygulama ve Ara\u015ft\u0131rma Merkezi (subu.edu.tr)<\/a><\/li><li><a href=\"https:\/\/www.bursadabugun.com\/haber\/yuzey-islem-sektorleri-dernek-catisi-altinda-toplandi-1236423.html\" target=\"_blank\" rel=\"noopener\">Y\u00fczey i\u015flem sekt\u00f6rleri dernek \u00e7at\u0131s\u0131 alt\u0131nda topland\u0131 &#8211; G\u00fcncel Haberler &#8211; Bursadabugun.com<\/a><\/li><\/ul>\t\t\t\t\t\t\t\t<\/div>\n\t\t\t\t<\/div>\n\t\t\t\t\t<\/div>\n\t\t<\/div>\n\t\t\t\t\t<\/div>\n\t\t<\/section>\n\t\t\t\t<\/div>","protected":false},"excerpt":{"rendered":"<p>Y\u00fczey \u0130\u015flem ve Kaplama Sekt\u00f6rleri Dernekle\u015fiyor &#8211; Turkchem Y\u00fczey \u0130\u015flemler Sekt\u00f6r\u00fc T\u00dcY\u0130DER \u00c7at\u0131s\u0131 Alt\u0131nda Dernekle\u015fti &#8211; Turkchem Covid-19 ve End\u00fcstride Y\u00fczey \u00c7\u00f6z\u00fcmleri Webinar\u0131 6 May\u0131s Saat 21.00\u2019de &#8211; Turkchem T\u00dcY\u0130DER Kurucu \u00dcyesi ve Y\u00f6netim Kurulu Ba\u015fkan\u0131 \u0130brahim Do\u011fang\u00fcn ile S\u00f6yle\u015fi&#8230;<\/p>","protected":false},"author":14,"featured_media":0,"parent":0,"menu_order":0,"comment_status":"closed","ping_status":"closed","template":"","meta":{"footnotes":""},"class_list":["post-643","page","type-page","status-publish","hentry"],"_links":{"self":[{"href":"https:\/\/www.tuyider.org\/en\/wp-json\/wp\/v2\/pages\/643","targetHints":{"allow":["GET"]}}],"collection":[{"href":"https:\/\/www.tuyider.org\/en\/wp-json\/wp\/v2\/pages"}],"about":[{"href":"https:\/\/www.tuyider.org\/en\/wp-json\/wp\/v2\/types\/page"}],"author":[{"embeddable":true,"href":"https:\/\/www.tuyider.org\/en\/wp-json\/wp\/v2\/users\/14"}],"replies":[{"embeddable":true,"href":"https:\/\/www.tuyider.org\/en\/wp-json\/wp\/v2\/comments?post=643"}],"version-history":[{"count":12,"href":"https:\/\/www.tuyider.org\/en\/wp-json\/wp\/v2\/pages\/643\/revisions"}],"predecessor-version":[{"id":3361,"href":"https:\/\/www.tuyider.org\/en\/wp-json\/wp\/v2\/pages\/643\/revisions\/3361"}],"wp:attachment":[{"href":"https:\/\/www.tuyider.org\/en\/wp-json\/wp\/v2\/media?parent=643"}],"curies":[{"name":"wp","href":"https:\/\/api.w.org\/{rel}","templated":true}]}}