{"id":628,"date":"2020-11-18T19:16:33","date_gmt":"2020-11-18T16:16:33","guid":{"rendered":"http:\/\/www.tuyider.nanotasarim.com\/?page_id=628"},"modified":"2026-03-25T14:07:17","modified_gmt":"2026-03-25T11:07:17","slug":"haberler","status":"publish","type":"page","link":"https:\/\/www.tuyider.org\/en\/haberler\/","title":{"rendered":"Sector News"},"content":{"rendered":"<div data-elementor-type=\"wp-page\" data-elementor-id=\"628\" class=\"elementor elementor-628\" data-elementor-post-type=\"page\">\n\t\t\t\t\t\t<section class=\"elementor-section elementor-top-section elementor-element elementor-element-8f6295a elementor-section-boxed elementor-section-height-default elementor-section-height-default\" data-id=\"8f6295a\" data-element_type=\"section\" data-e-type=\"section\">\n\t\t\t\t\t\t<div class=\"elementor-container elementor-column-gap-default\">\n\t\t\t\t\t<div class=\"elementor-column elementor-col-100 elementor-top-column elementor-element elementor-element-50ba988\" data-id=\"50ba988\" data-element_type=\"column\" data-e-type=\"column\">\n\t\t\t<div class=\"elementor-widget-wrap elementor-element-populated\">\n\t\t\t\t\t\t<div class=\"elementor-element elementor-element-f4f78d6 elementor-grid-3 elementor-grid-tablet-2 elementor-grid-mobile-1 elementor-posts--thumbnail-top elementor-card-shadow-yes elementor-posts__hover-gradient load-more-align-center elementor-widget elementor-widget-posts\" data-id=\"f4f78d6\" data-element_type=\"widget\" data-e-type=\"widget\" data-settings=\"{&quot;pagination_type&quot;:&quot;load_more_on_click&quot;,&quot;cards_columns&quot;:&quot;3&quot;,&quot;cards_columns_tablet&quot;:&quot;2&quot;,&quot;cards_columns_mobile&quot;:&quot;1&quot;,&quot;cards_row_gap&quot;:{&quot;unit&quot;:&quot;px&quot;,&quot;size&quot;:35,&quot;sizes&quot;:[]},&quot;cards_row_gap_tablet_extra&quot;:{&quot;unit&quot;:&quot;px&quot;,&quot;size&quot;:&quot;&quot;,&quot;sizes&quot;:[]},&quot;cards_row_gap_tablet&quot;:{&quot;unit&quot;:&quot;px&quot;,&quot;size&quot;:&quot;&quot;,&quot;sizes&quot;:[]},&quot;cards_row_gap_mobile&quot;:{&quot;unit&quot;:&quot;px&quot;,&quot;size&quot;:&quot;&quot;,&quot;sizes&quot;:[]},&quot;load_more_spinner&quot;:{&quot;value&quot;:&quot;fas fa-spinner&quot;,&quot;library&quot;:&quot;fa-solid&quot;}}\" data-widget_type=\"posts.cards\">\n\t\t\t\t<div class=\"elementor-widget-container\">\n\t\t\t\t\t\t\t<div class=\"elementor-posts-container elementor-posts elementor-posts--skin-cards elementor-grid\" role=\"list\">\n\t\t\t\t<article class=\"elementor-post elementor-grid-item post-8126 post type-post status-publish format-standard has-post-thumbnail hentry category-bizden-haberler\" role=\"listitem\">\n\t\t\t<div class=\"elementor-post__card\">\n\t\t\t\t<a class=\"elementor-post__thumbnail__link\" href=\"https:\/\/www.tuyider.org\/en\/1-mayis-emek-ve-dayanisma-gunu-kutlu-olsun-3\/\" tabindex=\"-1\" ><div class=\"elementor-post__thumbnail\"><img fetchpriority=\"high\" decoding=\"async\" width=\"640\" height=\"329\" src=\"https:\/\/www.tuyider.org\/wp-content\/uploads\/1-Mayis-2026-1024x526.webp\" class=\"attachment-large size-large wp-image-8129\" alt=\"\" srcset=\"https:\/\/www.tuyider.org\/wp-content\/uploads\/1-Mayis-2026-1024x526.webp 1024w, https:\/\/www.tuyider.org\/wp-content\/uploads\/1-Mayis-2026-300x154.webp 300w, https:\/\/www.tuyider.org\/wp-content\/uploads\/1-Mayis-2026-768x394.webp 768w, https:\/\/www.tuyider.org\/wp-content\/uploads\/1-Mayis-2026-1536x789.webp 1536w, https:\/\/www.tuyider.org\/wp-content\/uploads\/1-Mayis-2026-18x9.webp 18w, https:\/\/www.tuyider.org\/wp-content\/uploads\/1-Mayis-2026.webp 1560w\" sizes=\"(max-width: 640px) 100vw, 640px\" \/><\/div><\/a>\n\t\t\t\t<div class=\"elementor-post__badge\">Bizden Haberler<\/div>\n\t\t\t\t<div class=\"elementor-post__text\">\n\t\t\t\t<h3 class=\"elementor-post__title\">\n\t\t\t<a href=\"https:\/\/www.tuyider.org\/en\/1-mayis-emek-ve-dayanisma-gunu-kutlu-olsun-3\/\" >\n\t\t\t\t1 May\u0131s Emek ve Dayan\u0131\u015fma G\u00fcn\u00fc Kutlu Olsun\t\t\t<\/a>\n\t\t<\/h3>\n\t\t\t\t\t<div class=\"elementor-post__read-more-wrapper\">\n\t\t\n\t\t<a class=\"elementor-post__read-more\" href=\"https:\/\/www.tuyider.org\/en\/1-mayis-emek-ve-dayanisma-gunu-kutlu-olsun-3\/\" aria-label=\"Read more about 1 May\u0131s Emek ve Dayan\u0131\u015fma G\u00fcn\u00fc Kutlu Olsun\" tabindex=\"-1\" >\n\t\t\tDevam\u0131n\u0131 Oku \u2192\t\t<\/a>\n\n\t\t\t\t\t<\/div>\n\t\t\t\t<\/div>\n\t\t\t\t<div class=\"elementor-post__meta-data\">\n\t\t\t\t\t<span class=\"elementor-post-date\">\n\t\t\t29 April 2026\t\t<\/span>\n\t\t\t\t<\/div>\n\t\t\t\t\t<\/div>\n\t\t<\/article>\n\t\t\t\t<article class=\"elementor-post elementor-grid-item post-8121 post type-post status-publish format-standard has-post-thumbnail hentry category-bizden-haberler\" role=\"listitem\">\n\t\t\t<div class=\"elementor-post__card\">\n\t\t\t\t<a class=\"elementor-post__thumbnail__link\" href=\"https:\/\/www.tuyider.org\/en\/tuyider-surface-technology-germany-fuarinda\/\" tabindex=\"-1\" ><div class=\"elementor-post__thumbnail\"><img decoding=\"async\" width=\"640\" height=\"329\" src=\"https:\/\/www.tuyider.org\/wp-content\/uploads\/TUYIDER-Surface-Technology-Germany-Fuarinda-1024x526.webp\" class=\"attachment-large size-large wp-image-8124\" alt=\"\" srcset=\"https:\/\/www.tuyider.org\/wp-content\/uploads\/TUYIDER-Surface-Technology-Germany-Fuarinda-1024x526.webp 1024w, https:\/\/www.tuyider.org\/wp-content\/uploads\/TUYIDER-Surface-Technology-Germany-Fuarinda-300x154.webp 300w, https:\/\/www.tuyider.org\/wp-content\/uploads\/TUYIDER-Surface-Technology-Germany-Fuarinda-768x394.webp 768w, https:\/\/www.tuyider.org\/wp-content\/uploads\/TUYIDER-Surface-Technology-Germany-Fuarinda-1536x789.webp 1536w, https:\/\/www.tuyider.org\/wp-content\/uploads\/TUYIDER-Surface-Technology-Germany-Fuarinda-18x9.webp 18w, https:\/\/www.tuyider.org\/wp-content\/uploads\/TUYIDER-Surface-Technology-Germany-Fuarinda.webp 1560w\" sizes=\"(max-width: 640px) 100vw, 640px\" \/><\/div><\/a>\n\t\t\t\t<div class=\"elementor-post__badge\">Bizden Haberler<\/div>\n\t\t\t\t<div class=\"elementor-post__text\">\n\t\t\t\t<h3 class=\"elementor-post__title\">\n\t\t\t<a href=\"https:\/\/www.tuyider.org\/en\/tuyider-surface-technology-germany-fuarinda\/\" >\n\t\t\t\tT\u00dcY\u0130DER Surface Technology Germany Fuar\u0131nda\t\t\t<\/a>\n\t\t<\/h3>\n\t\t\t\t\t<div class=\"elementor-post__read-more-wrapper\">\n\t\t\n\t\t<a class=\"elementor-post__read-more\" href=\"https:\/\/www.tuyider.org\/en\/tuyider-surface-technology-germany-fuarinda\/\" aria-label=\"Read more about T\u00dcY\u0130DER Surface Technology Germany Fuar\u0131nda\" tabindex=\"-1\" >\n\t\t\tDevam\u0131n\u0131 Oku \u2192\t\t<\/a>\n\n\t\t\t\t\t<\/div>\n\t\t\t\t<\/div>\n\t\t\t\t<div class=\"elementor-post__meta-data\">\n\t\t\t\t\t<span class=\"elementor-post-date\">\n\t\t\t29 April 2026\t\t<\/span>\n\t\t\t\t<\/div>\n\t\t\t\t\t<\/div>\n\t\t<\/article>\n\t\t\t\t<article class=\"elementor-post elementor-grid-item post-8062 post type-post status-publish format-standard has-post-thumbnail hentry category-bizden-haberler\" role=\"listitem\">\n\t\t\t<div class=\"elementor-post__card\">\n\t\t\t\t<a class=\"elementor-post__thumbnail__link\" href=\"https:\/\/www.tuyider.org\/en\/ramazan-bayraminiz-kutlu-olsun-2\/\" tabindex=\"-1\" ><div class=\"elementor-post__thumbnail\"><img decoding=\"async\" width=\"640\" height=\"329\" src=\"https:\/\/www.tuyider.org\/wp-content\/uploads\/RAMAZAN-2026-1024x526.webp\" class=\"attachment-large size-large wp-image-8065\" alt=\"\" srcset=\"https:\/\/www.tuyider.org\/wp-content\/uploads\/RAMAZAN-2026-1024x526.webp 1024w, https:\/\/www.tuyider.org\/wp-content\/uploads\/RAMAZAN-2026-300x154.webp 300w, https:\/\/www.tuyider.org\/wp-content\/uploads\/RAMAZAN-2026-768x394.webp 768w, https:\/\/www.tuyider.org\/wp-content\/uploads\/RAMAZAN-2026-1536x789.webp 1536w, https:\/\/www.tuyider.org\/wp-content\/uploads\/RAMAZAN-2026-18x9.webp 18w, https:\/\/www.tuyider.org\/wp-content\/uploads\/RAMAZAN-2026.webp 1560w\" sizes=\"(max-width: 640px) 100vw, 640px\" \/><\/div><\/a>\n\t\t\t\t<div class=\"elementor-post__badge\">Bizden Haberler<\/div>\n\t\t\t\t<div class=\"elementor-post__text\">\n\t\t\t\t<h3 class=\"elementor-post__title\">\n\t\t\t<a href=\"https:\/\/www.tuyider.org\/en\/ramazan-bayraminiz-kutlu-olsun-2\/\" >\n\t\t\t\tRamazan Bayram\u0131n\u0131z Kutlu Olsun\t\t\t<\/a>\n\t\t<\/h3>\n\t\t\t\t\t<div class=\"elementor-post__read-more-wrapper\">\n\t\t\n\t\t<a class=\"elementor-post__read-more\" href=\"https:\/\/www.tuyider.org\/en\/ramazan-bayraminiz-kutlu-olsun-2\/\" aria-label=\"Read more about Ramazan Bayram\u0131n\u0131z Kutlu Olsun\" tabindex=\"-1\" >\n\t\t\tDevam\u0131n\u0131 Oku \u2192\t\t<\/a>\n\n\t\t\t\t\t<\/div>\n\t\t\t\t<\/div>\n\t\t\t\t<div class=\"elementor-post__meta-data\">\n\t\t\t\t\t<span class=\"elementor-post-date\">\n\t\t\t19 March 2026\t\t<\/span>\n\t\t\t\t<\/div>\n\t\t\t\t\t<\/div>\n\t\t<\/article>\n\t\t\t\t<article class=\"elementor-post elementor-grid-item post-8080 post type-post status-publish format-standard has-post-thumbnail hentry category-bizden-haberler\" role=\"listitem\">\n\t\t\t<div class=\"elementor-post__card\">\n\t\t\t\t<a class=\"elementor-post__thumbnail__link\" href=\"https:\/\/www.tuyider.org\/en\/18-mart-canakkale-zaferimiz-kutlu-olsun\/\" tabindex=\"-1\" ><div class=\"elementor-post__thumbnail\"><img loading=\"lazy\" decoding=\"async\" width=\"640\" height=\"329\" src=\"https:\/\/www.tuyider.org\/wp-content\/uploads\/18-Mart-2026-Canakkale-Zaferi-1024x526.webp\" class=\"attachment-large size-large wp-image-8083\" alt=\"\" srcset=\"https:\/\/www.tuyider.org\/wp-content\/uploads\/18-Mart-2026-Canakkale-Zaferi-1024x526.webp 1024w, https:\/\/www.tuyider.org\/wp-content\/uploads\/18-Mart-2026-Canakkale-Zaferi-300x154.webp 300w, https:\/\/www.tuyider.org\/wp-content\/uploads\/18-Mart-2026-Canakkale-Zaferi-768x394.webp 768w, https:\/\/www.tuyider.org\/wp-content\/uploads\/18-Mart-2026-Canakkale-Zaferi-1536x789.webp 1536w, https:\/\/www.tuyider.org\/wp-content\/uploads\/18-Mart-2026-Canakkale-Zaferi-18x9.webp 18w, https:\/\/www.tuyider.org\/wp-content\/uploads\/18-Mart-2026-Canakkale-Zaferi.webp 1562w\" sizes=\"(max-width: 640px) 100vw, 640px\" \/><\/div><\/a>\n\t\t\t\t<div class=\"elementor-post__badge\">Bizden Haberler<\/div>\n\t\t\t\t<div class=\"elementor-post__text\">\n\t\t\t\t<h3 class=\"elementor-post__title\">\n\t\t\t<a href=\"https:\/\/www.tuyider.org\/en\/18-mart-canakkale-zaferimiz-kutlu-olsun\/\" >\n\t\t\t\t18 Mart \u00c7anakkale Zaferimiz Kutlu Olsun!\t\t\t<\/a>\n\t\t<\/h3>\n\t\t\t\t\t<div class=\"elementor-post__read-more-wrapper\">\n\t\t\n\t\t<a class=\"elementor-post__read-more\" href=\"https:\/\/www.tuyider.org\/en\/18-mart-canakkale-zaferimiz-kutlu-olsun\/\" aria-label=\"Read more about 18 Mart \u00c7anakkale Zaferimiz Kutlu Olsun!\" tabindex=\"-1\" >\n\t\t\tDevam\u0131n\u0131 Oku \u2192\t\t<\/a>\n\n\t\t\t\t\t<\/div>\n\t\t\t\t<\/div>\n\t\t\t\t<div class=\"elementor-post__meta-data\">\n\t\t\t\t\t<span class=\"elementor-post-date\">\n\t\t\t18 March 2026\t\t<\/span>\n\t\t\t\t<\/div>\n\t\t\t\t\t<\/div>\n\t\t<\/article>\n\t\t\t\t<article class=\"elementor-post elementor-grid-item post-8057 post type-post status-publish format-standard has-post-thumbnail hentry category-bizden-haberler\" role=\"listitem\">\n\t\t\t<div class=\"elementor-post__card\">\n\t\t\t\t<a class=\"elementor-post__thumbnail__link\" href=\"https:\/\/www.tuyider.org\/en\/8-mart-dunya-kadinlar-gunu-kutlu-olsun\/\" tabindex=\"-1\" ><div class=\"elementor-post__thumbnail\"><img loading=\"lazy\" decoding=\"async\" width=\"640\" height=\"329\" src=\"https:\/\/www.tuyider.org\/wp-content\/uploads\/8-Mart-2026-1024x526.webp\" class=\"attachment-large size-large wp-image-8060\" alt=\"\" srcset=\"https:\/\/www.tuyider.org\/wp-content\/uploads\/8-Mart-2026-1024x526.webp 1024w, https:\/\/www.tuyider.org\/wp-content\/uploads\/8-Mart-2026-300x154.webp 300w, https:\/\/www.tuyider.org\/wp-content\/uploads\/8-Mart-2026-768x394.webp 768w, https:\/\/www.tuyider.org\/wp-content\/uploads\/8-Mart-2026-1536x789.webp 1536w, https:\/\/www.tuyider.org\/wp-content\/uploads\/8-Mart-2026-18x9.webp 18w, https:\/\/www.tuyider.org\/wp-content\/uploads\/8-Mart-2026.webp 1560w\" sizes=\"(max-width: 640px) 100vw, 640px\" \/><\/div><\/a>\n\t\t\t\t<div class=\"elementor-post__badge\">Bizden Haberler<\/div>\n\t\t\t\t<div class=\"elementor-post__text\">\n\t\t\t\t<h3 class=\"elementor-post__title\">\n\t\t\t<a href=\"https:\/\/www.tuyider.org\/en\/8-mart-dunya-kadinlar-gunu-kutlu-olsun\/\" >\n\t\t\t\t8 Mart D\u00fcnya Kad\u0131nlar G\u00fcn\u00fc Kutlu Olsun\t\t\t<\/a>\n\t\t<\/h3>\n\t\t\t\t\t<div class=\"elementor-post__read-more-wrapper\">\n\t\t\n\t\t<a class=\"elementor-post__read-more\" href=\"https:\/\/www.tuyider.org\/en\/8-mart-dunya-kadinlar-gunu-kutlu-olsun\/\" aria-label=\"Read more about 8 Mart D\u00fcnya Kad\u0131nlar G\u00fcn\u00fc Kutlu Olsun\" tabindex=\"-1\" >\n\t\t\tDevam\u0131n\u0131 Oku \u2192\t\t<\/a>\n\n\t\t\t\t\t<\/div>\n\t\t\t\t<\/div>\n\t\t\t\t<div class=\"elementor-post__meta-data\">\n\t\t\t\t\t<span class=\"elementor-post-date\">\n\t\t\t8 March 2026\t\t<\/span>\n\t\t\t\t<\/div>\n\t\t\t\t\t<\/div>\n\t\t<\/article>\n\t\t\t\t<article class=\"elementor-post elementor-grid-item post-7216 post type-post status-publish format-standard has-post-thumbnail hentry category-bizden-haberler\" role=\"listitem\">\n\t\t\t<div class=\"elementor-post__card\">\n\t\t\t\t<a class=\"elementor-post__thumbnail__link\" href=\"https:\/\/www.tuyider.org\/en\/galvanik-proseslerde-on-yuzey-hazirlik-islemleri-egitimi\/\" tabindex=\"-1\" ><div class=\"elementor-post__thumbnail\"><img loading=\"lazy\" decoding=\"async\" width=\"640\" height=\"329\" src=\"https:\/\/www.tuyider.org\/wp-content\/uploads\/EgitimEtkinlik-1024x526.webp\" class=\"attachment-large size-large wp-image-7218\" alt=\"\" srcset=\"https:\/\/www.tuyider.org\/wp-content\/uploads\/EgitimEtkinlik-1024x526.webp 1024w, https:\/\/www.tuyider.org\/wp-content\/uploads\/EgitimEtkinlik-300x154.webp 300w, https:\/\/www.tuyider.org\/wp-content\/uploads\/EgitimEtkinlik-768x394.webp 768w, https:\/\/www.tuyider.org\/wp-content\/uploads\/EgitimEtkinlik-1536x789.webp 1536w, https:\/\/www.tuyider.org\/wp-content\/uploads\/EgitimEtkinlik-18x9.webp 18w, https:\/\/www.tuyider.org\/wp-content\/uploads\/EgitimEtkinlik.webp 1560w\" sizes=\"(max-width: 640px) 100vw, 640px\" \/><\/div><\/a>\n\t\t\t\t<div class=\"elementor-post__badge\">Bizden Haberler<\/div>\n\t\t\t\t<div class=\"elementor-post__text\">\n\t\t\t\t<h3 class=\"elementor-post__title\">\n\t\t\t<a href=\"https:\/\/www.tuyider.org\/en\/galvanik-proseslerde-on-yuzey-hazirlik-islemleri-egitimi\/\" >\n\t\t\t\tGalvanik Proseslerde \u00d6n Y\u00fczey Haz\u0131rl\u0131k \u0130\u015flemleri E\u011fitimi\t\t\t<\/a>\n\t\t<\/h3>\n\t\t\t\t\t<div class=\"elementor-post__read-more-wrapper\">\n\t\t\n\t\t<a class=\"elementor-post__read-more\" href=\"https:\/\/www.tuyider.org\/en\/galvanik-proseslerde-on-yuzey-hazirlik-islemleri-egitimi\/\" aria-label=\"Read more about Galvanik Proseslerde \u00d6n Y\u00fczey Haz\u0131rl\u0131k \u0130\u015flemleri E\u011fitimi\" tabindex=\"-1\" >\n\t\t\tDevam\u0131n\u0131 Oku \u2192\t\t<\/a>\n\n\t\t\t\t\t<\/div>\n\t\t\t\t<\/div>\n\t\t\t\t<div class=\"elementor-post__meta-data\">\n\t\t\t\t\t<span class=\"elementor-post-date\">\n\t\t\t30 January 2026\t\t<\/span>\n\t\t\t\t<\/div>\n\t\t\t\t\t<\/div>\n\t\t<\/article>\n\t\t\t\t<article class=\"elementor-post elementor-grid-item post-7198 post type-post status-publish format-standard has-post-thumbnail hentry category-bizden-haberler\" role=\"listitem\">\n\t\t\t<div class=\"elementor-post__card\">\n\t\t\t\t<a class=\"elementor-post__thumbnail__link\" href=\"https:\/\/www.tuyider.org\/en\/yeni-yiliniz-kutlu-olsun\/\" tabindex=\"-1\" ><div class=\"elementor-post__thumbnail\"><img loading=\"lazy\" decoding=\"async\" width=\"640\" height=\"329\" src=\"https:\/\/www.tuyider.org\/wp-content\/uploads\/2026-Kutlu-Olsun_cm-1024x526.jpeg\" class=\"attachment-large size-large wp-image-7200\" alt=\"\" srcset=\"https:\/\/www.tuyider.org\/wp-content\/uploads\/2026-Kutlu-Olsun_cm-1024x526.jpeg 1024w, https:\/\/www.tuyider.org\/wp-content\/uploads\/2026-Kutlu-Olsun_cm-300x154.jpeg 300w, https:\/\/www.tuyider.org\/wp-content\/uploads\/2026-Kutlu-Olsun_cm-768x394.jpeg 768w, https:\/\/www.tuyider.org\/wp-content\/uploads\/2026-Kutlu-Olsun_cm-1536x789.jpeg 1536w, https:\/\/www.tuyider.org\/wp-content\/uploads\/2026-Kutlu-Olsun_cm-18x9.jpeg 18w, https:\/\/www.tuyider.org\/wp-content\/uploads\/2026-Kutlu-Olsun_cm.jpeg 1562w\" sizes=\"(max-width: 640px) 100vw, 640px\" \/><\/div><\/a>\n\t\t\t\t<div class=\"elementor-post__badge\">Bizden Haberler<\/div>\n\t\t\t\t<div class=\"elementor-post__text\">\n\t\t\t\t<h3 class=\"elementor-post__title\">\n\t\t\t<a href=\"https:\/\/www.tuyider.org\/en\/yeni-yiliniz-kutlu-olsun\/\" >\n\t\t\t\tYeni Y\u0131l\u0131n\u0131z Kutlu Olsun\t\t\t<\/a>\n\t\t<\/h3>\n\t\t\t\t\t<div class=\"elementor-post__read-more-wrapper\">\n\t\t\n\t\t<a class=\"elementor-post__read-more\" href=\"https:\/\/www.tuyider.org\/en\/yeni-yiliniz-kutlu-olsun\/\" aria-label=\"Read more about Yeni Y\u0131l\u0131n\u0131z Kutlu Olsun\" tabindex=\"-1\" >\n\t\t\tDevam\u0131n\u0131 Oku \u2192\t\t<\/a>\n\n\t\t\t\t\t<\/div>\n\t\t\t\t<\/div>\n\t\t\t\t<div class=\"elementor-post__meta-data\">\n\t\t\t\t\t<span class=\"elementor-post-date\">\n\t\t\t31 December 2025\t\t<\/span>\n\t\t\t\t<\/div>\n\t\t\t\t\t<\/div>\n\t\t<\/article>\n\t\t\t\t<article class=\"elementor-post elementor-grid-item post-7184 post type-post status-publish format-standard has-post-thumbnail hentry category-bizden-haberler\" role=\"listitem\">\n\t\t\t<div class=\"elementor-post__card\">\n\t\t\t\t<a class=\"elementor-post__thumbnail__link\" href=\"https:\/\/www.tuyider.org\/en\/tuyider-suleyman-demirel-universitesinde\/\" tabindex=\"-1\" ><div class=\"elementor-post__thumbnail\"><img loading=\"lazy\" decoding=\"async\" width=\"640\" height=\"480\" src=\"https:\/\/www.tuyider.org\/wp-content\/uploads\/TUYIDER-SDU-ChemVision-Kongresine-Katildi-1024x768.webp\" class=\"attachment-large size-large wp-image-7188\" alt=\"\" srcset=\"https:\/\/www.tuyider.org\/wp-content\/uploads\/TUYIDER-SDU-ChemVision-Kongresine-Katildi-1024x768.webp 1024w, https:\/\/www.tuyider.org\/wp-content\/uploads\/TUYIDER-SDU-ChemVision-Kongresine-Katildi-300x225.webp 300w, https:\/\/www.tuyider.org\/wp-content\/uploads\/TUYIDER-SDU-ChemVision-Kongresine-Katildi-768x576.webp 768w, https:\/\/www.tuyider.org\/wp-content\/uploads\/TUYIDER-SDU-ChemVision-Kongresine-Katildi-1536x1152.webp 1536w, https:\/\/www.tuyider.org\/wp-content\/uploads\/TUYIDER-SDU-ChemVision-Kongresine-Katildi-16x12.webp 16w, https:\/\/www.tuyider.org\/wp-content\/uploads\/TUYIDER-SDU-ChemVision-Kongresine-Katildi-600x450.webp 600w, https:\/\/www.tuyider.org\/wp-content\/uploads\/TUYIDER-SDU-ChemVision-Kongresine-Katildi.webp 2048w\" sizes=\"(max-width: 640px) 100vw, 640px\" \/><\/div><\/a>\n\t\t\t\t<div class=\"elementor-post__badge\">Bizden Haberler<\/div>\n\t\t\t\t<div class=\"elementor-post__text\">\n\t\t\t\t<h3 class=\"elementor-post__title\">\n\t\t\t<a href=\"https:\/\/www.tuyider.org\/en\/tuyider-suleyman-demirel-universitesinde\/\" >\n\t\t\t\tT\u00fcyider, S\u00fcleyman Demirel \u00dcniversitesi&#8217;nde\t\t\t<\/a>\n\t\t<\/h3>\n\t\t\t\t\t<div class=\"elementor-post__read-more-wrapper\">\n\t\t\n\t\t<a class=\"elementor-post__read-more\" href=\"https:\/\/www.tuyider.org\/en\/tuyider-suleyman-demirel-universitesinde\/\" aria-label=\"Read more about T\u00fcyider, S\u00fcleyman Demirel \u00dcniversitesi&#8217;nde\" tabindex=\"-1\" >\n\t\t\tDevam\u0131n\u0131 Oku \u2192\t\t<\/a>\n\n\t\t\t\t\t<\/div>\n\t\t\t\t<\/div>\n\t\t\t\t<div class=\"elementor-post__meta-data\">\n\t\t\t\t\t<span class=\"elementor-post-date\">\n\t\t\t11 December 2025\t\t<\/span>\n\t\t\t\t<\/div>\n\t\t\t\t\t<\/div>\n\t\t<\/article>\n\t\t\t\t<article class=\"elementor-post elementor-grid-item post-7162 post type-post status-publish format-standard has-post-thumbnail hentry category-bizden-haberler\" role=\"listitem\">\n\t\t\t<div class=\"elementor-post__card\">\n\t\t\t\t<a class=\"elementor-post__thumbnail__link\" href=\"https:\/\/www.tuyider.org\/en\/10-kasim-ataturku-anma-gunu\/\" tabindex=\"-1\" ><div class=\"elementor-post__thumbnail\"><img loading=\"lazy\" decoding=\"async\" width=\"640\" height=\"329\" src=\"https:\/\/www.tuyider.org\/wp-content\/uploads\/10-Kasim-2025-1024x526.jpg\" class=\"attachment-large size-large wp-image-7164\" alt=\"\" srcset=\"https:\/\/www.tuyider.org\/wp-content\/uploads\/10-Kasim-2025-1024x526.jpg 1024w, https:\/\/www.tuyider.org\/wp-content\/uploads\/10-Kasim-2025-300x154.jpg 300w, https:\/\/www.tuyider.org\/wp-content\/uploads\/10-Kasim-2025-768x394.jpg 768w, https:\/\/www.tuyider.org\/wp-content\/uploads\/10-Kasim-2025-1536x789.jpg 1536w, https:\/\/www.tuyider.org\/wp-content\/uploads\/10-Kasim-2025-18x9.jpg 18w, https:\/\/www.tuyider.org\/wp-content\/uploads\/10-Kasim-2025.jpg 1562w\" sizes=\"(max-width: 640px) 100vw, 640px\" \/><\/div><\/a>\n\t\t\t\t<div class=\"elementor-post__badge\">Bizden Haberler<\/div>\n\t\t\t\t<div class=\"elementor-post__text\">\n\t\t\t\t<h3 class=\"elementor-post__title\">\n\t\t\t<a href=\"https:\/\/www.tuyider.org\/en\/10-kasim-ataturku-anma-gunu\/\" >\n\t\t\t\t10 Kas\u0131m Atat\u00fcrk\u2019\u00fc Anma G\u00fcn\u00fc\t\t\t<\/a>\n\t\t<\/h3>\n\t\t\t\t\t<div class=\"elementor-post__read-more-wrapper\">\n\t\t\n\t\t<a class=\"elementor-post__read-more\" href=\"https:\/\/www.tuyider.org\/en\/10-kasim-ataturku-anma-gunu\/\" aria-label=\"Read more about 10 Kas\u0131m Atat\u00fcrk\u2019\u00fc Anma G\u00fcn\u00fc\" tabindex=\"-1\" >\n\t\t\tDevam\u0131n\u0131 Oku \u2192\t\t<\/a>\n\n\t\t\t\t\t<\/div>\n\t\t\t\t<\/div>\n\t\t\t\t<div class=\"elementor-post__meta-data\">\n\t\t\t\t\t<span class=\"elementor-post-date\">\n\t\t\t10 November 2025\t\t<\/span>\n\t\t\t\t<\/div>\n\t\t\t\t\t<\/div>\n\t\t<\/article>\n\t\t\t\t<\/div>\n\t\t\t\t\t<span class=\"e-load-more-spinner\">\n\t\t\t\t<i aria-hidden=\"true\" class=\"fas fa-spinner\"><\/i>\t\t\t<\/span>\n\t\t\n\t\t\t\t<div class=\"e-load-more-anchor\" data-page=\"1\" data-max-page=\"26\" data-next-page=\"https:\/\/www.tuyider.org\/en\/wp-json\/wp\/v2\/pages\/628\/page\/2\/\"><\/div>\n\t\t\t\t<div class=\"elementor-button-wrapper\">\n\t\t\t<a class=\"elementor-button elementor-size-sm\" role=\"button\">\n\t\t\t\t\t\t<span class=\"elementor-button-content-wrapper\">\n\t\t\t\t\t\t\t\t\t<span class=\"elementor-button-text\">Daha fazla y\u00fckle<\/span>\n\t\t\t\t\t<\/span>\n\t\t\t\t\t<\/a>\n\t\t<\/div>\n\t\t\t\t<div class=\"e-load-more-message\">Ba\u015fka haber bulunamad\u0131<\/div>\n\t\t\t\t\t\t<\/div>\n\t\t\t\t<\/div>\n\t\t\t\t\t<\/div>\n\t\t<\/div>\n\t\t\t\t\t<\/div>\n\t\t<\/section>\n\t\t\t\t<\/div>","protected":false},"excerpt":{"rendered":"","protected":false},"author":14,"featured_media":0,"parent":0,"menu_order":0,"comment_status":"closed","ping_status":"closed","template":"","meta":{"footnotes":""},"class_list":["post-628","page","type-page","status-publish","hentry"],"_links":{"self":[{"href":"https:\/\/www.tuyider.org\/en\/wp-json\/wp\/v2\/pages\/628","targetHints":{"allow":["GET"]}}],"collection":[{"href":"https:\/\/www.tuyider.org\/en\/wp-json\/wp\/v2\/pages"}],"about":[{"href":"https:\/\/www.tuyider.org\/en\/wp-json\/wp\/v2\/types\/page"}],"author":[{"embeddable":true,"href":"https:\/\/www.tuyider.org\/en\/wp-json\/wp\/v2\/users\/14"}],"replies":[{"embeddable":true,"href":"https:\/\/www.tuyider.org\/en\/wp-json\/wp\/v2\/comments?post=628"}],"version-history":[{"count":16,"href":"https:\/\/www.tuyider.org\/en\/wp-json\/wp\/v2\/pages\/628\/revisions"}],"predecessor-version":[{"id":8090,"href":"https:\/\/www.tuyider.org\/en\/wp-json\/wp\/v2\/pages\/628\/revisions\/8090"}],"wp:attachment":[{"href":"https:\/\/www.tuyider.org\/en\/wp-json\/wp\/v2\/media?parent=628"}],"curies":[{"name":"wp","href":"https:\/\/api.w.org\/{rel}","templated":true}]}}