{"id":593,"date":"2020-11-18T19:03:24","date_gmt":"2020-11-18T16:03:24","guid":{"rendered":"http:\/\/www.tuyider.nanotasarim.com\/?page_id=593"},"modified":"2022-12-28T23:05:48","modified_gmt":"2022-12-28T20:05:48","slug":"degerli-metaller-dm-kaplamalar-calisma-grubu","status":"publish","type":"page","link":"https:\/\/www.tuyider.org\/en\/calisma-gruplari\/degerli-metaller-dm-kaplamalar-calisma-grubu\/","title":{"rendered":"De\u011ferli Metaller (DM) Kaplamalar \u00c7al\u0131\u015fma Grubu"},"content":{"rendered":"<div data-elementor-type=\"wp-page\" data-elementor-id=\"593\" class=\"elementor elementor-593\" data-elementor-post-type=\"page\">\n\t\t\t\t\t\t<section class=\"elementor-section elementor-top-section elementor-element elementor-element-6d8b692 elementor-section-boxed elementor-section-height-default elementor-section-height-default\" data-id=\"6d8b692\" data-element_type=\"section\" data-e-type=\"section\">\n\t\t\t\t\t\t<div class=\"elementor-container elementor-column-gap-default\">\n\t\t\t\t\t<div class=\"elementor-column elementor-col-100 elementor-top-column elementor-element elementor-element-99159ff\" data-id=\"99159ff\" data-element_type=\"column\" data-e-type=\"column\">\n\t\t\t<div class=\"elementor-widget-wrap elementor-element-populated\">\n\t\t\t\t\t\t<div class=\"elementor-element elementor-element-34b8320 elementor-widget elementor-widget-text-editor\" data-id=\"34b8320\" data-element_type=\"widget\" data-e-type=\"widget\" data-widget_type=\"text-editor.default\">\n\t\t\t\t<div class=\"elementor-widget-container\">\n\t\t\t\t\t\t\t\t\t<p>Au,Ag, Sn vb. de\u011ferli metal kaplamalar konusunda hizmet verenler, sarf tedarik\u00e7ileri, akademisyenler, uzmanlar grubu<\/p><ul><li>DM ve ala\u015f\u0131m\u0131 kaplamalar ile ilgili standartlar\u0131 dernek k\u00fct\u00fcphanesine kazand\u0131r\u0131r, G\u00fcncel revizyonlar\u0131 takip eder ve bilgilendirme toplant\u0131lar\u0131 organize eder, uzman g\u00f6r\u00fc\u015fleri al\u0131r.<\/li><li>DM esasl\u0131 kaplamalar\u0131n uygulanmas\u0131 ile ilgili e\u011fitimler, uygulamal\u0131 laboratuvar \u00e7al\u0131\u015fmalar\u0131 organize eder ve \u00e7al\u0131\u015fma esaslar\u0131n\u0131 tan\u0131mlar, raporlar<\/li><li>DM esasl\u0131 kaplamalar\u0131n test ve analizleri kapsam\u0131nda teknik notlar haz\u0131rlar, raporlar<\/li><li>DM esasl\u0131 kaplamalar\u0131n kullan\u0131m\u0131, t\u00fcketimi ve uygulamalar\u0131 konusunda veri toplama, analiz \u00e7al\u0131\u015fmalar\u0131 y\u00fcr\u00fct\u00fcr ve istatistiksel veri analizi ger\u00e7ekle\u015ftirir.<\/li><li>Sekt\u00f6rel talepler, yerlile\u015ftirme, ben\u00e7mark \u00e7al\u0131\u015fmalar\u0131, arge ve test \u00e7al\u0131\u015fmalar\u0131 y\u00fcr\u00fct\u00fcr.<\/li><li>Projelendirebilir ve uygun \u015fartlar\u0131n sa\u011flanmas\u0131 halinde d\u0131\u015f destek ve te\u015fvik sistemlerine ba\u015fvuru yapabilir.<span id=\"page59R_mcid37\" class=\"markedContent\"><span dir=\"ltr\" role=\"presentation\"><br \/><\/span><\/span><\/li><\/ul>\t\t\t\t\t\t\t\t<\/div>\n\t\t\t\t<\/div>\n\t\t\t\t\t<\/div>\n\t\t<\/div>\n\t\t\t\t\t<\/div>\n\t\t<\/section>\n\t\t\t\t<\/div>","protected":false},"excerpt":{"rendered":"<p>Au,Ag, Sn vb. de\u011ferli metal kaplamalar konusunda hizmet verenler, sarf tedarik\u00e7ileri, akademisyenler, uzmanlar grubu DM ve ala\u015f\u0131m\u0131 kaplamalar ile ilgili standartlar\u0131 dernek k\u00fct\u00fcphanesine kazand\u0131r\u0131r, G\u00fcncel revizyonlar\u0131 takip eder ve bilgilendirme toplant\u0131lar\u0131 organize eder, uzman g\u00f6r\u00fc\u015fleri al\u0131r. DM esasl\u0131 kaplamalar\u0131n uygulanmas\u0131&#8230;<\/p>","protected":false},"author":14,"featured_media":0,"parent":1070,"menu_order":0,"comment_status":"closed","ping_status":"closed","template":"","meta":{"footnotes":""},"class_list":["post-593","page","type-page","status-publish","hentry"],"_links":{"self":[{"href":"https:\/\/www.tuyider.org\/en\/wp-json\/wp\/v2\/pages\/593","targetHints":{"allow":["GET"]}}],"collection":[{"href":"https:\/\/www.tuyider.org\/en\/wp-json\/wp\/v2\/pages"}],"about":[{"href":"https:\/\/www.tuyider.org\/en\/wp-json\/wp\/v2\/types\/page"}],"author":[{"embeddable":true,"href":"https:\/\/www.tuyider.org\/en\/wp-json\/wp\/v2\/users\/14"}],"replies":[{"embeddable":true,"href":"https:\/\/www.tuyider.org\/en\/wp-json\/wp\/v2\/comments?post=593"}],"version-history":[{"count":18,"href":"https:\/\/www.tuyider.org\/en\/wp-json\/wp\/v2\/pages\/593\/revisions"}],"predecessor-version":[{"id":5937,"href":"https:\/\/www.tuyider.org\/en\/wp-json\/wp\/v2\/pages\/593\/revisions\/5937"}],"up":[{"embeddable":true,"href":"https:\/\/www.tuyider.org\/en\/wp-json\/wp\/v2\/pages\/1070"}],"wp:attachment":[{"href":"https:\/\/www.tuyider.org\/en\/wp-json\/wp\/v2\/media?parent=593"}],"curies":[{"name":"wp","href":"https:\/\/api.w.org\/{rel}","templated":true}]}}