{"id":5916,"date":"2022-12-28T22:53:58","date_gmt":"2022-12-28T19:53:58","guid":{"rendered":"https:\/\/www.tuyider.org\/?page_id=5916"},"modified":"2022-12-28T22:55:28","modified_gmt":"2022-12-28T19:55:28","slug":"tesis-imalatcilari-ve-otomasyon-calisma-grubu","status":"publish","type":"page","link":"https:\/\/www.tuyider.org\/en\/calisma-gruplari\/tesis-imalatcilari-ve-otomasyon-calisma-grubu\/","title":{"rendered":"Tesis \u0130malat\u00e7\u0131lar\u0131 ve Otomasyon \u00c7al\u0131\u015fma Grubu"},"content":{"rendered":"<div data-elementor-type=\"wp-page\" data-elementor-id=\"5916\" class=\"elementor elementor-5916\" data-elementor-post-type=\"page\">\n\t\t\t\t\t\t<section class=\"elementor-section elementor-top-section elementor-element elementor-element-bcfd188 elementor-section-boxed elementor-section-height-default elementor-section-height-default\" data-id=\"bcfd188\" data-element_type=\"section\" data-e-type=\"section\">\n\t\t\t\t\t\t<div class=\"elementor-container elementor-column-gap-default\">\n\t\t\t\t\t<div class=\"elementor-column elementor-col-100 elementor-top-column elementor-element elementor-element-72d8925\" data-id=\"72d8925\" data-element_type=\"column\" data-e-type=\"column\">\n\t\t\t<div class=\"elementor-widget-wrap elementor-element-populated\">\n\t\t\t\t\t\t<div class=\"elementor-element elementor-element-b2aa513 elementor-widget elementor-widget-text-editor\" data-id=\"b2aa513\" data-element_type=\"widget\" data-e-type=\"widget\" data-widget_type=\"text-editor.default\">\n\t\t\t\t<div class=\"elementor-widget-container\">\n\t\t\t\t\t\t\t\t\t<p>Kaplama tesisi imalat\u00e7\u0131lar\u0131, tesis ekipman tedarik\u00e7ileri, otomasyon hizmeti veren i\u015fletmeler<\/p><ul><li>Kaplama tesisleri ile ilgili standartlar\u0131 dernek k\u00fct\u00fcphanesine kazand\u0131r\u0131r, G\u00fcncel revizyonlar\u0131 takip eder ve bilgilendirme toplant\u0131lar\u0131 organize eder, uzman g\u00f6r\u00fc\u015fleri al\u0131r.<\/li><li>Tesis imalat\u0131, kurulum, devreye alma ve bak\u0131m uygulanmas\u0131 ile ilgili e\u011fitimler, \u00e7al\u0131\u015fmalar\u0131 organize eder ve \u00e7al\u0131\u015fma esaslar\u0131n\u0131 tan\u0131mlar, raporlar<\/li><li>Tesis verimlili\u011fi, performans\u0131 ve \u00f6mr\u00fc kapsam\u0131nda teknik notlar haz\u0131rlar, raporlar<\/li><li>Tesis ekipman ve sarflar\u0131n\u0131n kullan\u0131m\u0131, t\u00fcketimi ve uygulamalar\u0131 konusunda veri toplama, analiz \u00e7al\u0131\u015fmalar\u0131 y\u00fcr\u00fct\u00fcr ve istatistiksel veri analizi ger\u00e7ekle\u015ftirir.<\/li><li>Sekt\u00f6rel talepler, yerlile\u015ftirme, ben\u00e7mark \u00e7al\u0131\u015fmalar\u0131, arge ve test \u00e7al\u0131\u015fmalar\u0131 y\u00fcr\u00fct\u00fcr.<\/li><li>Projelendirebilir ve uygun \u015fartlar\u0131n sa\u011flanmas\u0131 halinde d\u0131\u015f destek ve te\u015fvik sistemlerine ba\u015fvuru yapabilir.<\/li><\/ul>\t\t\t\t\t\t\t\t<\/div>\n\t\t\t\t<\/div>\n\t\t\t\t\t<\/div>\n\t\t<\/div>\n\t\t\t\t\t<\/div>\n\t\t<\/section>\n\t\t\t\t<\/div>","protected":false},"excerpt":{"rendered":"<p>Kaplama tesisi imalat\u00e7\u0131lar\u0131, tesis ekipman tedarik\u00e7ileri, otomasyon hizmeti veren i\u015fletmeler Kaplama tesisleri ile ilgili standartlar\u0131 dernek k\u00fct\u00fcphanesine kazand\u0131r\u0131r, G\u00fcncel revizyonlar\u0131 takip eder ve bilgilendirme toplant\u0131lar\u0131 organize eder, uzman g\u00f6r\u00fc\u015fleri al\u0131r. Tesis imalat\u0131, kurulum, devreye alma ve bak\u0131m uygulanmas\u0131 ile ilgili&#8230;<\/p>","protected":false},"author":14,"featured_media":0,"parent":1070,"menu_order":0,"comment_status":"closed","ping_status":"closed","template":"","meta":{"footnotes":""},"class_list":["post-5916","page","type-page","status-publish","hentry"],"_links":{"self":[{"href":"https:\/\/www.tuyider.org\/en\/wp-json\/wp\/v2\/pages\/5916","targetHints":{"allow":["GET"]}}],"collection":[{"href":"https:\/\/www.tuyider.org\/en\/wp-json\/wp\/v2\/pages"}],"about":[{"href":"https:\/\/www.tuyider.org\/en\/wp-json\/wp\/v2\/types\/page"}],"author":[{"embeddable":true,"href":"https:\/\/www.tuyider.org\/en\/wp-json\/wp\/v2\/users\/14"}],"replies":[{"embeddable":true,"href":"https:\/\/www.tuyider.org\/en\/wp-json\/wp\/v2\/comments?post=5916"}],"version-history":[{"count":5,"href":"https:\/\/www.tuyider.org\/en\/wp-json\/wp\/v2\/pages\/5916\/revisions"}],"predecessor-version":[{"id":5921,"href":"https:\/\/www.tuyider.org\/en\/wp-json\/wp\/v2\/pages\/5916\/revisions\/5921"}],"up":[{"embeddable":true,"href":"https:\/\/www.tuyider.org\/en\/wp-json\/wp\/v2\/pages\/1070"}],"wp:attachment":[{"href":"https:\/\/www.tuyider.org\/en\/wp-json\/wp\/v2\/media?parent=5916"}],"curies":[{"name":"wp","href":"https:\/\/api.w.org\/{rel}","templated":true}]}}