{"id":591,"date":"2020-11-18T19:02:01","date_gmt":"2020-11-18T16:02:01","guid":{"rendered":"http:\/\/www.tuyider.nanotasarim.com\/?page_id=591"},"modified":"2022-12-28T22:58:06","modified_gmt":"2022-12-28T19:58:06","slug":"cinko-esasli-kaplamalar-calisma-grubu","status":"publish","type":"page","link":"https:\/\/www.tuyider.org\/en\/calisma-gruplari\/cinko-esasli-kaplamalar-calisma-grubu\/","title":{"rendered":"\u00c7inko Esasl\u0131 Kaplamalar \u00c7al\u0131\u015fma Grubu"},"content":{"rendered":"<div data-elementor-type=\"wp-page\" data-elementor-id=\"591\" class=\"elementor elementor-591\" data-elementor-post-type=\"page\">\n\t\t\t\t\t\t<section class=\"elementor-section elementor-top-section elementor-element elementor-element-3139652 elementor-section-boxed elementor-section-height-default elementor-section-height-default\" data-id=\"3139652\" data-element_type=\"section\" data-e-type=\"section\">\n\t\t\t\t\t\t<div class=\"elementor-container elementor-column-gap-default\">\n\t\t\t\t\t<div class=\"elementor-column elementor-col-100 elementor-top-column elementor-element elementor-element-b3e1d43\" data-id=\"b3e1d43\" data-element_type=\"column\" data-e-type=\"column\">\n\t\t\t<div class=\"elementor-widget-wrap elementor-element-populated\">\n\t\t\t\t\t\t<div class=\"elementor-element elementor-element-3a37c89 elementor-widget elementor-widget-text-editor\" data-id=\"3a37c89\" data-element_type=\"widget\" data-e-type=\"widget\" data-widget_type=\"text-editor.default\">\n\t\t\t\t<div class=\"elementor-widget-container\">\n\t\t\t\t\t\t\t\t\t<p><span id=\"page43R_mcid29\" class=\"markedContent\"><\/span><span id=\"page59R_mcid5\" class=\"markedContent\"><span dir=\"ltr\" role=\"presentation\">Zn ve Zn<\/span> <span dir=\"ltr\" role=\"presentation\">ala\u015f\u0131m\u0131 kaplamalar konusunda<\/span> <span dir=\"ltr\" role=\"presentation\">uygulay\u0131c\u0131, sarf tedarik\u00e7i, uzman, akademisyenlerden olu\u015fan \u00e7al\u0131\u015fma grubu<\/span><\/span><span id=\"page59R_mcid6\" class=\"markedContent\"><\/span><span id=\"page59R_mcid7\" class=\"markedContent\"><\/span><span id=\"page59R_mcid8\" class=\"markedContent\"><\/span><span id=\"page59R_mcid9\" class=\"markedContent\"><br role=\"presentation\" \/><span dir=\"ltr\" role=\"presentation\">\u2022<\/span> <span dir=\"ltr\" role=\"presentation\">Zn ve ala\u015f\u0131m\u0131 kaplamalar (elektrolitik \u00e7inko, \u00e7inko<\/span><span dir=\"ltr\" role=\"presentation\">&#8211;<\/span><span dir=\"ltr\" role=\"presentation\">nikel, lamelli \u00e7inko, vb) ile ilgili standartlar\u0131 dernek<\/span> <span dir=\"ltr\" role=\"presentation\">k\u00fct\u00fcphanesine kazand\u0131r\u0131r, G\u00fcncel revizyon<\/span><span dir=\"ltr\" role=\"presentation\">lar\u0131 takip eder ve bilgilendirme toplant\u0131lar\u0131 organize eder<\/span><\/span><span id=\"page59R_mcid10\" class=\"markedContent\"><\/span><span id=\"page59R_mcid11\" class=\"markedContent\"><br role=\"presentation\" \/><span dir=\"ltr\" role=\"presentation\">\u2022<\/span> <span dir=\"ltr\" role=\"presentation\">Zn esasl\u0131 kaplamalar\u0131n uygulanmas\u0131 ve kalite kontrol\u00fc ile ilgili e\u011fitimler, uygulamal\u0131 laboratuvar<\/span> <span dir=\"ltr\" role=\"presentation\">\u00e7al\u0131\u015fmalar\u0131 organize eder ve \u00e7al\u0131\u015fma esaslar\u0131n\u0131 tan\u0131mlar, raporlar.<\/span><\/span><span id=\"page59R_mcid12\" class=\"markedContent\"><\/span><span id=\"page59R_mcid13\" class=\"markedContent\"><br role=\"presentation\" \/><span dir=\"ltr\" role=\"presentation\">\u2022<\/span> <span dir=\"ltr\" role=\"presentation\">Zn esasl\u0131 kaplamalar\u0131n test v<\/span><span dir=\"ltr\" role=\"presentation\">e analizleri kapsam\u0131nda teknik notlar haz\u0131rlar, raporlar.<\/span><\/span><span id=\"page59R_mcid14\" class=\"markedContent\"><\/span><span id=\"page59R_mcid15\" class=\"markedContent\"><br role=\"presentation\" \/><span dir=\"ltr\" role=\"presentation\">\u2022<\/span> <span dir=\"ltr\" role=\"presentation\">Zn esasl\u0131 kaplamalar\u0131n kullan\u0131m\u0131, t\u00fcketimi ve uygulamalar\u0131 konusunda veri toplama, analiz<\/span> <span dir=\"ltr\" role=\"presentation\">\u00e7al\u0131\u015fmalar\u0131 y\u00fcr\u00fct\u00fcr ve istatistiksel veri analizi ger\u00e7ekle\u015ftirir.<\/span><\/span><span id=\"page59R_mcid16\" class=\"markedContent\"><\/span><span id=\"page59R_mcid17\" class=\"markedContent\"><br role=\"presentation\" \/><span dir=\"ltr\" role=\"presentation\">\u2022<\/span> <span dir=\"ltr\" role=\"presentation\">Sekt\u00f6rel<\/span> <span dir=\"ltr\" role=\"presentation\">talepler,<\/span> <span dir=\"ltr\" role=\"presentation\">yerlile\u015ftirme,<\/span> <span dir=\"ltr\" role=\"presentation\">ben\u00e7mark<\/span> <span dir=\"ltr\" role=\"presentation\">\u00e7al\u0131\u015fmalar\u0131,<\/span> <span dir=\"ltr\" role=\"presentation\">arge<\/span> <span dir=\"ltr\" role=\"presentation\">ve<\/span> <span dir=\"ltr\" role=\"presentation\">test<\/span> <span dir=\"ltr\" role=\"presentation\">ve<\/span> <span dir=\"ltr\" role=\"presentation\">uygulama,<\/span> <span dir=\"ltr\" role=\"presentation\">tesis<\/span> <span dir=\"ltr\" role=\"presentation\">modernizasyonu \u00e7al\u0131\u015fmalar\u0131 y\u00fcr\u00fct\u00fcr. Projelendirebilir ve uygun \u015fartlar\u0131n sa\u011flanmas\u0131 halinde d\u0131\u015f<\/span> <span dir=\"ltr\" role=\"presentation\">destek ve te\u015fvik sistemlerine ba\u015fvuru yapabilir.<\/span><\/span><\/p>\t\t\t\t\t\t\t\t<\/div>\n\t\t\t\t<\/div>\n\t\t\t\t\t<\/div>\n\t\t<\/div>\n\t\t\t\t\t<\/div>\n\t\t<\/section>\n\t\t\t\t<\/div>","protected":false},"excerpt":{"rendered":"<p>Zn ve Zn ala\u015f\u0131m\u0131 kaplamalar konusunda uygulay\u0131c\u0131, sarf tedarik\u00e7i, uzman, akademisyenlerden olu\u015fan \u00e7al\u0131\u015fma grubu\u2022 Zn ve ala\u015f\u0131m\u0131 kaplamalar (elektrolitik \u00e7inko, \u00e7inko-nikel, lamelli \u00e7inko, vb) ile ilgili standartlar\u0131 dernek k\u00fct\u00fcphanesine kazand\u0131r\u0131r, G\u00fcncel revizyonlar\u0131 takip eder ve bilgilendirme toplant\u0131lar\u0131 organize eder\u2022 Zn&#8230;<\/p>","protected":false},"author":14,"featured_media":0,"parent":1070,"menu_order":0,"comment_status":"closed","ping_status":"closed","template":"","meta":{"footnotes":""},"class_list":["post-591","page","type-page","status-publish","hentry"],"_links":{"self":[{"href":"https:\/\/www.tuyider.org\/en\/wp-json\/wp\/v2\/pages\/591","targetHints":{"allow":["GET"]}}],"collection":[{"href":"https:\/\/www.tuyider.org\/en\/wp-json\/wp\/v2\/pages"}],"about":[{"href":"https:\/\/www.tuyider.org\/en\/wp-json\/wp\/v2\/types\/page"}],"author":[{"embeddable":true,"href":"https:\/\/www.tuyider.org\/en\/wp-json\/wp\/v2\/users\/14"}],"replies":[{"embeddable":true,"href":"https:\/\/www.tuyider.org\/en\/wp-json\/wp\/v2\/comments?post=591"}],"version-history":[{"count":21,"href":"https:\/\/www.tuyider.org\/en\/wp-json\/wp\/v2\/pages\/591\/revisions"}],"predecessor-version":[{"id":5927,"href":"https:\/\/www.tuyider.org\/en\/wp-json\/wp\/v2\/pages\/591\/revisions\/5927"}],"up":[{"embeddable":true,"href":"https:\/\/www.tuyider.org\/en\/wp-json\/wp\/v2\/pages\/1070"}],"wp:attachment":[{"href":"https:\/\/www.tuyider.org\/en\/wp-json\/wp\/v2\/media?parent=591"}],"curies":[{"name":"wp","href":"https:\/\/api.w.org\/{rel}","templated":true}]}}