{"id":586,"date":"2020-11-18T19:00:52","date_gmt":"2020-11-18T16:00:52","guid":{"rendered":"http:\/\/www.tuyider.nanotasarim.com\/?page_id=586"},"modified":"2022-12-28T22:56:32","modified_gmt":"2022-12-28T19:56:32","slug":"cevre-ve-is-guvenligi-calisma-grubu","status":"publish","type":"page","link":"https:\/\/www.tuyider.org\/en\/calisma-gruplari\/cevre-ve-is-guvenligi-calisma-grubu\/","title":{"rendered":"\u00c7evre ve \u0130\u015f G\u00fcvenli\u011fi \u00c7al\u0131\u015fma Grubu"},"content":{"rendered":"<div data-elementor-type=\"wp-page\" data-elementor-id=\"586\" class=\"elementor elementor-586\" data-elementor-post-type=\"page\">\n\t\t\t\t\t\t<section class=\"elementor-section elementor-top-section elementor-element elementor-element-3165f56 elementor-section-boxed elementor-section-height-default elementor-section-height-default\" data-id=\"3165f56\" data-element_type=\"section\" data-e-type=\"section\">\n\t\t\t\t\t\t<div class=\"elementor-container elementor-column-gap-default\">\n\t\t\t\t\t<div class=\"elementor-column elementor-col-100 elementor-top-column elementor-element elementor-element-5d9b146\" data-id=\"5d9b146\" data-element_type=\"column\" data-e-type=\"column\">\n\t\t\t<div class=\"elementor-widget-wrap elementor-element-populated\">\n\t\t\t\t\t\t<div class=\"elementor-element elementor-element-bd11695 elementor-widget elementor-widget-text-editor\" data-id=\"bd11695\" data-element_type=\"widget\" data-e-type=\"widget\" data-widget_type=\"text-editor.default\">\n\t\t\t\t<div class=\"elementor-widget-container\">\n\t\t\t\t\t\t\t\t\t<p><span id=\"page43R_mcid29\" class=\"markedContent\"><span dir=\"ltr\" role=\"presentation\">\u00c7evre, At\u0131k Y\u00f6netimi ve \u0130\u015f sa\u011fl\u0131\u011f\u0131 \u00e7al\u0131\u015fma<\/span> <span dir=\"ltr\" role=\"presentation\">konular\u0131nda denetim, uygulama,<\/span> <span dir=\"ltr\" role=\"presentation\">ekipman tedari\u011fi ve projelendirme firmalar\u0131, uzman ve<\/span> <span dir=\"ltr\" role=\"presentation\">akademisyenler<\/span><\/span><span id=\"page43R_mcid30\" class=\"markedContent\"><\/span><span id=\"page43R_mcid31\" class=\"markedContent\"><\/span><span id=\"page43R_mcid32\" class=\"markedContent\"><\/span><span id=\"page43R_mcid33\" class=\"markedContent\"><br role=\"presentation\" \/><span dir=\"ltr\" role=\"presentation\">\u2022<\/span> <span dir=\"ltr\" role=\"presentation\">Sekt\u00f6r\u00fcn \u00e7evre ve at\u0131k y\u00f6netimi ile ilgili mevzuatlar gere\u011fi uymas\u0131 gereken kurallar\u0131, ihtiya\u00e7lar\u0131<\/span> <span dir=\"ltr\" role=\"presentation\">belirlemek, raporlamak<\/span><\/span><span id=\"page43R_mcid34\" class=\"markedContent\"><\/span><span id=\"page43R_mcid35\" class=\"markedContent\"><br role=\"presentation\" \/><span dir=\"ltr\" role=\"presentation\">\u2022<\/span> <span dir=\"ltr\" role=\"presentation\">Sekt\u00f6r \u00e7al\u0131\u015fanlar\u0131n\u0131n i\u015f sa\u011fl\u0131\u011f\u0131 ve g\u00fcvenli\u011fini tehdit eden<\/span> <span dir=\"ltr\" role=\"presentation\">risk analizleri ve al\u0131nmas\u0131 gereken \u00f6nlemleri<\/span> <span dir=\"ltr\" role=\"presentation\">belirlemek ve raporlamak<\/span><\/span><span id=\"page43R_mcid36\" class=\"markedContent\"><\/span><span id=\"page43R_mcid37\" class=\"markedContent\"><br role=\"presentation\" \/><span dir=\"ltr\" role=\"presentation\">\u2022<\/span> <span dir=\"ltr\" role=\"presentation\">Bilin\u00e7lendirme toplant\u0131lar\u0131 organize etmek, konusunda uzman g\u00f6r\u00fc\u015flerini alarak g\u00fcncel geli\u015fmeleri<\/span> <span dir=\"ltr\" role=\"presentation\">ve iyile\u015ftirme \u00e7al\u0131\u015fmalar\u0131n\u0131 takip etmek<\/span><\/span><span id=\"page43R_mcid38\" class=\"markedContent\"><\/span><span id=\"page43R_mcid39\" class=\"markedContent\"><br role=\"presentation\" \/><span dir=\"ltr\" role=\"presentation\">\u2022<\/span> <span dir=\"ltr\" role=\"presentation\">Denetleme mekanizmalar\u0131 olu\u015fturmak ve \u00fcyeleri<\/span><span dir=\"ltr\" role=\"presentation\">nin ihtiyac\u0131 olan teknik haz\u0131rl\u0131k deste\u011fi sa\u011flamak ve<\/span> <span dir=\"ltr\" role=\"presentation\">denetlemek<\/span><\/span><span id=\"page43R_mcid40\" class=\"markedContent\"><\/span><span id=\"page43R_mcid41\" class=\"markedContent\"><br role=\"presentation\" \/><span dir=\"ltr\" role=\"presentation\">\u2022<\/span> <span dir=\"ltr\" role=\"presentation\">Veri toplamak ve istatistiksel analizler ile raporlamak<\/span><\/span><\/p>\t\t\t\t\t\t\t\t<\/div>\n\t\t\t\t<\/div>\n\t\t\t\t\t<\/div>\n\t\t<\/div>\n\t\t\t\t\t<\/div>\n\t\t<\/section>\n\t\t\t\t<\/div>","protected":false},"excerpt":{"rendered":"<p>\u00c7evre, At\u0131k Y\u00f6netimi ve \u0130\u015f sa\u011fl\u0131\u011f\u0131 \u00e7al\u0131\u015fma konular\u0131nda denetim, uygulama, ekipman tedari\u011fi ve projelendirme firmalar\u0131, uzman ve akademisyenler\u2022 Sekt\u00f6r\u00fcn \u00e7evre ve at\u0131k y\u00f6netimi ile ilgili mevzuatlar gere\u011fi uymas\u0131 gereken kurallar\u0131, ihtiya\u00e7lar\u0131 belirlemek, raporlamak\u2022 Sekt\u00f6r \u00e7al\u0131\u015fanlar\u0131n\u0131n i\u015f sa\u011fl\u0131\u011f\u0131 ve g\u00fcvenli\u011fini tehdit&#8230;<\/p>","protected":false},"author":14,"featured_media":0,"parent":1070,"menu_order":0,"comment_status":"closed","ping_status":"closed","template":"","meta":{"footnotes":""},"class_list":["post-586","page","type-page","status-publish","hentry"],"_links":{"self":[{"href":"https:\/\/www.tuyider.org\/en\/wp-json\/wp\/v2\/pages\/586","targetHints":{"allow":["GET"]}}],"collection":[{"href":"https:\/\/www.tuyider.org\/en\/wp-json\/wp\/v2\/pages"}],"about":[{"href":"https:\/\/www.tuyider.org\/en\/wp-json\/wp\/v2\/types\/page"}],"author":[{"embeddable":true,"href":"https:\/\/www.tuyider.org\/en\/wp-json\/wp\/v2\/users\/14"}],"replies":[{"embeddable":true,"href":"https:\/\/www.tuyider.org\/en\/wp-json\/wp\/v2\/comments?post=586"}],"version-history":[{"count":34,"href":"https:\/\/www.tuyider.org\/en\/wp-json\/wp\/v2\/pages\/586\/revisions"}],"predecessor-version":[{"id":5926,"href":"https:\/\/www.tuyider.org\/en\/wp-json\/wp\/v2\/pages\/586\/revisions\/5926"}],"up":[{"embeddable":true,"href":"https:\/\/www.tuyider.org\/en\/wp-json\/wp\/v2\/pages\/1070"}],"wp:attachment":[{"href":"https:\/\/www.tuyider.org\/en\/wp-json\/wp\/v2\/media?parent=586"}],"curies":[{"name":"wp","href":"https:\/\/api.w.org\/{rel}","templated":true}]}}