{"id":5797,"date":"2022-12-28T19:43:55","date_gmt":"2022-12-28T16:43:55","guid":{"rendered":"https:\/\/www.tuyider.org\/?page_id=5797"},"modified":"2022-12-28T22:25:10","modified_gmt":"2022-12-28T19:25:10","slug":"basvuru-formu","status":"publish","type":"page","link":"https:\/\/www.tuyider.org\/en\/calisma-gruplari\/basvuru-formu\/","title":{"rendered":"Ba\u015fvuru Formu"},"content":{"rendered":"<div class=\"wpforms-container wpforms-container-full\" id=\"wpforms-5863\"><form id=\"wpforms-form-5863\" class=\"wpforms-validate wpforms-form\" data-formid=\"5863\" method=\"post\" enctype=\"multipart\/form-data\" action=\"\/en\/wp-json\/wp\/v2\/pages\/5797\" data-token=\"aebc03c7339251bc36fab82e014b7aca\" data-trp-original-action=\"\/en\/wp-json\/wp\/v2\/pages\/5797\"><noscript class=\"wpforms-error-noscript\">Please enable JavaScript in your browser to complete this form.<\/noscript><div class=\"wpforms-field-container\"><div id=\"wpforms-5863-field_2-container\" class=\"wpforms-field wpforms-field-content\" data-field-id=\"2\"><div id=\"wpforms-5863-field_2\" class=\"wpforms-field-medium wpforms-field-row\" name=\"wpforms[fields][2]\"><h1>\u00c7al\u0131\u015fma Grubu Ba\u015fvuru Formu<\/h1>\n<div class=\"wpforms-field-content-display-frontend-clear\"><\/div><\/div><\/div><div id=\"wpforms-5863-field_1-container\" class=\"wpforms-field wpforms-field-content\" data-field-id=\"1\"><div id=\"wpforms-5863-field_1\" class=\"wpforms-field-medium wpforms-field-row\" name=\"wpforms[fields][1]\"><p><strong><span class=\"markedContent\" id=\"page3R_mcid1\">De\u011ferli \u00fcyemiz,<\/span><\/strong><\/p>\n<p><span class=\"markedContent\" id=\"page3R_mcid2\"><br \/>\nDerne\u011fimiz T\u00dcY\u0130DER y\u00fczey i\u015flem sekt\u00f6r\u00fcne veri, ar\u015fiv, teknik bilgi, sekt\u00f6rel problemlerin analizi ve sekt\u00f6rde meydana gelen geli\u015fmeleri aktarmak amac\u0131yla \u00e7al\u0131\u015fma gruplar\u0131 olu\u015fturulmu\u015ftur.<\/span><span class=\"markedContent\" id=\"page3R_mcid3\"> L\u00fctfen a\u015fa\u011f\u0131da listelenmi\u015f \u00e7al\u0131\u015fma gruplar\u0131ndan herhangi birinde yer almak isterseniz l\u00fctfen a\u015fa\u011f\u0131daki formu doldurarak bize iletiniz. Gruplarda kendiniz yer alabilece\u011finiz gibi firman\u0131zdan bir ki\u015fiyi de g\u00f6revlendirebilirsiniz.<\/span><\/p>\n<div class=\"wpforms-field-content-display-frontend-clear\"><\/div><\/div><\/div><div id=\"wpforms-5863-field_3-container\" class=\"wpforms-field wpforms-field-divider\" data-field-id=\"3\"><h3 id=\"wpforms-5863-field_3\" name=\"wpforms[fields][3]\">KATILIMCI B\u0130LG\u0130LER\u0130:<\/h3><\/div><div id=\"wpforms-5863-field_5-container\" class=\"wpforms-field wpforms-field-layout\" data-field-id=\"5\"><label class=\"wpforms-field-label wpforms-label-hide\" for=\"wpforms-5863-field_5\">Layout<\/label><div class=\"wpforms-field-layout-columns wpforms-field-layout-preset-50-50\"><div class=\"wpforms-layout-column wpforms-layout-column-50\"><div id=\"wpforms-5863-field_4-container\" class=\"wpforms-field wpforms-field-name\" data-field-id=\"4\"><label class=\"wpforms-field-label\" for=\"wpforms-5863-field_4\">Ad\u0131 Soyad\u0131 <span class=\"wpforms-required-label\">*<\/span><\/label><input type=\"text\" id=\"wpforms-5863-field_4\" class=\"wpforms-field-medium wpforms-field-required\" name=\"wpforms[fields][4]\" required><\/div><div id=\"wpforms-5863-field_6-container\" class=\"wpforms-field wpforms-field-text\" data-field-id=\"6\"><label class=\"wpforms-field-label\" for=\"wpforms-5863-field_6\">Firma Ad\u0131 <span class=\"wpforms-required-label\">*<\/span><\/label><input type=\"text\" id=\"wpforms-5863-field_6\" class=\"wpforms-field-medium wpforms-field-required\" name=\"wpforms[fields][6]\" required><\/div><\/div><div class=\"wpforms-layout-column wpforms-layout-column-50\"><div id=\"wpforms-5863-field_7-container\" class=\"wpforms-field wpforms-field-email\" data-field-id=\"7\"><label class=\"wpforms-field-label\" for=\"wpforms-5863-field_7\">E-Posta <span class=\"wpforms-required-label\">*<\/span><\/label><input type=\"email\" id=\"wpforms-5863-field_7\" class=\"wpforms-field-medium wpforms-field-required\" name=\"wpforms[fields][7]\" required><\/div><div id=\"wpforms-5863-field_8-container\" class=\"wpforms-field wpforms-field-phone\" data-field-id=\"8\"><label class=\"wpforms-field-label\" for=\"wpforms-5863-field_8\">Telefon <span class=\"wpforms-required-label\">*<\/span><\/label><input type=\"tel\" id=\"wpforms-5863-field_8\" class=\"wpforms-field-medium wpforms-field-required wpforms-smart-phone-field\" data-rule-smart-phone-field=\"true\" name=\"wpforms[fields][8]\" required><\/div><\/div><\/div><\/div><div id=\"wpforms-5863-field_9-container\" class=\"wpforms-field wpforms-field-select wpforms-field-select-style-classic\" data-field-id=\"9\"><label class=\"wpforms-field-label\" for=\"wpforms-5863-field_9\">A. L\u00fctfen yer almak istedi\u011finiz \u00e7al\u0131\u015fma grubunu se\u00e7iniz. <span class=\"wpforms-required-label\">*<\/span><\/label><select id=\"wpforms-5863-field_9\" class=\"wpforms-field-large wpforms-field-required\" name=\"wpforms[fields][9]\" required=\"required\"><option value=\"\u00c7EVRE VE \u0130\u015e G\u00dcVENL\u0130\u011e\u0130 \u00c7ALI\u015eMA GRUBU\" >\u00c7EVRE VE \u0130\u015e G\u00dcVENL\u0130\u011e\u0130 \u00c7ALI\u015eMA GRUBU<\/option><option value=\"\u00c7\u0130NKO ESASLI KAPLAMALAR \u00c7ALI\u015eMA GRUBU\" >\u00c7\u0130NKO ESASLI KAPLAMALAR \u00c7ALI\u015eMA GRUBU<\/option><option value=\"Cr, Ni, Cu (CNC) KAPLAMALAR \u00c7ALI\u015eMA GRUBU\" >Cr, Ni, Cu (CNC) KAPLAMALAR \u00c7ALI\u015eMA GRUBU<\/option><option value=\"DE\u011eERL\u0130 METALLER (DM) KAPLAMALAR \u00c7ALI\u015eMA GRUBU\" >DE\u011eERL\u0130 METALLER (DM) KAPLAMALAR \u00c7ALI\u015eMA GRUBU<\/option><option value=\"\u00d6N Y\u00dcZEY \u0130\u015eLEMLER \u00c7ALI\u015eMA GRUBU\" >\u00d6N Y\u00dcZEY \u0130\u015eLEMLER \u00c7ALI\u015eMA GRUBU<\/option><option value=\"TES\u0130S \u0130MALAT\u00c7ILARI VE OTOMASYON \u00c7ALI\u015eMA GRUBU\" >TES\u0130S \u0130MALAT\u00c7ILARI VE OTOMASYON \u00c7ALI\u015eMA GRUBU<\/option><\/select><\/div><div id=\"wpforms-5863-field_10-container\" class=\"wpforms-field wpforms-field-textarea\" data-field-id=\"10\"><label class=\"wpforms-field-label\" for=\"wpforms-5863-field_10\">B. L\u00fctfen a\u015fa\u011f\u0131daki alana birka\u00e7 c\u00fcmle ile kat\u0131lmak istedi\u011finiz grupla ilgili i\u00e7erik ve konu \u00f6nerilerinizi belirtir misiniz?<\/label><textarea id=\"wpforms-5863-field_10\" class=\"wpforms-field-medium\" name=\"wpforms[fields][10]\" ><\/textarea><\/div><div id=\"wpforms-5863-field_11-container\" class=\"wpforms-field wpforms-field-textarea\" data-field-id=\"11\"><label class=\"wpforms-field-label\" for=\"wpforms-5863-field_11\">C. L\u00fctfen a\u015fa\u011f\u0131daki alana birka\u00e7 c\u00fcmle ile kat\u0131lmak istedi\u011finiz grupla ilgili katk\u0131da bulunabilece\u011finiz konu ba\u015fl\u0131klar\u0131n\u0131 belirtir misiniz?<\/label><textarea id=\"wpforms-5863-field_11\" class=\"wpforms-field-medium\" name=\"wpforms[fields][11]\" ><\/textarea><\/div><div id=\"wpforms-5863-field_12-container\" class=\"wpforms-field wpforms-field-textarea\" data-field-id=\"12\"><label class=\"wpforms-field-label\" for=\"wpforms-5863-field_12\">D. L\u00fctfen a\u015fa\u011f\u0131daki alana belirtilen \u00e7al\u0131\u015fma gruplar\u0131na kat\u0131lmas\u0131n\u0131n olumlu katk\u0131 sa\u011flayaca\u011f\u0131n\u0131 d\u00fc\u015f\u00fcnd\u00fc\u011f\u00fcn\u00fcz ki\u015fi, kurum bilgilerini bizler ile payla\u015f\u0131r m\u0131s\u0131n\u0131z?<\/label><textarea id=\"wpforms-5863-field_12\" class=\"wpforms-field-medium\" name=\"wpforms[fields][12]\" ><\/textarea><\/div><div id=\"wpforms-5863-field_13-container\" class=\"wpforms-field wpforms-field-content\" data-field-id=\"13\"><div id=\"wpforms-5863-field_13\" class=\"wpforms-field-medium wpforms-field-row\" name=\"wpforms[fields][13]\"><p><span class=\"markedContent\" id=\"page30R_mcid12\">Gruplar\u0131n \u00e7al\u0131\u015fma esaslar\u0131 ve \u00fczerine \u00e7al\u0131\u015f\u0131lacak konular hakk\u0131nda kat\u0131l\u0131mc\u0131lar gruplar \u00e7al\u0131\u015fmaya ba\u015flamadan detayl\u0131 bir \u015fekilde bilgilendirilecektir.<\/span><\/p>\n<p><span class=\"markedContent\" id=\"page30R_mcid12\"><\/span><span class=\"markedContent\" id=\"page30R_mcid13\"><br \/>\n<\/span><span class=\"markedContent\" id=\"page30R_mcid13\">Te\u015fekk\u00fcr Ederiz<\/span><span class=\"markedContent\" id=\"page30R_mcid14\"><\/span><br \/>\n<b><span class=\"markedContent\" id=\"page30R_mcid14\">T\u00dcY\u0130DER Y.K.<\/span><\/b><\/p>\n<div class=\"wpforms-field-content-display-frontend-clear\"><\/div><\/div><\/div><\/div><div class=\"wpforms-submit-container\"><input type=\"hidden\" name=\"wpforms[id]\" value=\"5863\"><input type=\"hidden\" name=\"wpforms[author]\" value=\"14\"><button type=\"submit\" name=\"wpforms[submit]\" id=\"wpforms-submit-5863\" class=\"wpforms-submit\" data-alt-text=\"G\u00f6nderiliyor...\" data-submit-text=\"Formu g\u00f6nder\" aria-live=\"assertive\" value=\"wpforms-submit\">Formu g\u00f6nder<\/button><\/div><input type=\"hidden\" name=\"trp-form-language\" value=\"en\"\/><\/form><\/div>  <!-- .wpforms-container -->","protected":false},"excerpt":{"rendered":"","protected":false},"author":14,"featured_media":0,"parent":1070,"menu_order":0,"comment_status":"closed","ping_status":"closed","template":"","meta":{"footnotes":""},"class_list":["post-5797","page","type-page","status-publish","hentry"],"_links":{"self":[{"href":"https:\/\/www.tuyider.org\/en\/wp-json\/wp\/v2\/pages\/5797","targetHints":{"allow":["GET"]}}],"collection":[{"href":"https:\/\/www.tuyider.org\/en\/wp-json\/wp\/v2\/pages"}],"about":[{"href":"https:\/\/www.tuyider.org\/en\/wp-json\/wp\/v2\/types\/page"}],"author":[{"embeddable":true,"href":"https:\/\/www.tuyider.org\/en\/wp-json\/wp\/v2\/users\/14"}],"replies":[{"embeddable":true,"href":"https:\/\/www.tuyider.org\/en\/wp-json\/wp\/v2\/comments?post=5797"}],"version-history":[{"count":15,"href":"https:\/\/www.tuyider.org\/en\/wp-json\/wp\/v2\/pages\/5797\/revisions"}],"predecessor-version":[{"id":5866,"href":"https:\/\/www.tuyider.org\/en\/wp-json\/wp\/v2\/pages\/5797\/revisions\/5866"}],"up":[{"embeddable":true,"href":"https:\/\/www.tuyider.org\/en\/wp-json\/wp\/v2\/pages\/1070"}],"wp:attachment":[{"href":"https:\/\/www.tuyider.org\/en\/wp-json\/wp\/v2\/media?parent=5797"}],"curies":[{"name":"wp","href":"https:\/\/api.w.org\/{rel}","templated":true}]}}