{"id":5789,"date":"2022-12-28T19:38:18","date_gmt":"2022-12-28T16:38:18","guid":{"rendered":"https:\/\/www.tuyider.org\/?page_id=5789"},"modified":"2022-12-28T23:03:02","modified_gmt":"2022-12-28T20:03:02","slug":"calisma-gruplari-yonetmeligi","status":"publish","type":"page","link":"https:\/\/www.tuyider.org\/en\/calisma-gruplari\/calisma-gruplari-yonetmeligi\/","title":{"rendered":"\u00c7al\u0131\u015fma Gruplar\u0131 Y\u00f6netmeli\u011fi"},"content":{"rendered":"<div data-elementor-type=\"wp-page\" data-elementor-id=\"5789\" class=\"elementor elementor-5789\" data-elementor-post-type=\"page\">\n\t\t\t\t\t\t<section class=\"elementor-section elementor-top-section elementor-element elementor-element-66ee0fb elementor-section-boxed elementor-section-height-default elementor-section-height-default\" data-id=\"66ee0fb\" data-element_type=\"section\" data-e-type=\"section\">\n\t\t\t\t\t\t<div class=\"elementor-container elementor-column-gap-default\">\n\t\t\t\t\t<div class=\"elementor-column elementor-col-100 elementor-top-column elementor-element elementor-element-f1b2332\" data-id=\"f1b2332\" data-element_type=\"column\" data-e-type=\"column\">\n\t\t\t<div class=\"elementor-widget-wrap elementor-element-populated\">\n\t\t\t\t\t\t<div class=\"elementor-element elementor-element-ecd170b elementor-widget elementor-widget-text-editor\" data-id=\"ecd170b\" data-element_type=\"widget\" data-e-type=\"widget\" data-widget_type=\"text-editor.default\">\n\t\t\t\t<div class=\"elementor-widget-container\">\n\t\t\t\t\t\t\t\t\t<p>De\u011ferli u\u0308yemiz,<\/p>\n<p>Derne\u011fimiz T\u00dcY\u0130DER yu\u0308zey i\u015flem sekt\u00f6ru\u0308ne veri, ar\u015fiv, teknik bilgi, sekt\u00f6rel problemlerin analizi ve sekt\u00f6rde meydana gelen geli\u015fmeleri aktarmak amac\u0131yla \u00e7al\u0131\u015fma gruplar\u0131 olu\u015fturulmu\u015ftur.<\/p>\n<p>Lu\u0308tfen a\u015fa\u011f\u0131da listelenmi\u015f \u00e7al\u0131\u015fma gruplar\u0131ndan herhangi birinde yer almak isterseniz lu\u0308tfen a\u015fa\u011f\u0131daki formu doldurarak bize iletiniz. Gruplarda kendiniz yer alabilece\u011finiz gibi firman\u0131zdan bir ki\u015fiyi de g\u00f6revlendirebilirsiniz.<\/p>\n<p>\u00a0<\/p>\n<h5>T\u00dcY\u0130DER \u00c7ALI\u015eMA GRUPLARI Y\u00d6NETMEL\u0130\u011e\u0130 VE \u00c7ALI\u015eMA ESASLARI<\/h5>\n<ul>\n<li>T\u00dcY\u0130DER yu\u0308zey i\u015flem sekt\u00f6ru\u0308ne veri, teknik bilgi ve sekt\u00f6rde meydana gelen geli\u015fmeleri aktarmak amac\u0131yla su\u0308reli veya su\u0308resiz \u00e7al\u0131\u015fma gruplar\u0131 olu\u015fturur.<\/li>\n<li>Esaslar tu\u0308zu\u0308\u011fu\u0308mu\u0308zu\u0308n 32. Maddesine g\u00f6re haz\u0131rlanm\u0131\u015ft\u0131r.<\/li>\n<li>\u00c7al\u0131\u015fma grubu i\u00e7inde y\u00f6netim kurulundaki u\u0308yelerden en az bir ki\u015fi veya g\u00f6revlendirece\u011fi konusunda uzman bir ki\u015fi mutlaka izleyici veya g\u00f6zlemci olarak bulunmal\u0131 ve \u00e7al\u0131\u015fmalara kat\u0131lmal\u0131 ve katk\u0131 sa\u011flamal\u0131d\u0131r.<\/li>\n<li>\u00c7al\u0131\u015fma gruplar\u0131n\u0131n olu\u015fturulmas\u0131, belirli bir takvim i\u00e7inde \u00e7al\u0131\u015fma su\u0308resi, \u00e7al\u0131\u015fma plan\u0131, yetkilendirme ve feshi y\u00f6netim kuruluna aittir.<\/li>\n<li>\u00c7al\u0131\u015fma gruplar\u0131nda dernek u\u0308yeleri ve derne\u011fe u\u0308ye olmayan, konusunda uzman ki\u015filer ve akademisyenler de kat\u0131labilir. \u00c7al\u0131\u015fma gruplar\u0131 say\u0131lar\u0131 toplamda min. 5 ki\u015fi max. 11 ki\u015fi ile s\u0131n\u0131rl\u0131d\u0131r.<\/li>\n<li>\u00c7al\u0131\u015fma gruplar\u0131 kararla\u015ft\u0131rd\u0131klar\u0131 konularla, projeler ile ilgili ayl\u0131k veya daha s\u0131k toplant\u0131larla (\u00e7evrim i\u00e7i veya yu\u0308z yu\u0308ze) \u00f6nceden belirlenmi\u015f bir gu\u0308ndemle du\u0308zenli toplant\u0131lar yapar. Bu toplant\u0131lar\u0131n tutanaklar\u0131 veya kay\u0131tlar\u0131 haz\u0131rlanarak ilerleme raporlar\u0131 haz\u0131rlar ve y\u00f6netim kuruluna e-mail ile yapar veya gerekli g\u00f6ru\u0308lmesi halinde a\u00e7\u0131k toplant\u0131 du\u0308zeninde sunarlar.<\/li>\n<li>\u00c7al\u0131\u015fma gruplar\u0131n\u0131n i\u015flerini yu\u0308ru\u0308tu\u0308rken gerekli olan harcamalar i\u00e7in YK\u2019 na gerek\u00e7eli bu\u0308t\u00e7e sunar, yetki ve onay almas\u0131 gerekir.<\/li>\n<li>\u00c7al\u0131\u015fma gruplar\u0131 taraf\u0131ndan u\u0308retilen her tu\u0308rlu\u0308 bilgi, belge ve malzemenin yay\u0131n hakk\u0131 T\u00dcY\u0130DER\u2019e aittir.<\/li>\n<\/ul>\t\t\t\t\t\t\t\t<\/div>\n\t\t\t\t<\/div>\n\t\t\t\t\t<\/div>\n\t\t<\/div>\n\t\t\t\t\t<\/div>\n\t\t<\/section>\n\t\t\t\t<\/div>","protected":false},"excerpt":{"rendered":"<p>De\u011ferli u\u0308yemiz, Derne\u011fimiz T\u00dcY\u0130DER yu\u0308zey i\u015flem sekt\u00f6ru\u0308ne veri, ar\u015fiv, teknik bilgi, sekt\u00f6rel problemlerin analizi ve sekt\u00f6rde meydana gelen geli\u015fmeleri aktarmak amac\u0131yla \u00e7al\u0131\u015fma gruplar\u0131 olu\u015fturulmu\u015ftur. Lu\u0308tfen a\u015fa\u011f\u0131da listelenmi\u015f \u00e7al\u0131\u015fma gruplar\u0131ndan herhangi birinde yer almak isterseniz lu\u0308tfen a\u015fa\u011f\u0131daki formu doldurarak bize iletiniz&#8230;.<\/p>","protected":false},"author":14,"featured_media":0,"parent":1070,"menu_order":0,"comment_status":"closed","ping_status":"closed","template":"","meta":{"footnotes":""},"class_list":["post-5789","page","type-page","status-publish","hentry"],"_links":{"self":[{"href":"https:\/\/www.tuyider.org\/en\/wp-json\/wp\/v2\/pages\/5789","targetHints":{"allow":["GET"]}}],"collection":[{"href":"https:\/\/www.tuyider.org\/en\/wp-json\/wp\/v2\/pages"}],"about":[{"href":"https:\/\/www.tuyider.org\/en\/wp-json\/wp\/v2\/types\/page"}],"author":[{"embeddable":true,"href":"https:\/\/www.tuyider.org\/en\/wp-json\/wp\/v2\/users\/14"}],"replies":[{"embeddable":true,"href":"https:\/\/www.tuyider.org\/en\/wp-json\/wp\/v2\/comments?post=5789"}],"version-history":[{"count":7,"href":"https:\/\/www.tuyider.org\/en\/wp-json\/wp\/v2\/pages\/5789\/revisions"}],"predecessor-version":[{"id":5933,"href":"https:\/\/www.tuyider.org\/en\/wp-json\/wp\/v2\/pages\/5789\/revisions\/5933"}],"up":[{"embeddable":true,"href":"https:\/\/www.tuyider.org\/en\/wp-json\/wp\/v2\/pages\/1070"}],"wp:attachment":[{"href":"https:\/\/www.tuyider.org\/en\/wp-json\/wp\/v2\/media?parent=5789"}],"curies":[{"name":"wp","href":"https:\/\/api.w.org\/{rel}","templated":true}]}}