{"id":561,"date":"2020-11-18T18:54:01","date_gmt":"2020-11-18T15:54:01","guid":{"rendered":"http:\/\/www.tuyider.nanotasarim.com\/?page_id=561"},"modified":"2021-04-07T14:07:09","modified_gmt":"2021-04-07T11:07:09","slug":"uyelik-turleri","status":"publish","type":"page","link":"https:\/\/www.tuyider.org\/en\/uyelik-turleri\/","title":{"rendered":"Membership Types"},"content":{"rendered":"<div data-elementor-type=\"wp-page\" data-elementor-id=\"561\" class=\"elementor elementor-561\" data-elementor-post-type=\"page\">\n\t\t\t\t\t\t<section class=\"elementor-section elementor-top-section elementor-element elementor-element-c56342c elementor-section-boxed elementor-section-height-default elementor-section-height-default\" data-id=\"c56342c\" data-element_type=\"section\" data-e-type=\"section\">\n\t\t\t\t\t\t<div class=\"elementor-container elementor-column-gap-default\">\n\t\t\t\t\t<div class=\"elementor-column elementor-col-100 elementor-top-column elementor-element elementor-element-1434df1\" data-id=\"1434df1\" data-element_type=\"column\" data-e-type=\"column\">\n\t\t\t<div class=\"elementor-widget-wrap elementor-element-populated\">\n\t\t\t\t\t\t<div class=\"elementor-element elementor-element-99a8dc9 elementor-widget elementor-widget-text-editor\" data-id=\"99a8dc9\" data-element_type=\"widget\" data-e-type=\"widget\" data-widget_type=\"text-editor.default\">\n\t\t\t\t<div class=\"elementor-widget-container\">\n\t\t\t\t\t\t\t\t\t<p>Her \u00fcyenin genel kurulda bir oy hakk\u0131 vard\u0131r; \u00fcye, oyunu \u015fahsen kullanmak zorundad\u0131r. Onursal \u00fcyelerin oy hakk\u0131 bulunmamaktad\u0131r.<\/p><p>Dernek \u00fcyeleri e\u015fit haklara sahiptir. Her \u00fcyenin, derne\u011fin faaliyetlerine ve y\u00f6netimine kat\u0131lma hakk\u0131 vard\u0131r.<\/p><p>Derne\u011fin \u00fcyelik t\u00fcrleri: Asil ve Onursal olmak \u00fczere iki t\u00fcrl\u00fcd\u00fcr.<\/p><ol><li><strong>Asil \u00dcyelik:<\/strong> A\u015fa\u011f\u0131da i\u015ftigal alanlar\u0131 belirtilen ger\u00e7ek veya t\u00fczel ki\u015filer derne\u011fe Asil \u00fcye olabilirler.<\/li><\/ol><ol><li style=\"list-style-type: none;\"><ul><li>Ana faaliyet konusu Y\u00fczey \u0130\u015flem olan t\u00fcm \u0130\u015fletmeler<\/li><li>Temizleme ve Y\u0131kama \u00dcretim \u0130\u015fletmeleri<\/li><li>Ar\u0131tma ve Geri Kazan\u0131m Tesis, \u00dcnite ve Donan\u0131m \u00dcretici ve Tedarik\u00e7ileri<\/li><li>Temizleme ve Y\u0131kama Kimyasal Baz Malzeme \u00dcretici ve Tedarik\u00e7ileri<\/li><li>Kaplama \u00dcretim \u0130\u015fletmeleri<\/li><li>Kaplama Tesis, \u00dcnite ve Donan\u0131m \u00dcretici ve Tedarik\u00e7ileri<\/li><li>Kaplama Kimyasal Baz Malzeme \u00dcretici ve Tedarik\u00e7ileri<\/li><li>Kumlama ve Boyama \u00dcretim \u0130\u015fletmeleri<\/li><li>Kumlama, Boyama Tesis, \u00dcnite, Donan\u0131m \u00dcretici ve Tedarik\u00e7ileri<\/li><li>Kumlama, Boyama Kimyasal Baz Malzeme \u00dcretici ve Tedarik\u00e7ileri<\/li><li>Y\u00fczey \u0130\u015flem ile ilgili b\u00fcnyesinde \u00fcretim vb. faaliyeti bulunan fakat ana faaliyet konusu y\u00fczey \u0130\u015flem olmayan ana ve yan sanayi i\u015fletmeleri<\/li><li>Y\u00f6netim kurulunun kanaat ve oluru ile sekt\u00f6r kapsam\u0131nda ya da ili\u015fkili, Asil \u00fcyelerin \u00e7al\u0131\u015fanlar\u0131 ve y\u00fczey i\u015flem sekt\u00f6r\u00fc profesyonelleri ger\u00e7ek ki\u015filer Asil \u00fcye olabilirler. Bu \u00fcyeler genel kurul toplant\u0131lar\u0131na kat\u0131labilir ancak oy kullanamazlar.<\/li><\/ul><\/li><li><strong>Onursal \u00dcyelik:<\/strong> Ge\u00e7mi\u015f y\u0131llarda, T\u00fcrkiye\u2019de sekt\u00f6r\u00fcn yayg\u0131nla\u015fmas\u0131 yolunda \u00e7al\u0131\u015fmalar\u0131 bulunan veya derne\u011fin geli\u015fmesine maddi ve\/veya manevi bak\u0131mdan b\u00fcy\u00fck katk\u0131lar\u0131 bulunan ki\u015filer, ara\u015ft\u0131rma Kurum ve kurulu\u015flar\u0131, ve akademisyenler onursal \u00fcye olarak kabul edilebilirler. Bu \u00fcyeler genel kurul toplant\u0131lar\u0131na kat\u0131labilir ancak oy kullanamazlar. Onursal \u00fcyeler isterlerse aidat verebilirler.<\/li><\/ol>\t\t\t\t\t\t\t\t<\/div>\n\t\t\t\t<\/div>\n\t\t\t\t\t<\/div>\n\t\t<\/div>\n\t\t\t\t\t<\/div>\n\t\t<\/section>\n\t\t\t\t<\/div>","protected":false},"excerpt":{"rendered":"<p>Her \u00fcyenin genel kurulda bir oy hakk\u0131 vard\u0131r; \u00fcye, oyunu \u015fahsen kullanmak zorundad\u0131r. Onursal \u00fcyelerin oy hakk\u0131 bulunmamaktad\u0131r. Dernek \u00fcyeleri e\u015fit haklara sahiptir. Her \u00fcyenin, derne\u011fin faaliyetlerine ve y\u00f6netimine kat\u0131lma hakk\u0131 vard\u0131r. Derne\u011fin \u00fcyelik t\u00fcrleri: Asil ve Onursal olmak \u00fczere&#8230;<\/p>","protected":false},"author":14,"featured_media":0,"parent":0,"menu_order":0,"comment_status":"closed","ping_status":"closed","template":"","meta":{"footnotes":""},"class_list":["post-561","page","type-page","status-publish","hentry"],"_links":{"self":[{"href":"https:\/\/www.tuyider.org\/en\/wp-json\/wp\/v2\/pages\/561","targetHints":{"allow":["GET"]}}],"collection":[{"href":"https:\/\/www.tuyider.org\/en\/wp-json\/wp\/v2\/pages"}],"about":[{"href":"https:\/\/www.tuyider.org\/en\/wp-json\/wp\/v2\/types\/page"}],"author":[{"embeddable":true,"href":"https:\/\/www.tuyider.org\/en\/wp-json\/wp\/v2\/users\/14"}],"replies":[{"embeddable":true,"href":"https:\/\/www.tuyider.org\/en\/wp-json\/wp\/v2\/comments?post=561"}],"version-history":[{"count":8,"href":"https:\/\/www.tuyider.org\/en\/wp-json\/wp\/v2\/pages\/561\/revisions"}],"predecessor-version":[{"id":4241,"href":"https:\/\/www.tuyider.org\/en\/wp-json\/wp\/v2\/pages\/561\/revisions\/4241"}],"wp:attachment":[{"href":"https:\/\/www.tuyider.org\/en\/wp-json\/wp\/v2\/media?parent=561"}],"curies":[{"name":"wp","href":"https:\/\/api.w.org\/{rel}","templated":true}]}}