{"id":556,"date":"2020-11-18T18:52:59","date_gmt":"2020-11-18T15:52:59","guid":{"rendered":"http:\/\/www.tuyider.nanotasarim.com\/?page_id=556"},"modified":"2026-02-09T04:15:52","modified_gmt":"2026-02-09T01:15:52","slug":"neden-uye-olmaliyiz","status":"publish","type":"page","link":"https:\/\/www.tuyider.org\/en\/neden-uye-olmaliyiz\/","title":{"rendered":"Why T\u00fcyider Membership"},"content":{"rendered":"<div data-elementor-type=\"wp-page\" data-elementor-id=\"556\" class=\"elementor elementor-556\" data-elementor-post-type=\"page\">\n\t\t\t\t\t\t<section class=\"elementor-section elementor-top-section elementor-element elementor-element-c5e5ef2 elementor-section-boxed elementor-section-height-default elementor-section-height-default\" data-id=\"c5e5ef2\" data-element_type=\"section\" data-e-type=\"section\">\n\t\t\t\t\t\t<div class=\"elementor-container elementor-column-gap-default\">\n\t\t\t\t\t<div class=\"elementor-column elementor-col-66 elementor-top-column elementor-element elementor-element-c3c2ad4\" data-id=\"c3c2ad4\" data-element_type=\"column\" data-e-type=\"column\">\n\t\t\t<div class=\"elementor-widget-wrap elementor-element-populated\">\n\t\t\t\t\t\t<div class=\"elementor-element elementor-element-4e84082 elementor-widget elementor-widget-heading\" data-id=\"4e84082\" data-element_type=\"widget\" data-e-type=\"widget\" data-widget_type=\"heading.default\">\n\t\t\t\t<div class=\"elementor-widget-container\">\n\t\t\t\t\t<h3 class=\"elementor-heading-title elementor-size-default\">Neden \u00dcye Olmal\u0131y\u0131m?<\/h3>\t\t\t\t<\/div>\n\t\t\t\t<\/div>\n\t\t\t\t<div class=\"elementor-element elementor-element-f52387b elementor-widget elementor-widget-text-editor\" data-id=\"f52387b\" data-element_type=\"widget\" data-e-type=\"widget\" data-widget_type=\"text-editor.default\">\n\t\t\t\t<div class=\"elementor-widget-container\">\n\t\t\t\t\t\t\t\t\t<ul><li>Sekt\u00f6r\u00fcn sesini duyurmak<\/li><li>Sekt\u00f6rle ilgili herkesi bir \u00e7at\u0131 alt\u0131nda toplay\u0131p uluslararas\u0131 rekabet g\u00fcc\u00fcm\u00fcz\u00fc artt\u0131rmak.<\/li><li>Tecr\u00fcbe ve bilgi payla\u015f\u0131m\u0131n\u0131 artt\u0131rarak sekt\u00f6r\u00fc geli\u015ftirmek<\/li><li>Bilirki\u015fi olarak do\u011fru y\u00f6nlendirme sa\u011flamak<\/li><li>Sekt\u00f6r haberlerini payla\u015fmak (ihale-mevzuat-d\u00fczenleme)<\/li><li>Sertifika ve belge veren kurulu\u015f olmak<\/li><li>Sekt\u00f6rdeki bilgi kirlili\u011fini kald\u0131r\u0131p, g\u00fcvenirlili\u011fi artt\u0131rmak<\/li><li>\u00dcyelere hizmet sekt\u00f6rlerinde \u00e7e\u015fitli avantajlar sa\u011flamak<\/li><li>\u00dcye i\u015fyerinin \u00e7al\u0131\u015fanlar\u0131n\u0131n da avantajlardan faydalanmas\u0131<\/li><li>Dan\u0131\u015f\u0131lan bir kurum (vergi-kdv-istihdam) olmak.<\/li><li>Dernek web sitesi ve sosyal medya ile sekt\u00f6rel yeniliklerinin ve haberlerinin geni\u015f kitlelere ula\u015ft\u0131rmak<\/li><li>Sekt\u00f6r\u00fcm\u00fcz ile ilgili istatistiki verilere ula\u015fmak<\/li><li>Sekt\u00f6rle ilgili ara eleman s\u0131k\u0131nt\u0131s\u0131n\u0131 \u00e7\u00f6zecek e\u011fitimleri planlayacak olmas\u0131<\/li><li>Sekt\u00f6rle ilgili analiz\/rapor hizmeti verebilme kabiliyeti olan<\/li><li>Personel e\u011fitimlerini planlamak<\/li><li>Sosyal sorumluluk projelerine katk\u0131 sa\u011flamak<\/li><li>Sekt\u00f6rel konferanslara, forumlara, fuarlara, dergilere sahip olmak<\/li><li>Sekt\u00f6rle ilgili kalifiye personellere ula\u015fmak<\/li><\/ul>\t\t\t\t\t\t\t\t<\/div>\n\t\t\t\t<\/div>\n\t\t\t\t<div class=\"elementor-element elementor-element-a921399 elementor-align-center elementor-widget elementor-widget-button\" data-id=\"a921399\" data-element_type=\"widget\" data-e-type=\"widget\" data-widget_type=\"button.default\">\n\t\t\t\t<div class=\"elementor-widget-container\">\n\t\t\t\t\t\t\t\t\t<div class=\"elementor-button-wrapper\">\n\t\t\t\t\t<a class=\"elementor-button elementor-button-link elementor-size-lg\" href=\"https:\/\/www.tuyider.org\/en\/uyelik-islemleri\/\">\n\t\t\t\t\t\t<span class=\"elementor-button-content-wrapper\">\n\t\t\t\t\t\t\t\t\t<span class=\"elementor-button-text\">\u00dcye Olmak \u0130stiyorum<\/span>\n\t\t\t\t\t<\/span>\n\t\t\t\t\t<\/a>\n\t\t\t\t<\/div>\n\t\t\t\t\t\t\t\t<\/div>\n\t\t\t\t<\/div>\n\t\t\t\t\t<\/div>\n\t\t<\/div>\n\t\t\t\t<div class=\"elementor-column elementor-col-33 elementor-top-column elementor-element elementor-element-99d12c1\" data-id=\"99d12c1\" data-element_type=\"column\" data-e-type=\"column\">\n\t\t\t<div class=\"elementor-widget-wrap elementor-element-populated\">\n\t\t\t\t\t\t<div class=\"elementor-element elementor-element-4d5dcb0 elementor-widget elementor-widget-image\" data-id=\"4d5dcb0\" data-element_type=\"widget\" data-e-type=\"widget\" data-widget_type=\"image.default\">\n\t\t\t\t<div class=\"elementor-widget-container\">\n\t\t\t\t\t\t\t\t\t\t\t\t\t\t\t<img fetchpriority=\"high\" decoding=\"async\" width=\"576\" height=\"1024\" src=\"https:\/\/www.tuyider.org\/wp-content\/uploads\/2020\/11\/photo-2-576x1024.jpg\" class=\"attachment-large size-large wp-image-437\" alt=\"\" srcset=\"https:\/\/www.tuyider.org\/wp-content\/uploads\/2020\/11\/photo-2-576x1024.jpg 576w, https:\/\/www.tuyider.org\/wp-content\/uploads\/2020\/11\/photo-2-169x300.jpg 169w, https:\/\/www.tuyider.org\/wp-content\/uploads\/2020\/11\/photo-2-768x1365.jpg 768w, https:\/\/www.tuyider.org\/wp-content\/uploads\/2020\/11\/photo-2-864x1536.jpg 864w, https:\/\/www.tuyider.org\/wp-content\/uploads\/2020\/11\/photo-2.jpg 1080w\" sizes=\"(max-width: 576px) 100vw, 576px\" \/>\t\t\t\t\t\t\t\t\t\t\t\t\t\t\t<\/div>\n\t\t\t\t<\/div>\n\t\t\t\t\t<\/div>\n\t\t<\/div>\n\t\t\t\t\t<\/div>\n\t\t<\/section>\n\t\t\t\t<section class=\"elementor-section elementor-top-section elementor-element elementor-element-298a98a elementor-section-boxed elementor-section-height-default elementor-section-height-default\" data-id=\"298a98a\" data-element_type=\"section\" data-e-type=\"section\">\n\t\t\t\t\t\t<div class=\"elementor-container elementor-column-gap-default\">\n\t\t\t\t\t<div class=\"elementor-column elementor-col-100 elementor-top-column elementor-element elementor-element-36e1b40\" data-id=\"36e1b40\" data-element_type=\"column\" data-e-type=\"column\">\n\t\t\t<div class=\"elementor-widget-wrap elementor-element-populated\">\n\t\t\t\t\t\t<div class=\"elementor-element elementor-element-2880e3d elementor-widget elementor-widget-spacer\" data-id=\"2880e3d\" data-element_type=\"widget\" data-e-type=\"widget\" data-widget_type=\"spacer.default\">\n\t\t\t\t<div class=\"elementor-widget-container\">\n\t\t\t\t\t\t\t<div class=\"elementor-spacer\">\n\t\t\t<div class=\"elementor-spacer-inner\"><\/div>\n\t\t<\/div>\n\t\t\t\t\t\t<\/div>\n\t\t\t\t<\/div>\n\t\t\t\t\t<\/div>\n\t\t<\/div>\n\t\t\t\t\t<\/div>\n\t\t<\/section>\n\t\t\t\t<\/div>","protected":false},"excerpt":{"rendered":"<p>Neden \u00dcye Olmal\u0131y\u0131m? Sekt\u00f6r\u00fcn sesini duyurmak Sekt\u00f6rle ilgili herkesi bir \u00e7at\u0131 alt\u0131nda toplay\u0131p uluslararas\u0131 rekabet g\u00fcc\u00fcm\u00fcz\u00fc artt\u0131rmak. Tecr\u00fcbe ve bilgi payla\u015f\u0131m\u0131n\u0131 artt\u0131rarak sekt\u00f6r\u00fc geli\u015ftirmek Bilirki\u015fi olarak do\u011fru y\u00f6nlendirme sa\u011flamak Sekt\u00f6r haberlerini payla\u015fmak (ihale-mevzuat-d\u00fczenleme) Sertifika ve belge veren kurulu\u015f olmak Sekt\u00f6rdeki&#8230;<\/p>","protected":false},"author":14,"featured_media":0,"parent":0,"menu_order":0,"comment_status":"closed","ping_status":"closed","template":"","meta":{"footnotes":""},"class_list":["post-556","page","type-page","status-publish","hentry"],"_links":{"self":[{"href":"https:\/\/www.tuyider.org\/en\/wp-json\/wp\/v2\/pages\/556","targetHints":{"allow":["GET"]}}],"collection":[{"href":"https:\/\/www.tuyider.org\/en\/wp-json\/wp\/v2\/pages"}],"about":[{"href":"https:\/\/www.tuyider.org\/en\/wp-json\/wp\/v2\/types\/page"}],"author":[{"embeddable":true,"href":"https:\/\/www.tuyider.org\/en\/wp-json\/wp\/v2\/users\/14"}],"replies":[{"embeddable":true,"href":"https:\/\/www.tuyider.org\/en\/wp-json\/wp\/v2\/comments?post=556"}],"version-history":[{"count":7,"href":"https:\/\/www.tuyider.org\/en\/wp-json\/wp\/v2\/pages\/556\/revisions"}],"predecessor-version":[{"id":7773,"href":"https:\/\/www.tuyider.org\/en\/wp-json\/wp\/v2\/pages\/556\/revisions\/7773"}],"wp:attachment":[{"href":"https:\/\/www.tuyider.org\/en\/wp-json\/wp\/v2\/media?parent=556"}],"curies":[{"name":"wp","href":"https:\/\/api.w.org\/{rel}","templated":true}]}}