{"id":5373,"date":"2022-10-05T16:27:34","date_gmt":"2022-10-05T13:27:34","guid":{"rendered":"https:\/\/www.tuyider.org\/?page_id=5373"},"modified":"2022-10-05T16:35:57","modified_gmt":"2022-10-05T13:35:57","slug":"bursa-sube-uyelerimiz","status":"publish","type":"page","link":"https:\/\/www.tuyider.org\/en\/uyelik\/bursa-sube-uyelerimiz\/","title":{"rendered":"Bursa \u015eube \u00dcyelerimiz"},"content":{"rendered":"<div data-elementor-type=\"wp-page\" data-elementor-id=\"5373\" class=\"elementor elementor-5373\" data-elementor-post-type=\"page\">\n\t\t\t\t\t\t<section class=\"elementor-section elementor-top-section elementor-element elementor-element-19b45c4 elementor-section-boxed elementor-section-height-default elementor-section-height-default\" data-id=\"19b45c4\" data-element_type=\"section\" data-e-type=\"section\">\n\t\t\t\t\t\t<div class=\"elementor-container elementor-column-gap-default\">\n\t\t\t\t\t<div class=\"elementor-column elementor-col-100 elementor-top-column elementor-element elementor-element-4f5060a\" data-id=\"4f5060a\" data-element_type=\"column\" data-e-type=\"column\">\n\t\t\t<div class=\"elementor-widget-wrap elementor-element-populated\">\n\t\t\t\t\t\t<div class=\"elementor-element elementor-element-6ffdfe7 elementor-widget elementor-widget-shortcode\" data-id=\"6ffdfe7\" data-element_type=\"widget\" data-e-type=\"widget\" data-widget_type=\"shortcode.default\">\n\t\t\t\t<div class=\"elementor-widget-container\">\n\t\t\t\t\t\t\t<div class=\"elementor-shortcode\"><link rel=\"stylesheet\" type=\"text\/css\" href=\"https:\/\/www.tuyider.org\/wp-content\/plugins\/indeed-membership-pro\/public\/listing_users\/themes\/ihc-theme_4\/style.css\"><link rel=\"stylesheet\" type=\"text\/css\" href=\"https:\/\/www.tuyider.org\/wp-content\/plugins\/indeed-membership-pro\/public\/listing_users\/assets\/css\/layouts.css\"><div id='ihc_public_list_users_8658'><div class='style_ee3733'><div class='ihc-theme_4'><div class='ihc-wrapp-list-users'><div class='ihc-content-user-list' id='indeed_carousel_view_widget_8407' ><ul id='ihc_list_users_ul_430_1'><li style = ' width: calc(100% - 1px)' >\n<div class=\"team-member\">\n<div class=\"member-img\">\n \t<a #>\n \t<img decoding=\"async\" title=\"ULUKAN BOYA SAN. VE T\u0130C. LTD. \u015eT\u0130.\" src=\"https:\/\/www.tuyider.org\/wp-content\/uploads\/2022\/10\/ulukanboya-150x150.png\" alt=\"\"\/>\n\t<\/a>\n<\/div>\n<div class=\"member-content\">\n<div class=\"member-name\">\nULUKAN BOYA SAN. VE T\u0130C. LTD. \u015eT\u0130.\n<\/div>\n<div class=\"member-username\">\n- \n <\/div>\n<div class=\"member-social\">\n\n<\/div>\n<div class=\"member-email\">\n<a href=\"mailto:\" target=\"_blank\"><\/a>\n<\/div>\n<div class=\"member-extra-fields\">\n<div class=\"member-extra-single-field\"><span class=\"ihc-user-list-label\">Website <\/span><span class=\"ihc-user-list-label-result\"><a href=\"http:\/\/www.ulukanboya.com\" target=\"_blank\" rel=\"noopener\">www.ulukanboya.com<\/a><\/span><div class=\"ihc-clear\"><\/div><\/div>\n<\/div>\n<\/div>\n <div class=\"clear\"><\/div>\n<\/li><li style = ' width: calc(100% - 1px)' >\n<div class=\"team-member\">\n<div class=\"member-img\">\n \t<a #>\n \t<img decoding=\"async\" title=\"V\u0130STA METAL PLAST\u0130K MOB\u0130LYA AKS. LTD. \u015eT\u0130.\" src=\"https:\/\/www.tuyider.org\/wp-content\/uploads\/2022\/10\/vista-logo-150x150.png\" alt=\"\"\/>\n\t<\/a>\n<\/div>\n<div class=\"member-content\">\n<div class=\"member-name\">\nV\u0130STA METAL PLAST\u0130K MOB\u0130LYA AKS. LTD. \u015eT\u0130.\n<\/div>\n<div class=\"member-username\">\n- \n <\/div>\n<div class=\"member-social\">\n\n<\/div>\n<div class=\"member-email\">\n<a href=\"mailto:\" target=\"_blank\"><\/a>\n<\/div>\n<div class=\"member-extra-fields\">\n<div class=\"member-extra-single-field\"><span class=\"ihc-user-list-label\">Website <\/span><span class=\"ihc-user-list-label-result\"><a href=\"https:\/\/vistametal.com.tr\" target=\"_blank\" rel=\"noopener\">vistametal.com.tr<\/a><\/span><div class=\"ihc-clear\"><\/div><\/div>\n<\/div>\n<\/div>\n <div class=\"clear\"><\/div>\n<\/li><div class='ihc-clear'><\/div><\/ul><\/div><\/div><\/div><\/div><\/div><\/div>\n\t\t\t\t\t\t<\/div>\n\t\t\t\t<\/div>\n\t\t\t\t\t<\/div>\n\t\t<\/div>\n\t\t\t\t\t<\/div>\n\t\t<\/section>\n\t\t\t\t<\/div>","protected":false},"excerpt":{"rendered":"","protected":false},"author":2,"featured_media":0,"parent":551,"menu_order":0,"comment_status":"closed","ping_status":"closed","template":"","meta":{"footnotes":""},"class_list":["post-5373","page","type-page","status-publish","hentry"],"_links":{"self":[{"href":"https:\/\/www.tuyider.org\/en\/wp-json\/wp\/v2\/pages\/5373","targetHints":{"allow":["GET"]}}],"collection":[{"href":"https:\/\/www.tuyider.org\/en\/wp-json\/wp\/v2\/pages"}],"about":[{"href":"https:\/\/www.tuyider.org\/en\/wp-json\/wp\/v2\/types\/page"}],"author":[{"embeddable":true,"href":"https:\/\/www.tuyider.org\/en\/wp-json\/wp\/v2\/users\/2"}],"replies":[{"embeddable":true,"href":"https:\/\/www.tuyider.org\/en\/wp-json\/wp\/v2\/comments?post=5373"}],"version-history":[{"count":5,"href":"https:\/\/www.tuyider.org\/en\/wp-json\/wp\/v2\/pages\/5373\/revisions"}],"predecessor-version":[{"id":5379,"href":"https:\/\/www.tuyider.org\/en\/wp-json\/wp\/v2\/pages\/5373\/revisions\/5379"}],"up":[{"embeddable":true,"href":"https:\/\/www.tuyider.org\/en\/wp-json\/wp\/v2\/pages\/551"}],"wp:attachment":[{"href":"https:\/\/www.tuyider.org\/en\/wp-json\/wp\/v2\/media?parent=5373"}],"curies":[{"name":"wp","href":"https:\/\/api.w.org\/{rel}","templated":true}]}}