{"id":513,"date":"2020-11-18T01:10:39","date_gmt":"2020-11-17T22:10:39","guid":{"rendered":"http:\/\/www.tuyider.nanotasarim.com\/?page_id=513"},"modified":"2026-02-09T04:13:44","modified_gmt":"2026-02-09T01:13:44","slug":"yonetimin-mesaji","status":"publish","type":"page","link":"https:\/\/www.tuyider.org\/en\/yonetim-tuyider\/yonetimin-mesaji\/","title":{"rendered":"From The Chairman"},"content":{"rendered":"<div data-elementor-type=\"wp-page\" data-elementor-id=\"513\" class=\"elementor elementor-513\" data-elementor-post-type=\"page\">\n\t\t\t\t\t\t<section class=\"elementor-section elementor-top-section elementor-element elementor-element-c5e5ef2 elementor-section-boxed elementor-section-height-default elementor-section-height-default\" data-id=\"c5e5ef2\" data-element_type=\"section\" data-e-type=\"section\">\n\t\t\t\t\t\t<div class=\"elementor-container elementor-column-gap-default\">\n\t\t\t\t\t<div class=\"elementor-column elementor-col-100 elementor-top-column elementor-element elementor-element-c3c2ad4\" data-id=\"c3c2ad4\" data-element_type=\"column\" data-e-type=\"column\">\n\t\t\t<div class=\"elementor-widget-wrap elementor-element-populated\">\n\t\t\t\t\t\t<div class=\"elementor-element elementor-element-4c63815 elementor-grid-1 elementor-grid-tablet-2 elementor-grid-mobile-1 elementor-posts--thumbnail-top elementor-card-shadow-yes elementor-posts__hover-gradient elementor-widget elementor-widget-posts\" data-id=\"4c63815\" data-element_type=\"widget\" data-e-type=\"widget\" data-settings=\"{&quot;cards_columns&quot;:&quot;1&quot;,&quot;cards_columns_tablet&quot;:&quot;2&quot;,&quot;cards_columns_mobile&quot;:&quot;1&quot;,&quot;cards_row_gap&quot;:{&quot;unit&quot;:&quot;px&quot;,&quot;size&quot;:35,&quot;sizes&quot;:[]},&quot;cards_row_gap_tablet_extra&quot;:{&quot;unit&quot;:&quot;px&quot;,&quot;size&quot;:&quot;&quot;,&quot;sizes&quot;:[]},&quot;cards_row_gap_tablet&quot;:{&quot;unit&quot;:&quot;px&quot;,&quot;size&quot;:&quot;&quot;,&quot;sizes&quot;:[]},&quot;cards_row_gap_mobile&quot;:{&quot;unit&quot;:&quot;px&quot;,&quot;size&quot;:&quot;&quot;,&quot;sizes&quot;:[]}}\" data-widget_type=\"posts.cards\">\n\t\t\t\t<div class=\"elementor-widget-container\">\n\t\t\t\t\t\t\t<div class=\"elementor-posts-container elementor-posts elementor-posts--skin-cards elementor-grid\" role=\"list\">\n\t\t\t\t<article class=\"elementor-post elementor-grid-item post-6159 post type-post status-publish format-standard has-post-thumbnail hentry category-bizden-haberler category-yonetiminmesaji\" role=\"listitem\">\n\t\t\t<div class=\"elementor-post__card\">\n\t\t\t\t<a class=\"elementor-post__thumbnail__link\" href=\"https:\/\/www.tuyider.org\/en\/baskan-in-mesaji\/\" tabindex=\"-1\" ><div class=\"elementor-post__thumbnail\"><img fetchpriority=\"high\" decoding=\"async\" width=\"640\" height=\"329\" src=\"https:\/\/www.tuyider.org\/wp-content\/uploads\/2023\/04\/baskan-mesaj-1024x526.jpeg\" class=\"attachment-large size-large wp-image-6163\" alt=\"\" srcset=\"https:\/\/www.tuyider.org\/wp-content\/uploads\/2023\/04\/baskan-mesaj-1024x526.jpeg 1024w, https:\/\/www.tuyider.org\/wp-content\/uploads\/2023\/04\/baskan-mesaj-300x154.jpeg 300w, https:\/\/www.tuyider.org\/wp-content\/uploads\/2023\/04\/baskan-mesaj-768x394.jpeg 768w, https:\/\/www.tuyider.org\/wp-content\/uploads\/2023\/04\/baskan-mesaj-1536x789.jpeg 1536w, https:\/\/www.tuyider.org\/wp-content\/uploads\/2023\/04\/baskan-mesaj-18x9.jpeg 18w, https:\/\/www.tuyider.org\/wp-content\/uploads\/2023\/04\/baskan-mesaj.jpeg 1562w\" sizes=\"(max-width: 640px) 100vw, 640px\" \/><\/div><\/a>\n\t\t\t\t<div class=\"elementor-post__badge\">Bizden Haberler<\/div>\n\t\t\t\t<div class=\"elementor-post__text\">\n\t\t\t\t<h3 class=\"elementor-post__title\">\n\t\t\t<a href=\"https:\/\/www.tuyider.org\/en\/baskan-in-mesaji\/\" >\n\t\t\t\tBa\u015fkan&#8217;\u0131n Mesaj\u0131\t\t\t<\/a>\n\t\t<\/h3>\n\t\t\n\t\t<a class=\"elementor-post__read-more\" href=\"https:\/\/www.tuyider.org\/en\/baskan-in-mesaji\/\" aria-label=\"Read more about Ba\u015fkan&#8217;\u0131n Mesaj\u0131\" tabindex=\"-1\" >\n\t\t\tDevam\u0131n\u0131 Oku\t\t<\/a>\n\n\t\t\t\t<\/div>\n\t\t\t\t\t<\/div>\n\t\t<\/article>\n\t\t\t\t<article class=\"elementor-post elementor-grid-item post-782 post type-post status-publish format-standard has-post-thumbnail hentry category-yonetiminmesaji\" role=\"listitem\">\n\t\t\t<div class=\"elementor-post__card\">\n\t\t\t\t<a class=\"elementor-post__thumbnail__link\" href=\"https:\/\/www.tuyider.org\/en\/uyelik-davet-cagrimiz\/\" tabindex=\"-1\" ><div class=\"elementor-post__thumbnail\"><img decoding=\"async\" width=\"640\" height=\"360\" src=\"https:\/\/www.tuyider.org\/wp-content\/uploads\/2020\/12\/ewewew_1.png\" class=\"attachment-large size-large wp-image-783\" alt=\"\" srcset=\"https:\/\/www.tuyider.org\/wp-content\/uploads\/2020\/12\/ewewew_1.png 950w, https:\/\/www.tuyider.org\/wp-content\/uploads\/2020\/12\/ewewew_1-300x169.png 300w, https:\/\/www.tuyider.org\/wp-content\/uploads\/2020\/12\/ewewew_1-768x432.png 768w\" sizes=\"(max-width: 640px) 100vw, 640px\" \/><\/div><\/a>\n\t\t\t\t<div class=\"elementor-post__badge\">From The Chairman<\/div>\n\t\t\t\t<div class=\"elementor-post__text\">\n\t\t\t\t<h3 class=\"elementor-post__title\">\n\t\t\t<a href=\"https:\/\/www.tuyider.org\/en\/uyelik-davet-cagrimiz\/\" >\n\t\t\t\t\u00dcYEL\u0130K DAVET \u00c7A\u011eRIMIZ\t\t\t<\/a>\n\t\t<\/h3>\n\t\t\n\t\t<a class=\"elementor-post__read-more\" href=\"https:\/\/www.tuyider.org\/en\/uyelik-davet-cagrimiz\/\" aria-label=\"Read more about \u00dcYEL\u0130K DAVET \u00c7A\u011eRIMIZ\" tabindex=\"-1\" >\n\t\t\tDevam\u0131n\u0131 Oku\t\t<\/a>\n\n\t\t\t\t<\/div>\n\t\t\t\t\t<\/div>\n\t\t<\/article>\n\t\t\t\t<article class=\"elementor-post elementor-grid-item post-785 post type-post status-publish format-standard has-post-thumbnail hentry category-yonetiminmesaji\" role=\"listitem\">\n\t\t\t<div class=\"elementor-post__card\">\n\t\t\t\t<a class=\"elementor-post__thumbnail__link\" href=\"https:\/\/www.tuyider.org\/en\/tum-yuzey-islemler-dernegi-olarak-salgin-ortaminda-sosyal-ve-ekonomik-yonlu-tutum-ve-goruslerimiz\/\" tabindex=\"-1\" ><div class=\"elementor-post__thumbnail\"><img decoding=\"async\" width=\"640\" height=\"360\" src=\"https:\/\/www.tuyider.org\/wp-content\/uploads\/2020\/12\/88998.png\" class=\"attachment-large size-large wp-image-787\" alt=\"\" srcset=\"https:\/\/www.tuyider.org\/wp-content\/uploads\/2020\/12\/88998.png 950w, https:\/\/www.tuyider.org\/wp-content\/uploads\/2020\/12\/88998-300x169.png 300w, https:\/\/www.tuyider.org\/wp-content\/uploads\/2020\/12\/88998-768x432.png 768w\" sizes=\"(max-width: 640px) 100vw, 640px\" \/><\/div><\/a>\n\t\t\t\t<div class=\"elementor-post__badge\">From The Chairman<\/div>\n\t\t\t\t<div class=\"elementor-post__text\">\n\t\t\t\t<h3 class=\"elementor-post__title\">\n\t\t\t<a href=\"https:\/\/www.tuyider.org\/en\/tum-yuzey-islemler-dernegi-olarak-salgin-ortaminda-sosyal-ve-ekonomik-yonlu-tutum-ve-goruslerimiz\/\" >\n\t\t\t\tT\u00dcM Y\u00dcZEY \u0130\u015eLEMLER DERNE\u011e\u0130 OLARAK SALGIN ORTAMINDA SOSYAL VE EKONOM\u0130K Y\u00d6NL\u00dc TUTUM VE G\u00d6R\u00dc\u015eLER\u0130M\u0130Z\t\t\t<\/a>\n\t\t<\/h3>\n\t\t\n\t\t<a class=\"elementor-post__read-more\" href=\"https:\/\/www.tuyider.org\/en\/tum-yuzey-islemler-dernegi-olarak-salgin-ortaminda-sosyal-ve-ekonomik-yonlu-tutum-ve-goruslerimiz\/\" aria-label=\"Read more about T\u00dcM Y\u00dcZEY \u0130\u015eLEMLER DERNE\u011e\u0130 OLARAK SALGIN ORTAMINDA SOSYAL VE EKONOM\u0130K Y\u00d6NL\u00dc TUTUM VE G\u00d6R\u00dc\u015eLER\u0130M\u0130Z\" tabindex=\"-1\" >\n\t\t\tDevam\u0131n\u0131 Oku\t\t<\/a>\n\n\t\t\t\t<\/div>\n\t\t\t\t\t<\/div>\n\t\t<\/article>\n\t\t\t\t<article class=\"elementor-post elementor-grid-item post-789 post type-post status-publish format-standard has-post-thumbnail hentry category-yonetiminmesaji\" role=\"listitem\">\n\t\t\t<div class=\"elementor-post__card\">\n\t\t\t\t<a class=\"elementor-post__thumbnail__link\" href=\"https:\/\/www.tuyider.org\/en\/uyelik-davet-mektubumuz\/\" tabindex=\"-1\" ><div class=\"elementor-post__thumbnail\"><img loading=\"lazy\" decoding=\"async\" width=\"640\" height=\"360\" src=\"https:\/\/www.tuyider.org\/wp-content\/uploads\/2020\/12\/ddddd.jpg\" class=\"attachment-large size-large wp-image-790\" alt=\"\" srcset=\"https:\/\/www.tuyider.org\/wp-content\/uploads\/2020\/12\/ddddd.jpg 950w, https:\/\/www.tuyider.org\/wp-content\/uploads\/2020\/12\/ddddd-300x169.jpg 300w, https:\/\/www.tuyider.org\/wp-content\/uploads\/2020\/12\/ddddd-768x432.jpg 768w\" sizes=\"(max-width: 640px) 100vw, 640px\" \/><\/div><\/a>\n\t\t\t\t<div class=\"elementor-post__badge\">From The Chairman<\/div>\n\t\t\t\t<div class=\"elementor-post__text\">\n\t\t\t\t<h3 class=\"elementor-post__title\">\n\t\t\t<a href=\"https:\/\/www.tuyider.org\/en\/uyelik-davet-mektubumuz\/\" >\n\t\t\t\t\u00dcYEL\u0130K DAVET MEKTUBUMUZ\t\t\t<\/a>\n\t\t<\/h3>\n\t\t\n\t\t<a class=\"elementor-post__read-more\" href=\"https:\/\/www.tuyider.org\/en\/uyelik-davet-mektubumuz\/\" aria-label=\"Read more about \u00dcYEL\u0130K DAVET MEKTUBUMUZ\" tabindex=\"-1\" >\n\t\t\tDevam\u0131n\u0131 Oku\t\t<\/a>\n\n\t\t\t\t<\/div>\n\t\t\t\t\t<\/div>\n\t\t<\/article>\n\t\t\t\t<article class=\"elementor-post elementor-grid-item post-792 post type-post status-publish format-standard has-post-thumbnail hentry category-yonetiminmesaji\" role=\"listitem\">\n\t\t\t<div class=\"elementor-post__card\">\n\t\t\t\t<a class=\"elementor-post__thumbnail__link\" href=\"https:\/\/www.tuyider.org\/en\/neden-uye-olmaliyiz\/\" tabindex=\"-1\" ><div class=\"elementor-post__thumbnail\"><img loading=\"lazy\" decoding=\"async\" width=\"640\" height=\"360\" src=\"https:\/\/www.tuyider.org\/wp-content\/uploads\/2020\/12\/ek-aciklama-2020-04-28-182156.png\" class=\"attachment-large size-large wp-image-793\" alt=\"\" srcset=\"https:\/\/www.tuyider.org\/wp-content\/uploads\/2020\/12\/ek-aciklama-2020-04-28-182156.png 950w, https:\/\/www.tuyider.org\/wp-content\/uploads\/2020\/12\/ek-aciklama-2020-04-28-182156-300x169.png 300w, https:\/\/www.tuyider.org\/wp-content\/uploads\/2020\/12\/ek-aciklama-2020-04-28-182156-768x432.png 768w\" sizes=\"(max-width: 640px) 100vw, 640px\" \/><\/div><\/a>\n\t\t\t\t<div class=\"elementor-post__badge\">From The Chairman<\/div>\n\t\t\t\t<div class=\"elementor-post__text\">\n\t\t\t\t<h3 class=\"elementor-post__title\">\n\t\t\t<a href=\"https:\/\/www.tuyider.org\/en\/neden-uye-olmaliyiz\/\" >\n\t\t\t\tNEDEN \u00dcYE OLMALIYIZ?&#8230;\t\t\t<\/a>\n\t\t<\/h3>\n\t\t\n\t\t<a class=\"elementor-post__read-more\" href=\"https:\/\/www.tuyider.org\/en\/neden-uye-olmaliyiz\/\" aria-label=\"Read more about NEDEN \u00dcYE OLMALIYIZ?&#8230;\" tabindex=\"-1\" >\n\t\t\tDevam\u0131n\u0131 Oku\t\t<\/a>\n\n\t\t\t\t<\/div>\n\t\t\t\t\t<\/div>\n\t\t<\/article>\n\t\t\t\t<article class=\"elementor-post elementor-grid-item post-796 post type-post status-publish format-standard has-post-thumbnail hentry category-yonetiminmesaji\" role=\"listitem\">\n\t\t\t<div class=\"elementor-post__card\">\n\t\t\t\t<a class=\"elementor-post__thumbnail__link\" href=\"https:\/\/www.tuyider.org\/en\/uyelerimizin-gorev-ve-sorumluluklari-nelerdir\/\" tabindex=\"-1\" ><div class=\"elementor-post__thumbnail\"><img loading=\"lazy\" decoding=\"async\" width=\"640\" height=\"360\" src=\"https:\/\/www.tuyider.org\/wp-content\/uploads\/2020\/12\/sm-profil-1080x1080-amblem17-03_1.jpg\" class=\"attachment-large size-large wp-image-797\" alt=\"\" srcset=\"https:\/\/www.tuyider.org\/wp-content\/uploads\/2020\/12\/sm-profil-1080x1080-amblem17-03_1.jpg 950w, https:\/\/www.tuyider.org\/wp-content\/uploads\/2020\/12\/sm-profil-1080x1080-amblem17-03_1-300x169.jpg 300w, https:\/\/www.tuyider.org\/wp-content\/uploads\/2020\/12\/sm-profil-1080x1080-amblem17-03_1-768x432.jpg 768w\" sizes=\"(max-width: 640px) 100vw, 640px\" \/><\/div><\/a>\n\t\t\t\t<div class=\"elementor-post__badge\">From The Chairman<\/div>\n\t\t\t\t<div class=\"elementor-post__text\">\n\t\t\t\t<h3 class=\"elementor-post__title\">\n\t\t\t<a href=\"https:\/\/www.tuyider.org\/en\/uyelerimizin-gorev-ve-sorumluluklari-nelerdir\/\" >\n\t\t\t\t\u00dcyelerimizin g\u00f6rev ve sorumluluklar\u0131 Nelerdir !\t\t\t<\/a>\n\t\t<\/h3>\n\t\t\n\t\t<a class=\"elementor-post__read-more\" href=\"https:\/\/www.tuyider.org\/en\/uyelerimizin-gorev-ve-sorumluluklari-nelerdir\/\" aria-label=\"Read more about \u00dcyelerimizin g\u00f6rev ve sorumluluklar\u0131 Nelerdir !\" tabindex=\"-1\" >\n\t\t\tDevam\u0131n\u0131 Oku\t\t<\/a>\n\n\t\t\t\t<\/div>\n\t\t\t\t\t<\/div>\n\t\t<\/article>\n\t\t\t\t<article class=\"elementor-post elementor-grid-item post-943 post type-post status-publish format-standard has-post-thumbnail hentry category-yonetiminmesaji\" role=\"listitem\">\n\t\t\t<div class=\"elementor-post__card\">\n\t\t\t\t<a class=\"elementor-post__thumbnail__link\" href=\"https:\/\/www.tuyider.org\/en\/birlik-olma-vakti\/\" tabindex=\"-1\" ><div class=\"elementor-post__thumbnail\"><img loading=\"lazy\" decoding=\"async\" width=\"640\" height=\"360\" src=\"https:\/\/www.tuyider.org\/wp-content\/uploads\/2020\/12\/dssada.png\" class=\"attachment-large size-large wp-image-803\" alt=\"\" srcset=\"https:\/\/www.tuyider.org\/wp-content\/uploads\/2020\/12\/dssada.png 950w, https:\/\/www.tuyider.org\/wp-content\/uploads\/2020\/12\/dssada-300x169.png 300w, https:\/\/www.tuyider.org\/wp-content\/uploads\/2020\/12\/dssada-768x432.png 768w\" sizes=\"(max-width: 640px) 100vw, 640px\" \/><\/div><\/a>\n\t\t\t\t<div class=\"elementor-post__badge\">From The Chairman<\/div>\n\t\t\t\t<div class=\"elementor-post__text\">\n\t\t\t\t<h3 class=\"elementor-post__title\">\n\t\t\t<a href=\"https:\/\/www.tuyider.org\/en\/birlik-olma-vakti\/\" >\n\t\t\t\tB\u0130RL\u0130K OLMA VAKT\u0130\t\t\t<\/a>\n\t\t<\/h3>\n\t\t\n\t\t<a class=\"elementor-post__read-more\" href=\"https:\/\/www.tuyider.org\/en\/birlik-olma-vakti\/\" aria-label=\"Read more about B\u0130RL\u0130K OLMA VAKT\u0130\" tabindex=\"-1\" >\n\t\t\tDevam\u0131n\u0131 Oku\t\t<\/a>\n\n\t\t\t\t<\/div>\n\t\t\t\t\t<\/div>\n\t\t<\/article>\n\t\t\t\t<\/div>\n\t\t\n\t\t\t\t\t\t<\/div>\n\t\t\t\t<\/div>\n\t\t\t\t\t<\/div>\n\t\t<\/div>\n\t\t\t\t\t<\/div>\n\t\t<\/section>\n\t\t\t\t<section class=\"elementor-section elementor-top-section elementor-element elementor-element-298a98a elementor-section-boxed elementor-section-height-default elementor-section-height-default\" data-id=\"298a98a\" data-element_type=\"section\" data-e-type=\"section\">\n\t\t\t\t\t\t<div class=\"elementor-container elementor-column-gap-default\">\n\t\t\t\t\t<div class=\"elementor-column elementor-col-100 elementor-top-column elementor-element elementor-element-36e1b40\" data-id=\"36e1b40\" data-element_type=\"column\" data-e-type=\"column\">\n\t\t\t<div class=\"elementor-widget-wrap elementor-element-populated\">\n\t\t\t\t\t\t<div class=\"elementor-element elementor-element-2880e3d elementor-widget elementor-widget-spacer\" data-id=\"2880e3d\" data-element_type=\"widget\" data-e-type=\"widget\" data-widget_type=\"spacer.default\">\n\t\t\t\t<div class=\"elementor-widget-container\">\n\t\t\t\t\t\t\t<div class=\"elementor-spacer\">\n\t\t\t<div class=\"elementor-spacer-inner\"><\/div>\n\t\t<\/div>\n\t\t\t\t\t\t<\/div>\n\t\t\t\t<\/div>\n\t\t\t\t\t<\/div>\n\t\t<\/div>\n\t\t\t\t\t<\/div>\n\t\t<\/section>\n\t\t\t\t<\/div>","protected":false},"excerpt":{"rendered":"","protected":false},"author":14,"featured_media":0,"parent":893,"menu_order":0,"comment_status":"closed","ping_status":"closed","template":"","meta":{"footnotes":""},"class_list":["post-513","page","type-page","status-publish","hentry"],"_links":{"self":[{"href":"https:\/\/www.tuyider.org\/en\/wp-json\/wp\/v2\/pages\/513","targetHints":{"allow":["GET"]}}],"collection":[{"href":"https:\/\/www.tuyider.org\/en\/wp-json\/wp\/v2\/pages"}],"about":[{"href":"https:\/\/www.tuyider.org\/en\/wp-json\/wp\/v2\/types\/page"}],"author":[{"embeddable":true,"href":"https:\/\/www.tuyider.org\/en\/wp-json\/wp\/v2\/users\/14"}],"replies":[{"embeddable":true,"href":"https:\/\/www.tuyider.org\/en\/wp-json\/wp\/v2\/comments?post=513"}],"version-history":[{"count":8,"href":"https:\/\/www.tuyider.org\/en\/wp-json\/wp\/v2\/pages\/513\/revisions"}],"predecessor-version":[{"id":7761,"href":"https:\/\/www.tuyider.org\/en\/wp-json\/wp\/v2\/pages\/513\/revisions\/7761"}],"up":[{"embeddable":true,"href":"https:\/\/www.tuyider.org\/en\/wp-json\/wp\/v2\/pages\/893"}],"wp:attachment":[{"href":"https:\/\/www.tuyider.org\/en\/wp-json\/wp\/v2\/media?parent=513"}],"curies":[{"name":"wp","href":"https:\/\/api.w.org\/{rel}","templated":true}]}}