{"id":483,"date":"2020-11-18T00:43:39","date_gmt":"2020-11-17T21:43:39","guid":{"rendered":"http:\/\/www.tuyider.nanotasarim.com\/?page_id=483"},"modified":"2026-02-09T04:09:57","modified_gmt":"2026-02-09T01:09:57","slug":"sektore-hizmet-edenler","status":"publish","type":"page","link":"https:\/\/www.tuyider.org\/en\/dernegimiz\/sektore-hizmet-edenler\/","title":{"rendered":"Companies in the Industry"},"content":{"rendered":"<div data-elementor-type=\"wp-page\" data-elementor-id=\"483\" class=\"elementor elementor-483\" data-elementor-post-type=\"page\">\n\t\t\t\t\t\t<section class=\"elementor-section elementor-top-section elementor-element elementor-element-442a85b elementor-section-boxed elementor-section-height-default elementor-section-height-default\" data-id=\"442a85b\" data-element_type=\"section\" data-e-type=\"section\">\n\t\t\t\t\t\t<div class=\"elementor-container elementor-column-gap-default\">\n\t\t\t\t\t<div class=\"elementor-column elementor-col-100 elementor-top-column elementor-element elementor-element-16a8141\" data-id=\"16a8141\" data-element_type=\"column\" data-e-type=\"column\">\n\t\t\t<div class=\"elementor-widget-wrap elementor-element-populated\">\n\t\t\t\t\t\t<div class=\"elementor-element elementor-element-741d975 elementor-widget elementor-widget-heading\" data-id=\"741d975\" data-element_type=\"widget\" data-e-type=\"widget\" data-widget_type=\"heading.default\">\n\t\t\t\t<div class=\"elementor-widget-container\">\n\t\t\t\t\t<h2 class=\"elementor-heading-title elementor-size-default\">Sekt\u00f6rel Haf\u0131zam\u0131z\u0131 Olu\u015fturuyoruz<\/h2>\t\t\t\t<\/div>\n\t\t\t\t<\/div>\n\t\t\t\t<div class=\"elementor-element elementor-element-ccf6f45 elementor-widget elementor-widget-text-editor\" data-id=\"ccf6f45\" data-element_type=\"widget\" data-e-type=\"widget\" data-widget_type=\"text-editor.default\">\n\t\t\t\t<div class=\"elementor-widget-container\">\n\t\t\t\t\t\t\t\t\t<p data-path-to-node=\"10\">Y\u00fczey i\u015flem d\u00fcnyas\u0131na katk\u0131 sunan liderleri, uzmanlar\u0131 ve emek verenleri bir araya getirdi\u011fimiz &#8220;Sekt\u00f6re Hizmet Edenler&#8221; platformu \u00e7ok yak\u0131nda yay\u0131na girecektir.<\/p><p data-path-to-node=\"11\">Bu sayfa, sekt\u00f6r\u00fcm\u00fcz\u00fcn geli\u015fim ser\u00fcvenine \u0131\u015f\u0131k tutan isimlerin hikayelerine ve ba\u015far\u0131lar\u0131na ev sahipli\u011fi yapacakt\u0131r. G\u00f6sterdi\u011finiz ilgi i\u00e7in te\u015fekk\u00fcr ederiz.<\/p>\t\t\t\t\t\t\t\t<\/div>\n\t\t\t\t<\/div>\n\t\t\t\t\t<\/div>\n\t\t<\/div>\n\t\t\t\t\t<\/div>\n\t\t<\/section>\n\t\t\t\t<\/div>","protected":false},"excerpt":{"rendered":"<p>Sekt\u00f6rel Haf\u0131zam\u0131z\u0131 Olu\u015fturuyoruz Y\u00fczey i\u015flem d\u00fcnyas\u0131na katk\u0131 sunan liderleri, uzmanlar\u0131 ve emek verenleri bir araya getirdi\u011fimiz &#8220;Sekt\u00f6re Hizmet Edenler&#8221; platformu \u00e7ok yak\u0131nda yay\u0131na girecektir. Bu sayfa, sekt\u00f6r\u00fcm\u00fcz\u00fcn geli\u015fim ser\u00fcvenine \u0131\u015f\u0131k tutan isimlerin hikayelerine ve ba\u015far\u0131lar\u0131na ev sahipli\u011fi yapacakt\u0131r. G\u00f6sterdi\u011finiz ilgi&#8230;<\/p>","protected":false},"author":14,"featured_media":0,"parent":1060,"menu_order":0,"comment_status":"closed","ping_status":"closed","template":"","meta":{"footnotes":""},"class_list":["post-483","page","type-page","status-publish","hentry"],"_links":{"self":[{"href":"https:\/\/www.tuyider.org\/en\/wp-json\/wp\/v2\/pages\/483","targetHints":{"allow":["GET"]}}],"collection":[{"href":"https:\/\/www.tuyider.org\/en\/wp-json\/wp\/v2\/pages"}],"about":[{"href":"https:\/\/www.tuyider.org\/en\/wp-json\/wp\/v2\/types\/page"}],"author":[{"embeddable":true,"href":"https:\/\/www.tuyider.org\/en\/wp-json\/wp\/v2\/users\/14"}],"replies":[{"embeddable":true,"href":"https:\/\/www.tuyider.org\/en\/wp-json\/wp\/v2\/comments?post=483"}],"version-history":[{"count":22,"href":"https:\/\/www.tuyider.org\/en\/wp-json\/wp\/v2\/pages\/483\/revisions"}],"predecessor-version":[{"id":7755,"href":"https:\/\/www.tuyider.org\/en\/wp-json\/wp\/v2\/pages\/483\/revisions\/7755"}],"up":[{"embeddable":true,"href":"https:\/\/www.tuyider.org\/en\/wp-json\/wp\/v2\/pages\/1060"}],"wp:attachment":[{"href":"https:\/\/www.tuyider.org\/en\/wp-json\/wp\/v2\/media?parent=483"}],"curies":[{"name":"wp","href":"https:\/\/api.w.org\/{rel}","templated":true}]}}