{"id":4523,"date":"2021-05-31T12:49:48","date_gmt":"2021-05-31T09:49:48","guid":{"rendered":"https:\/\/www.tuyider.org\/?page_id=4523"},"modified":"2023-04-12T10:54:31","modified_gmt":"2023-04-12T07:54:31","slug":"yonetim-semasi","status":"publish","type":"page","link":"https:\/\/www.tuyider.org\/en\/yonetim-tuyider\/yonetim-semasi\/","title":{"rendered":"Tuyider Kurullar"},"content":{"rendered":"<div data-elementor-type=\"wp-page\" data-elementor-id=\"4523\" class=\"elementor elementor-4523\" data-elementor-post-type=\"page\">\n\t\t\t\t\t\t<section class=\"elementor-section elementor-top-section elementor-element elementor-element-37f3597 elementor-section-stretched elementor-section-boxed elementor-section-height-default elementor-section-height-default\" data-id=\"37f3597\" data-element_type=\"section\" data-e-type=\"section\" data-settings=\"{&quot;stretch_section&quot;:&quot;section-stretched&quot;}\">\n\t\t\t\t\t\t<div class=\"elementor-container elementor-column-gap-default\">\n\t\t\t\t\t<div class=\"elementor-column elementor-col-100 elementor-top-column elementor-element elementor-element-520cddf\" data-id=\"520cddf\" data-element_type=\"column\" data-e-type=\"column\">\n\t\t\t<div class=\"elementor-widget-wrap elementor-element-populated\">\n\t\t\t\t\t\t<div class=\"elementor-element elementor-element-d58cc35 elementor-widget elementor-widget-pix-sliding-text\" data-id=\"d58cc35\" data-element_type=\"widget\" data-e-type=\"widget\" data-widget_type=\"pix-sliding-text.default\">\n\t\t\t\t<div class=\"elementor-widget-container\">\n\t\t\t\t\t<div id=\"el-d58cc35\" class=\"mb-3 text-center\"><div class=\"d-inline-block\" style=\"max-width:600px;\"><h2 class=\"mb-32 pix-sliding-headline-2 animate-in font-weight-bold secondary-font\" data-anim-type=\"pix-sliding-text\" pix-anim-delay=\"500\" data-class=\"secondary-font text-heading-default\" style=\"\"><span class=\"slide-in-container\"><span class=\"pix-sliding-item secondary-font text-heading-default\" style=\"transition-delay: 0ms;\">Y\u00f6netim&#32;<\/span><\/span> <\/h2><\/div><\/div>\t\t\t\t<\/div>\n\t\t\t\t<\/div>\n\t\t\t\t<div class=\"elementor-element elementor-element-8120f71 elementor-invisible elementor-widget elementor-widget-pix-text\" data-id=\"8120f71\" data-element_type=\"widget\" data-e-type=\"widget\" data-widget_type=\"pix-text.default\">\n\t\t\t\t<div class=\"elementor-widget-container\">\n\t\t\t\t\t<div class=\"pix-el-text w-100 text-center\" ><div class=\"d-inline-block\" style=\"max-width:600px;\"><p class=\"text-20 resp-option  text-center\" ><span class=\"animate-in d-inline-block\" data-anim-delay=\"500\" data-anim-type=\"fade-in-up\">T\u00dcY\u0130DER T\u00fcm Y\u00fczey \u0130\u015flemler Derne\u011fi kurullar\u0131na sayfalar\u0131na a\u015fa\u011f\u0131daki linklerden ula\u015fabilirsiniz.<\/span><\/p><\/div><\/div>\t\t\t\t<\/div>\n\t\t\t\t<\/div>\n\t\t\t\t<section class=\"elementor-section elementor-inner-section elementor-element elementor-element-fc69e03 elementor-section-boxed elementor-section-height-default elementor-section-height-default\" data-id=\"fc69e03\" data-element_type=\"section\" data-e-type=\"section\">\n\t\t\t\t\t\t<div class=\"elementor-container elementor-column-gap-default\">\n\t\t\t\t\t<div class=\"elementor-column elementor-col-33 elementor-inner-column elementor-element elementor-element-0bdd3d0\" data-id=\"0bdd3d0\" data-element_type=\"column\" data-e-type=\"column\">\n\t\t\t<div class=\"elementor-widget-wrap elementor-element-populated\">\n\t\t\t\t\t\t<div class=\"elementor-element elementor-element-a0bb6b5 bg-white shadow shadow-hover-sm fly-sm rounded-10 elementor-invisible elementor-widget elementor-widget-pix-feature\" data-id=\"a0bb6b5\" data-element_type=\"widget\" data-e-type=\"widget\" data-widget_type=\"pix-feature.default\">\n\t\t\t\t<div class=\"elementor-widget-container\">\n\t\t\t\t\t<a href=\"\/en\/yonetim-tuyider\/yonetim-semasi\/yonetim-kurulu\/\" ><div id=\"a0bb6b5\" class=\"pix-feature-el text-custom\"><div class=\"pix-feature-icon d-inline-block mw-100 text-gradient-primary animate-in\" data-anim-type=\"fade-in-up\" data-anim-delay=\"0\" style=\"aspect-ratio:1\/1 !important;position:relative;text-align:center;font-size:1px;line-height:1px;\"><svg class=\"pixfort-icon\" width=\"24\" height=\"24\"  data-name=\"Line\/pixfort-icon-chat-messages-1\" viewbox=\"2 2 20 20\"><path fill=\"none\" stroke=\"var(--pf-icon-color)\" stroke-linecap=\"round\" stroke-linejoin=\"round\" stroke-width=\"var(--pf-icon-stroke-width)\" d=\"M5,4 L13.988858,4 C15.0934275,4 15.988858,4.8954305 15.988858,6 C15.988858,6.00370367 15.9888477,6.00740733 15.9888272,6.01111094 L15.9554938,12.0111109 C15.9493815,13.1113268 15.0557576,14 13.9555247,14 L8.55396793,14 C8.19148004,14 7.83580722,14.0985157 7.52497642,14.2850141 L4.51449576,16.0913025 C4.04091549,16.3754507 3.42665523,16.2218856 3.14250707,15.7483054 C3.04925783,15.59289 3,15.4150536 3,15.2338096 L3,6 C3,4.8954305 3.8954305,4 5,4 Z M8,14.1010633 L8,15.6712803 C8,16.7758498 8.8954305,17.6712803 10,17.6712803 L15.345138,17.6712803 C15.7360882,17.6712803 16.1184662,17.7858611 16.4449927,18.0008553 L19.4500726,19.9794843 C19.9113478,20.2832008 20.531496,20.1554743 20.8352125,19.6941992 C20.9427096,19.5309359 21,19.3397469 21,19.1442718 L21,10 C21,8.8954305 20.1045695,8 19,8 L16,8\"\/><\/svg><\/div><h5 class=\"pix-feature-title  font-weight-bold  secondary-font text-heading-default animate-in\" style=\"padding-top:30px;\" data-anim-type=\"fade-in-up\" data-anim-delay=\"100\">Management Board<\/h5><div class=\"pix-feature-content text-body-default text-18     animate-in\" style=\"padding-top:10px;\" data-anim-type=\"fade-in-up\" data-anim-delay=\"200\"><\/div><\/div><\/a>\t\t\t\t<\/div>\n\t\t\t\t<\/div>\n\t\t\t\t\t<\/div>\n\t\t<\/div>\n\t\t\t\t<div class=\"elementor-column elementor-col-33 elementor-inner-column elementor-element elementor-element-3c87478\" data-id=\"3c87478\" data-element_type=\"column\" data-e-type=\"column\">\n\t\t\t<div class=\"elementor-widget-wrap elementor-element-populated\">\n\t\t\t\t\t\t<div class=\"elementor-element elementor-element-eedf51a bg-white shadow shadow-hover-sm fly-sm rounded-10 elementor-invisible elementor-widget elementor-widget-pix-feature\" data-id=\"eedf51a\" data-element_type=\"widget\" data-e-type=\"widget\" data-widget_type=\"pix-feature.default\">\n\t\t\t\t<div class=\"elementor-widget-container\">\n\t\t\t\t\t<a href=\"\/en\/yonetim-tuyider\/yonetim-semasi\/denetleme-kurulu\/\" ><div id=\"eedf51a\" class=\"pix-feature-el text-custom\"><div class=\"pix-feature-icon d-inline-block mw-100 text-gradient-primary animate-in\" data-anim-type=\"fade-in-up\" data-anim-delay=\"0\" style=\"aspect-ratio:1\/1 !important;position:relative;text-align:center;font-size:1px;line-height:1px;\"><svg class=\"pixfort-icon\" width=\"24\" height=\"24\"  data-name=\"Line\/pixfort-icon-chat-messages-1\" viewbox=\"2 2 20 20\"><path fill=\"none\" stroke=\"var(--pf-icon-color)\" stroke-linecap=\"round\" stroke-linejoin=\"round\" stroke-width=\"var(--pf-icon-stroke-width)\" d=\"M5,4 L13.988858,4 C15.0934275,4 15.988858,4.8954305 15.988858,6 C15.988858,6.00370367 15.9888477,6.00740733 15.9888272,6.01111094 L15.9554938,12.0111109 C15.9493815,13.1113268 15.0557576,14 13.9555247,14 L8.55396793,14 C8.19148004,14 7.83580722,14.0985157 7.52497642,14.2850141 L4.51449576,16.0913025 C4.04091549,16.3754507 3.42665523,16.2218856 3.14250707,15.7483054 C3.04925783,15.59289 3,15.4150536 3,15.2338096 L3,6 C3,4.8954305 3.8954305,4 5,4 Z M8,14.1010633 L8,15.6712803 C8,16.7758498 8.8954305,17.6712803 10,17.6712803 L15.345138,17.6712803 C15.7360882,17.6712803 16.1184662,17.7858611 16.4449927,18.0008553 L19.4500726,19.9794843 C19.9113478,20.2832008 20.531496,20.1554743 20.8352125,19.6941992 C20.9427096,19.5309359 21,19.3397469 21,19.1442718 L21,10 C21,8.8954305 20.1045695,8 19,8 L16,8\"\/><\/svg><\/div><h5 class=\"pix-feature-title  font-weight-bold  secondary-font text-heading-default animate-in\" style=\"padding-top:30px;\" data-anim-type=\"fade-in-up\" data-anim-delay=\"100\">Board of Supervisors<\/h5><div class=\"pix-feature-content text-body-default text-18     animate-in\" style=\"padding-top:10px;\" data-anim-type=\"fade-in-up\" data-anim-delay=\"200\"><\/div><\/div><\/a>\t\t\t\t<\/div>\n\t\t\t\t<\/div>\n\t\t\t\t\t<\/div>\n\t\t<\/div>\n\t\t\t\t<div class=\"elementor-column elementor-col-33 elementor-inner-column elementor-element elementor-element-fd23b05\" data-id=\"fd23b05\" data-element_type=\"column\" data-e-type=\"column\">\n\t\t\t<div class=\"elementor-widget-wrap elementor-element-populated\">\n\t\t\t\t\t\t<div class=\"elementor-element elementor-element-5bdb8a2 bg-white shadow shadow-hover-sm fly-sm rounded-10 elementor-invisible elementor-widget elementor-widget-pix-feature\" data-id=\"5bdb8a2\" data-element_type=\"widget\" data-e-type=\"widget\" data-widget_type=\"pix-feature.default\">\n\t\t\t\t<div class=\"elementor-widget-container\">\n\t\t\t\t\t<a href=\"\/en\/yonetim-tuyider\/yonetim-semasi\/disiplin-kurulu\/\" ><div id=\"pix-feature-5bdb8a2\" class=\"pix-feature-el text-custom\"><div class=\"pix-feature-icon d-inline-block mw-100 text-gradient-primary animate-in\" data-anim-type=\"fade-in-up\" data-anim-delay=\"0\" style=\"aspect-ratio:1\/1 !important;position:relative;text-align:center;font-size:1px;line-height:1px;\"><svg class=\"pixfort-icon\" width=\"24\" height=\"24\"  data-name=\"Line\/pixfort-icon-users-2\" viewbox=\"2 2 20 20\"><path fill=\"none\" stroke=\"var(--pf-icon-color)\" stroke-linecap=\"round\" stroke-linejoin=\"round\" stroke-width=\"var(--pf-icon-stroke-width)\" d=\"M3.23452225,16.9621902 C4.42973658,14.9873967 6.1515625,14 8.4,14 C10.6484375,14 12.3702634,14.9873967 13.5654778,16.9621902 C14.1391177,17.906124 13.8384733,19.1362478 12.8943242,19.7095332 C12.582312,19.8989864 12.2244007,19.9994362 11.859375,20 L4.940625,20 C3.83605681,19.9982988 2.94200451,19.1014923 2.9437033,17.9969241 C2.94426469,17.6318983 3.04471454,17.2739871 3.23452225,16.9621902 Z M8.5,11 C10.4329966,11 12,9.43299662 12,7.5 C12,5.56700338 10.4329966,4 8.5,4 C6.56700338,4 5,5.56700338 5,7.5 C5,9.43299662 6.56700338,11 8.5,11 Z M14.6901279,14.0345316 C14.920613,14.0115105 15.157237,14 15.4,14 C17.6484375,14 19.3702634,14.9873967 20.5654778,16.9621902 C21.1373194,17.9072152 20.836087,19.1371951 19.8916639,19.7100292 C19.5786897,19.8998618 19.21962,20.0001611 18.8535745,20 L15.8983765,20 M13.7043528,10.5048934 C14.2293365,10.8192858 14.8435642,11 15.5,11 C17.4329966,11 19,9.43299662 19,7.5 C19,5.56700338 17.4329966,4 15.5,4 C14.8385285,4 14.2199152,4.18349742 13.6922868,4.50236549\"\/><\/svg><\/div><h5 class=\"pix-feature-title  font-weight-bold  secondary-font text-heading-default animate-in\" style=\"padding-top:30px;\" data-anim-type=\"fade-in-up\" data-anim-delay=\"100\">Board of Discipline<\/h5><div class=\"pix-feature-content text-body-default text-18     animate-in\" style=\"padding-top:10px;\" data-anim-type=\"fade-in-up\" data-anim-delay=\"200\"><\/div><\/div><\/a>\t\t\t\t<\/div>\n\t\t\t\t<\/div>\n\t\t\t\t\t<\/div>\n\t\t<\/div>\n\t\t\t\t\t<\/div>\n\t\t<\/section>\n\t\t\t\t\t<\/div>\n\t\t<\/div>\n\t\t\t\t\t<\/div>\n\t\t<\/section>\n\t\t\t\t<\/div>","protected":false},"excerpt":{"rendered":"<p>Y\u00f6netim T\u00dcY\u0130DER T\u00fcm Y\u00fczey \u0130\u015flemler Derne\u011fi Y\u00f6netim Mesaj\u0131 ve Y\u00f6netim Kurulu sayfalar\u0131na a\u015fa\u011f\u0131daki linklerden ula\u015fabilirsiniz. Y\u00f6netim Kurulu Denetleme Kurulu Disiplin Kurulu<\/p>","protected":false},"author":2,"featured_media":0,"parent":893,"menu_order":0,"comment_status":"closed","ping_status":"closed","template":"","meta":{"footnotes":""},"class_list":["post-4523","page","type-page","status-publish","hentry"],"_links":{"self":[{"href":"https:\/\/www.tuyider.org\/en\/wp-json\/wp\/v2\/pages\/4523","targetHints":{"allow":["GET"]}}],"collection":[{"href":"https:\/\/www.tuyider.org\/en\/wp-json\/wp\/v2\/pages"}],"about":[{"href":"https:\/\/www.tuyider.org\/en\/wp-json\/wp\/v2\/types\/page"}],"author":[{"embeddable":true,"href":"https:\/\/www.tuyider.org\/en\/wp-json\/wp\/v2\/users\/2"}],"replies":[{"embeddable":true,"href":"https:\/\/www.tuyider.org\/en\/wp-json\/wp\/v2\/comments?post=4523"}],"version-history":[{"count":31,"href":"https:\/\/www.tuyider.org\/en\/wp-json\/wp\/v2\/pages\/4523\/revisions"}],"predecessor-version":[{"id":6150,"href":"https:\/\/www.tuyider.org\/en\/wp-json\/wp\/v2\/pages\/4523\/revisions\/6150"}],"up":[{"embeddable":true,"href":"https:\/\/www.tuyider.org\/en\/wp-json\/wp\/v2\/pages\/893"}],"wp:attachment":[{"href":"https:\/\/www.tuyider.org\/en\/wp-json\/wp\/v2\/media?parent=4523"}],"curies":[{"name":"wp","href":"https:\/\/api.w.org\/{rel}","templated":true}]}}