{"id":4471,"date":"2021-05-31T12:02:22","date_gmt":"2021-05-31T09:02:22","guid":{"rendered":"https:\/\/www.tuyider.org\/?page_id=4471"},"modified":"2026-02-09T19:44:03","modified_gmt":"2026-02-09T16:44:03","slug":"tanitim","status":"publish","type":"page","link":"https:\/\/www.tuyider.org\/en\/yuzey-akademi\/tanitim\/","title":{"rendered":"About Surface Academy"},"content":{"rendered":"<div data-elementor-type=\"wp-page\" data-elementor-id=\"4471\" class=\"elementor elementor-4471\" data-elementor-post-type=\"page\">\n\t\t\t\t\t\t<section class=\"elementor-section elementor-top-section elementor-element elementor-element-bf27dac elementor-section-boxed elementor-section-height-default elementor-section-height-default\" data-id=\"bf27dac\" data-element_type=\"section\" data-e-type=\"section\">\n\t\t\t\t\t\t<div class=\"elementor-container elementor-column-gap-default\">\n\t\t\t\t\t<div class=\"elementor-column elementor-col-100 elementor-top-column elementor-element elementor-element-8f594a4\" data-id=\"8f594a4\" data-element_type=\"column\" data-e-type=\"column\">\n\t\t\t<div class=\"elementor-widget-wrap elementor-element-populated\">\n\t\t\t\t\t\t<div class=\"elementor-element elementor-element-6fbc49a elementor-widget elementor-widget-text-editor\" data-id=\"6fbc49a\" data-element_type=\"widget\" data-e-type=\"widget\" data-widget_type=\"text-editor.default\">\n\t\t\t\t<div class=\"elementor-widget-container\">\n\t\t\t\t\t\t\t\t\t<h3>T\u00dcY\u0130DER T\u00dcM Y\u00dcZEY \u0130\u015eLEMLER DERNE\u011e\u0130<\/h3><p><strong>T\u00dcY\u0130DER<\/strong>; otomotivden enerji sekt\u00f6r\u00fcne, savunma sanayinden medikal sekt\u00f6r\u00fcne kadar bir\u00e7ok sekt\u00f6r\u00fc ilgilendiren ve say\u0131s\u0131z uygulama alan\u0131na sahip sekt\u00f6rel bir dernektir. T\u00dcY\u0130DER y\u00fczey i\u015flemler sekt\u00f6r\u00fcne uluslararas\u0131 standartlar kazand\u0131r\u0131lmas\u0131, sekt\u00f6r\u00fcn ileri teknolojiye, inovatif \u00fcr\u00fcn ve s\u00fcre\u00e7lere do\u011fru geli\u015ftirilmesine y\u00f6nelik edindi\u011fi misyonu ile <strong>Y\u00dcZEY AKADEM\u0130S\u0130<\/strong> ad\u0131n\u0131 verdi\u011fi Ar-Ge, test, e\u011fitim, belgelendirme ve dan\u0131\u015fmanl\u0131k hizmetleriyle sekt\u00f6re katk\u0131 sa\u011flamak i\u00e7in \u00e7al\u0131\u015fmalar\u0131na ba\u015flam\u0131\u015ft\u0131r.<\/p><p>Y\u00fczey Akademisi g\u00fcc\u00fcn\u00fc, i\u015f birli\u011fi yapt\u0131\u011f\u0131 ulusal ve uluslararas\u0131 \u00fcniversitelerde \u00e7al\u0131\u015fan se\u00e7kin akademisyenlerin sa\u011flayaca\u011f\u0131 ara\u015ft\u0131rmalar\u0131n, uzun y\u0131llard\u0131r faaliyette olan k\u00f6kl\u00fc firmalar\u0131n \u00fcretim tecr\u00fcbesi ile birle\u015fmesinden alacakt\u0131r. Y\u00fczey i\u015flem sekt\u00f6r\u00fcn\u00fcn geli\u015fmesinde ve \u00fclkemizde hak etti\u011fi d\u00fczeye gelmesinde Y\u00fczey Akademisi\u2019nin katk\u0131lar\u0131 b\u00fcy\u00fck ve etkili olacakt\u0131r.<\/p><h4>Y\u00fczey Akademisi\u2019nin hizmetleri temel olarak 4 ana ba\u015fl\u0131kta toplanabilir:<\/h4><ol><li><strong>Akredite Test ve Analiz \u00c7al\u0131\u015fmalar\u0131:<\/strong><br \/>B\u00fcnyesinde bulunduraca\u011f\u0131 y\u00fcksek teknoloji test cihazlar\u0131 ve ekipmanlar\u0131yla y\u00fczey i\u015flemler sekt\u00f6r\u00fcn\u00fcn ihtiya\u00e7 duydu\u011fu akredite test ve analiz \u00e7al\u0131\u015fmalar\u0131n\u0131 y\u00fcr\u00fctecektir. Y\u00fczey Akademisi test ve analiz hizmetiyle sekt\u00f6rel kalite kontrol (tekrarlanabilir, s\u00fcrd\u00fcr\u00fclebilir kalite standartlar\u0131 do\u011frultusunda) ve test kabiliyetini art\u0131rmay\u0131, geli\u015ftirmeyi, \u00f6l\u00e7me yetenekleri kazand\u0131r\u0131p, y\u00fczey analiz ve karakterizasyon \u00e7al\u0131\u015fmalar\u0131nda yetkinlik kazand\u0131r\u0131lmas\u0131n\u0131 hedeflemektedir.<\/li><li><strong>Ara\u015ft\u0131rma ve Geli\u015ftirme \u00c7al\u0131\u015fmalar\u0131:<\/strong><br \/>Sekt\u00f6r\u00fcm\u00fcze ileri y\u00f6ntemler, yeni teknolojiler ve prosesler kazand\u0131rmay\u0131 ama\u00e7layan Y\u00fczey Akademisi bulunduraca\u011f\u0131 makina, ekipman ve yaz\u0131l\u0131mlarla firmalar\u0131m\u0131za projeler geli\u015ftirerek tasar\u0131m ve prototipleme \u00e7al\u0131\u015fmalar\u0131n\u0131 da b\u00fcnyesinde ger\u00e7ekle\u015ftirecektir. Bu s\u00fcre\u00e7lerde do\u011facak fikr\u00ee ve s\u0131nai m\u00fclkiyet haklar\u0131, patent ve faydal\u0131 model konular\u0131 da ilgili uzmanlar taraf\u0131ndan ele al\u0131nacakt\u0131r.<\/li><li><strong>Pilot Tesis Kurma Hizmeti:<\/strong><br \/>Y\u00fczey Akademisi ortak \u00e7al\u0131\u015ft\u0131\u011f\u0131, konusunda yetkin, tecr\u00fcbeli, \u00e7evre ve sa\u011fl\u0131k konular\u0131nda hassas uzmanlar\u0131 ile, hizmet kalitesi ve g\u00fcvenilirli\u011fi ile sekt\u00f6re \u00f6rnek tesisler kazand\u0131rmay\u0131 hedeflemektedir. Bu tesislerin y\u00fcksek teknoloji ve kalitede olmas\u0131n\u0131n yan\u0131 s\u0131ra \u00fcretim s\u00fcre\u00e7lerinin iyile\u015ftirilmesi ile y\u00fcksek verimle ve karla \u00e7al\u0131\u015fmas\u0131 da \u00f6ncelikler aras\u0131nda olacakt\u0131r. Bu alanda teknik ve\/veya akademik dan\u0131\u015fmanl\u0131k hizmeti sunacakt\u0131r.<\/li><li><strong>E\u011fitim ve Dan\u0131\u015fmanl\u0131k Hizmetleri:<\/strong><br \/>Y\u00fczey Akademisi ileri y\u00f6ntemler ve inovatif y\u00fczey i\u015flem teknolojilerini sekt\u00f6re tan\u0131tarak, uygulama alanlar\u0131nda e\u011fitim ve dan\u0131\u015fmanl\u0131k yoluyla firmalara rehberlik edecektir. Sekt\u00f6rdeki bilgi birikimini ve tecr\u00fcbeyi artt\u0131rmak amac\u0131yla, sekt\u00f6r uzmanlar\u0131 ve saha tecr\u00fcbesine sahip akademisyenler ile birlikte ihtiya\u00e7 duyulan ve beklenen konularda e\u011fitimler verilecektir.<br \/>Akademi ayn\u0131 zamanda bir\u00e7ok sekt\u00f6rle beraber sekt\u00f6r\u00fcm\u00fcz\u00fcn de ya\u015fad\u0131\u011f\u0131 nitelikli i\u015fg\u00fcc\u00fc sorununa \u00e7\u00f6z\u00fcm olarak; y\u00fczey i\u015flemler alan\u0131nda \u00fcniversite ve meslek okullar\u0131yla i\u015fbirli\u011fi kapsam\u0131nda mesleki ve teknik e\u011fitimler (sertifikal\u0131 ve\/veya kat\u0131l\u0131m belgeli) vermeyi, b\u00f6ylelikle sekt\u00f6re yeti\u015fmi\u015f ara eleman kazand\u0131r\u0131lmas\u0131na katk\u0131da bulunmay\u0131 hedeflemektedir. Dan\u0131\u015fmanl\u0131k faaliyetleri kapsam\u0131nda, devlet destekleri, hibe ve te\u015fvikler konusunda proje geli\u015ftirme ve y\u00f6netme hizmeti verilmesi planlanmaktad\u0131r.<\/li><\/ol><p>Y\u00fczey Akademisi b\u00fct\u00fcn faaliyetlerini etik kurallar i\u00e7erisinde, tarafs\u0131zl\u0131k ve gizlilik ilkelerine dayanarak, uluslararas\u0131 normlar\u0131 kullanarak y\u00fcr\u00fctecektir.<\/p><p>Sayg\u0131lar\u0131m\u0131zla,<br \/><strong>T\u00dcY\u0130DER B\u0130L\u0130M DANI\u015eMA KURULU<\/strong><\/p>\t\t\t\t\t\t\t\t<\/div>\n\t\t\t\t<\/div>\n\t\t\t\t\t<\/div>\n\t\t<\/div>\n\t\t\t\t\t<\/div>\n\t\t<\/section>\n\t\t\t\t<\/div>","protected":false},"excerpt":{"rendered":"<p>T\u00dcY\u0130DER T\u00dcM Y\u00dcZEY \u0130\u015eLEMLER DERNE\u011e\u0130 T\u00dcY\u0130DER; otomotivden enerji sekt\u00f6r\u00fcne, savunma sanayinden medikal sekt\u00f6r\u00fcne kadar bir\u00e7ok sekt\u00f6r\u00fc ilgilendiren ve say\u0131s\u0131z uygulama alan\u0131na sahip sekt\u00f6rel bir dernektir. T\u00dcY\u0130DER y\u00fczey i\u015flemler sekt\u00f6r\u00fcne uluslararas\u0131 standartlar kazand\u0131r\u0131lmas\u0131, sekt\u00f6r\u00fcn ileri teknolojiye, inovatif \u00fcr\u00fcn ve s\u00fcre\u00e7lere do\u011fru&#8230;<\/p>","protected":false},"author":2,"featured_media":0,"parent":1077,"menu_order":0,"comment_status":"closed","ping_status":"closed","template":"","meta":{"footnotes":""},"class_list":["post-4471","page","type-page","status-publish","hentry"],"_links":{"self":[{"href":"https:\/\/www.tuyider.org\/en\/wp-json\/wp\/v2\/pages\/4471","targetHints":{"allow":["GET"]}}],"collection":[{"href":"https:\/\/www.tuyider.org\/en\/wp-json\/wp\/v2\/pages"}],"about":[{"href":"https:\/\/www.tuyider.org\/en\/wp-json\/wp\/v2\/types\/page"}],"author":[{"embeddable":true,"href":"https:\/\/www.tuyider.org\/en\/wp-json\/wp\/v2\/users\/2"}],"replies":[{"embeddable":true,"href":"https:\/\/www.tuyider.org\/en\/wp-json\/wp\/v2\/comments?post=4471"}],"version-history":[{"count":13,"href":"https:\/\/www.tuyider.org\/en\/wp-json\/wp\/v2\/pages\/4471\/revisions"}],"predecessor-version":[{"id":7945,"href":"https:\/\/www.tuyider.org\/en\/wp-json\/wp\/v2\/pages\/4471\/revisions\/7945"}],"up":[{"embeddable":true,"href":"https:\/\/www.tuyider.org\/en\/wp-json\/wp\/v2\/pages\/1077"}],"wp:attachment":[{"href":"https:\/\/www.tuyider.org\/en\/wp-json\/wp\/v2\/media?parent=4471"}],"curies":[{"name":"wp","href":"https:\/\/api.w.org\/{rel}","templated":true}]}}