{"id":441,"date":"2020-11-17T23:56:41","date_gmt":"2020-11-17T20:56:41","guid":{"rendered":"http:\/\/www.tuyider.nanotasarim.com\/?page_id=441"},"modified":"2026-02-09T04:01:26","modified_gmt":"2026-02-09T01:01:26","slug":"yuzey-islem-sektorunun-tarihcesi","status":"publish","type":"page","link":"https:\/\/www.tuyider.org\/en\/dernegimiz\/yuzey-islem-sektorunun-tarihcesi\/","title":{"rendered":"History"},"content":{"rendered":"<div data-elementor-type=\"wp-page\" data-elementor-id=\"441\" class=\"elementor elementor-441\" data-elementor-post-type=\"page\">\n\t\t\t\t\t\t<section class=\"elementor-section elementor-top-section elementor-element elementor-element-40040c6 elementor-section-boxed elementor-section-height-default elementor-section-height-default\" data-id=\"40040c6\" data-element_type=\"section\" data-e-type=\"section\">\n\t\t\t\t\t\t<div class=\"elementor-container elementor-column-gap-default\">\n\t\t\t\t\t<div class=\"elementor-column elementor-col-100 elementor-top-column elementor-element elementor-element-87766e8\" data-id=\"87766e8\" data-element_type=\"column\" data-e-type=\"column\">\n\t\t\t<div class=\"elementor-widget-wrap elementor-element-populated\">\n\t\t\t\t\t\t<div class=\"elementor-element elementor-element-7014cf7 elementor-widget elementor-widget-heading\" data-id=\"7014cf7\" data-element_type=\"widget\" data-e-type=\"widget\" data-widget_type=\"heading.default\">\n\t\t\t\t<div class=\"elementor-widget-container\">\n\t\t\t\t\t<h2 class=\"elementor-heading-title elementor-size-default\">Sayfam\u0131z haz\u0131rlan\u0131yor<\/h2>\t\t\t\t<\/div>\n\t\t\t\t<\/div>\n\t\t\t\t<div class=\"elementor-element elementor-element-cad0aa4 elementor-widget elementor-widget-text-editor\" data-id=\"cad0aa4\" data-element_type=\"widget\" data-e-type=\"widget\" data-widget_type=\"text-editor.default\">\n\t\t\t\t<div class=\"elementor-widget-container\">\n\t\t\t\t\t\t\t\t\t<p data-path-to-node=\"10\">Sekt\u00f6rdeki tecr\u00fcbemizi ve geli\u015fim ser\u00fcvenimizi kronolojik bir anlat\u0131mla haz\u0131rl\u0131yoruz. Y\u00fczey i\u015flem teknolojilerine y\u00f6n veren ge\u00e7mi\u015fimizi sizlerle payla\u015fmak i\u00e7in sab\u0131rs\u0131zlan\u0131yoruz.<\/p><p data-path-to-node=\"11\"><i data-path-to-node=\"11\" data-index-in-node=\"0\">Anlay\u0131\u015f\u0131n\u0131z i\u00e7in te\u015fekk\u00fcr ederiz.<\/i><\/p>\t\t\t\t\t\t\t\t<\/div>\n\t\t\t\t<\/div>\n\t\t\t\t\t<\/div>\n\t\t<\/div>\n\t\t\t\t\t<\/div>\n\t\t<\/section>\n\t\t\t\t<\/div>","protected":false},"excerpt":{"rendered":"<p>Sayfam\u0131z haz\u0131rlan\u0131yor Sekt\u00f6rdeki tecr\u00fcbemizi ve geli\u015fim ser\u00fcvenimizi kronolojik bir anlat\u0131mla haz\u0131rl\u0131yoruz. Y\u00fczey i\u015flem teknolojilerine y\u00f6n veren ge\u00e7mi\u015fimizi sizlerle payla\u015fmak i\u00e7in sab\u0131rs\u0131zlan\u0131yoruz. Anlay\u0131\u015f\u0131n\u0131z i\u00e7in te\u015fekk\u00fcr ederiz.<\/p>","protected":false},"author":14,"featured_media":0,"parent":1060,"menu_order":0,"comment_status":"closed","ping_status":"closed","template":"","meta":{"footnotes":""},"class_list":["post-441","page","type-page","status-publish","hentry"],"_links":{"self":[{"href":"https:\/\/www.tuyider.org\/en\/wp-json\/wp\/v2\/pages\/441","targetHints":{"allow":["GET"]}}],"collection":[{"href":"https:\/\/www.tuyider.org\/en\/wp-json\/wp\/v2\/pages"}],"about":[{"href":"https:\/\/www.tuyider.org\/en\/wp-json\/wp\/v2\/types\/page"}],"author":[{"embeddable":true,"href":"https:\/\/www.tuyider.org\/en\/wp-json\/wp\/v2\/users\/14"}],"replies":[{"embeddable":true,"href":"https:\/\/www.tuyider.org\/en\/wp-json\/wp\/v2\/comments?post=441"}],"version-history":[{"count":10,"href":"https:\/\/www.tuyider.org\/en\/wp-json\/wp\/v2\/pages\/441\/revisions"}],"predecessor-version":[{"id":7726,"href":"https:\/\/www.tuyider.org\/en\/wp-json\/wp\/v2\/pages\/441\/revisions\/7726"}],"up":[{"embeddable":true,"href":"https:\/\/www.tuyider.org\/en\/wp-json\/wp\/v2\/pages\/1060"}],"wp:attachment":[{"href":"https:\/\/www.tuyider.org\/en\/wp-json\/wp\/v2\/media?parent=441"}],"curies":[{"name":"wp","href":"https:\/\/api.w.org\/{rel}","templated":true}]}}