{"id":4338,"date":"2021-05-04T18:56:45","date_gmt":"2021-05-04T15:56:45","guid":{"rendered":"https:\/\/www.tuyider.org\/?page_id=4338"},"modified":"2026-02-09T04:14:54","modified_gmt":"2026-02-09T01:14:54","slug":"etik-kurul","status":"publish","type":"page","link":"https:\/\/www.tuyider.org\/en\/yonetim-tuyider\/etik-kurul\/","title":{"rendered":"Ethics Committee"},"content":{"rendered":"<div data-elementor-type=\"wp-page\" data-elementor-id=\"4338\" class=\"elementor elementor-4338\" data-elementor-post-type=\"page\">\n\t\t\t\t\t\t<section class=\"elementor-section elementor-top-section elementor-element elementor-element-626e518 elementor-section-boxed elementor-section-height-default elementor-section-height-default\" data-id=\"626e518\" data-element_type=\"section\" data-e-type=\"section\">\n\t\t\t\t\t\t<div class=\"elementor-container elementor-column-gap-default\">\n\t\t\t\t\t<div class=\"elementor-column elementor-col-100 elementor-top-column elementor-element elementor-element-014d297\" data-id=\"014d297\" data-element_type=\"column\" data-e-type=\"column\">\n\t\t\t<div class=\"elementor-widget-wrap elementor-element-populated\">\n\t\t\t\t\t\t<div class=\"elementor-element elementor-element-c1ede75 elementor-widget elementor-widget-shortcode\" data-id=\"c1ede75\" data-element_type=\"widget\" data-e-type=\"widget\" data-widget_type=\"shortcode.default\">\n\t\t\t\t<div class=\"elementor-widget-container\">\n\t\t\t\t\t\t\t<div class=\"elementor-shortcode\">\r\n            <div \r\n                class=\"elfsight-widget-team-showcase elfsight-widget\" \r\n                data-elfsight-team-showcase-options=\"%7B%22members%22%3A%5B%7B%22quote%22%3A%22%22%2C%22name%22%3A%22Emin%20Kal%5Cu0131p%22%2C%22position%22%3A%22Kurul%20Ba%5Cu015fkan%5Cu0131%22%2C%22phone%22%3A%22%22%2C%22email%22%3A%22%22%2C%22location%22%3A%22%22%2C%22bio%22%3A%22%22%2C%22website%22%3A%22%22%2C%22facebook%22%3A%22https%3A%5C%2F%5C%2Felfsight.com%22%2C%22twitter%22%3A%22https%3A%5C%2F%5C%2Felfsight.com%22%2C%22linkedin%22%3A%22https%3A%5C%2F%5C%2Felfsight.com%22%2C%22instagram%22%3A%22https%3A%5C%2F%5C%2Felfsight.com%22%2C%22youtube%22%3A%22https%3A%5C%2F%5C%2Felfsight.com%22%2C%22photo%22%3Anull%2C%22group%22%3A%22%22%2C%22socialProfiles%22%3A%5B%5D%2C%22externalLink%22%3A%22%22%7D%5D%2C%22groupsEnabled%22%3Afalse%2C%22groupsDisplay%22%3A%22list%22%2C%22showAllTab%22%3Atrue%2C%22groups%22%3A%5B%7B%22value%22%3A%22%22%2C%22name%22%3A%22%20-%20None%20-%20%22%2C%22visible%22%3Afalse%7D%2C%7B%22value%22%3A%223be0de59-73a3-4417-99e9-40607eee70ca%22%2C%22name%22%3A%22Kurul%20Ba%5Cu015fkan%5Cu0131%22%2C%22undefined%22%3Anull%7D%2C%7B%22value%22%3A%22382a88ae-b05b-482b-8346-29c6a147b2d1%22%2C%22name%22%3A%22Ba%5Cu015fkan%20Yard%5Cu0131mc%5Cu0131s%5Cu0131%22%2C%22undefined%22%3Anull%7D%2C%7B%22value%22%3A%227ca37373-f12d-4082-83dc-332fad879c63%22%2C%22name%22%3A%22%5Cu00dcye%22%2C%22undefined%22%3Anull%7D%5D%2C%22widgetTitle%22%3A%22Etik%20Kurul%22%2C%22ctaVisible%22%3Afalse%2C%22ctaTitle%22%3A%22Join%20our%20growing%20team%21%22%2C%22ctaButtonText%22%3A%22See%20job%20openings%22%2C%22ctaButtonLink%22%3A%22https%3A%5C%2F%5C%2Felfsight.com%5C%2F%22%2C%22seeInfoMessage%22%3A%22%5Cu00d6ZGE%5Cu00c7M%5Cu0130%5Cu015e%22%2C%22allMessage%22%3A%22Hepsi%22%2C%22ungroupedMessage%22%3A%22Grupsuz%22%2C%22layout%22%3A%22grid%22%2C%22width%22%3A%22auto%22%2C%22textAlign%22%3A%22center%22%2C%22backgroundColor%22%3Anull%2C%22itemBackgroundColor%22%3Anull%2C%22textColor%22%3A%22rgb%2829%2C%2033%2C%2041%29%22%2C%22linksColor%22%3A%22rgb%28208%2C%2032%2C%2048%29%22%2C%22ctaButtonColor%22%3A%22rgb%2853%2C%20120%2C%20228%29%22%2C%22widgetId%22%3A%229%22%7D\" \r\n                data-elfsight-team-showcase-version=\"1.3.1\"\r\n                data-elfsight-widget-id=\"elfsight-team-showcase-9\">\r\n            <\/div>\r\n            <\/div>\n\t\t\t\t\t\t<\/div>\n\t\t\t\t<\/div>\n\t\t\t\t<div class=\"elementor-element elementor-element-c049d9f elementor-widget elementor-widget-heading\" data-id=\"c049d9f\" data-element_type=\"widget\" data-e-type=\"widget\" data-widget_type=\"heading.default\">\n\t\t\t\t<div class=\"elementor-widget-container\">\n\t\t\t\t\t<h3 class=\"elementor-heading-title elementor-size-default\">ET\u0130K KURALLARIMIZ<\/h3>\t\t\t\t<\/div>\n\t\t\t\t<\/div>\n\t\t\t\t<div class=\"elementor-element elementor-element-1c4e2b2 elementor-widget elementor-widget-text-editor\" data-id=\"1c4e2b2\" data-element_type=\"widget\" data-e-type=\"widget\" data-widget_type=\"text-editor.default\">\n\t\t\t\t<div class=\"elementor-widget-container\">\n\t\t\t\t\t\t\t\t\t<p><strong>G\u00dcVEN\u0130RL\u0130K<\/strong><\/p><p>T\u00dcY\u0130DER t\u00fcm eylem ve faaliyetlerinde g\u00fcvene, do\u011fruluk ve d\u00fcr\u00fcstl\u00fck ilkesine uygun hareket eder.\u00a0Kamunun ve payda\u015flar\u0131n g\u00fcven duygusunu zedeleyen, \u015f\u00fcphe yaratan, adalet ilkesine zarar veren ve T\u00dcY\u0130DER\u2019in sayg\u0131nl\u0131\u011f\u0131na g\u00f6lge d\u00fc\u015f\u00fcrecek davran\u0131\u015flarda bulunmaktan ka\u00e7\u0131n\u0131r.\u00a0T\u00dcY\u0130DER \u00fcyeleri, t\u00fcm payda\u015flar\u0131 ve ili\u015fkide oldu\u011fu kurulu\u015f ve bireyler ile a\u00e7\u0131k, d\u00fcr\u00fcst, tutarl\u0131 bir i\u015fbirli\u011fi sergiler. T\u00dcY\u0130DER Y\u00f6netim Kurulu, \u00e7al\u0131\u015fma kurullar\u0131 \u00fcyeleri ve \u00e7al\u0131\u015fanlar\u0131, t\u00fcm payda\u015flar\u0131n T\u00dcY\u0130DER\u2019e duydu\u011fu g\u00fcvene lay\u0131k oldu\u011funu t\u00fcm eylem ve faaliyetlerinde g\u00f6sterir.<\/p><p><strong>AD\u0130L OLMAK<\/strong><\/p><p>T\u00dcY\u0130DER, herkese e\u015fit f\u0131rsat tan\u0131yan bir kurumdur. \u00dcyeleri, Y\u00f6netim Kurulu \u00fcyeleri, \u00e7al\u0131\u015fma kurullar\u0131 \u00fcyeleri, \u00e7al\u0131\u015fanlar\u0131 ve payda\u015flar\u0131 aras\u0131nda \u0131rk, milliyet, dil, din, cinsiyet, sosyal stat\u00fc gibi farkl\u0131l\u0131klar\u0131 dikkate almaz, \u00f6n yarg\u0131l\u0131 tutumlardan ka\u00e7\u0131n\u0131r. T\u00dcY\u0130DER Y\u00f6netim Kurulu ve \u00e7al\u0131\u015fma kurullar\u0131 \u00fcyeleri, \u00e7al\u0131\u015fanlar\u0131 t\u00fcm kurulu\u015f ve bireylere tarafs\u0131z olur, adil kararlar al\u0131nmas\u0131n\u0131 engelleme olas\u0131l\u0131\u011f\u0131 bulunan ili\u015fki ya da faaliyetlerden ka\u00e7\u0131n\u0131r.<\/p><p><strong>SAYGILI OLMAK<\/strong><\/p><p>T\u00dcY\u0130DER payda\u015flar\u0131 dahil t\u00fcm kurulu\u015f ve bireylerin ki\u015fisel ve profesyonel alanlar\u0131na sayg\u0131 g\u00f6sterir. Kimseye kar\u015f\u0131 a\u015fa\u011f\u0131lay\u0131c\u0131, k\u0131r\u0131c\u0131, k\u00fc\u00e7\u00fck d\u00fc\u015f\u00fcr\u00fcc\u00fc veya korkutucu davran\u0131\u015flar sergilemez. T\u00dcY\u0130DER \u00e7al\u0131\u015fanlar\u0131, Y\u00f6netim Kurulu ve \u00e7al\u0131\u015fma kurullar\u0131 \u00fcyeleri topluma, i\u015fbirli\u011fi yapt\u0131\u011f\u0131 kurum ve kurulu\u015flara, bireylere sayg\u0131 duyar, insanlar aras\u0131ndaki farkl\u0131l\u0131klara de\u011fer verir.<\/p><p><strong>\u00c7IKAR \u00c7ATI\u015eMASINDAN KA\u00c7INMAK<\/strong><\/p><p>\u00c7\u0131kar \u00e7at\u0131\u015fmas\u0131, T\u00dcY\u0130DER \u00e7al\u0131\u015fanlar\u0131n\u0131n ve kurullar\u0131n\u0131n g\u00f6revlerini tarafs\u0131z bir \u015fekilde icra etmelerini etkileyen veya etkileyebilecek ve kendilerine, yak\u0131nlar\u0131na, arkada\u015flar\u0131na, ili\u015fkide bulunduklar\u0131 m\u00fc\u015fterilere, ki\u015filere veya kurulu\u015flara sa\u011flanan, maddi veya maddi olmayan her t\u00fcrl\u00fc menfaat elde etme halini ifade etmektedir. T\u00dcY\u0130DER, \u00e7\u0131kar \u00e7at\u0131\u015fmas\u0131yla sonu\u00e7lanacak eylemlerden ka\u00e7\u0131n\u0131r.<\/p><p><strong>\u00c7EVRE B\u0130L\u0130NC\u0130<\/strong><\/p><p>T\u00dcY\u0130DER t\u00fcm proje ve faaliyetlerinde \u00e7evreye kar\u015f\u0131 olan sorumluluklar\u0131n\u0131 yerine getirmeyi taahh\u00fct eder. T\u00dcY\u0130DER, \u00e7evreyi korumay\u0131 ve faaliyet g\u00f6sterdi\u011fi sekt\u00f6rlerde s\u00fcrd\u00fcr\u00fclebilir i\u015f modeli geli\u015ftirmeyi ama\u00e7lar. \u00c7evre sorunlar\u0131na dair bilinci y\u00fckseltme ve iyi uygulamalar\u0131 yayg\u0131nla\u015ft\u0131rma konusunda ilgili ki\u015fi, kurum ve kurulu\u015flarla ortakla\u015fa \u00e7al\u0131\u015fmaktad\u0131r.<\/p><p><strong>YASALARA SAYGI<\/strong><\/p><p>T\u00dcY\u0130DER, t\u00fcm proje ve faaliyetlerini, T.C. kanun ve yasalar\u0131na ve milletleraras\u0131 hukuka uygun olarak y\u00fcr\u00fct\u00fcr. Dernek faaliyetlerinde; Dernekler Kanunu ve Y\u00f6netmeli\u011fini, Dernek T\u00fcz\u00fc\u011f\u00fc ve d\u00fczenleyici y\u00f6nergelerini i\u00e7selle\u015ftirerek ve esas alarak hareket eder. Yasal d\u00fczenleyici kurum ve kurulu\u015flara do\u011fru, tam ve anla\u015f\u0131labilir bilgileri zaman\u0131nda sunar. \u0130\u015fbirli\u011fi yapt\u0131\u011f\u0131 kurum ve kurulu\u015flar\u0131n da Etik Kurallar\u0131 ile bu kurulu\u015flar taraf\u0131ndan bildirilen \u00f6zel y\u00f6nerge ve kurallara da uyar.<\/p><p><strong>SADAKAT<\/strong><\/p><p>T\u00dcY\u0130DER \u00fcyeleri, Y\u00f6netim Kurulu ve \u00e7al\u0131\u015fma kurullar\u0131 \u00fcyeleri, \u00e7al\u0131\u015fanlar\u0131 ve i\u015fbirli\u011fi yapt\u0131\u011f\u0131 t\u00fcm payda\u015flar\u0131 T\u00dcY\u0130DER Etik Kurallar\u0131na, ilkelerine ve birbirlerine verdikleri s\u00f6zlere olan sadakati bir ilke kabul ederler.<\/p><p><strong>\u00dcYE SORUMLULU\u011eU<\/strong><\/p><p>T\u00dcY\u0130DER, \u00fcyelerinin olu\u015fturdu\u011fu kaynaklar\u0131 korumak i\u00e7in gereksiz ve y\u00f6netilemez riskleri almaktan ka\u00e7\u0131n\u0131r; verimlilik ve tasarruf bilinci ile hareket eder, finansal ve mali disipline uygun, hesap verilebilirlik esas\u0131na g\u00f6re \u00e7al\u0131\u015f\u0131r. Dernek \u00dcyelerinin i\u015flerini daha kolay ve etkin yapmalar\u0131n\u0131 sa\u011flayacak, rekabet g\u00fc\u00e7lerini art\u0131racak \u00e7al\u0131\u015fma, proje ve lobi faaliyetlerinde bulunur. \u00dcyeler aras\u0131nda \u00e7eki\u015fmeye ve s\u00fcrt\u00fc\u015fmeye neden olabilecek her hangi bir tav\u0131r sergilemez.<\/p><p><strong>G\u0130ZL\u0130L\u0130K<\/strong><\/p><p>T\u00dcY\u0130DER i\u00e7in \u00fcyelerin, Y\u00f6netim Kurulu ve \u00e7al\u0131\u015fma kurullar\u0131 \u00fcyelerinin, tedarik\u00e7ilerin ve di\u011fer payda\u015flar\u0131n \u00f6zel bilgilerinin, ticari s\u0131r, mali ve gizli bilgiler, i\u015f detaylar\u0131n\u0131n korunmas\u0131 \u00f6nem arz etmekte olup bu bilgilerin \u00fc\u00e7\u00fcnc\u00fc \u015fah\u0131slar ile onaylar\u0131 d\u0131\u015f\u0131nda payla\u015f\u0131lmas\u0131na izin verilmemektedir. T\u00dcY\u0130DER \u00e7al\u0131\u015fanlar\u0131n\u0131n, Y\u00f6netim Kurulu ve \u00e7al\u0131\u015fma kurullar\u0131 \u00fcyelerinin ticari s\u0131r, mali ve gizli bilgiler, \u00e7al\u0131\u015fma ve proje detaylar\u0131 gibi mahremiyet gerektiren bilgileri korumas\u0131 ve sadece g\u00f6revleri do\u011frultusunda ve \u00e7al\u0131\u015ft\u0131klar\u0131 kurumun ama\u00e7lar\u0131na uygun bir \u015fekilde kullanmas\u0131 beklenmektedir.<\/p><p><strong>\u0130LKELER<\/strong><\/p><p>T\u00dcY\u0130DER\u2019in her t\u00fcrl\u00fc eylem veya faaliyetlerinde, Etik Kurallar\u0131nda say\u0131lanlarla s\u0131n\u0131rl\u0131 olmamak \u00fczere tabi olunan t\u00fcm hukuki ve etik standartlara, \u015feffafl\u0131k, d\u00fcr\u00fcstl\u00fck, evrensel sayg\u0131nl\u0131k, hesap verilebilirlik ilkelerine, adil davran\u0131\u015f prensibine ve sorumluluk bilincine uyumlu hareket edilecektir.<\/p>\t\t\t\t\t\t\t\t<\/div>\n\t\t\t\t<\/div>\n\t\t\t\t\t<\/div>\n\t\t<\/div>\n\t\t\t\t\t<\/div>\n\t\t<\/section>\n\t\t\t\t<\/div>","protected":false},"excerpt":{"rendered":"<p>ET\u0130K KURALLARIMIZ G\u00dcVEN\u0130RL\u0130K T\u00dcY\u0130DER t\u00fcm eylem ve faaliyetlerinde g\u00fcvene, do\u011fruluk ve d\u00fcr\u00fcstl\u00fck ilkesine uygun hareket eder.\u00a0Kamunun ve payda\u015flar\u0131n g\u00fcven duygusunu zedeleyen, \u015f\u00fcphe yaratan, adalet ilkesine zarar veren ve T\u00dcY\u0130DER\u2019in sayg\u0131nl\u0131\u011f\u0131na g\u00f6lge d\u00fc\u015f\u00fcrecek davran\u0131\u015flarda bulunmaktan ka\u00e7\u0131n\u0131r.\u00a0T\u00dcY\u0130DER \u00fcyeleri, t\u00fcm payda\u015flar\u0131 ve ili\u015fkide&#8230;<\/p>","protected":false},"author":14,"featured_media":0,"parent":893,"menu_order":0,"comment_status":"closed","ping_status":"closed","template":"","meta":{"footnotes":""},"class_list":["post-4338","page","type-page","status-publish","hentry"],"_links":{"self":[{"href":"https:\/\/www.tuyider.org\/en\/wp-json\/wp\/v2\/pages\/4338","targetHints":{"allow":["GET"]}}],"collection":[{"href":"https:\/\/www.tuyider.org\/en\/wp-json\/wp\/v2\/pages"}],"about":[{"href":"https:\/\/www.tuyider.org\/en\/wp-json\/wp\/v2\/types\/page"}],"author":[{"embeddable":true,"href":"https:\/\/www.tuyider.org\/en\/wp-json\/wp\/v2\/users\/14"}],"replies":[{"embeddable":true,"href":"https:\/\/www.tuyider.org\/en\/wp-json\/wp\/v2\/comments?post=4338"}],"version-history":[{"count":28,"href":"https:\/\/www.tuyider.org\/en\/wp-json\/wp\/v2\/pages\/4338\/revisions"}],"predecessor-version":[{"id":7767,"href":"https:\/\/www.tuyider.org\/en\/wp-json\/wp\/v2\/pages\/4338\/revisions\/7767"}],"up":[{"embeddable":true,"href":"https:\/\/www.tuyider.org\/en\/wp-json\/wp\/v2\/pages\/893"}],"wp:attachment":[{"href":"https:\/\/www.tuyider.org\/en\/wp-json\/wp\/v2\/media?parent=4338"}],"curies":[{"name":"wp","href":"https:\/\/api.w.org\/{rel}","templated":true}]}}