{"id":433,"date":"2020-11-17T23:45:57","date_gmt":"2020-11-17T20:45:57","guid":{"rendered":"http:\/\/www.tuyider.nanotasarim.com\/?page_id=433"},"modified":"2026-02-09T03:48:13","modified_gmt":"2026-02-09T00:48:13","slug":"dernek-tarihcesi","status":"publish","type":"page","link":"https:\/\/www.tuyider.org\/en\/dernegimiz\/dernek-tarihcesi\/","title":{"rendered":"About"},"content":{"rendered":"<div data-elementor-type=\"wp-page\" data-elementor-id=\"433\" class=\"elementor elementor-433\" data-elementor-post-type=\"page\">\n\t\t\t\t\t\t<section class=\"elementor-section elementor-top-section elementor-element elementor-element-601b975 elementor-section-boxed elementor-section-height-default elementor-section-height-default\" data-id=\"601b975\" data-element_type=\"section\" data-e-type=\"section\">\n\t\t\t\t\t\t<div class=\"elementor-container elementor-column-gap-default\">\n\t\t\t\t\t<div class=\"elementor-column elementor-col-100 elementor-top-column elementor-element elementor-element-faf2073\" data-id=\"faf2073\" data-element_type=\"column\" data-e-type=\"column\">\n\t\t\t<div class=\"elementor-widget-wrap elementor-element-populated\">\n\t\t\t\t\t\t<div class=\"elementor-element elementor-element-1b1b03e elementor-widget elementor-widget-image\" data-id=\"1b1b03e\" data-element_type=\"widget\" data-e-type=\"widget\" data-widget_type=\"image.default\">\n\t\t\t\t<div class=\"elementor-widget-container\">\n\t\t\t\t\t\t\t\t\t\t\t\t\t\t\t<img fetchpriority=\"high\" decoding=\"async\" width=\"640\" height=\"159\" src=\"https:\/\/www.tuyider.org\/wp-content\/uploads\/2020\/12\/tuyider-logo.png\" class=\"attachment-large size-large wp-image-12\" alt=\"\" srcset=\"https:\/\/www.tuyider.org\/wp-content\/uploads\/2020\/12\/tuyider-logo.png 830w, https:\/\/www.tuyider.org\/wp-content\/uploads\/2020\/12\/tuyider-logo-300x74.png 300w, https:\/\/www.tuyider.org\/wp-content\/uploads\/2020\/12\/tuyider-logo-768x191.png 768w\" sizes=\"(max-width: 640px) 100vw, 640px\" \/>\t\t\t\t\t\t\t\t\t\t\t\t\t\t\t<\/div>\n\t\t\t\t<\/div>\n\t\t\t\t<div class=\"elementor-element elementor-element-f402100 elementor-widget elementor-widget-text-editor\" data-id=\"f402100\" data-element_type=\"widget\" data-e-type=\"widget\" data-widget_type=\"text-editor.default\">\n\t\t\t\t<div class=\"elementor-widget-container\">\n\t\t\t\t\t\t\t\t\t<p>Derne\u011fin temelleri 2019 Kas\u0131m ay\u0131nda d\u00fczenlenen Surtech Eurasia 2019 Y\u00fczey \u0130\u015flem, Galvaniz Kimyasallar\u0131 ve Teknolojileri Fuar\u0131\u2019nda at\u0131lm\u0131\u015ft\u0131r.<\/p><p>Y\u00fczey i\u015flem, kaplama, galvaniz, kumlama, temizleme ve boya konusunda faaliyet g\u00f6steren firmalar ve bu firmalara tesis kurulumu, ar\u0131tma, geri kazan\u0131m gibi entegre tesis, \u00fcnite ve ekipman sa\u011flayan firmalar ile kimyasal hammadde, baz malzeme sa\u011flayarak sekt\u00f6rle b\u00fct\u00fcnle\u015fmi\u015f tedarik\u00e7i firmalardan 60 kat\u0131l\u0131mc\u0131n\u0131n yer ald\u0131\u011f\u0131 21 Aral\u0131k 2019 tarihinde d\u00fczenlenen toplant\u0131da dernekle\u015fmeye karar verilmi\u015ftir.<\/p><p>T\u00fcm sekt\u00f6r\u00fc kapsayan derne\u011fimizin 10 Ocak 2020 tarihinde ger\u00e7ekle\u015fen toplant\u0131s\u0131nda ge\u00e7ici y\u00f6netim kurulu belirlenmi\u015f, k\u0131sa ad\u0131 \u201cT\u00dcY\u0130DER\u201d olan derne\u011fimiz 28 Ocak 2020 tarihinde 29 kurucu \u00fcye ile resmen kurulmu\u015ftur. Dernek merkezimiz \u0130stanbul Tuzla\u2019dad\u0131r.<\/p>\t\t\t\t\t\t\t\t<\/div>\n\t\t\t\t<\/div>\n\t\t\t\t\t<\/div>\n\t\t<\/div>\n\t\t\t\t\t<\/div>\n\t\t<\/section>\n\t\t\t\t<\/div>","protected":false},"excerpt":{"rendered":"<p>Derne\u011fin temelleri 2019 Kas\u0131m ay\u0131nda d\u00fczenlenen Surtech Eurasia 2019 Y\u00fczey \u0130\u015flem, Galvaniz Kimyasallar\u0131 ve Teknolojileri Fuar\u0131\u2019nda at\u0131lm\u0131\u015ft\u0131r. Y\u00fczey i\u015flem, kaplama, galvaniz, kumlama, temizleme ve boya konusunda faaliyet g\u00f6steren firmalar ve bu firmalara tesis kurulumu, ar\u0131tma, geri kazan\u0131m gibi entegre tesis,&#8230;<\/p>","protected":false},"author":14,"featured_media":0,"parent":1060,"menu_order":0,"comment_status":"closed","ping_status":"closed","template":"","meta":{"footnotes":""},"class_list":["post-433","page","type-page","status-publish","hentry"],"_links":{"self":[{"href":"https:\/\/www.tuyider.org\/en\/wp-json\/wp\/v2\/pages\/433","targetHints":{"allow":["GET"]}}],"collection":[{"href":"https:\/\/www.tuyider.org\/en\/wp-json\/wp\/v2\/pages"}],"about":[{"href":"https:\/\/www.tuyider.org\/en\/wp-json\/wp\/v2\/types\/page"}],"author":[{"embeddable":true,"href":"https:\/\/www.tuyider.org\/en\/wp-json\/wp\/v2\/users\/14"}],"replies":[{"embeddable":true,"href":"https:\/\/www.tuyider.org\/en\/wp-json\/wp\/v2\/comments?post=433"}],"version-history":[{"count":13,"href":"https:\/\/www.tuyider.org\/en\/wp-json\/wp\/v2\/pages\/433\/revisions"}],"predecessor-version":[{"id":7704,"href":"https:\/\/www.tuyider.org\/en\/wp-json\/wp\/v2\/pages\/433\/revisions\/7704"}],"up":[{"embeddable":true,"href":"https:\/\/www.tuyider.org\/en\/wp-json\/wp\/v2\/pages\/1060"}],"wp:attachment":[{"href":"https:\/\/www.tuyider.org\/en\/wp-json\/wp\/v2\/media?parent=433"}],"curies":[{"name":"wp","href":"https:\/\/api.w.org\/{rel}","templated":true}]}}