{"id":4315,"date":"2021-05-04T18:49:04","date_gmt":"2021-05-04T15:49:04","guid":{"rendered":"https:\/\/www.tuyider.org\/?page_id=4315"},"modified":"2026-02-09T19:35:21","modified_gmt":"2026-02-09T16:35:21","slug":"tanitim","status":"publish","type":"page","link":"https:\/\/www.tuyider.org\/en\/tuyidergi\/tanitim\/","title":{"rendered":"About Surface Academy"},"content":{"rendered":"<div data-elementor-type=\"wp-page\" data-elementor-id=\"4315\" class=\"elementor elementor-4315\" data-elementor-post-type=\"page\">\n\t\t\t\t\t\t<section class=\"elementor-section elementor-top-section elementor-element elementor-element-6f58ca4 elementor-section-boxed elementor-section-height-default elementor-section-height-default\" data-id=\"6f58ca4\" data-element_type=\"section\" data-e-type=\"section\">\n\t\t\t\t\t\t<div class=\"elementor-container elementor-column-gap-default\">\n\t\t\t\t\t<div class=\"elementor-column elementor-col-100 elementor-top-column elementor-element elementor-element-77d6c3a\" data-id=\"77d6c3a\" data-element_type=\"column\" data-e-type=\"column\">\n\t\t\t<div class=\"elementor-widget-wrap elementor-element-populated\">\n\t\t\t\t\t\t<div class=\"elementor-element elementor-element-b1c24f5 elementor-widget elementor-widget-text-editor\" data-id=\"b1c24f5\" data-element_type=\"widget\" data-e-type=\"widget\" data-widget_type=\"text-editor.default\">\n\t\t\t\t<div class=\"elementor-widget-container\">\n\t\t\t\t\t\t\t\t\t<p>Sunumu indirmek i\u00e7in linke <a href=\"https:\/\/www.tuyider.org\/wp-content\/uploads\/2021\/05\/SUNUM-rev.-30.4.21.pdf\">t\u0131klay\u0131n\u0131z.<\/a><\/p>\t\t\t\t\t\t\t\t<\/div>\n\t\t\t\t<\/div>\n\t\t\t\t<div class=\"elementor-element elementor-element-f9059a9 elementor-widget elementor-widget-image-gallery\" data-id=\"f9059a9\" data-element_type=\"widget\" data-e-type=\"widget\" data-widget_type=\"image-gallery.default\">\n\t\t\t\t<div class=\"elementor-widget-container\">\n\t\t\t\t\t\t\t<div class=\"elementor-image-gallery\">\n\t\t\t<div id='gallery-1' class='gallery galleryid-4315 gallery-columns-1 gallery-size-full'><figure class='gallery-item'>\n\t\t\t<div class='gallery-icon landscape'>\n\t\t\t\t<a data-elementor-open-lightbox=\"yes\" data-elementor-lightbox-slideshow=\"f9059a9\" data-e-action-hash=\"#elementor-action%3Aaction%3Dlightbox%26settings%3DeyJpZCI6NzkxMSwidXJsIjoiaHR0cHM6XC9cL3d3dy50dXlpZGVyLm9yZ1wvd3AtY29udGVudFwvdXBsb2Fkc1wvU1VOVU0tcmV2Li0zMC40LjIxXzEtc2NhbGVkLndlYnAiLCJzbGlkZXNob3ciOiJmOTA1OWE5In0%3D\" href='https:\/\/www.tuyider.org\/wp-content\/uploads\/SUNUM-rev.-30.4.21_1-scaled.webp'><img fetchpriority=\"high\" decoding=\"async\" width=\"2560\" height=\"1440\" src=\"https:\/\/www.tuyider.org\/wp-content\/uploads\/SUNUM-rev.-30.4.21_1-scaled.webp\" class=\"attachment-full size-full\" alt=\"\" srcset=\"https:\/\/www.tuyider.org\/wp-content\/uploads\/SUNUM-rev.-30.4.21_1-scaled.webp 2560w, https:\/\/www.tuyider.org\/wp-content\/uploads\/SUNUM-rev.-30.4.21_1-300x169.webp 300w, https:\/\/www.tuyider.org\/wp-content\/uploads\/SUNUM-rev.-30.4.21_1-1024x576.webp 1024w, https:\/\/www.tuyider.org\/wp-content\/uploads\/SUNUM-rev.-30.4.21_1-768x432.webp 768w, https:\/\/www.tuyider.org\/wp-content\/uploads\/SUNUM-rev.-30.4.21_1-1536x864.webp 1536w, https:\/\/www.tuyider.org\/wp-content\/uploads\/SUNUM-rev.-30.4.21_1-2048x1152.webp 2048w, https:\/\/www.tuyider.org\/wp-content\/uploads\/SUNUM-rev.-30.4.21_1-18x10.webp 18w\" sizes=\"(max-width: 2560px) 100vw, 2560px\" \/><\/a>\n\t\t\t<\/div><\/figure><figure class='gallery-item'>\n\t\t\t<div class='gallery-icon landscape'>\n\t\t\t\t<a data-elementor-open-lightbox=\"yes\" data-elementor-lightbox-slideshow=\"f9059a9\" data-e-action-hash=\"#elementor-action%3Aaction%3Dlightbox%26settings%3DeyJpZCI6NzkxMCwidXJsIjoiaHR0cHM6XC9cL3d3dy50dXlpZGVyLm9yZ1wvd3AtY29udGVudFwvdXBsb2Fkc1wvU1VOVU0tcmV2Li0zMC40LjIxXzItc2NhbGVkLndlYnAiLCJzbGlkZXNob3ciOiJmOTA1OWE5In0%3D\" href='https:\/\/www.tuyider.org\/wp-content\/uploads\/SUNUM-rev.-30.4.21_2-scaled.webp'><img decoding=\"async\" width=\"2560\" height=\"1440\" src=\"https:\/\/www.tuyider.org\/wp-content\/uploads\/SUNUM-rev.-30.4.21_2-scaled.webp\" class=\"attachment-full size-full\" alt=\"\" srcset=\"https:\/\/www.tuyider.org\/wp-content\/uploads\/SUNUM-rev.-30.4.21_2-scaled.webp 2560w, https:\/\/www.tuyider.org\/wp-content\/uploads\/SUNUM-rev.-30.4.21_2-300x169.webp 300w, https:\/\/www.tuyider.org\/wp-content\/uploads\/SUNUM-rev.-30.4.21_2-1024x576.webp 1024w, https:\/\/www.tuyider.org\/wp-content\/uploads\/SUNUM-rev.-30.4.21_2-768x432.webp 768w, https:\/\/www.tuyider.org\/wp-content\/uploads\/SUNUM-rev.-30.4.21_2-1536x864.webp 1536w, https:\/\/www.tuyider.org\/wp-content\/uploads\/SUNUM-rev.-30.4.21_2-2048x1152.webp 2048w, https:\/\/www.tuyider.org\/wp-content\/uploads\/SUNUM-rev.-30.4.21_2-18x10.webp 18w\" sizes=\"(max-width: 2560px) 100vw, 2560px\" \/><\/a>\n\t\t\t<\/div><\/figure><figure class='gallery-item'>\n\t\t\t<div class='gallery-icon landscape'>\n\t\t\t\t<a data-elementor-open-lightbox=\"yes\" data-elementor-lightbox-slideshow=\"f9059a9\" data-e-action-hash=\"#elementor-action%3Aaction%3Dlightbox%26settings%3DeyJpZCI6NzkwOSwidXJsIjoiaHR0cHM6XC9cL3d3dy50dXlpZGVyLm9yZ1wvd3AtY29udGVudFwvdXBsb2Fkc1wvU1VOVU0tcmV2Li0zMC40LjIxXzMtc2NhbGVkLndlYnAiLCJzbGlkZXNob3ciOiJmOTA1OWE5In0%3D\" href='https:\/\/www.tuyider.org\/wp-content\/uploads\/SUNUM-rev.-30.4.21_3-scaled.webp'><img decoding=\"async\" width=\"2560\" height=\"1440\" src=\"https:\/\/www.tuyider.org\/wp-content\/uploads\/SUNUM-rev.-30.4.21_3-scaled.webp\" class=\"attachment-full size-full\" alt=\"\" srcset=\"https:\/\/www.tuyider.org\/wp-content\/uploads\/SUNUM-rev.-30.4.21_3-scaled.webp 2560w, https:\/\/www.tuyider.org\/wp-content\/uploads\/SUNUM-rev.-30.4.21_3-300x169.webp 300w, https:\/\/www.tuyider.org\/wp-content\/uploads\/SUNUM-rev.-30.4.21_3-1024x576.webp 1024w, https:\/\/www.tuyider.org\/wp-content\/uploads\/SUNUM-rev.-30.4.21_3-768x432.webp 768w, https:\/\/www.tuyider.org\/wp-content\/uploads\/SUNUM-rev.-30.4.21_3-1536x864.webp 1536w, https:\/\/www.tuyider.org\/wp-content\/uploads\/SUNUM-rev.-30.4.21_3-2048x1152.webp 2048w, https:\/\/www.tuyider.org\/wp-content\/uploads\/SUNUM-rev.-30.4.21_3-18x10.webp 18w\" sizes=\"(max-width: 2560px) 100vw, 2560px\" \/><\/a>\n\t\t\t<\/div><\/figure><figure class='gallery-item'>\n\t\t\t<div class='gallery-icon landscape'>\n\t\t\t\t<a data-elementor-open-lightbox=\"yes\" data-elementor-lightbox-slideshow=\"f9059a9\" data-e-action-hash=\"#elementor-action%3Aaction%3Dlightbox%26settings%3DeyJpZCI6NzkwOCwidXJsIjoiaHR0cHM6XC9cL3d3dy50dXlpZGVyLm9yZ1wvd3AtY29udGVudFwvdXBsb2Fkc1wvU1VOVU0tcmV2Li0zMC40LjIxXzQtc2NhbGVkLndlYnAiLCJzbGlkZXNob3ciOiJmOTA1OWE5In0%3D\" href='https:\/\/www.tuyider.org\/wp-content\/uploads\/SUNUM-rev.-30.4.21_4-scaled.webp'><img loading=\"lazy\" decoding=\"async\" width=\"2560\" height=\"1440\" src=\"https:\/\/www.tuyider.org\/wp-content\/uploads\/SUNUM-rev.-30.4.21_4-scaled.webp\" class=\"attachment-full size-full\" alt=\"\" srcset=\"https:\/\/www.tuyider.org\/wp-content\/uploads\/SUNUM-rev.-30.4.21_4-scaled.webp 2560w, https:\/\/www.tuyider.org\/wp-content\/uploads\/SUNUM-rev.-30.4.21_4-300x169.webp 300w, https:\/\/www.tuyider.org\/wp-content\/uploads\/SUNUM-rev.-30.4.21_4-1024x576.webp 1024w, https:\/\/www.tuyider.org\/wp-content\/uploads\/SUNUM-rev.-30.4.21_4-768x432.webp 768w, https:\/\/www.tuyider.org\/wp-content\/uploads\/SUNUM-rev.-30.4.21_4-1536x864.webp 1536w, https:\/\/www.tuyider.org\/wp-content\/uploads\/SUNUM-rev.-30.4.21_4-2048x1152.webp 2048w, https:\/\/www.tuyider.org\/wp-content\/uploads\/SUNUM-rev.-30.4.21_4-18x10.webp 18w\" sizes=\"(max-width: 2560px) 100vw, 2560px\" \/><\/a>\n\t\t\t<\/div><\/figure><figure class='gallery-item'>\n\t\t\t<div class='gallery-icon landscape'>\n\t\t\t\t<a data-elementor-open-lightbox=\"yes\" data-elementor-lightbox-slideshow=\"f9059a9\" data-e-action-hash=\"#elementor-action%3Aaction%3Dlightbox%26settings%3DeyJpZCI6NzkwNywidXJsIjoiaHR0cHM6XC9cL3d3dy50dXlpZGVyLm9yZ1wvd3AtY29udGVudFwvdXBsb2Fkc1wvU1VOVU0tcmV2Li0zMC40LjIxXzUtc2NhbGVkLndlYnAiLCJzbGlkZXNob3ciOiJmOTA1OWE5In0%3D\" href='https:\/\/www.tuyider.org\/wp-content\/uploads\/SUNUM-rev.-30.4.21_5-scaled.webp'><img loading=\"lazy\" decoding=\"async\" width=\"2560\" height=\"1440\" src=\"https:\/\/www.tuyider.org\/wp-content\/uploads\/SUNUM-rev.-30.4.21_5-scaled.webp\" class=\"attachment-full size-full\" alt=\"\" srcset=\"https:\/\/www.tuyider.org\/wp-content\/uploads\/SUNUM-rev.-30.4.21_5-scaled.webp 2560w, https:\/\/www.tuyider.org\/wp-content\/uploads\/SUNUM-rev.-30.4.21_5-300x169.webp 300w, https:\/\/www.tuyider.org\/wp-content\/uploads\/SUNUM-rev.-30.4.21_5-1024x576.webp 1024w, https:\/\/www.tuyider.org\/wp-content\/uploads\/SUNUM-rev.-30.4.21_5-768x432.webp 768w, https:\/\/www.tuyider.org\/wp-content\/uploads\/SUNUM-rev.-30.4.21_5-1536x864.webp 1536w, https:\/\/www.tuyider.org\/wp-content\/uploads\/SUNUM-rev.-30.4.21_5-2048x1152.webp 2048w, https:\/\/www.tuyider.org\/wp-content\/uploads\/SUNUM-rev.-30.4.21_5-18x10.webp 18w\" sizes=\"(max-width: 2560px) 100vw, 2560px\" \/><\/a>\n\t\t\t<\/div><\/figure><figure class='gallery-item'>\n\t\t\t<div class='gallery-icon landscape'>\n\t\t\t\t<a data-elementor-open-lightbox=\"yes\" data-elementor-lightbox-slideshow=\"f9059a9\" data-e-action-hash=\"#elementor-action%3Aaction%3Dlightbox%26settings%3DeyJpZCI6NzkwNiwidXJsIjoiaHR0cHM6XC9cL3d3dy50dXlpZGVyLm9yZ1wvd3AtY29udGVudFwvdXBsb2Fkc1wvU1VOVU0tcmV2Li0zMC40LjIxXzYtc2NhbGVkLndlYnAiLCJzbGlkZXNob3ciOiJmOTA1OWE5In0%3D\" href='https:\/\/www.tuyider.org\/wp-content\/uploads\/SUNUM-rev.-30.4.21_6-scaled.webp'><img loading=\"lazy\" decoding=\"async\" width=\"2560\" height=\"1440\" src=\"https:\/\/www.tuyider.org\/wp-content\/uploads\/SUNUM-rev.-30.4.21_6-scaled.webp\" class=\"attachment-full size-full\" alt=\"\" srcset=\"https:\/\/www.tuyider.org\/wp-content\/uploads\/SUNUM-rev.-30.4.21_6-scaled.webp 2560w, https:\/\/www.tuyider.org\/wp-content\/uploads\/SUNUM-rev.-30.4.21_6-300x169.webp 300w, https:\/\/www.tuyider.org\/wp-content\/uploads\/SUNUM-rev.-30.4.21_6-1024x576.webp 1024w, https:\/\/www.tuyider.org\/wp-content\/uploads\/SUNUM-rev.-30.4.21_6-768x432.webp 768w, https:\/\/www.tuyider.org\/wp-content\/uploads\/SUNUM-rev.-30.4.21_6-1536x864.webp 1536w, https:\/\/www.tuyider.org\/wp-content\/uploads\/SUNUM-rev.-30.4.21_6-2048x1152.webp 2048w, https:\/\/www.tuyider.org\/wp-content\/uploads\/SUNUM-rev.-30.4.21_6-18x10.webp 18w\" sizes=\"(max-width: 2560px) 100vw, 2560px\" \/><\/a>\n\t\t\t<\/div><\/figure><figure class='gallery-item'>\n\t\t\t<div class='gallery-icon landscape'>\n\t\t\t\t<a data-elementor-open-lightbox=\"yes\" data-elementor-lightbox-slideshow=\"f9059a9\" data-e-action-hash=\"#elementor-action%3Aaction%3Dlightbox%26settings%3DeyJpZCI6NzkwNSwidXJsIjoiaHR0cHM6XC9cL3d3dy50dXlpZGVyLm9yZ1wvd3AtY29udGVudFwvdXBsb2Fkc1wvU1VOVU0tcmV2Li0zMC40LjIxXzctc2NhbGVkLndlYnAiLCJzbGlkZXNob3ciOiJmOTA1OWE5In0%3D\" href='https:\/\/www.tuyider.org\/wp-content\/uploads\/SUNUM-rev.-30.4.21_7-scaled.webp'><img loading=\"lazy\" decoding=\"async\" width=\"2560\" height=\"1440\" src=\"https:\/\/www.tuyider.org\/wp-content\/uploads\/SUNUM-rev.-30.4.21_7-scaled.webp\" class=\"attachment-full size-full\" alt=\"\" srcset=\"https:\/\/www.tuyider.org\/wp-content\/uploads\/SUNUM-rev.-30.4.21_7-scaled.webp 2560w, https:\/\/www.tuyider.org\/wp-content\/uploads\/SUNUM-rev.-30.4.21_7-300x169.webp 300w, https:\/\/www.tuyider.org\/wp-content\/uploads\/SUNUM-rev.-30.4.21_7-1024x576.webp 1024w, https:\/\/www.tuyider.org\/wp-content\/uploads\/SUNUM-rev.-30.4.21_7-768x432.webp 768w, https:\/\/www.tuyider.org\/wp-content\/uploads\/SUNUM-rev.-30.4.21_7-1536x864.webp 1536w, https:\/\/www.tuyider.org\/wp-content\/uploads\/SUNUM-rev.-30.4.21_7-2048x1152.webp 2048w, https:\/\/www.tuyider.org\/wp-content\/uploads\/SUNUM-rev.-30.4.21_7-18x10.webp 18w\" sizes=\"(max-width: 2560px) 100vw, 2560px\" \/><\/a>\n\t\t\t<\/div><\/figure><figure class='gallery-item'>\n\t\t\t<div class='gallery-icon landscape'>\n\t\t\t\t<a data-elementor-open-lightbox=\"yes\" data-elementor-lightbox-slideshow=\"f9059a9\" data-e-action-hash=\"#elementor-action%3Aaction%3Dlightbox%26settings%3DeyJpZCI6NzkwNCwidXJsIjoiaHR0cHM6XC9cL3d3dy50dXlpZGVyLm9yZ1wvd3AtY29udGVudFwvdXBsb2Fkc1wvU1VOVU0tcmV2Li0zMC40LjIxXzgtc2NhbGVkLndlYnAiLCJzbGlkZXNob3ciOiJmOTA1OWE5In0%3D\" href='https:\/\/www.tuyider.org\/wp-content\/uploads\/SUNUM-rev.-30.4.21_8-scaled.webp'><img loading=\"lazy\" decoding=\"async\" width=\"2560\" height=\"1440\" src=\"https:\/\/www.tuyider.org\/wp-content\/uploads\/SUNUM-rev.-30.4.21_8-scaled.webp\" class=\"attachment-full size-full\" alt=\"\" srcset=\"https:\/\/www.tuyider.org\/wp-content\/uploads\/SUNUM-rev.-30.4.21_8-scaled.webp 2560w, https:\/\/www.tuyider.org\/wp-content\/uploads\/SUNUM-rev.-30.4.21_8-300x169.webp 300w, https:\/\/www.tuyider.org\/wp-content\/uploads\/SUNUM-rev.-30.4.21_8-1024x576.webp 1024w, https:\/\/www.tuyider.org\/wp-content\/uploads\/SUNUM-rev.-30.4.21_8-768x432.webp 768w, https:\/\/www.tuyider.org\/wp-content\/uploads\/SUNUM-rev.-30.4.21_8-1536x864.webp 1536w, https:\/\/www.tuyider.org\/wp-content\/uploads\/SUNUM-rev.-30.4.21_8-2048x1152.webp 2048w, https:\/\/www.tuyider.org\/wp-content\/uploads\/SUNUM-rev.-30.4.21_8-18x10.webp 18w\" sizes=\"(max-width: 2560px) 100vw, 2560px\" \/><\/a>\n\t\t\t<\/div><\/figure><figure class='gallery-item'>\n\t\t\t<div class='gallery-icon landscape'>\n\t\t\t\t<a data-elementor-open-lightbox=\"yes\" data-elementor-lightbox-slideshow=\"f9059a9\" data-e-action-hash=\"#elementor-action%3Aaction%3Dlightbox%26settings%3DeyJpZCI6NzkwMywidXJsIjoiaHR0cHM6XC9cL3d3dy50dXlpZGVyLm9yZ1wvd3AtY29udGVudFwvdXBsb2Fkc1wvU1VOVU0tcmV2Li0zMC40LjIxXzktc2NhbGVkLndlYnAiLCJzbGlkZXNob3ciOiJmOTA1OWE5In0%3D\" href='https:\/\/www.tuyider.org\/wp-content\/uploads\/SUNUM-rev.-30.4.21_9-scaled.webp'><img loading=\"lazy\" decoding=\"async\" width=\"2560\" height=\"1440\" src=\"https:\/\/www.tuyider.org\/wp-content\/uploads\/SUNUM-rev.-30.4.21_9-scaled.webp\" class=\"attachment-full size-full\" alt=\"\" srcset=\"https:\/\/www.tuyider.org\/wp-content\/uploads\/SUNUM-rev.-30.4.21_9-scaled.webp 2560w, https:\/\/www.tuyider.org\/wp-content\/uploads\/SUNUM-rev.-30.4.21_9-300x169.webp 300w, https:\/\/www.tuyider.org\/wp-content\/uploads\/SUNUM-rev.-30.4.21_9-1024x576.webp 1024w, https:\/\/www.tuyider.org\/wp-content\/uploads\/SUNUM-rev.-30.4.21_9-768x432.webp 768w, https:\/\/www.tuyider.org\/wp-content\/uploads\/SUNUM-rev.-30.4.21_9-1536x864.webp 1536w, https:\/\/www.tuyider.org\/wp-content\/uploads\/SUNUM-rev.-30.4.21_9-2048x1152.webp 2048w, https:\/\/www.tuyider.org\/wp-content\/uploads\/SUNUM-rev.-30.4.21_9-18x10.webp 18w\" sizes=\"(max-width: 2560px) 100vw, 2560px\" \/><\/a>\n\t\t\t<\/div><\/figure><figure class='gallery-item'>\n\t\t\t<div class='gallery-icon landscape'>\n\t\t\t\t<a data-elementor-open-lightbox=\"yes\" data-elementor-lightbox-slideshow=\"f9059a9\" data-e-action-hash=\"#elementor-action%3Aaction%3Dlightbox%26settings%3DeyJpZCI6NzkwMiwidXJsIjoiaHR0cHM6XC9cL3d3dy50dXlpZGVyLm9yZ1wvd3AtY29udGVudFwvdXBsb2Fkc1wvU1VOVU0tcmV2Li0zMC40LjIxXzEwLXNjYWxlZC53ZWJwIiwic2xpZGVzaG93IjoiZjkwNTlhOSJ9\" href='https:\/\/www.tuyider.org\/wp-content\/uploads\/SUNUM-rev.-30.4.21_10-scaled.webp'><img loading=\"lazy\" decoding=\"async\" width=\"2560\" height=\"1440\" src=\"https:\/\/www.tuyider.org\/wp-content\/uploads\/SUNUM-rev.-30.4.21_10-scaled.webp\" class=\"attachment-full size-full\" alt=\"\" srcset=\"https:\/\/www.tuyider.org\/wp-content\/uploads\/SUNUM-rev.-30.4.21_10-scaled.webp 2560w, https:\/\/www.tuyider.org\/wp-content\/uploads\/SUNUM-rev.-30.4.21_10-300x169.webp 300w, https:\/\/www.tuyider.org\/wp-content\/uploads\/SUNUM-rev.-30.4.21_10-1024x576.webp 1024w, https:\/\/www.tuyider.org\/wp-content\/uploads\/SUNUM-rev.-30.4.21_10-768x432.webp 768w, https:\/\/www.tuyider.org\/wp-content\/uploads\/SUNUM-rev.-30.4.21_10-1536x864.webp 1536w, https:\/\/www.tuyider.org\/wp-content\/uploads\/SUNUM-rev.-30.4.21_10-2048x1152.webp 2048w, https:\/\/www.tuyider.org\/wp-content\/uploads\/SUNUM-rev.-30.4.21_10-18x10.webp 18w\" sizes=\"(max-width: 2560px) 100vw, 2560px\" \/><\/a>\n\t\t\t<\/div><\/figure>\n\t\t<\/div>\n\t\t<\/div>\n\t\t\t\t\t\t<\/div>\n\t\t\t\t<\/div>\n\t\t\t\t\t<\/div>\n\t\t<\/div>\n\t\t\t\t\t<\/div>\n\t\t<\/section>\n\t\t\t\t<\/div>","protected":false},"excerpt":{"rendered":"<p>Sunumu indirmek i\u00e7in linke t\u0131klay\u0131n\u0131z.<\/p>","protected":false},"author":14,"featured_media":0,"parent":1076,"menu_order":0,"comment_status":"closed","ping_status":"closed","template":"","meta":{"footnotes":""},"class_list":["post-4315","page","type-page","status-publish","hentry"],"_links":{"self":[{"href":"https:\/\/www.tuyider.org\/en\/wp-json\/wp\/v2\/pages\/4315","targetHints":{"allow":["GET"]}}],"collection":[{"href":"https:\/\/www.tuyider.org\/en\/wp-json\/wp\/v2\/pages"}],"about":[{"href":"https:\/\/www.tuyider.org\/en\/wp-json\/wp\/v2\/types\/page"}],"author":[{"embeddable":true,"href":"https:\/\/www.tuyider.org\/en\/wp-json\/wp\/v2\/users\/14"}],"replies":[{"embeddable":true,"href":"https:\/\/www.tuyider.org\/en\/wp-json\/wp\/v2\/comments?post=4315"}],"version-history":[{"count":13,"href":"https:\/\/www.tuyider.org\/en\/wp-json\/wp\/v2\/pages\/4315\/revisions"}],"predecessor-version":[{"id":7919,"href":"https:\/\/www.tuyider.org\/en\/wp-json\/wp\/v2\/pages\/4315\/revisions\/7919"}],"up":[{"embeddable":true,"href":"https:\/\/www.tuyider.org\/en\/wp-json\/wp\/v2\/pages\/1076"}],"wp:attachment":[{"href":"https:\/\/www.tuyider.org\/en\/wp-json\/wp\/v2\/media?parent=4315"}],"curies":[{"name":"wp","href":"https:\/\/api.w.org\/{rel}","templated":true}]}}