{"id":3711,"date":"2021-02-22T17:29:23","date_gmt":"2021-02-22T14:29:23","guid":{"rendered":"http:\/\/www.tuyider.org\/?page_id=3711"},"modified":"2022-12-28T21:22:48","modified_gmt":"2022-12-28T18:22:48","slug":"onursal-uyelik-basvuru","status":"publish","type":"page","link":"https:\/\/www.tuyider.org\/en\/uyelik-islemleri\/onursal-uyelik-basvuru\/","title":{"rendered":"Onursal \u00dcyelik Ba\u015fvuru"},"content":{"rendered":"<div class=\"wpforms-container wpforms-container-full\" id=\"wpforms-5849\"><form id=\"wpforms-form-5849\" class=\"wpforms-validate wpforms-form\" data-formid=\"5849\" method=\"post\" enctype=\"multipart\/form-data\" action=\"\/en\/wp-json\/wp\/v2\/pages\/3711\" data-token=\"b668cd56e56dd9d686d6d24e9ca4f147\" data-trp-original-action=\"\/en\/wp-json\/wp\/v2\/pages\/3711\"><noscript class=\"wpforms-error-noscript\">Please enable JavaScript in your browser to complete this form.<\/noscript><div class=\"wpforms-field-container\"><div id=\"wpforms-5849-field_55-container\" class=\"wpforms-field wpforms-field-content\" data-field-id=\"55\"><div id=\"wpforms-5849-field_55\" class=\"wpforms-field-medium wpforms-field-row\" name=\"wpforms[fields][55]\"><h1>Onursal \u00dcyelik Ba\u015fvuru Formu<\/h1>\n<div class=\"wpforms-field-content-display-frontend-clear\"><\/div><\/div><\/div><div id=\"wpforms-5849-field_11-container\" class=\"wpforms-field wpforms-field-layout\" data-field-id=\"11\"><label class=\"wpforms-field-label wpforms-label-hide\" for=\"wpforms-5849-field_11\">Layout<\/label><div class=\"wpforms-field-layout-columns wpforms-field-layout-preset-50-50\"><div class=\"wpforms-layout-column wpforms-layout-column-50\"><div id=\"wpforms-5849-field_2-container\" class=\"wpforms-field wpforms-field-name\" data-field-id=\"2\"><label class=\"wpforms-field-label\" for=\"wpforms-5849-field_2\">Ad\u0131, Soyad\u0131 <span class=\"wpforms-required-label\">*<\/span><\/label><input type=\"text\" id=\"wpforms-5849-field_2\" class=\"wpforms-field-small wpforms-field-required\" name=\"wpforms[fields][2]\" required><\/div><div id=\"wpforms-5849-field_6-container\" class=\"wpforms-field wpforms-field-number\" data-field-id=\"6\"><label class=\"wpforms-field-label\" for=\"wpforms-5849-field_6\">T.C. Kimlik No<\/label><input type=\"number\" pattern=\"\\d*\" id=\"wpforms-5849-field_6\" class=\"wpforms-field-small\" name=\"wpforms[fields][6]\" ><\/div><div id=\"wpforms-5849-field_41-container\" class=\"wpforms-field wpforms-field-date-time\" data-field-id=\"41\"><label class=\"wpforms-field-label\" for=\"wpforms-5849-field_41\">Do\u011fum Y\u0131l\u0131 <span class=\"wpforms-required-label\">*<\/span><\/label><div class=\"wpforms-datepicker-wrap\"><input type=\"text\" id=\"wpforms-5849-field_41\" class=\"wpforms-field-date-time-date wpforms-datepicker wpforms-field-required wpforms-field-medium\" data-date-format=\"m\/d\/Y\" data-disable-past-dates=\"0\" data-input=\"true\" name=\"wpforms[fields][41][date]\" required><a title=\"Clear Date\" data-clear class=\"wpforms-datepicker-clear\" style=\"display:none;\"><\/a><\/div><\/div><div id=\"wpforms-5849-field_3-container\" class=\"wpforms-field wpforms-field-text\" data-field-id=\"3\"><label class=\"wpforms-field-label\" for=\"wpforms-5849-field_3\">Do\u011fum Yeri <span class=\"wpforms-required-label\">*<\/span><\/label><input type=\"text\" id=\"wpforms-5849-field_3\" class=\"wpforms-field-small wpforms-field-required wpforms-limit-characters-enabled\" data-form-id=\"5849\" data-field-id=\"3\" data-text-limit=\"30\" name=\"wpforms[fields][3]\" maxlength=\"30\" required><\/div><div id=\"wpforms-5849-field_7-container\" class=\"wpforms-field wpforms-field-select wpforms-field-select-style-modern\" data-field-id=\"7\"><label class=\"wpforms-field-label\" for=\"wpforms-5849-field_7\">\u00d6\u011frenim Durumu <span class=\"wpforms-required-label\">*<\/span><\/label><select id=\"wpforms-5849-field_7\" class=\"wpforms-field-small wpforms-field-required choicesjs-select\" data-size-class=\"wpforms-field-row wpforms-field-small\" data-search-enabled=\"\" name=\"wpforms[fields][7]\" required=\"required\"><option value=\"\" class=\"placeholder\" disabled selected='selected'>\u00dcniversite<\/option><option value=\"\u00dcniversite\" >\u00dcniversite<\/option><option value=\"Y\u00fcksek Lisans\" >Y\u00fcksek Lisans<\/option><option value=\"Lise\" >Lise<\/option><\/select><\/div><\/div><div class=\"wpforms-layout-column wpforms-layout-column-50\"><div id=\"wpforms-5849-field_9-container\" class=\"wpforms-field wpforms-field-text\" data-field-id=\"9\"><label class=\"wpforms-field-label\" for=\"wpforms-5849-field_9\">G\u00f6rev Yeri-Kurum <span class=\"wpforms-required-label\">*<\/span><\/label><input type=\"text\" id=\"wpforms-5849-field_9\" class=\"wpforms-field-small wpforms-field-required wpforms-limit-characters-enabled\" data-form-id=\"5849\" data-field-id=\"9\" data-text-limit=\"60\" name=\"wpforms[fields][9]\" maxlength=\"60\" required><\/div><div id=\"wpforms-5849-field_43-container\" class=\"wpforms-field wpforms-field-text\" data-field-id=\"43\"><label class=\"wpforms-field-label\" for=\"wpforms-5849-field_43\">\u00c7al\u0131\u015ft\u0131\u011f\u0131 Projeler <span class=\"wpforms-required-label\">*<\/span><\/label><input type=\"text\" id=\"wpforms-5849-field_43\" class=\"wpforms-field-small wpforms-field-required wpforms-limit-characters-enabled\" data-form-id=\"5849\" data-field-id=\"43\" data-text-limit=\"60\" name=\"wpforms[fields][43]\" maxlength=\"60\" required><\/div><div id=\"wpforms-5849-field_10-container\" class=\"wpforms-field wpforms-field-text\" data-field-id=\"10\"><label class=\"wpforms-field-label\" for=\"wpforms-5849-field_10\">\u00dcnvan\u0131 <span class=\"wpforms-required-label\">*<\/span><\/label><input type=\"text\" id=\"wpforms-5849-field_10\" class=\"wpforms-field-small wpforms-field-required wpforms-limit-characters-enabled\" data-form-id=\"5849\" data-field-id=\"10\" data-text-limit=\"30\" name=\"wpforms[fields][10]\" maxlength=\"30\" required><\/div><div id=\"wpforms-5849-field_13-container\" class=\"wpforms-field wpforms-field-email\" data-field-id=\"13\"><label class=\"wpforms-field-label\" for=\"wpforms-5849-field_13\">Elektronik Posta <span class=\"wpforms-required-label\">*<\/span><\/label><input type=\"email\" id=\"wpforms-5849-field_13\" class=\"wpforms-field-medium wpforms-field-required\" name=\"wpforms[fields][13]\" required><\/div><div id=\"wpforms-5849-field_14-container\" class=\"wpforms-field wpforms-field-email\" data-field-id=\"14\"><label class=\"wpforms-field-label\" for=\"wpforms-5849-field_14\">Skype<\/label><input type=\"email\" id=\"wpforms-5849-field_14\" class=\"wpforms-field-medium\" name=\"wpforms[fields][14]\" ><\/div><\/div><\/div><\/div><div id=\"wpforms-5849-field_17-container\" class=\"wpforms-field wpforms-field-text\" data-field-id=\"17\"><label class=\"wpforms-field-label\" for=\"wpforms-5849-field_17\">Kurum Adresi <span class=\"wpforms-required-label\">*<\/span><\/label><input type=\"text\" id=\"wpforms-5849-field_17\" class=\"wpforms-field-large wpforms-field-required wpforms-limit-characters-enabled\" data-form-id=\"5849\" data-field-id=\"17\" data-text-limit=\"120\" name=\"wpforms[fields][17]\" maxlength=\"120\" required><\/div><div id=\"wpforms-5849-field_18-container\" class=\"wpforms-field wpforms-field-phone\" data-field-id=\"18\"><label class=\"wpforms-field-label\" for=\"wpforms-5849-field_18\">Kurum Telefonu <span class=\"wpforms-required-label\">*<\/span><\/label><input type=\"tel\" id=\"wpforms-5849-field_18\" class=\"wpforms-field-large wpforms-field-required wpforms-smart-phone-field\" data-rule-smart-phone-field=\"true\" name=\"wpforms[fields][18]\" required><\/div><div id=\"wpforms-5849-field_44-container\" class=\"wpforms-field wpforms-field-phone\" data-field-id=\"44\"><label class=\"wpforms-field-label\" for=\"wpforms-5849-field_44\">Cep Telefonu <span class=\"wpforms-required-label\">*<\/span><\/label><input type=\"tel\" id=\"wpforms-5849-field_44\" class=\"wpforms-field-large wpforms-field-required wpforms-smart-phone-field\" data-rule-smart-phone-field=\"true\" name=\"wpforms[fields][44]\" required><\/div><div id=\"wpforms-5849-field_46-container\" class=\"wpforms-field wpforms-field-text\" data-field-id=\"46\"><label class=\"wpforms-field-label\" for=\"wpforms-5849-field_46\">Ev Adresi <span class=\"wpforms-required-label\">*<\/span><\/label><input type=\"text\" id=\"wpforms-5849-field_46\" class=\"wpforms-field-large wpforms-field-required\" name=\"wpforms[fields][46]\" required><\/div><div id=\"wpforms-5849-field_47-container\" class=\"wpforms-field wpforms-field-phone\" data-field-id=\"47\"><label class=\"wpforms-field-label\" for=\"wpforms-5849-field_47\">Ev Telefonu <span class=\"wpforms-required-label\">*<\/span><\/label><input type=\"tel\" id=\"wpforms-5849-field_47\" class=\"wpforms-field-large wpforms-field-required wpforms-smart-phone-field\" data-rule-smart-phone-field=\"true\" name=\"wpforms[fields][47]\" required><\/div><div id=\"wpforms-5849-field_48-container\" class=\"wpforms-field wpforms-field-text\" data-field-id=\"48\"><label class=\"wpforms-field-label\" for=\"wpforms-5849-field_48\">Yabanc\u0131 Dil Bilgisi <span class=\"wpforms-required-label\">*<\/span><\/label><input type=\"text\" id=\"wpforms-5849-field_48\" class=\"wpforms-field-large wpforms-field-required wpforms-limit-characters-enabled\" data-form-id=\"5849\" data-field-id=\"48\" data-text-limit=\"400\" name=\"wpforms[fields][48]\" maxlength=\"400\" required><\/div><div id=\"wpforms-5849-field_49-container\" class=\"wpforms-field wpforms-field-text\" data-field-id=\"49\"><label class=\"wpforms-field-label\" for=\"wpforms-5849-field_49\">Kat\u0131l\u0131m Sa\u011flad\u0131\u011f\u0131 Seminerler <span class=\"wpforms-required-label\">*<\/span><\/label><input type=\"text\" id=\"wpforms-5849-field_49\" class=\"wpforms-field-large wpforms-field-required wpforms-limit-characters-enabled\" data-form-id=\"5849\" data-field-id=\"49\" data-text-limit=\"400\" name=\"wpforms[fields][49]\" maxlength=\"400\" required><\/div><div id=\"wpforms-5849-field_50-container\" class=\"wpforms-field wpforms-field-text\" data-field-id=\"50\"><label class=\"wpforms-field-label\" for=\"wpforms-5849-field_50\">Yer Ald\u0131\u011f\u0131 Projeler <span class=\"wpforms-required-label\">*<\/span><\/label><input type=\"text\" id=\"wpforms-5849-field_50\" class=\"wpforms-field-large wpforms-field-required wpforms-limit-characters-enabled\" data-form-id=\"5849\" data-field-id=\"50\" data-text-limit=\"400\" name=\"wpforms[fields][50]\" maxlength=\"400\" required><\/div><div id=\"wpforms-5849-field_51-container\" class=\"wpforms-field wpforms-field-text\" data-field-id=\"51\"><label class=\"wpforms-field-label\" for=\"wpforms-5849-field_51\">Referans T\u00fczel Ki\u015fi Bilgileri <span class=\"wpforms-required-label\">*<\/span><\/label><input type=\"text\" id=\"wpforms-5849-field_51\" class=\"wpforms-field-large wpforms-field-required wpforms-limit-characters-enabled\" data-form-id=\"5849\" data-field-id=\"51\" data-text-limit=\"400\" name=\"wpforms[fields][51]\" maxlength=\"400\" required><\/div><div id=\"wpforms-5849-field_38-container\" class=\"wpforms-field wpforms-field-content\" data-field-id=\"38\"><div id=\"wpforms-5849-field_38\" class=\"wpforms-field-large wpforms-field-row\" name=\"wpforms[fields][38]\"><p><span class=\"fontstyle2\"><b>\u00dcyelik i\u00e7in gerekli belgeler: <\/b>\u00dcyelik ba\u015fvuru formu, \u00fcyelik taahh\u00fctnamesi, 2 adet foto\u011fraf, n\u00fcfus c\u00fczdan fotokopisi<\/span><\/p>\n<p><b> <\/b><span class=\"fontstyle0\"><b>T\u00fcm Y\u00fczey \u0130\u015flemler Derne\u011fi ( T\u00dcY\u0130DER ) Y\u00f6netim Kurulu Ba\u015fkanl\u0131\u011f\u0131na,<\/b><br \/>\n<\/span><span class=\"fontstyle0\">Derne\u011finizin t\u00fcz\u00fc\u011f\u00fcn\u00fc inceledim. T\u00fcz\u00fckte belirtilen ama\u00e7lar\u0131n ger\u00e7ekle\u015fmesine katk\u0131da bulunmak istiyorum. Dernekler kanununa g\u00f6re \u00fcye olmamda bir sak\u0131nca yoktur. Yukar\u0131daki bilgilerin do\u011frulu\u011funu taahh\u00fct eder, \u00fcyeli\u011fimin kabul\u00fcn\u00fc dilerim.<\/span><\/p>\n<div class=\"wpforms-field-content-display-frontend-clear\"><\/div><\/div><\/div><div id=\"wpforms-5849-field_54-container\" class=\"wpforms-field wpforms-field-radio\" data-field-id=\"54\"><label class=\"wpforms-field-label\" for=\"wpforms-5849-field_54\">Onursal \u00fcyeler iste\u011fe ba\u011fl\u0131 olarak y\u0131ll\u0131k 600 TL aidat \u00f6deyebilirler. L\u00fctfen tercihinizi belirtiniz:<\/label><ul id=\"wpforms-5849-field_54\"><li class=\"choice-1 depth-1\"><input type=\"radio\" id=\"wpforms-5849-field_54_1\" name=\"wpforms[fields][54]\" value=\"Y\u0131ll\u0131k 600 TL aidat \u00f6demek istiyorum.\"  ><label class=\"wpforms-field-label-inline\" for=\"wpforms-5849-field_54_1\">Y\u0131ll\u0131k 600 TL aidat \u00f6demek istiyorum.<\/label><\/li><li class=\"choice-2 depth-1\"><input type=\"radio\" id=\"wpforms-5849-field_54_2\" name=\"wpforms[fields][54]\" value=\"Y\u0131ll\u0131k 600 TL aidat \u00f6demek istemiyorum.\"  ><label class=\"wpforms-field-label-inline\" for=\"wpforms-5849-field_54_2\">Y\u0131ll\u0131k 600 TL aidat \u00f6demek istemiyorum.<\/label><\/li><\/ul><\/div><div id=\"wpforms-5849-field_39-container\" class=\"wpforms-field wpforms-field-checkbox\" data-field-id=\"39\"><label class=\"wpforms-field-label\" for=\"wpforms-5849-field_39\">Onay<\/label><ul id=\"wpforms-5849-field_39\"><li class=\"choice-1 depth-1\"><input type=\"checkbox\" id=\"wpforms-5849-field_39_1\" name=\"wpforms[fields][39][]\" value=\"G\u00fcvenlik politikas\u0131 ve gizlilik taahh\u00fct\u00fcn\u00fc okudum, anlad\u0131m ve kabul ediyorum (web sitemizden indirebilirsiniz).\"  ><label class=\"wpforms-field-label-inline\" for=\"wpforms-5849-field_39_1\">G\u00fcvenlik politikas\u0131 ve gizlilik taahh\u00fct\u00fcn\u00fc okudum, anlad\u0131m ve kabul ediyorum (web sitemizden indirebilirsiniz).<\/label><\/li><\/ul><\/div><div id=\"wpforms-5849-field_40-container\" class=\"wpforms-field wpforms-field-content\" data-field-id=\"40\"><div id=\"wpforms-5849-field_40\" class=\"wpforms-field-large wpforms-field-row\" name=\"wpforms[fields][40]\"><p><a href=\"http:\/\/www.tuyider.org\/wp-content\/uploads\/2021\/02\/GUVENLIK-GIZLILIK.pdf\">G\u00fcvenlik Gizlilik Formunu \u0130ndirin<\/a><\/p>\n<p><a href=\"http:\/\/www.tuyider.org\/wp-content\/uploads\/2021\/02\/UYELIK-TAAHHUDU.pdf\">\u00dcyelik Taah\u00fcd\u00fc Formunu \u0130ndirin<\/a><\/p>\n<div class=\"wpforms-field-content-display-frontend-clear\"><\/div><\/div><\/div><\/div><div class=\"wpforms-submit-container\"><input type=\"hidden\" name=\"wpforms[id]\" value=\"5849\"><input type=\"hidden\" name=\"wpforms[author]\" value=\"14\"><button type=\"submit\" name=\"wpforms[submit]\" id=\"wpforms-submit-5849\" class=\"wpforms-submit\" data-alt-text=\"G\u00f6nderiliyor...\" data-submit-text=\"Formu g\u00f6nder\" aria-live=\"assertive\" value=\"wpforms-submit\">Formu g\u00f6nder<\/button><\/div><input type=\"hidden\" name=\"trp-form-language\" value=\"en\"\/><\/form><\/div>  <!-- .wpforms-container -->","protected":false},"excerpt":{"rendered":"","protected":false},"author":14,"featured_media":0,"parent":566,"menu_order":0,"comment_status":"closed","ping_status":"closed","template":"","meta":{"footnotes":""},"class_list":["post-3711","page","type-page","status-publish","hentry"],"_links":{"self":[{"href":"https:\/\/www.tuyider.org\/en\/wp-json\/wp\/v2\/pages\/3711","targetHints":{"allow":["GET"]}}],"collection":[{"href":"https:\/\/www.tuyider.org\/en\/wp-json\/wp\/v2\/pages"}],"about":[{"href":"https:\/\/www.tuyider.org\/en\/wp-json\/wp\/v2\/types\/page"}],"author":[{"embeddable":true,"href":"https:\/\/www.tuyider.org\/en\/wp-json\/wp\/v2\/users\/14"}],"replies":[{"embeddable":true,"href":"https:\/\/www.tuyider.org\/en\/wp-json\/wp\/v2\/comments?post=3711"}],"version-history":[{"count":45,"href":"https:\/\/www.tuyider.org\/en\/wp-json\/wp\/v2\/pages\/3711\/revisions"}],"predecessor-version":[{"id":5857,"href":"https:\/\/www.tuyider.org\/en\/wp-json\/wp\/v2\/pages\/3711\/revisions\/5857"}],"up":[{"embeddable":true,"href":"https:\/\/www.tuyider.org\/en\/wp-json\/wp\/v2\/pages\/566"}],"wp:attachment":[{"href":"https:\/\/www.tuyider.org\/en\/wp-json\/wp\/v2\/media?parent=3711"}],"curies":[{"name":"wp","href":"https:\/\/api.w.org\/{rel}","templated":true}]}}