{"id":3706,"date":"2021-02-22T17:25:29","date_gmt":"2021-02-22T14:25:29","guid":{"rendered":"http:\/\/www.tuyider.org\/?page_id=3706"},"modified":"2022-12-28T21:04:26","modified_gmt":"2022-12-28T18:04:26","slug":"bireysel-asil-uyelik-basvuru","status":"publish","type":"page","link":"https:\/\/www.tuyider.org\/en\/uyelik-islemleri\/bireysel-asil-uyelik-basvuru\/","title":{"rendered":"Bireysel Asil \u00fcyelik Ba\u015fvuru"},"content":{"rendered":"<div class=\"wpforms-container wpforms-container-full\" id=\"wpforms-5827\"><form id=\"wpforms-form-5827\" class=\"wpforms-validate wpforms-form\" data-formid=\"5827\" method=\"post\" enctype=\"multipart\/form-data\" action=\"\/en\/wp-json\/wp\/v2\/pages\/3706\" data-token=\"06927e09eb76134d9c6fe7dda600cee4\" data-trp-original-action=\"\/en\/wp-json\/wp\/v2\/pages\/3706\"><noscript class=\"wpforms-error-noscript\">Please enable JavaScript in your browser to complete this form.<\/noscript><div class=\"wpforms-field-container\"><div id=\"wpforms-5827-field_43-container\" class=\"wpforms-field wpforms-field-content\" data-field-id=\"43\"><div id=\"wpforms-5827-field_43\" class=\"wpforms-field-medium wpforms-field-row\" name=\"wpforms[fields][43]\"><h1>Bireysel Asil \u00dcyelik Ba\u015fvuru Formu<\/h1>\n<div class=\"wpforms-field-content-display-frontend-clear\"><\/div><\/div><\/div><div id=\"wpforms-5827-field_11-container\" class=\"wpforms-field wpforms-field-layout\" data-field-id=\"11\"><label class=\"wpforms-field-label wpforms-label-hide\" for=\"wpforms-5827-field_11\">Layout<\/label><div class=\"wpforms-field-layout-columns wpforms-field-layout-preset-50-50\"><div class=\"wpforms-layout-column wpforms-layout-column-50\"><div id=\"wpforms-5827-field_2-container\" class=\"wpforms-field wpforms-field-name\" data-field-id=\"2\"><label class=\"wpforms-field-label\" for=\"wpforms-5827-field_2\">Ad\u0131, Soyad\u0131 <span class=\"wpforms-required-label\">*<\/span><\/label><input type=\"text\" id=\"wpforms-5827-field_2\" class=\"wpforms-field-small wpforms-field-required\" name=\"wpforms[fields][2]\" required><\/div><div id=\"wpforms-5827-field_6-container\" class=\"wpforms-field wpforms-field-number\" data-field-id=\"6\"><label class=\"wpforms-field-label\" for=\"wpforms-5827-field_6\">T.C. Kimlik No<\/label><input type=\"number\" pattern=\"\\d*\" id=\"wpforms-5827-field_6\" class=\"wpforms-field-small\" name=\"wpforms[fields][6]\" ><\/div><div id=\"wpforms-5827-field_3-container\" class=\"wpforms-field wpforms-field-text\" data-field-id=\"3\"><label class=\"wpforms-field-label\" for=\"wpforms-5827-field_3\">Do\u011fum Yeri <span class=\"wpforms-required-label\">*<\/span><\/label><input type=\"text\" id=\"wpforms-5827-field_3\" class=\"wpforms-field-small wpforms-field-required wpforms-limit-characters-enabled\" data-form-id=\"5827\" data-field-id=\"3\" data-text-limit=\"30\" name=\"wpforms[fields][3]\" maxlength=\"30\" required><\/div><div id=\"wpforms-5827-field_41-container\" class=\"wpforms-field wpforms-field-date-time\" data-field-id=\"41\"><label class=\"wpforms-field-label\" for=\"wpforms-5827-field_41\">Do\u011fum Y\u0131l\u0131 <span class=\"wpforms-required-label\">*<\/span><\/label><div class=\"wpforms-datepicker-wrap\"><input type=\"text\" id=\"wpforms-5827-field_41\" class=\"wpforms-field-date-time-date wpforms-datepicker wpforms-field-required wpforms-field-medium\" data-date-format=\"m\/d\/Y\" data-disable-past-dates=\"0\" data-input=\"true\" name=\"wpforms[fields][41][date]\" required><a title=\"Clear Date\" data-clear class=\"wpforms-datepicker-clear\" style=\"display:none;\"><\/a><\/div><\/div><div id=\"wpforms-5827-field_13-container\" class=\"wpforms-field wpforms-field-email\" data-field-id=\"13\"><label class=\"wpforms-field-label\" for=\"wpforms-5827-field_13\">Elektronik Posta <span class=\"wpforms-required-label\">*<\/span><\/label><input type=\"email\" id=\"wpforms-5827-field_13\" class=\"wpforms-field-medium wpforms-field-required\" name=\"wpforms[fields][13]\" required><\/div><\/div><div class=\"wpforms-layout-column wpforms-layout-column-50\"><div id=\"wpforms-5827-field_7-container\" class=\"wpforms-field wpforms-field-select wpforms-field-select-style-modern\" data-field-id=\"7\"><label class=\"wpforms-field-label\" for=\"wpforms-5827-field_7\">\u00d6\u011frenim Durumu <span class=\"wpforms-required-label\">*<\/span><\/label><select id=\"wpforms-5827-field_7\" class=\"wpforms-field-small wpforms-field-required choicesjs-select\" data-size-class=\"wpforms-field-row wpforms-field-small\" data-search-enabled=\"\" name=\"wpforms[fields][7]\" required=\"required\"><option value=\"\" class=\"placeholder\" disabled selected='selected'>\u00dcniversite<\/option><option value=\"\u00dcniversite\" >\u00dcniversite<\/option><option value=\"Y\u00fcksek Lisans\" >Y\u00fcksek Lisans<\/option><option value=\"Lise\" >Lise<\/option><\/select><\/div><div id=\"wpforms-5827-field_10-container\" class=\"wpforms-field wpforms-field-text\" data-field-id=\"10\"><label class=\"wpforms-field-label\" for=\"wpforms-5827-field_10\">\u00dcnvan\u0131 <span class=\"wpforms-required-label\">*<\/span><\/label><input type=\"text\" id=\"wpforms-5827-field_10\" class=\"wpforms-field-small wpforms-field-required wpforms-limit-characters-enabled\" data-form-id=\"5827\" data-field-id=\"10\" data-text-limit=\"30\" name=\"wpforms[fields][10]\" maxlength=\"30\" required><\/div><div id=\"wpforms-5827-field_12-container\" class=\"wpforms-field wpforms-field-text\" data-field-id=\"12\"><label class=\"wpforms-field-label\" for=\"wpforms-5827-field_12\">\u00c7al\u0131\u015ft\u0131\u011f\u0131 Projeler <span class=\"wpforms-required-label\">*<\/span><\/label><input type=\"text\" id=\"wpforms-5827-field_12\" class=\"wpforms-field-small wpforms-field-required wpforms-limit-characters-enabled\" data-form-id=\"5827\" data-field-id=\"12\" data-text-limit=\"500\" name=\"wpforms[fields][12]\" maxlength=\"500\" required><\/div><div id=\"wpforms-5827-field_9-container\" class=\"wpforms-field wpforms-field-text\" data-field-id=\"9\"><label class=\"wpforms-field-label\" for=\"wpforms-5827-field_9\">G\u00f6rev Yeri-Kurum <span class=\"wpforms-required-label\">*<\/span><\/label><input type=\"text\" id=\"wpforms-5827-field_9\" class=\"wpforms-field-small wpforms-field-required wpforms-limit-characters-enabled\" data-form-id=\"5827\" data-field-id=\"9\" data-text-limit=\"60\" name=\"wpforms[fields][9]\" maxlength=\"60\" required><\/div><div id=\"wpforms-5827-field_14-container\" class=\"wpforms-field wpforms-field-email\" data-field-id=\"14\"><label class=\"wpforms-field-label\" for=\"wpforms-5827-field_14\">Skype<\/label><input type=\"email\" id=\"wpforms-5827-field_14\" class=\"wpforms-field-medium\" name=\"wpforms[fields][14]\" ><\/div><\/div><\/div><\/div><div id=\"wpforms-5827-field_17-container\" class=\"wpforms-field wpforms-field-text\" data-field-id=\"17\"><label class=\"wpforms-field-label\" for=\"wpforms-5827-field_17\">Kurum Adresi<\/label><input type=\"text\" id=\"wpforms-5827-field_17\" class=\"wpforms-field-large wpforms-limit-characters-enabled\" data-form-id=\"5827\" data-field-id=\"17\" data-text-limit=\"120\" name=\"wpforms[fields][17]\" maxlength=\"120\" ><\/div><div id=\"wpforms-5827-field_18-container\" class=\"wpforms-field wpforms-field-phone\" data-field-id=\"18\"><label class=\"wpforms-field-label\" for=\"wpforms-5827-field_18\">Kurum Telefonu<\/label><input type=\"tel\" id=\"wpforms-5827-field_18\" class=\"wpforms-field-large wpforms-smart-phone-field\" data-rule-smart-phone-field=\"true\" name=\"wpforms[fields][18]\" ><\/div><div id=\"wpforms-5827-field_19-container\" class=\"wpforms-field wpforms-field-checkbox wpforms-list-2-columns\" data-field-id=\"19\"><label class=\"wpforms-field-label\" for=\"wpforms-5827-field_19\">Faaliyet Konusu (birden fazla alan i\u015faretleyebilirsiniz) <span class=\"wpforms-required-label\">*<\/span><\/label><ul id=\"wpforms-5827-field_19\" class=\"wpforms-field-required\"><li class=\"choice-1 depth-1\"><input type=\"checkbox\" id=\"wpforms-5827-field_19_1\" name=\"wpforms[fields][19][]\" value=\"Temizleme ve Y\u0131kama \u00dcretim \u0130\u015fletmesi\" required><label class=\"wpforms-field-label-inline\" for=\"wpforms-5827-field_19_1\">Temizleme ve Y\u0131kama \u00dcretim \u0130\u015fletmesi<\/label><\/li><li class=\"choice-2 depth-1\"><input type=\"checkbox\" id=\"wpforms-5827-field_19_2\" name=\"wpforms[fields][19][]\" value=\"Ar\u0131tma ve Geri Kazan\u0131m Tesis \u00dcnite Donan\u0131m\" required><label class=\"wpforms-field-label-inline\" for=\"wpforms-5827-field_19_2\">Ar\u0131tma ve Geri Kazan\u0131m Tesis \u00dcnite Donan\u0131m<\/label><\/li><li class=\"choice-3 depth-1\"><input type=\"checkbox\" id=\"wpforms-5827-field_19_3\" name=\"wpforms[fields][19][]\" value=\"Temizleme ve Y\u0131kama Kimyasal Baz Malzeme\" required><label class=\"wpforms-field-label-inline\" for=\"wpforms-5827-field_19_3\">Temizleme ve Y\u0131kama Kimyasal Baz Malzeme<\/label><\/li><li class=\"choice-8 depth-1\"><input type=\"checkbox\" id=\"wpforms-5827-field_19_8\" name=\"wpforms[fields][19][]\" value=\"Kaplama \u00dcretim \u0130\u015fletmesi\" required><label class=\"wpforms-field-label-inline\" for=\"wpforms-5827-field_19_8\">Kaplama \u00dcretim \u0130\u015fletmesi<\/label><\/li><li class=\"choice-7 depth-1\"><input type=\"checkbox\" id=\"wpforms-5827-field_19_7\" name=\"wpforms[fields][19][]\" value=\"Kaplama Tesis, \u00dcnite ve Donan\u0131m\" required><label class=\"wpforms-field-label-inline\" for=\"wpforms-5827-field_19_7\">Kaplama Tesis, \u00dcnite ve Donan\u0131m<\/label><\/li><li class=\"choice-6 depth-1\"><input type=\"checkbox\" id=\"wpforms-5827-field_19_6\" name=\"wpforms[fields][19][]\" value=\"Kaplama Kimyasal Baz Malzeme\" required><label class=\"wpforms-field-label-inline\" for=\"wpforms-5827-field_19_6\">Kaplama Kimyasal Baz Malzeme<\/label><\/li><li class=\"choice-5 depth-1\"><input type=\"checkbox\" id=\"wpforms-5827-field_19_5\" name=\"wpforms[fields][19][]\" value=\"Kumlama, Boyama \u00dcretim \u0130\u015fletmesi\" required><label class=\"wpforms-field-label-inline\" for=\"wpforms-5827-field_19_5\">Kumlama, Boyama \u00dcretim \u0130\u015fletmesi<\/label><\/li><li class=\"choice-4 depth-1\"><input type=\"checkbox\" id=\"wpforms-5827-field_19_4\" name=\"wpforms[fields][19][]\" value=\"Kumlama, Boyama Tesis, \u00dcnite, Donan\u0131m\" required><label class=\"wpforms-field-label-inline\" for=\"wpforms-5827-field_19_4\">Kumlama, Boyama Tesis, \u00dcnite, Donan\u0131m<\/label><\/li><li class=\"choice-12 depth-1\"><input type=\"checkbox\" id=\"wpforms-5827-field_19_12\" name=\"wpforms[fields][19][]\" value=\"Kumlama, Boyama Kimyasal Baz Malzeme\" required><label class=\"wpforms-field-label-inline\" for=\"wpforms-5827-field_19_12\">Kumlama, Boyama Kimyasal Baz Malzeme<\/label><\/li><li class=\"choice-11 depth-1\"><input type=\"checkbox\" id=\"wpforms-5827-field_19_11\" name=\"wpforms[fields][19][]\" value=\"Y\u00fczey \u0130\u015flemle ilgili Ana \/Yan Sanayi \u0130\u015fletmesi\" required><label class=\"wpforms-field-label-inline\" for=\"wpforms-5827-field_19_11\">Y\u00fczey \u0130\u015flemle ilgili Ana \/Yan Sanayi \u0130\u015fletmesi<\/label><\/li><\/ul><\/div><div id=\"wpforms-5827-field_21-container\" class=\"wpforms-field wpforms-field-textarea\" data-field-id=\"21\"><label class=\"wpforms-field-label\" for=\"wpforms-5827-field_21\">Di\u011fer (belirtiniz)<\/label><textarea id=\"wpforms-5827-field_21\" class=\"wpforms-field-medium\" name=\"wpforms[fields][21]\" ><\/textarea><\/div><div id=\"wpforms-5827-field_22-container\" class=\"wpforms-field wpforms-field-checkbox wpforms-list-2-columns\" data-field-id=\"22\"><label class=\"wpforms-field-label\" for=\"wpforms-5827-field_22\">\u00dcyelik Kategorisi* <span class=\"wpforms-required-label\">*<\/span><\/label><ul id=\"wpforms-5827-field_22\" class=\"wpforms-field-required\" data-choice-limit=\"1\"><li class=\"choice-1 depth-1\"><input type=\"checkbox\" id=\"wpforms-5827-field_22_1\" data-rule-check-limit=\"true\" name=\"wpforms[fields][22][]\" value=\"A- 27.300 TL Giri\u015f \u00d6denti\/ 4.600 TL Aidat\" required><label class=\"wpforms-field-label-inline\" for=\"wpforms-5827-field_22_1\">A- 27.300 TL Giri\u015f \u00d6denti\/ 4.600 TL Aidat<\/label><\/li><li class=\"choice-2 depth-1\"><input type=\"checkbox\" id=\"wpforms-5827-field_22_2\" data-rule-check-limit=\"true\" name=\"wpforms[fields][22][]\" value=\"B- 16.380 TL Giri\u015f \u00d6denti\/ 3.000 TL Aidat\" required><label class=\"wpforms-field-label-inline\" for=\"wpforms-5827-field_22_2\">B- 16.380 TL Giri\u015f \u00d6denti\/ 3.000 TL Aidat<\/label><\/li><\/ul><div class=\"wpforms-field-description\">\u00dcyelik i\u00e7in A ve B olmak \u00fczere iki (2) kategori mevcuttur.\r\nY\u0131ll\u0131k Ciro veya ( FAV\u00d6K ) Faiz Amortisman Vergi \u00d6ncesi Kar'a ba\u011fl\u0131 olarak belirlenir;\r\nA Kategorisi: 20.000.000, -TL ve \u00dczeri Ciro veya\r\n5.000.000, -TL ve \u00dczeri FAV\u00d6K\r\nB Kategorisi: 10.000.000, - TL ve \u00dczeri Ciro veya\r\n2.500.000, -TL ve \u00dczeri FAV\u00d6K<\/div><\/div><div id=\"wpforms-5827-field_37-container\" class=\"wpforms-field wpforms-field-html\" data-field-id=\"37\"><div id=\"wpforms-5827-field_37\">T\u00dcY\u0130DER\u2019den faydalanabilece\u011finiz ba\u015fl\u0131ca konular; sekt\u00f6rel ticari heyetlere kat\u0131l\u0131m, uluslararas\u0131 rekabeti geli\u015ftirme (UR-GE) projelerine kat\u0131l\u0131m, \u00e7al\u0131\u015fma gruplar\u0131na kat\u0131l\u0131m, e\u011fitimlere kat\u0131l\u0131m, konferanslara kat\u0131l\u0131m, i\u00e7erik deste\u011fi ve \/ veya sponsorluk, seminerlere kat\u0131l\u0131m, network imkan\u0131ndan faydalanma, sekt\u00f6r odakl\u0131 teknoloji g\u00fcnleri d\u00fczenleme, sekt\u00f6re y\u00f6nelik \u00fcyelere bilgilendirme semineri d\u00fczenleme.\r\n\r\nT\u00fcyider \u00fcyelerine hangi konu \/ konularda ne gibi faydalar sa\u011flayabilirsiniz?\r\nDerne\u011fimizden beklentileriniz nelerdir?\r\n\r\n\u00dcyelik kayd\u0131 i\u00e7in gerekli evraklar: T.C. kimlik kart\u0131 fotokopisi, temsilcinin 2 adet vesikal\u0131k foto\u011fraf\u0131, temsilcinin yerle\u015fim yeri belgesi.<\/div><\/div><div id=\"wpforms-5827-field_24-container\" class=\"wpforms-field wpforms-field-layout\" data-field-id=\"24\"><label class=\"wpforms-field-label wpforms-label-hide\" for=\"wpforms-5827-field_24\">Layout<\/label><div class=\"wpforms-field-layout-columns wpforms-field-layout-preset-50-50\"><div class=\"wpforms-layout-column wpforms-layout-column-50\"><div id=\"wpforms-5827-field_26-container\" class=\"wpforms-field wpforms-field-email\" data-field-id=\"26\"><label class=\"wpforms-field-label\" for=\"wpforms-5827-field_26\">Elektronik Posta<\/label><input type=\"email\" id=\"wpforms-5827-field_26\" class=\"wpforms-field-medium\" name=\"wpforms[fields][26]\" ><\/div><div id=\"wpforms-5827-field_31-container\" class=\"wpforms-field wpforms-field-name\" data-field-id=\"31\"><label class=\"wpforms-field-label\" for=\"wpforms-5827-field_31\">Ad\u0131, Soyad\u0131<\/label><input type=\"text\" id=\"wpforms-5827-field_31\" class=\"wpforms-field-medium\" name=\"wpforms[fields][31]\" ><\/div><div id=\"wpforms-5827-field_33-container\" class=\"wpforms-field wpforms-field-phone\" data-field-id=\"33\"><label class=\"wpforms-field-label\" for=\"wpforms-5827-field_33\">Cep Telefonu<\/label><input type=\"tel\" id=\"wpforms-5827-field_33\" class=\"wpforms-field-medium wpforms-smart-phone-field\" data-rule-smart-phone-field=\"true\" name=\"wpforms[fields][33]\" ><\/div><div id=\"wpforms-5827-field_34-container\" class=\"wpforms-field wpforms-field-email\" data-field-id=\"34\"><label class=\"wpforms-field-label\" for=\"wpforms-5827-field_34\">Elektronik Posta<\/label><input type=\"email\" id=\"wpforms-5827-field_34\" class=\"wpforms-field-medium\" name=\"wpforms[fields][34]\" ><\/div><div id=\"wpforms-5827-field_32-container\" class=\"wpforms-field wpforms-field-text\" data-field-id=\"32\"><label class=\"wpforms-field-label\" for=\"wpforms-5827-field_32\">G\u00f6revi<\/label><input type=\"text\" id=\"wpforms-5827-field_32\" class=\"wpforms-field-medium wpforms-limit-characters-enabled\" data-form-id=\"5827\" data-field-id=\"32\" data-text-limit=\"60\" name=\"wpforms[fields][32]\" maxlength=\"60\" ><\/div><\/div><div class=\"wpforms-layout-column wpforms-layout-column-50\"><div id=\"wpforms-5827-field_29-container\" class=\"wpforms-field wpforms-field-select wpforms-field-select-style-classic\" data-field-id=\"29\"><label class=\"wpforms-field-label\" for=\"wpforms-5827-field_29\">Davet, Toplant\u0131 ve Ziyaretler<\/label><select id=\"wpforms-5827-field_29\" class=\"wpforms-field-medium\" name=\"wpforms[fields][29]\"><option value=\"Uygundur\" >Uygundur<\/option><option value=\"\u00d6n Onay Al\u0131narak\" >\u00d6n Onay Al\u0131narak<\/option><option value=\"\u0130stemiyorum\" >\u0130stemiyorum<\/option><\/select><\/div><div id=\"wpforms-5827-field_27-container\" class=\"wpforms-field wpforms-field-select wpforms-field-select-style-classic\" data-field-id=\"27\"><label class=\"wpforms-field-label\" for=\"wpforms-5827-field_27\">Aidat ve Benzeri \u00d6deme Konular\u0131<\/label><select id=\"wpforms-5827-field_27\" class=\"wpforms-field-medium\" name=\"wpforms[fields][27]\"><option value=\"Uygundur\" >Uygundur<\/option><option value=\"\u00d6n Onay Al\u0131narak\" >\u00d6n Onay Al\u0131narak<\/option><option value=\"\u0130stemiyorum\" >\u0130stemiyorum<\/option><\/select><\/div><div id=\"wpforms-5827-field_28-container\" class=\"wpforms-field wpforms-field-select wpforms-field-select-style-classic\" data-field-id=\"28\"><label class=\"wpforms-field-label\" for=\"wpforms-5827-field_28\">Proje, Ortak \u00c7al\u0131\u015fma ve Benzeri Teknik Konular<\/label><select id=\"wpforms-5827-field_28\" class=\"wpforms-field-medium\" name=\"wpforms[fields][28]\"><option value=\"Uygundur\" >Uygundur<\/option><option value=\"\u00d6n Onay Al\u0131narak\" >\u00d6n Onay Al\u0131narak<\/option><option value=\"\u0130stemiyorum\" >\u0130stemiyorum<\/option><\/select><\/div><div id=\"wpforms-5827-field_30-container\" class=\"wpforms-field wpforms-field-select wpforms-field-select-style-classic\" data-field-id=\"30\"><label class=\"wpforms-field-label\" for=\"wpforms-5827-field_30\">Di\u011fer Her T\u00fcrl\u00fc Konu<\/label><select id=\"wpforms-5827-field_30\" class=\"wpforms-field-medium\" name=\"wpforms[fields][30]\"><option value=\"Uygundur\" >Uygundur<\/option><option value=\"\u00d6n Onay Al\u0131narak\" >\u00d6n Onay Al\u0131narak<\/option><option value=\"\u0130stemiyorum\" >\u0130stemiyorum<\/option><\/select><\/div><div id=\"wpforms-5827-field_25-container\" class=\"wpforms-field wpforms-field-email\" data-field-id=\"25\"><label class=\"wpforms-field-label\" for=\"wpforms-5827-field_25\">Skype<\/label><input type=\"email\" id=\"wpforms-5827-field_25\" class=\"wpforms-field-medium\" name=\"wpforms[fields][25]\" ><\/div><\/div><\/div><\/div><div id=\"wpforms-5827-field_38-container\" class=\"wpforms-field wpforms-field-content\" data-field-id=\"38\"><div id=\"wpforms-5827-field_38\" class=\"wpforms-field-large wpforms-field-row\" name=\"wpforms[fields][38]\"><p><span class=\"fontstyle0\">T\u00dcY\u0130DER\u2019den faydalanabilece\u011finiz ba\u015fl\u0131ca konular; sekt\u00f6rel ticari heyetlere kat\u0131l\u0131m, uluslararas\u0131 rekabeti geli\u015ftirme (UR-GE) projelerine kat\u0131l\u0131m, \u00e7al\u0131\u015fma gruplar\u0131na kat\u0131l\u0131m, e\u011fitimlere kat\u0131l\u0131m, konferanslara kat\u0131l\u0131m, i\u00e7erik deste\u011fi ve \/ veya sponsorluk, seminerlere kat\u0131l\u0131m, network imkan\u0131ndan faydalanma, sekt\u00f6r odakl\u0131 teknoloji g\u00fcnleri d\u00fczenleme, sekt\u00f6re y\u00f6nelik \u00fcyelere bilgilendirme semineri d\u00fczenleme.<\/span><\/p>\n<p><b><span class=\"fontstyle0\">T\u00fcyider \u00fcyelerine hangi konu \/ konularda ne gibi faydalar sa\u011flayabilirsiniz?<br \/>\nDerne\u011fimizden beklentileriniz nelerdir?<br \/>\n<\/span><\/b><br \/>\n<i> <b><span class=\"fontstyle0\">\u00dcyelik kayd\u0131 i\u00e7in gerekli evraklar:<\/span> <\/b><span class=\"fontstyle2\">T.C. kimlik kart\u0131 fotokopisi, temsilcinin 2 adet vesikal\u0131k foto\u011fraf\u0131, temsilcinin yerle\u015fim yeri belgesi.<\/span><\/i><\/p>\n<div class=\"wpforms-field-content-display-frontend-clear\"><\/div><\/div><\/div><div id=\"wpforms-5827-field_39-container\" class=\"wpforms-field wpforms-field-checkbox\" data-field-id=\"39\"><label class=\"wpforms-field-label\" for=\"wpforms-5827-field_39\">Onay<\/label><ul id=\"wpforms-5827-field_39\"><li class=\"choice-1 depth-1\"><input type=\"checkbox\" id=\"wpforms-5827-field_39_1\" name=\"wpforms[fields][39][]\" value=\"G\u00fcvenlik politikas\u0131 ve gizlilik taahh\u00fct\u00fcn\u00fc okudum, anlad\u0131m ve kabul ediyorum (web sitemizden indirebilirsiniz).\"  ><label class=\"wpforms-field-label-inline\" for=\"wpforms-5827-field_39_1\">G\u00fcvenlik politikas\u0131 ve gizlilik taahh\u00fct\u00fcn\u00fc okudum, anlad\u0131m ve kabul ediyorum (web sitemizden indirebilirsiniz).<\/label><\/li><\/ul><\/div><div id=\"wpforms-5827-field_40-container\" class=\"wpforms-field wpforms-field-content\" data-field-id=\"40\"><div id=\"wpforms-5827-field_40\" class=\"wpforms-field-large wpforms-field-row\" name=\"wpforms[fields][40]\"><p><a href=\"http:\/\/www.tuyider.org\/wp-content\/uploads\/2021\/02\/GUVENLIK-GIZLILIK.pdf\">G\u00fcvenlik Gizlilik Formunu \u0130ndirin<\/a><\/p>\n<p><a href=\"http:\/\/www.tuyider.org\/wp-content\/uploads\/2021\/02\/UYELIK-TAAHHUDU.pdf\">\u00dcyelik Taah\u00fcd\u00fc Formunu \u0130ndirin<\/a><\/p>\n<div class=\"wpforms-field-content-display-frontend-clear\"><\/div><\/div><\/div><\/div><div class=\"wpforms-submit-container\"><input type=\"hidden\" name=\"wpforms[id]\" value=\"5827\"><input type=\"hidden\" name=\"wpforms[author]\" value=\"14\"><button type=\"submit\" name=\"wpforms[submit]\" id=\"wpforms-submit-5827\" class=\"wpforms-submit\" data-alt-text=\"G\u00f6nderiliyor...\" data-submit-text=\"Formu g\u00f6nder\" aria-live=\"assertive\" value=\"wpforms-submit\">Formu g\u00f6nder<\/button><\/div><input type=\"hidden\" name=\"trp-form-language\" value=\"en\"\/><\/form><\/div>  <!-- .wpforms-container -->","protected":false},"excerpt":{"rendered":"","protected":false},"author":14,"featured_media":0,"parent":566,"menu_order":0,"comment_status":"closed","ping_status":"closed","template":"","meta":{"footnotes":""},"class_list":["post-3706","page","type-page","status-publish","hentry"],"_links":{"self":[{"href":"https:\/\/www.tuyider.org\/en\/wp-json\/wp\/v2\/pages\/3706","targetHints":{"allow":["GET"]}}],"collection":[{"href":"https:\/\/www.tuyider.org\/en\/wp-json\/wp\/v2\/pages"}],"about":[{"href":"https:\/\/www.tuyider.org\/en\/wp-json\/wp\/v2\/types\/page"}],"author":[{"embeddable":true,"href":"https:\/\/www.tuyider.org\/en\/wp-json\/wp\/v2\/users\/14"}],"replies":[{"embeddable":true,"href":"https:\/\/www.tuyider.org\/en\/wp-json\/wp\/v2\/comments?post=3706"}],"version-history":[{"count":37,"href":"https:\/\/www.tuyider.org\/en\/wp-json\/wp\/v2\/pages\/3706\/revisions"}],"predecessor-version":[{"id":5846,"href":"https:\/\/www.tuyider.org\/en\/wp-json\/wp\/v2\/pages\/3706\/revisions\/5846"}],"up":[{"embeddable":true,"href":"https:\/\/www.tuyider.org\/en\/wp-json\/wp\/v2\/pages\/566"}],"wp:attachment":[{"href":"https:\/\/www.tuyider.org\/en\/wp-json\/wp\/v2\/media?parent=3706"}],"curies":[{"name":"wp","href":"https:\/\/api.w.org\/{rel}","templated":true}]}}