{"id":3627,"date":"2021-02-22T16:19:47","date_gmt":"2021-02-22T13:19:47","guid":{"rendered":"http:\/\/www.tuyider.org\/?page_id=3627"},"modified":"2021-03-08T16:46:42","modified_gmt":"2021-03-08T13:46:42","slug":"reklam-vermek","status":"publish","type":"page","link":"https:\/\/www.tuyider.org\/en\/tuyidergi\/reklam-vermek\/","title":{"rendered":"Advertise"},"content":{"rendered":"<div data-elementor-type=\"wp-page\" data-elementor-id=\"3627\" class=\"elementor elementor-3627\" data-elementor-post-type=\"page\">\n\t\t\t\t\t\t<section class=\"elementor-section elementor-top-section elementor-element elementor-element-4bb8b2bf elementor-section-boxed elementor-section-height-default elementor-section-height-default\" data-id=\"4bb8b2bf\" data-element_type=\"section\" data-e-type=\"section\">\n\t\t\t\t\t\t<div class=\"elementor-container elementor-column-gap-default\">\n\t\t\t\t\t<div class=\"elementor-column elementor-col-33 elementor-top-column elementor-element elementor-element-a706329\" data-id=\"a706329\" data-element_type=\"column\" data-e-type=\"column\">\n\t\t\t<div class=\"elementor-widget-wrap\">\n\t\t\t\t\t\t\t<\/div>\n\t\t<\/div>\n\t\t\t\t<div class=\"elementor-column elementor-col-33 elementor-top-column elementor-element elementor-element-4e524f1f\" data-id=\"4e524f1f\" data-element_type=\"column\" data-e-type=\"column\">\n\t\t\t<div class=\"elementor-widget-wrap elementor-element-populated\">\n\t\t\t\t\t\t<div class=\"elementor-element elementor-element-1b38988c elementor-widget elementor-widget-pix-sliding-text\" data-id=\"1b38988c\" data-element_type=\"widget\" data-e-type=\"widget\" data-widget_type=\"pix-sliding-text.default\">\n\t\t\t\t<div class=\"elementor-widget-container\">\n\t\t\t\t\t<div id=\"el-1b38988c\" class=\"mb-3 text-center\"><h2 class=\"mb-32 pix-sliding-headline-2 animate-in font-weight-bold secondary-font\" data-anim-type=\"pix-sliding-text\" pix-anim-delay=\"500\" data-class=\"secondary-font text-gradient-primary\" style=\"\"><span class=\"slide-in-container\"><span class=\"pix-sliding-item secondary-font text-gradient-primary\" style=\"transition-delay: 0ms;\">T\u00dcY\u0130DERG\u0130'mizde&#32;<\/span><\/span> <span class=\"slide-in-container\"><span class=\"pix-sliding-item secondary-font text-gradient-primary\" style=\"transition-delay: 150ms;\">yer&#32;<\/span><\/span> <span class=\"slide-in-container\"><span class=\"pix-sliding-item secondary-font text-gradient-primary\" style=\"transition-delay: 300ms;\">almak&#32;<\/span><\/span> <span class=\"slide-in-container\"><span class=\"pix-sliding-item secondary-font text-gradient-primary\" style=\"transition-delay: 450ms;\">i\u00e7in&#32;<\/span><\/span> <span class=\"slide-in-container\"><span class=\"pix-sliding-item secondary-font text-gradient-primary\" style=\"transition-delay: 600ms;\">bizimle&#32;<\/span><\/span> <span class=\"slide-in-container\"><span class=\"pix-sliding-item secondary-font text-gradient-primary\" style=\"transition-delay: 750ms;\">ileti\u015fime&#32;<\/span><\/span> <span class=\"slide-in-container\"><span class=\"pix-sliding-item secondary-font text-gradient-primary\" style=\"transition-delay: 900ms;\">ge\u00e7ebilirsiniz.&#32;<\/span><\/span> <\/h2><\/div>\t\t\t\t<\/div>\n\t\t\t\t<\/div>\n\t\t\t\t<div class=\"elementor-element elementor-element-3112c696 elementor-widget elementor-widget-pix-text\" data-id=\"3112c696\" data-element_type=\"widget\" data-e-type=\"widget\" data-widget_type=\"pix-text.default\">\n\t\t\t\t<div class=\"elementor-widget-container\">\n\t\t\t\t\t<div class=\"pix-el-text w-100 text-center\" ><p class=\"text-20 resp-option  text-center\" >E-mail: <a href=\"mailto:medya@tuyider.org\" class=\"autohyperlink\">medya@tuyider.org<\/a><br>\nGSM: +90 542 682 3732<br>\nTelefon:+90 216 576 8606<br><\/p><\/div>\t\t\t\t<\/div>\n\t\t\t\t<\/div>\n\t\t\t\t\t<\/div>\n\t\t<\/div>\n\t\t\t\t<div class=\"elementor-column elementor-col-33 elementor-top-column elementor-element elementor-element-c2e43bf\" data-id=\"c2e43bf\" data-element_type=\"column\" data-e-type=\"column\">\n\t\t\t<div class=\"elementor-widget-wrap\">\n\t\t\t\t\t\t\t<\/div>\n\t\t<\/div>\n\t\t\t\t\t<\/div>\n\t\t<\/section>\n\t\t\t\t<\/div>","protected":false},"excerpt":{"rendered":"<p>T\u00dcY\u0130DERG\u0130&#8217;mizde yer almak i\u00e7in bizimle ileti\u015fime ge\u00e7ebilirsiniz. E-mail: <a href=\"mailto:medya@tuyider.org\" class=\"autohyperlink\">medya@tuyider.org<\/a> GSM: +90 542 682 3732 Telefon:+90 216 576 8606<\/p>","protected":false},"author":14,"featured_media":0,"parent":1076,"menu_order":0,"comment_status":"closed","ping_status":"closed","template":"","meta":{"footnotes":""},"class_list":["post-3627","page","type-page","status-publish","hentry"],"_links":{"self":[{"href":"https:\/\/www.tuyider.org\/en\/wp-json\/wp\/v2\/pages\/3627","targetHints":{"allow":["GET"]}}],"collection":[{"href":"https:\/\/www.tuyider.org\/en\/wp-json\/wp\/v2\/pages"}],"about":[{"href":"https:\/\/www.tuyider.org\/en\/wp-json\/wp\/v2\/types\/page"}],"author":[{"embeddable":true,"href":"https:\/\/www.tuyider.org\/en\/wp-json\/wp\/v2\/users\/14"}],"replies":[{"embeddable":true,"href":"https:\/\/www.tuyider.org\/en\/wp-json\/wp\/v2\/comments?post=3627"}],"version-history":[{"count":10,"href":"https:\/\/www.tuyider.org\/en\/wp-json\/wp\/v2\/pages\/3627\/revisions"}],"predecessor-version":[{"id":3673,"href":"https:\/\/www.tuyider.org\/en\/wp-json\/wp\/v2\/pages\/3627\/revisions\/3673"}],"up":[{"embeddable":true,"href":"https:\/\/www.tuyider.org\/en\/wp-json\/wp\/v2\/pages\/1076"}],"wp:attachment":[{"href":"https:\/\/www.tuyider.org\/en\/wp-json\/wp\/v2\/media?parent=3627"}],"curies":[{"name":"wp","href":"https:\/\/api.w.org\/{rel}","templated":true}]}}