{"id":3336,"date":"2021-02-21T23:50:28","date_gmt":"2021-02-21T20:50:28","guid":{"rendered":"http:\/\/www.tuyider.org\/?page_id=3336"},"modified":"2026-02-09T19:58:19","modified_gmt":"2026-02-09T16:58:19","slug":"tuyikart","status":"publish","type":"page","link":"https:\/\/www.tuyider.org\/en\/tuyidergi\/tuyikart\/","title":{"rendered":"T\u00dcY\u0130KART"},"content":{"rendered":"<div data-elementor-type=\"wp-page\" data-elementor-id=\"3336\" class=\"elementor elementor-3336\" data-elementor-post-type=\"page\">\n\t\t\t\t\t\t<section class=\"elementor-section elementor-top-section elementor-element elementor-element-7fe496e elementor-section-boxed elementor-section-height-default elementor-section-height-default\" data-id=\"7fe496e\" data-element_type=\"section\" data-e-type=\"section\" data-settings=\"{&quot;background_background&quot;:&quot;classic&quot;}\">\n\t\t\t\t\t\t\t<div class=\"elementor-background-overlay\"><\/div>\n\t\t\t\t\t\t\t<div class=\"elementor-container elementor-column-gap-default\">\n\t\t\t\t\t<div class=\"elementor-column elementor-col-100 elementor-top-column elementor-element elementor-element-4873f60\" data-id=\"4873f60\" data-element_type=\"column\" data-e-type=\"column\">\n\t\t\t<div class=\"elementor-widget-wrap elementor-element-populated\">\n\t\t\t\t\t\t<div class=\"elementor-element elementor-element-dcca5f0 elementor-widget elementor-widget-spacer\" data-id=\"dcca5f0\" data-element_type=\"widget\" data-e-type=\"widget\" data-widget_type=\"spacer.default\">\n\t\t\t\t<div class=\"elementor-widget-container\">\n\t\t\t\t\t\t\t<div class=\"elementor-spacer\">\n\t\t\t<div class=\"elementor-spacer-inner\"><\/div>\n\t\t<\/div>\n\t\t\t\t\t\t<\/div>\n\t\t\t\t<\/div>\n\t\t\t\t<section class=\"elementor-section elementor-inner-section elementor-element elementor-element-69c153e elementor-section-boxed elementor-section-height-default elementor-section-height-default\" data-id=\"69c153e\" data-element_type=\"section\" data-e-type=\"section\">\n\t\t\t\t\t\t<div class=\"elementor-container elementor-column-gap-default\">\n\t\t\t\t\t<div class=\"elementor-column elementor-col-50 elementor-inner-column elementor-element elementor-element-2f7420b\" data-id=\"2f7420b\" data-element_type=\"column\" data-e-type=\"column\">\n\t\t\t<div class=\"elementor-widget-wrap\">\n\t\t\t\t\t\t\t<\/div>\n\t\t<\/div>\n\t\t\t\t<div class=\"elementor-column elementor-col-50 elementor-inner-column elementor-element elementor-element-b1abb7e\" data-id=\"b1abb7e\" data-element_type=\"column\" data-e-type=\"column\">\n\t\t\t<div class=\"elementor-widget-wrap elementor-element-populated\">\n\t\t\t\t\t\t<div class=\"elementor-element elementor-element-7085530 elementor-widget elementor-widget-heading\" data-id=\"7085530\" data-element_type=\"widget\" data-e-type=\"widget\" data-widget_type=\"heading.default\">\n\t\t\t\t<div class=\"elementor-widget-container\">\n\t\t\t\t\t<h2 class=\"elementor-heading-title elementor-size-default\">Sekt\u00f6r\u00fcn<br>\nprofesyonelleri<\/h2>\t\t\t\t<\/div>\n\t\t\t\t<\/div>\n\t\t\t\t<div class=\"elementor-element elementor-element-967c640 elementor-widget elementor-widget-image\" data-id=\"967c640\" data-element_type=\"widget\" data-e-type=\"widget\" data-widget_type=\"image.default\">\n\t\t\t\t<div class=\"elementor-widget-container\">\n\t\t\t\t\t\t\t\t\t\t\t\t\t\t\t<img fetchpriority=\"high\" decoding=\"async\" width=\"640\" height=\"95\" src=\"https:\/\/www.tuyider.org\/wp-content\/uploads\/TUYIKART-LOGO-1024x152.png\" class=\"attachment-large size-large wp-image-6655\" alt=\"\" srcset=\"https:\/\/www.tuyider.org\/wp-content\/uploads\/TUYIKART-LOGO-1024x152.png 1024w, https:\/\/www.tuyider.org\/wp-content\/uploads\/TUYIKART-LOGO-300x45.png 300w, https:\/\/www.tuyider.org\/wp-content\/uploads\/TUYIKART-LOGO-768x114.png 768w, https:\/\/www.tuyider.org\/wp-content\/uploads\/TUYIKART-LOGO-1536x228.png 1536w, https:\/\/www.tuyider.org\/wp-content\/uploads\/TUYIKART-LOGO-2048x304.png 2048w, https:\/\/www.tuyider.org\/wp-content\/uploads\/TUYIKART-LOGO-18x3.png 18w\" sizes=\"(max-width: 640px) 100vw, 640px\" \/>\t\t\t\t\t\t\t\t\t\t\t\t\t\t\t<\/div>\n\t\t\t\t<\/div>\n\t\t\t\t<div class=\"elementor-element elementor-element-e0f4123 elementor-widget elementor-widget-heading\" data-id=\"e0f4123\" data-element_type=\"widget\" data-e-type=\"widget\" data-widget_type=\"heading.default\">\n\t\t\t\t<div class=\"elementor-widget-container\">\n\t\t\t\t\t<h2 class=\"elementor-heading-title elementor-size-default\">avantajlar\u0131 ile bulu\u015fuyor.<\/h2>\t\t\t\t<\/div>\n\t\t\t\t<\/div>\n\t\t\t\t\t<\/div>\n\t\t<\/div>\n\t\t\t\t\t<\/div>\n\t\t<\/section>\n\t\t\t\t<div class=\"elementor-element elementor-element-34e3c3c elementor-widget elementor-widget-spacer\" data-id=\"34e3c3c\" data-element_type=\"widget\" data-e-type=\"widget\" data-widget_type=\"spacer.default\">\n\t\t\t\t<div class=\"elementor-widget-container\">\n\t\t\t\t\t\t\t<div class=\"elementor-spacer\">\n\t\t\t<div class=\"elementor-spacer-inner\"><\/div>\n\t\t<\/div>\n\t\t\t\t\t\t<\/div>\n\t\t\t\t<\/div>\n\t\t\t\t<section class=\"elementor-section elementor-inner-section elementor-element elementor-element-1d95a89 elementor-section-boxed elementor-section-height-default elementor-section-height-default\" data-id=\"1d95a89\" data-element_type=\"section\" data-e-type=\"section\">\n\t\t\t\t\t\t<div class=\"elementor-container elementor-column-gap-default\">\n\t\t\t\t\t<div class=\"elementor-column elementor-col-50 elementor-inner-column elementor-element elementor-element-d432b45\" data-id=\"d432b45\" data-element_type=\"column\" data-e-type=\"column\">\n\t\t\t<div class=\"elementor-widget-wrap\">\n\t\t\t\t\t\t\t<\/div>\n\t\t<\/div>\n\t\t\t\t<div class=\"elementor-column elementor-col-50 elementor-inner-column elementor-element elementor-element-ecc75cb\" data-id=\"ecc75cb\" data-element_type=\"column\" data-e-type=\"column\">\n\t\t\t<div class=\"elementor-widget-wrap elementor-element-populated\">\n\t\t\t\t\t\t<div class=\"elementor-element elementor-element-85c2436 elementor-widget elementor-widget-text-editor\" data-id=\"85c2436\" data-element_type=\"widget\" data-e-type=\"widget\" data-widget_type=\"text-editor.default\">\n\t\t\t\t<div class=\"elementor-widget-container\">\n\t\t\t\t\t\t\t\t\t<p>T\u00dcY\u0130KART, \u00fcyelerimize y\u00f6nelik ayr\u0131cal\u0131kl\u0131 bir kart olup, \u00fcyelerimizin sosyal ve ticari ya\u015famlar\u0131na avantajl\u0131 f\u0131rsatlar sunacakt\u0131r. Derne\u011fimiz ile i\u015fbirli\u011fi yapan test laboratuvarlar\u0131, \u00fcniversiteler, enstit\u00fcler ve ara\u015ft\u0131rma kurumlar\u0131n\u0131n hizmetlerinden indirimli yararlanma f\u0131rsat\u0131 yan\u0131nda ula\u015f\u0131mda yak\u0131t avantajlar\u0131, anla\u015fmal\u0131 otellerde indirimli konaklama, restaurant ve kafeler ile anla\u015fmalar gibi say\u0131s\u0131z firma ve markadan yararlanma \u015fans\u0131na sahip olabilirsiniz. T\u00dcY\u0130KART firman\u0131za veya \u015fahs\u0131n\u0131za \u00f6zel olarak haz\u0131rlanacakt\u0131r.<\/p>\t\t\t\t\t\t\t\t<\/div>\n\t\t\t\t<\/div>\n\t\t\t\t\t<\/div>\n\t\t<\/div>\n\t\t\t\t\t<\/div>\n\t\t<\/section>\n\t\t\t\t<div class=\"elementor-element elementor-element-ceb94a5 elementor-widget elementor-widget-spacer\" data-id=\"ceb94a5\" data-element_type=\"widget\" data-e-type=\"widget\" data-widget_type=\"spacer.default\">\n\t\t\t\t<div class=\"elementor-widget-container\">\n\t\t\t\t\t\t\t<div class=\"elementor-spacer\">\n\t\t\t<div class=\"elementor-spacer-inner\"><\/div>\n\t\t<\/div>\n\t\t\t\t\t\t<\/div>\n\t\t\t\t<\/div>\n\t\t\t\t<section class=\"elementor-section elementor-inner-section elementor-element elementor-element-0ccef5e elementor-section-boxed elementor-section-height-default elementor-section-height-default\" data-id=\"0ccef5e\" data-element_type=\"section\" data-e-type=\"section\">\n\t\t\t\t\t\t<div class=\"elementor-container elementor-column-gap-default\">\n\t\t\t\t\t<div class=\"elementor-column elementor-col-50 elementor-inner-column elementor-element elementor-element-0e93375\" data-id=\"0e93375\" data-element_type=\"column\" data-e-type=\"column\">\n\t\t\t<div class=\"elementor-widget-wrap\">\n\t\t\t\t\t\t\t<\/div>\n\t\t<\/div>\n\t\t\t\t<div class=\"elementor-column elementor-col-50 elementor-inner-column elementor-element elementor-element-0fefd64\" data-id=\"0fefd64\" data-element_type=\"column\" data-e-type=\"column\">\n\t\t\t<div class=\"elementor-widget-wrap elementor-element-populated\">\n\t\t\t\t\t\t<div class=\"elementor-element elementor-element-cec02ae elementor-widget elementor-widget-text-editor\" data-id=\"cec02ae\" data-element_type=\"widget\" data-e-type=\"widget\" data-widget_type=\"text-editor.default\">\n\t\t\t\t<div class=\"elementor-widget-container\">\n\t\t\t\t\t\t\t\t\t<p><span style=\"color: #395e6f;\">T\u00dcY\u0130KART is a privileged card for our members and will offer advantageous opportunities to our members\u2019 social and commercial lives. In addition to the opportunity to benefit from the services of test laboratories, universities, institutes and research institutions that cooperate with our association, you can have the chance to benefit from numerous companies and brands such as fuel advantages in transportation, discounted accommodation in contracted hotels, agreements with restaurants and cafes. T\u00dcY\u0130KART will be specially prepared for your company or for you.<\/span><\/p>\t\t\t\t\t\t\t\t<\/div>\n\t\t\t\t<\/div>\n\t\t\t\t\t<\/div>\n\t\t<\/div>\n\t\t\t\t\t<\/div>\n\t\t<\/section>\n\t\t\t\t\t<\/div>\n\t\t<\/div>\n\t\t\t\t\t<\/div>\n\t\t<\/section>\n\t\t\t\t<section class=\"elementor-section elementor-top-section elementor-element elementor-element-8fe2262 elementor-section-boxed elementor-section-height-default elementor-section-height-default\" data-id=\"8fe2262\" data-element_type=\"section\" data-e-type=\"section\">\n\t\t\t\t\t\t<div class=\"elementor-container elementor-column-gap-default\">\n\t\t\t\t\t<div class=\"elementor-column elementor-col-33 elementor-top-column elementor-element elementor-element-555072e\" data-id=\"555072e\" data-element_type=\"column\" data-e-type=\"column\">\n\t\t\t<div class=\"elementor-widget-wrap elementor-element-populated\">\n\t\t\t\t\t\t<section class=\"elementor-section elementor-inner-section elementor-element elementor-element-0ed349c elementor-section-boxed elementor-section-height-default elementor-section-height-default\" data-id=\"0ed349c\" data-element_type=\"section\" data-e-type=\"section\">\n\t\t\t\t\t\t<div class=\"elementor-container elementor-column-gap-default\">\n\t\t\t\t\t<div class=\"elementor-column elementor-col-100 elementor-inner-column elementor-element elementor-element-6c43717\" data-id=\"6c43717\" data-element_type=\"column\" data-e-type=\"column\">\n\t\t\t<div class=\"elementor-widget-wrap elementor-element-populated\">\n\t\t\t\t\t\t<div class=\"elementor-element elementor-element-7330cb0 elementor-widget elementor-widget-image\" data-id=\"7330cb0\" data-element_type=\"widget\" data-e-type=\"widget\" data-widget_type=\"image.default\">\n\t\t\t\t<div class=\"elementor-widget-container\">\n\t\t\t\t\t\t\t\t\t\t\t\t<figure class=\"wp-caption\">\n\t\t\t\t\t\t\t\t\t\t\t<a href=\"https:\/\/www.tuyider.org\/en\/tuyidergi\/tuyikart\/medicana-hastanesi\/\">\n\t\t\t\t\t\t\t<img decoding=\"async\" width=\"640\" height=\"91\" src=\"https:\/\/www.tuyider.org\/wp-content\/uploads\/Medicana-Hastanesi-Logo-1024x145.png\" class=\"attachment-large size-large wp-image-6768\" alt=\"\" srcset=\"https:\/\/www.tuyider.org\/wp-content\/uploads\/Medicana-Hastanesi-Logo-1024x145.png 1024w, https:\/\/www.tuyider.org\/wp-content\/uploads\/Medicana-Hastanesi-Logo-300x43.png 300w, https:\/\/www.tuyider.org\/wp-content\/uploads\/Medicana-Hastanesi-Logo-768x109.png 768w, https:\/\/www.tuyider.org\/wp-content\/uploads\/Medicana-Hastanesi-Logo-1536x218.png 1536w, https:\/\/www.tuyider.org\/wp-content\/uploads\/Medicana-Hastanesi-Logo-18x3.png 18w, https:\/\/www.tuyider.org\/wp-content\/uploads\/Medicana-Hastanesi-Logo.png 1911w\" sizes=\"(max-width: 640px) 100vw, 640px\" \/>\t\t\t\t\t\t\t\t<\/a>\n\t\t\t\t\t\t\t\t\t\t\t<figcaption class=\"widget-image-caption wp-caption-text\">Medicana Hastanesi<\/figcaption>\n\t\t\t\t\t\t\t\t\t\t<\/figure>\n\t\t\t\t\t\t\t\t\t<\/div>\n\t\t\t\t<\/div>\n\t\t\t\t\t<\/div>\n\t\t<\/div>\n\t\t\t\t\t<\/div>\n\t\t<\/section>\n\t\t\t\t<section class=\"elementor-section elementor-inner-section elementor-element elementor-element-4af3650 elementor-section-boxed elementor-section-height-default elementor-section-height-default\" data-id=\"4af3650\" data-element_type=\"section\" data-e-type=\"section\">\n\t\t\t\t\t\t<div class=\"elementor-container elementor-column-gap-default\">\n\t\t\t\t\t<div class=\"elementor-column elementor-col-100 elementor-inner-column elementor-element elementor-element-a97a820\" data-id=\"a97a820\" data-element_type=\"column\" data-e-type=\"column\">\n\t\t\t<div class=\"elementor-widget-wrap elementor-element-populated\">\n\t\t\t\t\t\t<div class=\"elementor-element elementor-element-e9f1533 elementor-widget elementor-widget-image\" data-id=\"e9f1533\" data-element_type=\"widget\" data-e-type=\"widget\" data-widget_type=\"image.default\">\n\t\t\t\t<div class=\"elementor-widget-container\">\n\t\t\t\t\t\t\t\t\t\t\t\t<figure class=\"wp-caption\">\n\t\t\t\t\t\t\t\t\t\t\t<a href=\"https:\/\/www.tuyider.org\/en\/tuyidergi\/tuyikart\/europark-hotel-bursa\/\">\n\t\t\t\t\t\t\t<img decoding=\"async\" width=\"407\" height=\"124\" src=\"https:\/\/www.tuyider.org\/wp-content\/uploads\/Euro-Park-Hotel-Bursa-Logo.jpg\" class=\"attachment-large size-large wp-image-6775\" alt=\"\" srcset=\"https:\/\/www.tuyider.org\/wp-content\/uploads\/Euro-Park-Hotel-Bursa-Logo.jpg 407w, https:\/\/www.tuyider.org\/wp-content\/uploads\/Euro-Park-Hotel-Bursa-Logo-300x91.jpg 300w, https:\/\/www.tuyider.org\/wp-content\/uploads\/Euro-Park-Hotel-Bursa-Logo-18x5.jpg 18w\" sizes=\"(max-width: 407px) 100vw, 407px\" \/>\t\t\t\t\t\t\t\t<\/a>\n\t\t\t\t\t\t\t\t\t\t\t<figcaption class=\"widget-image-caption wp-caption-text\">Europark Hotel Bursa<\/figcaption>\n\t\t\t\t\t\t\t\t\t\t<\/figure>\n\t\t\t\t\t\t\t\t\t<\/div>\n\t\t\t\t<\/div>\n\t\t\t\t\t<\/div>\n\t\t<\/div>\n\t\t\t\t\t<\/div>\n\t\t<\/section>\n\t\t\t\t<section class=\"elementor-section elementor-inner-section elementor-element elementor-element-5a689f5 elementor-section-boxed elementor-section-height-default elementor-section-height-default\" data-id=\"5a689f5\" data-element_type=\"section\" data-e-type=\"section\">\n\t\t\t\t\t\t<div class=\"elementor-container elementor-column-gap-default\">\n\t\t\t\t\t<div class=\"elementor-column elementor-col-100 elementor-inner-column elementor-element elementor-element-fce9415\" data-id=\"fce9415\" data-element_type=\"column\" data-e-type=\"column\" data-settings=\"{&quot;background_background&quot;:&quot;classic&quot;}\">\n\t\t\t<div class=\"elementor-widget-wrap elementor-element-populated\">\n\t\t\t\t\t\t<div class=\"elementor-element elementor-element-f40d79d elementor-widget elementor-widget-image\" data-id=\"f40d79d\" data-element_type=\"widget\" data-e-type=\"widget\" data-widget_type=\"image.default\">\n\t\t\t\t<div class=\"elementor-widget-container\">\n\t\t\t\t\t\t\t\t\t\t\t\t<figure class=\"wp-caption\">\n\t\t\t\t\t\t\t\t\t\t\t<a href=\"https:\/\/www.tuyider.org\/en\/tuyidergi\/tuyikart\/astronut-kuruyemis\/\">\n\t\t\t\t\t\t\t<img loading=\"lazy\" decoding=\"async\" width=\"512\" height=\"100\" src=\"https:\/\/www.tuyider.org\/wp-content\/uploads\/Astronut-Kuruyemis.png\" class=\"attachment-large size-large wp-image-6779\" alt=\"\" srcset=\"https:\/\/www.tuyider.org\/wp-content\/uploads\/Astronut-Kuruyemis.png 512w, https:\/\/www.tuyider.org\/wp-content\/uploads\/Astronut-Kuruyemis-300x59.png 300w, https:\/\/www.tuyider.org\/wp-content\/uploads\/Astronut-Kuruyemis-18x4.png 18w\" sizes=\"(max-width: 512px) 100vw, 512px\" \/>\t\t\t\t\t\t\t\t<\/a>\n\t\t\t\t\t\t\t\t\t\t\t<figcaption class=\"widget-image-caption wp-caption-text\">Astronut Kuruyemi\u015f<\/figcaption>\n\t\t\t\t\t\t\t\t\t\t<\/figure>\n\t\t\t\t\t\t\t\t\t<\/div>\n\t\t\t\t<\/div>\n\t\t\t\t\t<\/div>\n\t\t<\/div>\n\t\t\t\t\t<\/div>\n\t\t<\/section>\n\t\t\t\t\t<\/div>\n\t\t<\/div>\n\t\t\t\t<div class=\"elementor-column elementor-col-33 elementor-top-column elementor-element elementor-element-667f635\" data-id=\"667f635\" data-element_type=\"column\" data-e-type=\"column\">\n\t\t\t<div class=\"elementor-widget-wrap elementor-element-populated\">\n\t\t\t\t\t\t<section class=\"elementor-section elementor-inner-section elementor-element elementor-element-486bc53 elementor-section-boxed elementor-section-height-default elementor-section-height-default\" data-id=\"486bc53\" data-element_type=\"section\" data-e-type=\"section\">\n\t\t\t\t\t\t<div class=\"elementor-container elementor-column-gap-default\">\n\t\t\t\t\t<div class=\"elementor-column elementor-col-100 elementor-inner-column elementor-element elementor-element-22a3d11\" data-id=\"22a3d11\" data-element_type=\"column\" data-e-type=\"column\">\n\t\t\t<div class=\"elementor-widget-wrap elementor-element-populated\">\n\t\t\t\t\t\t<div class=\"elementor-element elementor-element-1829d06 elementor-widget elementor-widget-image\" data-id=\"1829d06\" data-element_type=\"widget\" data-e-type=\"widget\" data-widget_type=\"image.default\">\n\t\t\t\t<div class=\"elementor-widget-container\">\n\t\t\t\t\t\t\t\t\t\t\t\t<figure class=\"wp-caption\">\n\t\t\t\t\t\t\t\t\t\t\t<a href=\"https:\/\/www.tuyider.org\/en\/tuyidergi\/tuyikart\/shell\/\">\n\t\t\t\t\t\t\t<img loading=\"lazy\" decoding=\"async\" width=\"640\" height=\"640\" src=\"https:\/\/www.tuyider.org\/wp-content\/uploads\/Shell-Logo.png\" class=\"attachment-large size-large wp-image-6772\" alt=\"\" srcset=\"https:\/\/www.tuyider.org\/wp-content\/uploads\/Shell-Logo.png 1000w, https:\/\/www.tuyider.org\/wp-content\/uploads\/Shell-Logo-300x300.png 300w, https:\/\/www.tuyider.org\/wp-content\/uploads\/Shell-Logo-150x150.png 150w, https:\/\/www.tuyider.org\/wp-content\/uploads\/Shell-Logo-768x768.png 768w, https:\/\/www.tuyider.org\/wp-content\/uploads\/Shell-Logo-12x12.png 12w, https:\/\/www.tuyider.org\/wp-content\/uploads\/Shell-Logo-400x400.png 400w, https:\/\/www.tuyider.org\/wp-content\/uploads\/Shell-Logo-75x75.png 75w, https:\/\/www.tuyider.org\/wp-content\/uploads\/Shell-Logo-460x460.png 460w\" sizes=\"(max-width: 640px) 100vw, 640px\" \/>\t\t\t\t\t\t\t\t<\/a>\n\t\t\t\t\t\t\t\t\t\t\t<figcaption class=\"widget-image-caption wp-caption-text\">Shell<\/figcaption>\n\t\t\t\t\t\t\t\t\t\t<\/figure>\n\t\t\t\t\t\t\t\t\t<\/div>\n\t\t\t\t<\/div>\n\t\t\t\t\t<\/div>\n\t\t<\/div>\n\t\t\t\t\t<\/div>\n\t\t<\/section>\n\t\t\t\t<section class=\"elementor-section elementor-inner-section elementor-element elementor-element-65bcdbc elementor-section-boxed elementor-section-height-default elementor-section-height-default\" data-id=\"65bcdbc\" data-element_type=\"section\" data-e-type=\"section\">\n\t\t\t\t\t\t<div class=\"elementor-container elementor-column-gap-default\">\n\t\t\t\t\t<div class=\"elementor-column elementor-col-100 elementor-inner-column elementor-element elementor-element-b3b6a5a\" data-id=\"b3b6a5a\" data-element_type=\"column\" data-e-type=\"column\">\n\t\t\t<div class=\"elementor-widget-wrap elementor-element-populated\">\n\t\t\t\t\t\t<div class=\"elementor-element elementor-element-544ed57 elementor-widget elementor-widget-image\" data-id=\"544ed57\" data-element_type=\"widget\" data-e-type=\"widget\" data-widget_type=\"image.default\">\n\t\t\t\t<div class=\"elementor-widget-container\">\n\t\t\t\t\t\t\t\t\t\t\t\t<figure class=\"wp-caption\">\n\t\t\t\t\t\t\t\t\t\t\t<a href=\"https:\/\/www.tuyider.org\/en\/tuyidergi\/tuyikart\/doruk-hastaneleri\/\">\n\t\t\t\t\t\t\t<img loading=\"lazy\" decoding=\"async\" width=\"346\" height=\"202\" src=\"https:\/\/www.tuyider.org\/wp-content\/uploads\/Doruk-Hastaneleri-Logo.png\" class=\"attachment-large size-large wp-image-6776\" alt=\"\" srcset=\"https:\/\/www.tuyider.org\/wp-content\/uploads\/Doruk-Hastaneleri-Logo.png 346w, https:\/\/www.tuyider.org\/wp-content\/uploads\/Doruk-Hastaneleri-Logo-300x175.png 300w, https:\/\/www.tuyider.org\/wp-content\/uploads\/Doruk-Hastaneleri-Logo-18x12.png 18w\" sizes=\"(max-width: 346px) 100vw, 346px\" \/>\t\t\t\t\t\t\t\t<\/a>\n\t\t\t\t\t\t\t\t\t\t\t<figcaption class=\"widget-image-caption wp-caption-text\">Doruk Hastaneleri<\/figcaption>\n\t\t\t\t\t\t\t\t\t\t<\/figure>\n\t\t\t\t\t\t\t\t\t<\/div>\n\t\t\t\t<\/div>\n\t\t\t\t\t<\/div>\n\t\t<\/div>\n\t\t\t\t\t<\/div>\n\t\t<\/section>\n\t\t\t\t\t<\/div>\n\t\t<\/div>\n\t\t\t\t<div class=\"elementor-column elementor-col-33 elementor-top-column elementor-element elementor-element-8468d97\" data-id=\"8468d97\" data-element_type=\"column\" data-e-type=\"column\">\n\t\t\t<div class=\"elementor-widget-wrap elementor-element-populated\">\n\t\t\t\t\t\t<section class=\"elementor-section elementor-inner-section elementor-element elementor-element-e0ec42e elementor-section-boxed elementor-section-height-default elementor-section-height-default\" data-id=\"e0ec42e\" data-element_type=\"section\" data-e-type=\"section\">\n\t\t\t\t\t\t<div class=\"elementor-container elementor-column-gap-default\">\n\t\t\t\t\t<div class=\"elementor-column elementor-col-100 elementor-inner-column elementor-element elementor-element-10f216f\" data-id=\"10f216f\" data-element_type=\"column\" data-e-type=\"column\">\n\t\t\t<div class=\"elementor-widget-wrap elementor-element-populated\">\n\t\t\t\t\t\t<div class=\"elementor-element elementor-element-ef402eb elementor-widget elementor-widget-image\" data-id=\"ef402eb\" data-element_type=\"widget\" data-e-type=\"widget\" data-widget_type=\"image.default\">\n\t\t\t\t<div class=\"elementor-widget-container\">\n\t\t\t\t\t\t\t\t\t\t\t\t<figure class=\"wp-caption\">\n\t\t\t\t\t\t\t\t\t\t\t<a href=\"https:\/\/www.tuyider.org\/en\/tuyidergi\/tuyikart\/anka-matbaacilik\/\">\n\t\t\t\t\t\t\t<img loading=\"lazy\" decoding=\"async\" width=\"242\" height=\"197\" src=\"https:\/\/www.tuyider.org\/wp-content\/uploads\/Anka-Matbaacilik-Logo.png\" class=\"attachment-large size-large wp-image-6774\" alt=\"\" srcset=\"https:\/\/www.tuyider.org\/wp-content\/uploads\/Anka-Matbaacilik-Logo.png 242w, https:\/\/www.tuyider.org\/wp-content\/uploads\/Anka-Matbaacilik-Logo-15x12.png 15w\" sizes=\"(max-width: 242px) 100vw, 242px\" \/>\t\t\t\t\t\t\t\t<\/a>\n\t\t\t\t\t\t\t\t\t\t\t<figcaption class=\"widget-image-caption wp-caption-text\">Anka Matbaac\u0131l\u0131k<\/figcaption>\n\t\t\t\t\t\t\t\t\t\t<\/figure>\n\t\t\t\t\t\t\t\t\t<\/div>\n\t\t\t\t<\/div>\n\t\t\t\t\t<\/div>\n\t\t<\/div>\n\t\t\t\t\t<\/div>\n\t\t<\/section>\n\t\t\t\t<section class=\"elementor-section elementor-inner-section elementor-element elementor-element-254c6e2 elementor-section-boxed elementor-section-height-default elementor-section-height-default\" data-id=\"254c6e2\" data-element_type=\"section\" data-e-type=\"section\">\n\t\t\t\t\t\t<div class=\"elementor-container elementor-column-gap-default\">\n\t\t\t\t\t<div class=\"elementor-column elementor-col-100 elementor-inner-column elementor-element elementor-element-0358671\" data-id=\"0358671\" data-element_type=\"column\" data-e-type=\"column\">\n\t\t\t<div class=\"elementor-widget-wrap elementor-element-populated\">\n\t\t\t\t\t\t<div class=\"elementor-element elementor-element-d0a27bf elementor-widget elementor-widget-image\" data-id=\"d0a27bf\" data-element_type=\"widget\" data-e-type=\"widget\" data-widget_type=\"image.default\">\n\t\t\t\t<div class=\"elementor-widget-container\">\n\t\t\t\t\t\t\t\t\t\t\t\t<figure class=\"wp-caption\">\n\t\t\t\t\t\t\t\t\t\t\t<a href=\"https:\/\/www.tuyider.org\/en\/tuyidergi\/tuyikart\/bursa-hilton-hotel\/\">\n\t\t\t\t\t\t\t<img loading=\"lazy\" decoding=\"async\" width=\"640\" height=\"437\" src=\"https:\/\/www.tuyider.org\/wp-content\/uploads\/Hilton-Hotel-Logo.png\" class=\"attachment-large size-large wp-image-6778\" alt=\"\" srcset=\"https:\/\/www.tuyider.org\/wp-content\/uploads\/Hilton-Hotel-Logo.png 800w, https:\/\/www.tuyider.org\/wp-content\/uploads\/Hilton-Hotel-Logo-300x205.png 300w, https:\/\/www.tuyider.org\/wp-content\/uploads\/Hilton-Hotel-Logo-768x524.png 768w, https:\/\/www.tuyider.org\/wp-content\/uploads\/Hilton-Hotel-Logo-18x12.png 18w\" sizes=\"(max-width: 640px) 100vw, 640px\" \/>\t\t\t\t\t\t\t\t<\/a>\n\t\t\t\t\t\t\t\t\t\t\t<figcaption class=\"widget-image-caption wp-caption-text\">Bursa Hilton Hotel<\/figcaption>\n\t\t\t\t\t\t\t\t\t\t<\/figure>\n\t\t\t\t\t\t\t\t\t<\/div>\n\t\t\t\t<\/div>\n\t\t\t\t\t<\/div>\n\t\t<\/div>\n\t\t\t\t\t<\/div>\n\t\t<\/section>\n\t\t\t\t\t<\/div>\n\t\t<\/div>\n\t\t\t\t\t<\/div>\n\t\t<\/section>\n\t\t\t\t<\/div>","protected":false},"excerpt":{"rendered":"<p>Sekt\u00f6r\u00fcn profesyonelleri avantajlar\u0131 ile bulu\u015fuyor. T\u00dcY\u0130KART, \u00fcyelerimize y\u00f6nelik ayr\u0131cal\u0131kl\u0131 bir kart olup, \u00fcyelerimizin sosyal ve ticari ya\u015famlar\u0131na avantajl\u0131 f\u0131rsatlar sunacakt\u0131r. Derne\u011fimiz ile i\u015fbirli\u011fi yapan test laboratuvarlar\u0131, \u00fcniversiteler, enstit\u00fcler ve ara\u015ft\u0131rma kurumlar\u0131n\u0131n hizmetlerinden indirimli yararlanma f\u0131rsat\u0131 yan\u0131nda ula\u015f\u0131mda yak\u0131t avantajlar\u0131, anla\u015fmal\u0131&#8230;<\/p>","protected":false},"author":14,"featured_media":5753,"parent":1076,"menu_order":0,"comment_status":"closed","ping_status":"closed","template":"","meta":{"footnotes":""},"class_list":["post-3336","page","type-page","status-publish","has-post-thumbnail","hentry"],"_links":{"self":[{"href":"https:\/\/www.tuyider.org\/en\/wp-json\/wp\/v2\/pages\/3336","targetHints":{"allow":["GET"]}}],"collection":[{"href":"https:\/\/www.tuyider.org\/en\/wp-json\/wp\/v2\/pages"}],"about":[{"href":"https:\/\/www.tuyider.org\/en\/wp-json\/wp\/v2\/types\/page"}],"author":[{"embeddable":true,"href":"https:\/\/www.tuyider.org\/en\/wp-json\/wp\/v2\/users\/14"}],"replies":[{"embeddable":true,"href":"https:\/\/www.tuyider.org\/en\/wp-json\/wp\/v2\/comments?post=3336"}],"version-history":[{"count":56,"href":"https:\/\/www.tuyider.org\/en\/wp-json\/wp\/v2\/pages\/3336\/revisions"}],"predecessor-version":[{"id":8014,"href":"https:\/\/www.tuyider.org\/en\/wp-json\/wp\/v2\/pages\/3336\/revisions\/8014"}],"up":[{"embeddable":true,"href":"https:\/\/www.tuyider.org\/en\/wp-json\/wp\/v2\/pages\/1076"}],"wp:featuredmedia":[{"embeddable":true,"href":"https:\/\/www.tuyider.org\/en\/wp-json\/wp\/v2\/media\/5753"}],"wp:attachment":[{"href":"https:\/\/www.tuyider.org\/en\/wp-json\/wp\/v2\/media?parent=3336"}],"curies":[{"name":"wp","href":"https:\/\/api.w.org\/{rel}","templated":true}]}}