{"id":1400,"date":"2020-12-20T17:39:34","date_gmt":"2020-12-20T14:39:34","guid":{"rendered":"http:\/\/www.tuyider4.nanotasarim.com\/?page_id=1400"},"modified":"2021-02-22T16:18:53","modified_gmt":"2021-02-22T13:18:53","slug":"tuzel-kisi-sirket","status":"publish","type":"page","link":"https:\/\/www.tuyider.org\/en\/tuzel-kisi-sirket\/","title":{"rendered":"T\u00fczel Ki\u015fi (\u015eirket)"},"content":{"rendered":"<div data-elementor-type=\"wp-page\" data-elementor-id=\"1400\" class=\"elementor elementor-1400\" data-elementor-post-type=\"page\">\n\t\t\t\t\t\t<section class=\"elementor-section elementor-top-section elementor-element elementor-element-d70276b elementor-section-boxed elementor-section-height-default elementor-section-height-default\" data-id=\"d70276b\" data-element_type=\"section\" data-e-type=\"section\">\n\t\t\t\t\t\t<div class=\"elementor-container elementor-column-gap-default\">\n\t\t\t\t\t<div class=\"elementor-column elementor-col-66 elementor-top-column elementor-element elementor-element-c1c04d8\" data-id=\"c1c04d8\" data-element_type=\"column\" data-e-type=\"column\">\n\t\t\t<div class=\"elementor-widget-wrap elementor-element-populated\">\n\t\t\t\t\t\t<div class=\"elementor-element elementor-element-3b079a5 elementor-widget elementor-widget-text-editor\" data-id=\"3b079a5\" data-element_type=\"widget\" data-e-type=\"widget\" data-widget_type=\"text-editor.default\">\n\t\t\t\t<div class=\"elementor-widget-container\">\n\t\t\t\t\t\t\t\t\t<p><strong><u>T\u00fczel Ki\u015fi (\u015eirket)<\/u><\/strong> olarak ba\u015fvurmak i\u00e7in s\u0131ras\u0131yla \u015funlar\u0131 yapman\u0131z gereklidir.<\/p><p>1) \u00d6ncelikle a\u015fa\u011f\u0131daki linkte yer alan T\u00dcZEL K\u0130\u015e\u0130 (\u015e\u0130RKET) \u00dcYEL\u0130K BA\u015eVURU formunu <strong><a href=\"https:\/\/www.tuyider.org\/en\/basvuru-formu\/\" target=\"_blank\" rel=\"noopener\">on-line<\/a><\/strong>\u00a0olarak veya\u00a0<a href=\"https:\/\/drive.google.com\/open?id=1gbQOD6lmyAaMqy7KJH90g0k0NyVzXQiw\" target=\"_blank\" rel=\"noopener\"><strong><u>pdf<\/u><\/strong><\/a> olarak indirip doldurunuz. Doldurdu\u011funuz bu formu ka\u015fe ve imzalayarak asl\u0131n\u0131 bize iletmeniz gereklidir. (Covid-19 s\u0131n\u0131rlamalar\u0131 nedeniyle \u015fimdilik <a href=\"mailto:info@tuyider.org\">info@tuyider.org<\/a> \u2018a g\u00f6ndermeniz yeterli olacakt\u0131r.)<\/p><p>2) Formun derne\u011fimize ula\u015fmas\u0131n\u0131n hemen ard\u0131ndan taraf\u0131n\u0131za bir e-posta otomatik olarak iletilecektir.<\/p><p>3) En \u00e7ok 30 g\u00fcn i\u00e7inde Dernek y\u00f6netim kurulundan taraf\u0131n\u0131za \u00fcyelik kabul\u00fcn\u00fczle ilgili bir yaz\u0131 g\u00f6nderecektir. Bu yaz\u0131y\u0131 ald\u0131ktan sonra l\u00fctfen a\u015fa\u011f\u0131daki evraklar\u0131 haz\u0131rlayarak \u00a0taraf\u0131m\u0131za iletmenizi rica ederiz. (Covid-19 s\u0131n\u0131rlamalar\u0131 nedeniyle \u015fimdilik <a href=\"mailto:info@tuyider.org\">info@tuyider.org<\/a> \u00a0\u2018a g\u00f6ndermeniz yeterli olacakt\u0131r.)<\/p><p>\u00a0<\/p><p><strong><u>T\u00fczel Ki\u015fi (\u015eirket) i\u00e7in haz\u0131rlanacak evraklar:<\/u><\/strong><\/p><ul><li>Giri\u015f \u00f6dentisi ve ayl\u0131k aidat \u00f6demelerine ait banka dekontlar\u0131.<\/li><li>\u015eirketinizin \u00fcyelik ve temsilci atanmas\u0131na dair ka\u015fe ve \u0131slak imzal\u0131 y\u00f6netim kurulu karar\u0131. \u00d6rnek karar metni i\u00e7in <strong><a href=\"https:\/\/drive.google.com\/file\/d\/1ggK06FXq72GTRwPd9-wEdssNAOtLOhdV\/view?usp=sharing\" target=\"_blank\" rel=\"noopener\">t\u0131klay\u0131n\u0131z<\/a>.<\/strong><\/li><li>\u015eirket imza sirk\u00fcleri fotokopisi.<\/li><li>\u015eirket ticaret sicili gazetesi kurulu\u015f fotokopisi.<\/li><li>\u015eirket faaliyet belgesi. (Ticaret odas\u0131ndan on-line al\u0131nabilir)<\/li><li>Temsilci ki\u015finin T.C. Kimlik Kart\u0131 (n\u00fcfus c\u00fczdan\u0131) fotokopisi.<\/li><li>Temsilcinin 2 adet vesikal\u0131k foto\u011fraf\u0131.<\/li><li>Yerle\u015fim yeri (ikametg\u00e2h) belgesi (e-devletten al\u0131nabilir)<\/li><li>G\u00fcvenlik politikas\u0131 ve gizlilik taahh\u00fctt\u00fc belgesi i\u00e7in <strong><a href=\"https:\/\/drive.google.com\/file\/d\/1Tjr2ryeCX7AEAeSReX8UvLKDgg28z4Ln\/view?usp=sharing\" target=\"_blank\" rel=\"noopener\">t\u0131klay\u0131n\u0131z<\/a><\/strong>.\u00a0Ka\u015fe ve \u0131slak imzal\u0131.<\/li><li>\u00dcyelik taahh\u00fcd\u00fc belgesi i\u00e7in <strong><a href=\"https:\/\/drive.google.com\/file\/d\/1esY4Oi-SHOXM-QZE2uLbpX4tl6uYxChM\/view?usp=sharing\" target=\"_blank\" rel=\"noopener\">t\u0131klay\u0131n\u0131z<\/a><\/strong>. Ka\u015fe ve \u0131slak imzal\u0131.<\/li><\/ul>\t\t\t\t\t\t\t\t<\/div>\n\t\t\t\t<\/div>\n\t\t\t\t\t<\/div>\n\t\t<\/div>\n\t\t\t\t<div class=\"elementor-column elementor-col-33 elementor-top-column elementor-element elementor-element-0a6a38b\" data-id=\"0a6a38b\" data-element_type=\"column\" data-e-type=\"column\" data-settings=\"{&quot;background_background&quot;:&quot;classic&quot;}\">\n\t\t\t<div class=\"elementor-widget-wrap elementor-element-populated\">\n\t\t\t\t\t\t<div class=\"elementor-element elementor-element-a09e7fa elementor-widget elementor-widget-image\" data-id=\"a09e7fa\" data-element_type=\"widget\" data-e-type=\"widget\" data-widget_type=\"image.default\">\n\t\t\t\t<div class=\"elementor-widget-container\">\n\t\t\t\t\t\t\t\t\t\t\t\t\t\t\t<img fetchpriority=\"high\" decoding=\"async\" width=\"576\" height=\"1024\" src=\"https:\/\/www.tuyider.org\/wp-content\/uploads\/2020\/11\/photo-2-576x1024.jpg\" class=\"attachment-large size-large wp-image-437\" alt=\"\" srcset=\"https:\/\/www.tuyider.org\/wp-content\/uploads\/2020\/11\/photo-2-576x1024.jpg 576w, https:\/\/www.tuyider.org\/wp-content\/uploads\/2020\/11\/photo-2-169x300.jpg 169w, https:\/\/www.tuyider.org\/wp-content\/uploads\/2020\/11\/photo-2-768x1365.jpg 768w, https:\/\/www.tuyider.org\/wp-content\/uploads\/2020\/11\/photo-2-864x1536.jpg 864w, https:\/\/www.tuyider.org\/wp-content\/uploads\/2020\/11\/photo-2.jpg 1080w\" sizes=\"(max-width: 576px) 100vw, 576px\" \/>\t\t\t\t\t\t\t\t\t\t\t\t\t\t\t<\/div>\n\t\t\t\t<\/div>\n\t\t\t\t\t<\/div>\n\t\t<\/div>\n\t\t\t\t\t<\/div>\n\t\t<\/section>\n\t\t\t\t<\/div>","protected":false},"excerpt":{"rendered":"<p>T\u00fczel Ki\u015fi (\u015eirket) olarak ba\u015fvurmak i\u00e7in s\u0131ras\u0131yla \u015funlar\u0131 yapman\u0131z gereklidir. 1) \u00d6ncelikle a\u015fa\u011f\u0131daki linkte yer alan T\u00dcZEL K\u0130\u015e\u0130 (\u015e\u0130RKET) \u00dcYEL\u0130K BA\u015eVURU formunu on-line\u00a0olarak veya\u00a0pdf olarak indirip doldurunuz. Doldurdu\u011funuz bu formu ka\u015fe ve imzalayarak asl\u0131n\u0131 bize iletmeniz gereklidir. (Covid-19 s\u0131n\u0131rlamalar\u0131 nedeniyle&#8230;<\/p>","protected":false},"author":14,"featured_media":0,"parent":0,"menu_order":0,"comment_status":"closed","ping_status":"closed","template":"","meta":{"footnotes":""},"class_list":["post-1400","page","type-page","status-publish","hentry"],"_links":{"self":[{"href":"https:\/\/www.tuyider.org\/en\/wp-json\/wp\/v2\/pages\/1400","targetHints":{"allow":["GET"]}}],"collection":[{"href":"https:\/\/www.tuyider.org\/en\/wp-json\/wp\/v2\/pages"}],"about":[{"href":"https:\/\/www.tuyider.org\/en\/wp-json\/wp\/v2\/types\/page"}],"author":[{"embeddable":true,"href":"https:\/\/www.tuyider.org\/en\/wp-json\/wp\/v2\/users\/14"}],"replies":[{"embeddable":true,"href":"https:\/\/www.tuyider.org\/en\/wp-json\/wp\/v2\/comments?post=1400"}],"version-history":[{"count":1,"href":"https:\/\/www.tuyider.org\/en\/wp-json\/wp\/v2\/pages\/1400\/revisions"}],"predecessor-version":[{"id":3617,"href":"https:\/\/www.tuyider.org\/en\/wp-json\/wp\/v2\/pages\/1400\/revisions\/3617"}],"wp:attachment":[{"href":"https:\/\/www.tuyider.org\/en\/wp-json\/wp\/v2\/media?parent=1400"}],"curies":[{"name":"wp","href":"https:\/\/api.w.org\/{rel}","templated":true}]}}