{"id":1395,"date":"2020-12-20T17:31:51","date_gmt":"2020-12-20T14:31:51","guid":{"rendered":"http:\/\/www.tuyider4.nanotasarim.com\/?page_id=1395"},"modified":"2026-02-09T20:11:14","modified_gmt":"2026-02-09T17:11:14","slug":"bir-firma-mi-ariyorsunuz","status":"publish","type":"page","link":"https:\/\/www.tuyider.org\/en\/uyelik\/bir-firma-mi-ariyorsunuz\/","title":{"rendered":"Looking for a Company?"},"content":{"rendered":"<div data-elementor-type=\"wp-page\" data-elementor-id=\"1395\" class=\"elementor elementor-1395\" data-elementor-post-type=\"page\">\n\t\t\t\t\t\t<section class=\"elementor-section elementor-top-section elementor-element elementor-element-cdb4a93 elementor-section-boxed elementor-section-height-default elementor-section-height-default\" data-id=\"cdb4a93\" data-element_type=\"section\" data-e-type=\"section\">\n\t\t\t\t\t\t<div class=\"elementor-container elementor-column-gap-default\">\n\t\t\t\t\t<div class=\"elementor-column elementor-col-100 elementor-top-column elementor-element elementor-element-199fb64\" data-id=\"199fb64\" data-element_type=\"column\" data-e-type=\"column\">\n\t\t\t<div class=\"elementor-widget-wrap elementor-element-populated\">\n\t\t\t\t\t\t<div class=\"elementor-element elementor-element-cc8cf90 elementor-widget elementor-widget-heading\" data-id=\"cc8cf90\" data-element_type=\"widget\" data-e-type=\"widget\" data-widget_type=\"heading.default\">\n\t\t\t\t<div class=\"elementor-widget-container\">\n\t\t\t\t\t<h2 class=\"elementor-heading-title elementor-size-default\">Firma ve Hizmet A\u011f\u0131 Entegrasyonu<\/h2>\t\t\t\t<\/div>\n\t\t\t\t<\/div>\n\t\t\t\t<div class=\"elementor-element elementor-element-9f448c1 elementor-widget elementor-widget-text-editor\" data-id=\"9f448c1\" data-element_type=\"widget\" data-e-type=\"widget\" data-widget_type=\"text-editor.default\">\n\t\t\t\t<div class=\"elementor-widget-container\">\n\t\t\t\t\t\t\t\t\t<p>Sekt\u00f6rdeki hizmet sa\u011flay\u0131c\u0131lar\u0131 ve tedarik\u00e7ileri tek bir \u00e7at\u0131 alt\u0131nda toplayan dijital katalo\u011fumuz web sitemize entegre edilmektedir.<\/p><p>\u0130\u015f birli\u011fi yapabilece\u011finiz, uluslararas\u0131 standartlarda \u00fcretim yapan firmalara kolayca eri\u015febilmeniz i\u00e7in tasarlanan bu b\u00f6l\u00fcm, veri giri\u015fi tamamland\u0131ktan sonra eri\u015fime a\u00e7\u0131lacakt\u0131r.<\/p>\t\t\t\t\t\t\t\t<\/div>\n\t\t\t\t<\/div>\n\t\t\t\t\t<\/div>\n\t\t<\/div>\n\t\t\t\t\t<\/div>\n\t\t<\/section>\n\t\t\t\t<section class=\"elementor-section elementor-top-section elementor-element elementor-element-176a454 elementor-hidden-desktop elementor-hidden-tablet_extra elementor-hidden-tablet elementor-hidden-mobile elementor-section-boxed elementor-section-height-default elementor-section-height-default\" data-id=\"176a454\" data-element_type=\"section\" data-e-type=\"section\">\n\t\t\t\t\t\t<div class=\"elementor-container elementor-column-gap-default\">\n\t\t\t\t\t<div class=\"elementor-column elementor-col-100 elementor-top-column elementor-element elementor-element-599f904\" data-id=\"599f904\" data-element_type=\"column\" data-e-type=\"column\">\n\t\t\t<div class=\"elementor-widget-wrap elementor-element-populated\">\n\t\t\t\t\t\t<div class=\"elementor-element elementor-element-96ae7ea elementor-widget elementor-widget-shortcode\" data-id=\"96ae7ea\" data-element_type=\"widget\" data-e-type=\"widget\" data-widget_type=\"shortcode.default\">\n\t\t\t\t<div class=\"elementor-widget-container\">\n\t\t\t\t\t\t\t<div class=\"elementor-shortcode\">[ninja_tables id=\"2609\"]<\/div>\n\t\t\t\t\t\t<\/div>\n\t\t\t\t<\/div>\n\t\t\t\t\t<\/div>\n\t\t<\/div>\n\t\t\t\t\t<\/div>\n\t\t<\/section>\n\t\t\t\t<\/div>","protected":false},"excerpt":{"rendered":"<p>Firma ve Hizmet A\u011f\u0131 Entegrasyonu Sekt\u00f6rdeki hizmet sa\u011flay\u0131c\u0131lar\u0131 ve tedarik\u00e7ileri tek bir \u00e7at\u0131 alt\u0131nda toplayan dijital katalo\u011fumuz web sitemize entegre edilmektedir. \u0130\u015f birli\u011fi yapabilece\u011finiz, uluslararas\u0131 standartlarda \u00fcretim yapan firmalara kolayca eri\u015febilmeniz i\u00e7in tasarlanan bu b\u00f6l\u00fcm, veri giri\u015fi tamamland\u0131ktan sonra eri\u015fime&#8230;<\/p>","protected":false},"author":14,"featured_media":0,"parent":551,"menu_order":0,"comment_status":"closed","ping_status":"closed","template":"","meta":{"footnotes":""},"class_list":["post-1395","page","type-page","status-publish","hentry"],"_links":{"self":[{"href":"https:\/\/www.tuyider.org\/en\/wp-json\/wp\/v2\/pages\/1395","targetHints":{"allow":["GET"]}}],"collection":[{"href":"https:\/\/www.tuyider.org\/en\/wp-json\/wp\/v2\/pages"}],"about":[{"href":"https:\/\/www.tuyider.org\/en\/wp-json\/wp\/v2\/types\/page"}],"author":[{"embeddable":true,"href":"https:\/\/www.tuyider.org\/en\/wp-json\/wp\/v2\/users\/14"}],"replies":[{"embeddable":true,"href":"https:\/\/www.tuyider.org\/en\/wp-json\/wp\/v2\/comments?post=1395"}],"version-history":[{"count":7,"href":"https:\/\/www.tuyider.org\/en\/wp-json\/wp\/v2\/pages\/1395\/revisions"}],"predecessor-version":[{"id":8028,"href":"https:\/\/www.tuyider.org\/en\/wp-json\/wp\/v2\/pages\/1395\/revisions\/8028"}],"up":[{"embeddable":true,"href":"https:\/\/www.tuyider.org\/en\/wp-json\/wp\/v2\/pages\/551"}],"wp:attachment":[{"href":"https:\/\/www.tuyider.org\/en\/wp-json\/wp\/v2\/media?parent=1395"}],"curies":[{"name":"wp","href":"https:\/\/api.w.org\/{rel}","templated":true}]}}