{"id":1354,"date":"2020-12-20T16:01:11","date_gmt":"2020-12-20T13:01:11","guid":{"rendered":"http:\/\/www.tuyider4.nanotasarim.com\/?page_id=1354"},"modified":"2026-02-09T19:55:56","modified_gmt":"2026-02-09T16:55:56","slug":"isbirliklerimiz","status":"publish","type":"page","link":"https:\/\/www.tuyider.org\/en\/yuzey-akademi\/isbirliklerimiz\/","title":{"rendered":"Our collaborations"},"content":{"rendered":"<div data-elementor-type=\"wp-page\" data-elementor-id=\"1354\" class=\"elementor elementor-1354\" data-elementor-post-type=\"page\">\n\t\t\t\t\t\t<section class=\"elementor-section elementor-top-section elementor-element elementor-element-0ee7e8c elementor-section-boxed elementor-section-height-default elementor-section-height-default\" data-id=\"0ee7e8c\" data-element_type=\"section\" data-e-type=\"section\">\n\t\t\t\t\t\t<div class=\"elementor-container elementor-column-gap-default\">\n\t\t\t\t\t<div class=\"elementor-column elementor-col-100 elementor-top-column elementor-element elementor-element-63c90db\" data-id=\"63c90db\" data-element_type=\"column\" data-e-type=\"column\">\n\t\t\t<div class=\"elementor-widget-wrap elementor-element-populated\">\n\t\t\t\t\t\t<div class=\"elementor-element elementor-element-a33f5d6 elementor-widget elementor-widget-heading\" data-id=\"a33f5d6\" data-element_type=\"widget\" data-e-type=\"widget\" data-widget_type=\"heading.default\">\n\t\t\t\t<div class=\"elementor-widget-container\">\n\t\t\t\t\t<h2 class=\"elementor-heading-title elementor-size-default\">G\u00fc\u00e7l\u00fc \u00c7\u00f6z\u00fcm Ortaklar\u0131 ve Akademik \u0130\u015f Birlikleri<\/h2>\t\t\t\t<\/div>\n\t\t\t\t<\/div>\n\t\t\t\t<div class=\"elementor-element elementor-element-148bd56 elementor-widget elementor-widget-text-editor\" data-id=\"148bd56\" data-element_type=\"widget\" data-e-type=\"widget\" data-widget_type=\"text-editor.default\">\n\t\t\t\t<div class=\"elementor-widget-container\">\n\t\t\t\t\t\t\t\t\t<p>T\u00dcY\u0130DER Y\u00fczey Akademisi olarak, sekt\u00f6r\u00fcm\u00fcz\u00fcn geli\u015fimine katk\u0131 sa\u011flamak amac\u0131yla ulusal ve uluslararas\u0131 payda\u015flarla g\u00fc\u00e7 birli\u011fi yap\u0131yoruz.<\/p><p>\u00dcniversite-sanayi i\u015f birli\u011fi \u00e7er\u00e7evesinde protokol imzalad\u0131\u011f\u0131m\u0131z \u00fcniversiteler, teknoloji transfer ofisleri, akredite laboratuvarlar ve global \u00e7\u00f6z\u00fcm ortaklar\u0131m\u0131zla y\u00fcr\u00fctt\u00fc\u011f\u00fcm\u00fcz projeler bu sayfada listelenecektir. Bilimsel ve teknolojik altyap\u0131m\u0131z\u0131 g\u00fc\u00e7lendiren partner a\u011f\u0131m\u0131zla ilgili detayl\u0131 bilgiler \u00e7ok yak\u0131nda burada yay\u0131nlanacakt\u0131r.<\/p>\t\t\t\t\t\t\t\t<\/div>\n\t\t\t\t<\/div>\n\t\t\t\t\t<\/div>\n\t\t<\/div>\n\t\t\t\t\t<\/div>\n\t\t<\/section>\n\t\t\t\t<\/div>","protected":false},"excerpt":{"rendered":"<p>G\u00fc\u00e7l\u00fc \u00c7\u00f6z\u00fcm Ortaklar\u0131 ve Akademik \u0130\u015f Birlikleri T\u00dcY\u0130DER Y\u00fczey Akademisi olarak, sekt\u00f6r\u00fcm\u00fcz\u00fcn geli\u015fimine katk\u0131 sa\u011flamak amac\u0131yla ulusal ve uluslararas\u0131 payda\u015flarla g\u00fc\u00e7 birli\u011fi yap\u0131yoruz. \u00dcniversite-sanayi i\u015f birli\u011fi \u00e7er\u00e7evesinde protokol imzalad\u0131\u011f\u0131m\u0131z \u00fcniversiteler, teknoloji transfer ofisleri, akredite laboratuvarlar ve global \u00e7\u00f6z\u00fcm ortaklar\u0131m\u0131zla y\u00fcr\u00fctt\u00fc\u011f\u00fcm\u00fcz&#8230;<\/p>","protected":false},"author":14,"featured_media":0,"parent":1077,"menu_order":0,"comment_status":"closed","ping_status":"closed","template":"","meta":{"footnotes":""},"class_list":["post-1354","page","type-page","status-publish","hentry"],"_links":{"self":[{"href":"https:\/\/www.tuyider.org\/en\/wp-json\/wp\/v2\/pages\/1354","targetHints":{"allow":["GET"]}}],"collection":[{"href":"https:\/\/www.tuyider.org\/en\/wp-json\/wp\/v2\/pages"}],"about":[{"href":"https:\/\/www.tuyider.org\/en\/wp-json\/wp\/v2\/types\/page"}],"author":[{"embeddable":true,"href":"https:\/\/www.tuyider.org\/en\/wp-json\/wp\/v2\/users\/14"}],"replies":[{"embeddable":true,"href":"https:\/\/www.tuyider.org\/en\/wp-json\/wp\/v2\/comments?post=1354"}],"version-history":[{"count":10,"href":"https:\/\/www.tuyider.org\/en\/wp-json\/wp\/v2\/pages\/1354\/revisions"}],"predecessor-version":[{"id":8006,"href":"https:\/\/www.tuyider.org\/en\/wp-json\/wp\/v2\/pages\/1354\/revisions\/8006"}],"up":[{"embeddable":true,"href":"https:\/\/www.tuyider.org\/en\/wp-json\/wp\/v2\/pages\/1077"}],"wp:attachment":[{"href":"https:\/\/www.tuyider.org\/en\/wp-json\/wp\/v2\/media?parent=1354"}],"curies":[{"name":"wp","href":"https:\/\/api.w.org\/{rel}","templated":true}]}}