{"id":1351,"date":"2020-12-21T01:49:02","date_gmt":"2020-12-20T22:49:02","guid":{"rendered":"http:\/\/www.tuyider4.nanotasarim.com\/?page_id=1351"},"modified":"2026-02-09T20:02:23","modified_gmt":"2026-02-09T17:02:23","slug":"e-bulten","status":"publish","type":"page","link":"https:\/\/www.tuyider.org\/en\/e-bulten\/","title":{"rendered":"E-Newsletter"},"content":{"rendered":"<div data-elementor-type=\"wp-page\" data-elementor-id=\"1351\" class=\"elementor elementor-1351\" data-elementor-post-type=\"page\">\n\t\t\t\t\t\t<section class=\"elementor-section elementor-top-section elementor-element elementor-element-4272ebc elementor-section-stretched elementor-section-boxed elementor-section-height-default elementor-section-height-default\" data-id=\"4272ebc\" data-element_type=\"section\" data-e-type=\"section\" data-settings=\"{&quot;stretch_section&quot;:&quot;section-stretched&quot;}\">\n\t\t\t\t\t\t<div class=\"elementor-container elementor-column-gap-default\">\n\t\t\t\t\t<div class=\"elementor-column elementor-col-100 elementor-top-column elementor-element elementor-element-4db116f\" data-id=\"4db116f\" data-element_type=\"column\" data-e-type=\"column\">\n\t\t\t<div class=\"elementor-widget-wrap elementor-element-populated\">\n\t\t\t\t\t\t<div class=\"elementor-element elementor-element-31cc48c elementor-widget elementor-widget-pix-sliding-text\" data-id=\"31cc48c\" data-element_type=\"widget\" data-e-type=\"widget\" data-widget_type=\"pix-sliding-text.default\">\n\t\t\t\t<div class=\"elementor-widget-container\">\n\t\t\t\t\t<div id=\"el-31cc48c\" class=\"mb-3 text-center\"><div class=\"d-inline-block\" style=\"max-width:600px;\"><h2 class=\"mb-32 pix-sliding-headline-2 animate-in font-weight-bold secondary-font\" data-anim-type=\"pix-sliding-text\" pix-anim-delay=\"500\" data-class=\"secondary-font text-heading-default\" style=\"\"><span class=\"slide-in-container\"><span class=\"pix-sliding-item secondary-font text-heading-default\" style=\"transition-delay: 0ms;\">E-B\u00fclten&#32;<\/span><\/span> <span class=\"slide-in-container\"><span class=\"pix-sliding-item secondary-font text-heading-default\" style=\"transition-delay: 150ms;\">Ar\u015fivimiz&#32;<\/span><\/span> <span class=\"slide-in-container\"><span class=\"pix-sliding-item secondary-font text-heading-default\" style=\"transition-delay: 300ms;\">Web&#32;<\/span><\/span> <span class=\"slide-in-container\"><span class=\"pix-sliding-item secondary-font text-heading-default\" style=\"transition-delay: 450ms;\">Sitemize&#32;<\/span><\/span> <span class=\"slide-in-container\"><span class=\"pix-sliding-item secondary-font text-heading-default\" style=\"transition-delay: 600ms;\">Y\u00fckleniyor&#32;<\/span><\/span> <\/h2><\/div><\/div>\t\t\t\t<\/div>\n\t\t\t\t<\/div>\n\t\t\t\t<div class=\"elementor-element elementor-element-4a93c65 elementor-invisible elementor-widget elementor-widget-pix-text\" data-id=\"4a93c65\" data-element_type=\"widget\" data-e-type=\"widget\" data-widget_type=\"pix-text.default\">\n\t\t\t\t<div class=\"elementor-widget-container\">\n\t\t\t\t\t<div class=\"pix-el-text w-100 text-center\" ><div class=\"d-inline-block\" style=\"max-width:600px;\"><p class=\"text-20 resp-option  text-center\" ><span class=\"animate-in d-inline-block\" data-anim-delay=\"500\" data-anim-type=\"fade-in-up\">D\u00fczenli olarak e-posta yoluyla payla\u015ft\u0131\u011f\u0131m\u0131z teknik b\u00fcltenlerimizin, web sitemiz \u00fczerinden de geriye d\u00f6n\u00fck incelenebilmesi i\u00e7in ar\u015fiv entegrasyonu yap\u0131lmaktad\u0131r.\n\nMevcut ve ge\u00e7mi\u015f say\u0131lar\u0131m\u0131z\u0131n yer alaca\u011f\u0131 bu alanda; sekt\u00f6r haberlerine, teknik makalelere ve duyurular\u0131m\u0131za tek bir noktadan eri\u015febileceksiniz. T\u00fcm yay\u0131n ge\u00e7mi\u015fimiz \u00e7ok yak\u0131nda burada listelenecektir.<\/span><\/p><\/div><\/div>\t\t\t\t<\/div>\n\t\t\t\t<\/div>\n\t\t\t\t\t<\/div>\n\t\t<\/div>\n\t\t\t\t\t<\/div>\n\t\t<\/section>\n\t\t\t\t<\/div>","protected":false},"excerpt":{"rendered":"<p>E-B\u00fclten&#32; Ar\u015fivimiz&#32; Web&#32; Sitemize&#32; Y\u00fckleniyor&#32; D\u00fczenli olarak e-posta yoluyla payla\u015ft\u0131\u011f\u0131m\u0131z teknik b\u00fcltenlerimizin, web sitemiz \u00fczerinden de geriye d\u00f6n\u00fck incelenebilmesi i\u00e7in ar\u015fiv entegrasyonu yap\u0131lmaktad\u0131r. Mevcut ve ge\u00e7mi\u015f say\u0131lar\u0131m\u0131z\u0131n yer alaca\u011f\u0131 bu alanda; sekt\u00f6r haberlerine, teknik makalelere ve duyurular\u0131m\u0131za tek bir noktadan&#8230;<\/p>","protected":false},"author":14,"featured_media":0,"parent":0,"menu_order":0,"comment_status":"closed","ping_status":"closed","template":"","meta":{"footnotes":""},"class_list":["post-1351","page","type-page","status-publish","hentry"],"_links":{"self":[{"href":"https:\/\/www.tuyider.org\/en\/wp-json\/wp\/v2\/pages\/1351","targetHints":{"allow":["GET"]}}],"collection":[{"href":"https:\/\/www.tuyider.org\/en\/wp-json\/wp\/v2\/pages"}],"about":[{"href":"https:\/\/www.tuyider.org\/en\/wp-json\/wp\/v2\/types\/page"}],"author":[{"embeddable":true,"href":"https:\/\/www.tuyider.org\/en\/wp-json\/wp\/v2\/users\/14"}],"replies":[{"embeddable":true,"href":"https:\/\/www.tuyider.org\/en\/wp-json\/wp\/v2\/comments?post=1351"}],"version-history":[{"count":16,"href":"https:\/\/www.tuyider.org\/en\/wp-json\/wp\/v2\/pages\/1351\/revisions"}],"predecessor-version":[{"id":8021,"href":"https:\/\/www.tuyider.org\/en\/wp-json\/wp\/v2\/pages\/1351\/revisions\/8021"}],"wp:attachment":[{"href":"https:\/\/www.tuyider.org\/en\/wp-json\/wp\/v2\/media?parent=1351"}],"curies":[{"name":"wp","href":"https:\/\/api.w.org\/{rel}","templated":true}]}}