{"id":1077,"date":"2020-12-15T15:43:35","date_gmt":"2020-12-15T12:43:35","guid":{"rendered":"http:\/\/www.tuyider4.nanotasarim.com\/?page_id=1077"},"modified":"2021-05-31T12:10:33","modified_gmt":"2021-05-31T09:10:33","slug":"yuzey-akademi","status":"publish","type":"page","link":"https:\/\/www.tuyider.org\/en\/yuzey-akademi\/","title":{"rendered":"Surface Academy"},"content":{"rendered":"<div data-elementor-type=\"wp-page\" data-elementor-id=\"1077\" class=\"elementor elementor-1077\" data-elementor-post-type=\"page\">\n\t\t\t\t\t\t<section class=\"elementor-section elementor-top-section elementor-element elementor-element-35c7e0b elementor-section-stretched elementor-section-boxed elementor-section-height-default elementor-section-height-default\" data-id=\"35c7e0b\" data-element_type=\"section\" data-e-type=\"section\" data-settings=\"{&quot;stretch_section&quot;:&quot;section-stretched&quot;}\">\n\t\t\t\t\t\t<div class=\"elementor-container elementor-column-gap-default\">\n\t\t\t\t\t<div class=\"elementor-column elementor-col-100 elementor-top-column elementor-element elementor-element-8370e78\" data-id=\"8370e78\" data-element_type=\"column\" data-e-type=\"column\">\n\t\t\t<div class=\"elementor-widget-wrap elementor-element-populated\">\n\t\t\t\t\t\t<div class=\"elementor-element elementor-element-ad35816 elementor-widget elementor-widget-pix-sliding-text\" data-id=\"ad35816\" data-element_type=\"widget\" data-e-type=\"widget\" data-widget_type=\"pix-sliding-text.default\">\n\t\t\t\t<div class=\"elementor-widget-container\">\n\t\t\t\t\t<div id=\"el-ad35816\" class=\"mb-3 text-center\"><div class=\"d-inline-block\" style=\"max-width:600px;\"><h2 class=\"mb-32 pix-sliding-headline-2 animate-in font-weight-bold secondary-font\" data-anim-type=\"pix-sliding-text\" pix-anim-delay=\"500\" data-class=\"secondary-font text-heading-default\" style=\"\"><span class=\"slide-in-container\"><span class=\"pix-sliding-item secondary-font text-heading-default\" style=\"transition-delay: 0ms;\">Y\u00fczey&#32;<\/span><\/span> <span class=\"slide-in-container\"><span class=\"pix-sliding-item secondary-font text-heading-default\" style=\"transition-delay: 150ms;\">Akademi&#32;<\/span><\/span> <\/h2><\/div><\/div>\t\t\t\t<\/div>\n\t\t\t\t<\/div>\n\t\t\t\t<div class=\"elementor-element elementor-element-e757aec elementor-invisible elementor-widget elementor-widget-pix-text\" data-id=\"e757aec\" data-element_type=\"widget\" data-e-type=\"widget\" data-widget_type=\"pix-text.default\">\n\t\t\t\t<div class=\"elementor-widget-container\">\n\t\t\t\t\t<div class=\"pix-el-text w-100 text-center\" ><div class=\"d-inline-block\" style=\"max-width:600px;\"><p class=\"text-20 resp-option  text-center\" ><span class=\"animate-in d-inline-block\" data-anim-delay=\"500\" data-anim-type=\"fade-in-up\">T\u00dcY\u0130DER T\u00fcm Y\u00fczey \u0130\u015flemler Derne\u011fi Y\u00fczey Akademi sayfalar\u0131na a\u015fa\u011f\u0131daki linklerden ula\u015fabilirsiniz<\/span><\/p><\/div><\/div>\t\t\t\t<\/div>\n\t\t\t\t<\/div>\n\t\t\t\t<section class=\"elementor-section elementor-inner-section elementor-element elementor-element-caa71fa elementor-section-boxed elementor-section-height-default elementor-section-height-default\" data-id=\"caa71fa\" data-element_type=\"section\" data-e-type=\"section\">\n\t\t\t\t\t\t<div class=\"elementor-container elementor-column-gap-default\">\n\t\t\t\t\t<div class=\"elementor-column elementor-col-33 elementor-inner-column elementor-element elementor-element-86ef98f\" data-id=\"86ef98f\" data-element_type=\"column\" data-e-type=\"column\">\n\t\t\t<div class=\"elementor-widget-wrap elementor-element-populated\">\n\t\t\t\t\t\t<div class=\"elementor-element elementor-element-45c222b bg-white shadow shadow-hover-sm fly-sm rounded-10 elementor-invisible elementor-widget elementor-widget-pix-feature\" data-id=\"45c222b\" data-element_type=\"widget\" data-e-type=\"widget\" data-widget_type=\"pix-feature.default\">\n\t\t\t\t<div class=\"elementor-widget-container\">\n\t\t\t\t\t<a href=\"https:\/\/www.tuyider.org\/en\/yuzey-akademi\/tanitim\/\" ><div id=\"pix-feature-45c222b\" class=\"pix-feature-el text-custom\"><div class=\"pix-feature-icon d-inline-block mw-100 text-gradient-primary animate-in\" data-anim-type=\"fade-in-up\" data-anim-delay=\"0\" style=\"aspect-ratio:1\/1 !important;position:relative;text-align:center;font-size:1px;line-height:1px;\"><svg class=\"pixfort-icon\" width=\"24\" height=\"24\"  data-name=\"Line\/pixfort-icon-luggage-3\" viewbox=\"2 2 20 20\"><path fill=\"none\" stroke=\"var(--pf-icon-color)\" stroke-linecap=\"round\" stroke-linejoin=\"round\" stroke-width=\"var(--pf-icon-stroke-width)\" d=\"M5,7 L19,7 C20.1045695,7 21,7.8954305 21,9 L21,19 C21,20.1045695 20.1045695,21 19,21 L5,21 C3.8954305,21 3,20.1045695 3,19 L3,9 C3,7.8954305 3.8954305,7 5,7 Z M15,6.5 C15,6.90304633 15,6.73637967 15,6 C15,4.34314575 13.6568542,3 12,3 C10.3431458,3 9,4.34314575 9,6 C9,6.73637967 9,6.90304633 9,6.5 M7,7 L7,21 M17,7 L17,21 M13,12 L11,12 L11,11 L13,11 L13,12 Z\"\/><\/svg><\/div><h5 class=\"pix-feature-title  font-weight-bold  secondary-font text-heading-default animate-in\" style=\"padding-top:30px;\" data-anim-type=\"fade-in-up\" data-anim-delay=\"100\">About Surface Academy<\/h5><div class=\"pix-feature-content text-body-default text-18     animate-in\" style=\"padding-top:10px;\" data-anim-type=\"fade-in-up\" data-anim-delay=\"200\"><\/div><\/div><\/a>\t\t\t\t<\/div>\n\t\t\t\t<\/div>\n\t\t\t\t\t<\/div>\n\t\t<\/div>\n\t\t\t\t<div class=\"elementor-column elementor-col-33 elementor-inner-column elementor-element elementor-element-e4b0c3d\" data-id=\"e4b0c3d\" data-element_type=\"column\" data-e-type=\"column\">\n\t\t\t<div class=\"elementor-widget-wrap elementor-element-populated\">\n\t\t\t\t\t\t<div class=\"elementor-element elementor-element-f0c733e bg-white shadow shadow-hover-sm fly-sm rounded-10 elementor-invisible elementor-widget elementor-widget-pix-feature\" data-id=\"f0c733e\" data-element_type=\"widget\" data-e-type=\"widget\" data-widget_type=\"pix-feature.default\">\n\t\t\t\t<div class=\"elementor-widget-container\">\n\t\t\t\t\t<a href=\"http:\/\/www.tuyider.org\/en\/yuzey-akademi\/egitimler\/\" ><div id=\"f0c733e\" class=\"pix-feature-el text-custom\"><div class=\"pix-feature-icon d-inline-block mw-100 text-gradient-primary animate-in\" data-anim-type=\"fade-in-up\" data-anim-delay=\"0\" style=\"aspect-ratio:1\/1 !important;position:relative;text-align:center;font-size:1px;line-height:1px;\"><svg class=\"pixfort-icon\" width=\"24\" height=\"24\"  data-name=\"Line\/pixfort-icon-bookmark-7\" viewbox=\"2 2 20 20\"><path fill=\"none\" stroke=\"var(--pf-icon-color)\" stroke-linecap=\"round\" stroke-linejoin=\"round\" stroke-width=\"var(--pf-icon-stroke-width)\" d=\"M12.9396835,5.29837775 L18.5661391,4.04805429 C19.6444055,3.80843952 20.7127594,4.48830104 20.9523741,5.56656749 C20.9840296,5.70901729 21,5.85450372 21,6.00042841 L21,15.9028531 C21,16.8402504 20.348936,17.6518772 19.4338609,17.8552272 L13.4603166,19.1826815 C12.8133567,19.3264504 12.1723444,18.9185334 12.0285755,18.2715735 C12.0095822,18.1861037 12,18.0988118 12,18.011257 L12,6.46980227 C12,5.90736387 12.3906384,5.42038777 12.9396835,5.29837775 Z M11.0603165,5.29837775 L5.43386092,4.04805429 C4.35559446,3.80843952 3.28724065,4.48830104 3.04762588,5.56656749 C3.01597037,5.70901729 3,5.85450372 3,6.00042841 L3,15.9028531 C3,16.8402504 3.65106397,17.6518772 4.56613908,17.8552272 L10.5396834,19.1826815 C11.1866433,19.3264504 11.8276556,18.9185334 11.9714245,18.2715735 C11.9904178,18.1861037 12,18.0988118 12,18.011257 L12,6.46980227 C12,5.90736387 11.6093616,5.42038777 11.0603165,5.29837775 Z M17,4.41679037 L17,8 L16,8.20294478 L16,4.63256957\"\/><\/svg><\/div><h5 class=\"pix-feature-title  font-weight-bold  secondary-font text-heading-default animate-in\" style=\"padding-top:30px;\" data-anim-type=\"fade-in-up\" data-anim-delay=\"100\">Courses<\/h5><div class=\"pix-feature-content text-body-default text-18     animate-in\" style=\"padding-top:10px;\" data-anim-type=\"fade-in-up\" data-anim-delay=\"200\"><\/div><\/div><\/a>\t\t\t\t<\/div>\n\t\t\t\t<\/div>\n\t\t\t\t\t<\/div>\n\t\t<\/div>\n\t\t\t\t<div class=\"elementor-column elementor-col-33 elementor-inner-column elementor-element elementor-element-3531684\" data-id=\"3531684\" data-element_type=\"column\" data-e-type=\"column\">\n\t\t\t<div class=\"elementor-widget-wrap elementor-element-populated\">\n\t\t\t\t\t\t<div class=\"elementor-element elementor-element-09fb421 bg-white shadow shadow-hover-sm fly-sm rounded-10 elementor-invisible elementor-widget elementor-widget-pix-feature\" data-id=\"09fb421\" data-element_type=\"widget\" data-e-type=\"widget\" data-widget_type=\"pix-feature.default\">\n\t\t\t\t<div class=\"elementor-widget-container\">\n\t\t\t\t\t<a href=\"http:\/\/www.tuyider.org\/en\/yuzey-akademi\/kutuphane\/\" ><div id=\"pix-feature-09fb421\" class=\"pix-feature-el text-custom\"><div class=\"pix-feature-icon d-inline-block mw-100 text-gradient-primary animate-in\" data-anim-type=\"fade-in-up\" data-anim-delay=\"0\" style=\"aspect-ratio:1\/1 !important;position:relative;text-align:center;font-size:1px;line-height:1px;\"><svg class=\"pixfort-icon\" width=\"24\" height=\"24\"  data-name=\"Line\/pixfort-icon-books-3\" viewbox=\"2 2 20 20\"><path fill=\"none\" stroke=\"var(--pf-icon-color)\" stroke-linecap=\"round\" stroke-linejoin=\"round\" stroke-width=\"var(--pf-icon-stroke-width)\" d=\"M4.20000005,3 L5.79999995,3 C6.46274168,3 7,3.53725832 7,4.20000005 L7,19.8 C7,20.4627417 6.46274168,21 5.79999995,21 L4.20000005,21 C3.53725832,21 3,20.4627417 3,19.8 L3,4.20000005 C3,3.53725832 3.53725832,3 4.20000005,3 Z M8.20000005,3 L9.79999995,3 C10.4627417,3 11,3.53725832 11,4.20000005 L11,19.8 C11,20.4627417 10.4627417,21 9.79999995,21 L8.20000005,21 C7.53725832,21 7,20.4627417 7,19.8 L7,4.20000005 C7,3.53725832 7.53725832,3 8.20000005,3 Z M13.8903634,4.39253622 L15.428382,3.95151648 C16.0654503,3.7688401 16.7299846,4.13719748 16.9126609,4.77426572 L20.9369663,18.8086864 C21.1196427,19.4457546 20.7512853,20.1102889 20.1142171,20.2929653 L18.5761985,20.7339851 C17.9391302,20.9166614 17.2745959,20.548304 17.0919195,19.9112358 L13.0676142,5.87681514 C12.8849378,5.23974691 13.2532952,4.5752126 13.8903634,4.39253622 Z M13.8393987,8.56834784 L17.6844455,7.46579842 M16.3201349,17.2197031 L20.1651817,16.1171537 M3,7 L7,7 M3,17 L7,17 M7,7 L11,7 M7,17 L11,17\"\/><\/svg><\/div><h5 class=\"pix-feature-title  font-weight-bold  secondary-font text-heading-default animate-in\" style=\"padding-top:30px;\" data-anim-type=\"fade-in-up\" data-anim-delay=\"100\">Library<\/h5><div class=\"pix-feature-content text-body-default text-18     animate-in\" style=\"padding-top:10px;\" data-anim-type=\"fade-in-up\" data-anim-delay=\"200\"><\/div><\/div><\/a>\t\t\t\t<\/div>\n\t\t\t\t<\/div>\n\t\t\t\t\t<\/div>\n\t\t<\/div>\n\t\t\t\t\t<\/div>\n\t\t<\/section>\n\t\t\t\t<section class=\"elementor-section elementor-inner-section elementor-element elementor-element-6740761 elementor-section-boxed elementor-section-height-default elementor-section-height-default\" data-id=\"6740761\" data-element_type=\"section\" data-e-type=\"section\">\n\t\t\t\t\t\t<div class=\"elementor-container elementor-column-gap-default\">\n\t\t\t\t\t<div class=\"elementor-column elementor-col-33 elementor-inner-column elementor-element elementor-element-3ea09e4\" data-id=\"3ea09e4\" data-element_type=\"column\" data-e-type=\"column\">\n\t\t\t<div class=\"elementor-widget-wrap elementor-element-populated\">\n\t\t\t\t\t\t<div class=\"elementor-element elementor-element-45049a2 bg-white shadow shadow-hover-sm fly-sm rounded-10 elementor-invisible elementor-widget elementor-widget-pix-feature\" data-id=\"45049a2\" data-element_type=\"widget\" data-e-type=\"widget\" data-widget_type=\"pix-feature.default\">\n\t\t\t\t<div class=\"elementor-widget-container\">\n\t\t\t\t\t<a href=\"http:\/\/www.tuyider.org\/en\/yuzey-akademi\/test-ve-analiz-hizmetleri\/\" ><div id=\"pix-feature-45049a2\" class=\"pix-feature-el text-custom\"><div class=\"pix-feature-icon d-inline-block mw-100 text-gradient-primary animate-in\" data-anim-type=\"fade-in-up\" data-anim-delay=\"0\" style=\"aspect-ratio:1\/1 !important;position:relative;text-align:center;font-size:1px;line-height:1px;\"><svg class=\"pixfort-icon\" width=\"24\" height=\"24\"  data-name=\"Line\/pixfort-icon-file-search-1\" viewbox=\"2 2 20 20\"><path fill=\"none\" stroke=\"var(--pf-icon-color)\" stroke-linecap=\"round\" stroke-linejoin=\"round\" stroke-width=\"var(--pf-icon-stroke-width)\" d=\"M5,11 L5,5 C5,3.8954305 5.8954305,3 7,3 L12.8727869,3 C14.9175556,4.48800639 17.4920457,6.76866015 19,8.65347855 L19,19 C19,20.1045695 18.1045695,21 17,21 L12,21 M12.6586405,3 L12.5665066,6.3715119 C12.5226946,7.9747483 13.7868579,9.30994479 15.3900943,9.35375673 C15.5249374,9.35744162 15.6598734,9.35172666 15.793922,9.33665338 L19,8.97614154 L19,8.97614154 M6.88888889,20.2222222 C5.17066967,20.2222222 3.77777778,18.8293303 3.77777778,17.1111111 C3.77777778,15.3928919 5.17066967,14 6.88888889,14 C8.60710811,14 10,15.3928919 10,17.1111111 C10,18.8293303 8.60710811,20.2222222 6.88888889,20.2222222 Z M4.68719705,19.3129462 L3,21\"\/><\/svg><\/div><h5 class=\"pix-feature-title  font-weight-bold  secondary-font text-heading-default animate-in\" style=\"padding-top:30px;\" data-anim-type=\"fade-in-up\" data-anim-delay=\"100\">Test and Analysis<\/h5><div class=\"pix-feature-content text-body-default text-18     animate-in\" style=\"padding-top:10px;\" data-anim-type=\"fade-in-up\" data-anim-delay=\"200\"><\/div><\/div><\/a>\t\t\t\t<\/div>\n\t\t\t\t<\/div>\n\t\t\t\t\t<\/div>\n\t\t<\/div>\n\t\t\t\t<div class=\"elementor-column elementor-col-33 elementor-inner-column elementor-element elementor-element-a8d45bc\" data-id=\"a8d45bc\" data-element_type=\"column\" data-e-type=\"column\">\n\t\t\t<div class=\"elementor-widget-wrap elementor-element-populated\">\n\t\t\t\t\t\t<div class=\"elementor-element elementor-element-c7a1bcf bg-white shadow shadow-hover-sm fly-sm rounded-10 elementor-invisible elementor-widget elementor-widget-pix-feature\" data-id=\"c7a1bcf\" data-element_type=\"widget\" data-e-type=\"widget\" data-widget_type=\"pix-feature.default\">\n\t\t\t\t<div class=\"elementor-widget-container\">\n\t\t\t\t\t<a href=\"http:\/\/www.tuyider.org\/en\/yuzey-akademi\/standartlar\/\" ><div id=\"c7a1bcf\" class=\"pix-feature-el text-custom\"><div class=\"pix-feature-icon d-inline-block mw-100 text-gradient-primary animate-in\" data-anim-type=\"fade-in-up\" data-anim-delay=\"0\" style=\"aspect-ratio:1\/1 !important;position:relative;text-align:center;font-size:1px;line-height:1px;\"><svg class=\"pixfort-icon\" width=\"24\" height=\"24\"  data-name=\"Line\/pixfort-icon-shield-check-1\" viewbox=\"2 2 20 20\"><path fill=\"none\" stroke=\"var(--pf-icon-color)\" stroke-linecap=\"round\" stroke-linejoin=\"round\" stroke-width=\"var(--pf-icon-stroke-width)\" d=\"M10.8375236,20.6696597 L6.25628542,17.3973467 C5.46789705,16.8342122 5,15.9249996 5,14.9561463 L5,6.90943839 C5,6.06421114 5.53134128,5.31023526 6.32732721,5.02595457 L11.3273272,3.24024028 C11.7623209,3.08488538 12.2376791,3.08488538 12.6726728,3.24024028 L17.6726728,5.02595457 C18.4686587,5.31023526 19,6.06421114 19,6.90943839 L19,14.9561463 C19,15.9249996 18.5321029,16.8342122 17.7437146,17.3973467 L13.1624764,20.6696597 C12.4670813,21.1663705 11.5329187,21.1663705 10.8375236,20.6696597 Z M9,12 L11,14 L15,10\"\/><\/svg><\/div><h5 class=\"pix-feature-title  font-weight-bold  secondary-font text-heading-default animate-in\" style=\"padding-top:30px;\" data-anim-type=\"fade-in-up\" data-anim-delay=\"100\">Standards<\/h5><div class=\"pix-feature-content text-body-default text-18     animate-in\" style=\"padding-top:10px;\" data-anim-type=\"fade-in-up\" data-anim-delay=\"200\"><\/div><\/div><\/a>\t\t\t\t<\/div>\n\t\t\t\t<\/div>\n\t\t\t\t\t<\/div>\n\t\t<\/div>\n\t\t\t\t<div class=\"elementor-column elementor-col-33 elementor-inner-column elementor-element elementor-element-8e77000\" data-id=\"8e77000\" data-element_type=\"column\" data-e-type=\"column\">\n\t\t\t<div class=\"elementor-widget-wrap elementor-element-populated\">\n\t\t\t\t\t\t<div class=\"elementor-element elementor-element-590d176 bg-white shadow shadow-hover-sm fly-sm rounded-10 elementor-invisible elementor-widget elementor-widget-pix-feature\" data-id=\"590d176\" data-element_type=\"widget\" data-e-type=\"widget\" data-widget_type=\"pix-feature.default\">\n\t\t\t\t<div class=\"elementor-widget-container\">\n\t\t\t\t\t<a href=\"http:\/\/www.tuyider.org\/en\/yuzey-akademi\/danismanlik-hizmetleri\/\" ><div id=\"pix-feature-590d176\" class=\"pix-feature-el text-custom\"><div class=\"pix-feature-icon d-inline-block mw-100 text-gradient-primary animate-in\" data-anim-type=\"fade-in-up\" data-anim-delay=\"0\" style=\"aspect-ratio:1\/1 !important;position:relative;text-align:center;font-size:1px;line-height:1px;\"><svg class=\"pixfort-icon\" width=\"24\" height=\"24\"  data-name=\"Line\/pixfort-icon-money-3\" viewbox=\"2 2 20 20\"><path fill=\"none\" stroke=\"var(--pf-icon-color)\" stroke-linecap=\"round\" stroke-linejoin=\"round\" stroke-width=\"var(--pf-icon-stroke-width)\" d=\"M5,6 L19,6 C20.1045695,6 21,6.8954305 21,8 L21,16 C21,17.1045695 20.1045695,18 19,18 L5,18 C3.8954305,18 3,17.1045695 3,16 L3,8 C3,6.8954305 3.8954305,6 5,6 Z M9,9 L6,9 M7,15 L6,15 M16,11 L16,13 M16,7 L16,8 M16,16 L16,18\"\/><\/svg><\/div><h5 class=\"pix-feature-title  font-weight-bold  secondary-font text-heading-default animate-in\" style=\"padding-top:30px;\" data-anim-type=\"fade-in-up\" data-anim-delay=\"100\">Consultancy<\/h5><div class=\"pix-feature-content text-body-default text-18     animate-in\" style=\"padding-top:10px;\" data-anim-type=\"fade-in-up\" data-anim-delay=\"200\"><\/div><\/div><\/a>\t\t\t\t<\/div>\n\t\t\t\t<\/div>\n\t\t\t\t\t<\/div>\n\t\t<\/div>\n\t\t\t\t\t<\/div>\n\t\t<\/section>\n\t\t\t\t<section class=\"elementor-section elementor-inner-section elementor-element elementor-element-a1ddb19 elementor-section-boxed elementor-section-height-default elementor-section-height-default\" data-id=\"a1ddb19\" data-element_type=\"section\" data-e-type=\"section\">\n\t\t\t\t\t\t<div class=\"elementor-container elementor-column-gap-default\">\n\t\t\t\t\t<div class=\"elementor-column elementor-col-33 elementor-inner-column elementor-element elementor-element-2069fde\" data-id=\"2069fde\" data-element_type=\"column\" data-e-type=\"column\">\n\t\t\t<div class=\"elementor-widget-wrap elementor-element-populated\">\n\t\t\t\t\t\t<div class=\"elementor-element elementor-element-67580bf bg-white shadow shadow-hover-sm fly-sm rounded-10 elementor-invisible elementor-widget elementor-widget-pix-feature\" data-id=\"67580bf\" data-element_type=\"widget\" data-e-type=\"widget\" data-widget_type=\"pix-feature.default\">\n\t\t\t\t<div class=\"elementor-widget-container\">\n\t\t\t\t\t<a href=\"http:\/\/www.tuyider.org\/en\/yuzey-akademi\/teknik-dokumanlar\/\" ><div id=\"pix-feature-67580bf\" class=\"pix-feature-el text-custom\"><div class=\"pix-feature-icon d-inline-block mw-100 text-gradient-primary animate-in\" data-anim-type=\"fade-in-up\" data-anim-delay=\"0\" style=\"aspect-ratio:1\/1 !important;position:relative;text-align:center;font-size:1px;line-height:1px;\"><svg class=\"pixfort-icon\" width=\"24\" height=\"24\"  data-name=\"Line\/pixfort-icon-books-1\" viewbox=\"2 2 20 20\"><path fill=\"none\" stroke=\"var(--pf-icon-color)\" stroke-linecap=\"round\" stroke-linejoin=\"round\" stroke-width=\"var(--pf-icon-stroke-width)\" d=\"M16.4172359,18.3050648 L16.6326474,9.9483298 C16.6458303,9.43691038 16.3420785,8.97039231 15.8690456,8.77554994 L8.39969355,5.69892165 C7.65151691,5.39074747 6.78961286,5.63162544 6.30961433,6.28304007 L6.1549264,6.49296983 C5.72932787,7.07055725 5.8525392,7.88380014 6.43012662,8.30939868 C6.51027069,8.36845328 6.59693738,8.41809973 6.68842023,8.45736049 L13.7308813,11.479701 L13.7308813,11.479701 L13.6755787,21.1064205 L7.01453816,18.1148156 C6.38634054,17.8326797 5.98001109,17.2105 5.97423215,16.5218785 L5.89739476,7.36590484 L5.89739476,7.36590484 M19.1649978,15.7253054 L19.3641327,8.1762135 C19.3859584,7.3488138 18.8958738,6.59345299 18.1313964,6.27621352 L10.9434657,3.2933979 C10.1967569,2.98353197 9.33498101,3.22143458 8.8529943,3.87049528 L8.69254634,4.0865603 C8.26891515,4.65703735 8.38795724,5.46292131 8.95843429,5.8865525 C9.04222839,5.94877724 9.13328275,6.00057464 9.22958992,6.04080272 L14.4790685,8.23354134 L14.4790685,8.23354134\" transform=\"scale(1 -1) rotate(-38 -22.604 0)\"\/><\/svg><\/div><h5 class=\"pix-feature-title  font-weight-bold  secondary-font text-heading-default animate-in\" style=\"padding-top:30px;\" data-anim-type=\"fade-in-up\" data-anim-delay=\"100\">Technical Documents<\/h5><div class=\"pix-feature-content text-body-default text-18     animate-in\" style=\"padding-top:10px;\" data-anim-type=\"fade-in-up\" data-anim-delay=\"200\"><\/div><\/div><\/a>\t\t\t\t<\/div>\n\t\t\t\t<\/div>\n\t\t\t\t\t<\/div>\n\t\t<\/div>\n\t\t\t\t<div class=\"elementor-column elementor-col-33 elementor-inner-column elementor-element elementor-element-b12d7b9\" data-id=\"b12d7b9\" data-element_type=\"column\" data-e-type=\"column\">\n\t\t\t<div class=\"elementor-widget-wrap elementor-element-populated\">\n\t\t\t\t\t\t<div class=\"elementor-element elementor-element-9707297 bg-white shadow shadow-hover-sm fly-sm rounded-10 elementor-invisible elementor-widget elementor-widget-pix-feature\" data-id=\"9707297\" data-element_type=\"widget\" data-e-type=\"widget\" data-widget_type=\"pix-feature.default\">\n\t\t\t\t<div class=\"elementor-widget-container\">\n\t\t\t\t\t<a href=\"http:\/\/www.tuyider.org\/en\/yuzey-akademi\/isbirliklerimiz\/\" ><div id=\"pix-feature-9707297\" class=\"pix-feature-el text-custom\"><div class=\"pix-feature-icon d-inline-block mw-100 text-gradient-primary animate-in\" data-anim-type=\"fade-in-up\" data-anim-delay=\"0\" style=\"aspect-ratio:1\/1 !important;position:relative;text-align:center;font-size:1px;line-height:1px;\"><svg class=\"pixfort-icon\" width=\"24\" height=\"24\"  data-name=\"Line\/pixfort-icon-thumbs-up-1\" viewbox=\"2 2 20 20\"><path fill=\"none\" stroke=\"var(--pf-icon-color)\" stroke-linecap=\"round\" stroke-linejoin=\"round\" stroke-width=\"var(--pf-icon-stroke-width)\" d=\"M5,10 L7,10 C8.1045695,10 9,10.8954305 9,12 L9,19 C9,20.1045695 8.1045695,21 7,21 L5,21 C3.8954305,21 3,20.1045695 3,19 L3,12 C3,10.8954305 3.8954305,10 5,10 Z M8.03665535,10.2678481 C9.09732981,7.35330999 11.5,3 12,3 C12.75,3 13.4486318,3.16107045 14,4 C14.7600223,6.03562007 13.7180199,7.9867844 14,10 L18.8099344,10 C19.9145039,10 20.8099344,10.8954305 20.8099344,12 C20.8099344,12.0604503 20.8071937,12.1208695 20.8017208,12.1810715 L20.3307143,17.362143 C20.1434128,19.4224596 18.4159543,21 16.3471414,21 L12,21 L12,21 C10.7729383,20.9580688 9.81909161,20.1644163 9,19\"\/><\/svg><\/div><h5 class=\"pix-feature-title  font-weight-bold  secondary-font text-heading-default animate-in\" style=\"padding-top:30px;\" data-anim-type=\"fade-in-up\" data-anim-delay=\"100\">Our collaborations<\/h5><div class=\"pix-feature-content text-body-default text-18     animate-in\" style=\"padding-top:10px;\" data-anim-type=\"fade-in-up\" data-anim-delay=\"200\"><\/div><\/div><\/a>\t\t\t\t<\/div>\n\t\t\t\t<\/div>\n\t\t\t\t\t<\/div>\n\t\t<\/div>\n\t\t\t\t<div class=\"elementor-column elementor-col-33 elementor-inner-column elementor-element elementor-element-ba7a41d\" data-id=\"ba7a41d\" data-element_type=\"column\" data-e-type=\"column\">\n\t\t\t<div class=\"elementor-widget-wrap\">\n\t\t\t\t\t\t\t<\/div>\n\t\t<\/div>\n\t\t\t\t\t<\/div>\n\t\t<\/section>\n\t\t\t\t\t<\/div>\n\t\t<\/div>\n\t\t\t\t\t<\/div>\n\t\t<\/section>\n\t\t\t\t<\/div>","protected":false},"excerpt":{"rendered":"<p>Y\u00fczey Akademi T\u00dcY\u0130DER T\u00fcm Y\u00fczey \u0130\u015flemler Derne\u011fi Y\u00fczey Akademi sayfalar\u0131na a\u015fa\u011f\u0131daki linklerden ula\u015fabilirsiniz Tan\u0131t\u0131m E\u011fitimler K\u00fct\u00fcphane Test ve Analiz Hizmetleri Standartlar Dan\u0131\u015fmanl\u0131k Hizmetleri Teknik D\u00f6k\u00fcmanlar \u0130\u015fbirliklerimiz<\/p>","protected":false},"author":14,"featured_media":0,"parent":0,"menu_order":0,"comment_status":"closed","ping_status":"closed","template":"","meta":{"footnotes":""},"class_list":["post-1077","page","type-page","status-publish","hentry"],"_links":{"self":[{"href":"https:\/\/www.tuyider.org\/en\/wp-json\/wp\/v2\/pages\/1077","targetHints":{"allow":["GET"]}}],"collection":[{"href":"https:\/\/www.tuyider.org\/en\/wp-json\/wp\/v2\/pages"}],"about":[{"href":"https:\/\/www.tuyider.org\/en\/wp-json\/wp\/v2\/types\/page"}],"author":[{"embeddable":true,"href":"https:\/\/www.tuyider.org\/en\/wp-json\/wp\/v2\/users\/14"}],"replies":[{"embeddable":true,"href":"https:\/\/www.tuyider.org\/en\/wp-json\/wp\/v2\/comments?post=1077"}],"version-history":[{"count":16,"href":"https:\/\/www.tuyider.org\/en\/wp-json\/wp\/v2\/pages\/1077\/revisions"}],"predecessor-version":[{"id":4489,"href":"https:\/\/www.tuyider.org\/en\/wp-json\/wp\/v2\/pages\/1077\/revisions\/4489"}],"wp:attachment":[{"href":"https:\/\/www.tuyider.org\/en\/wp-json\/wp\/v2\/media?parent=1077"}],"curies":[{"name":"wp","href":"https:\/\/api.w.org\/{rel}","templated":true}]}}