{"id":1070,"date":"2020-12-15T15:42:17","date_gmt":"2020-12-15T12:42:17","guid":{"rendered":"http:\/\/www.tuyider4.nanotasarim.com\/?page_id=1070"},"modified":"2022-12-28T23:08:23","modified_gmt":"2022-12-28T20:08:23","slug":"calisma-gruplari","status":"publish","type":"page","link":"https:\/\/www.tuyider.org\/en\/calisma-gruplari\/","title":{"rendered":"Working Groups"},"content":{"rendered":"<div data-elementor-type=\"wp-page\" data-elementor-id=\"1070\" class=\"elementor elementor-1070\" data-elementor-post-type=\"page\">\n\t\t\t\t\t\t<section class=\"elementor-section elementor-top-section elementor-element elementor-element-6c5fdd3 elementor-section-stretched elementor-section-boxed elementor-section-height-default elementor-section-height-default\" data-id=\"6c5fdd3\" data-element_type=\"section\" data-e-type=\"section\" data-settings=\"{&quot;stretch_section&quot;:&quot;section-stretched&quot;}\">\n\t\t\t\t\t\t<div class=\"elementor-container elementor-column-gap-default\">\n\t\t\t\t\t<div class=\"elementor-column elementor-col-100 elementor-top-column elementor-element elementor-element-49f7636\" data-id=\"49f7636\" data-element_type=\"column\" data-e-type=\"column\">\n\t\t\t<div class=\"elementor-widget-wrap elementor-element-populated\">\n\t\t\t\t\t\t<div class=\"elementor-element elementor-element-56770ae elementor-widget elementor-widget-pix-sliding-text\" data-id=\"56770ae\" data-element_type=\"widget\" data-e-type=\"widget\" data-widget_type=\"pix-sliding-text.default\">\n\t\t\t\t<div class=\"elementor-widget-container\">\n\t\t\t\t\t<div id=\"el-56770ae\" class=\"mb-3 text-center\"><div class=\"d-inline-block\" style=\"max-width:600px;\"><h2 class=\"mb-32 pix-sliding-headline-2 animate-in font-weight-bold secondary-font\" data-anim-type=\"pix-sliding-text\" pix-anim-delay=\"500\" data-class=\"secondary-font text-heading-default\" style=\"\"><span class=\"slide-in-container\"><span class=\"pix-sliding-item secondary-font text-heading-default\" style=\"transition-delay: 0ms;\">\u00c7al\u0131\u015fma&#32;<\/span><\/span> <span class=\"slide-in-container\"><span class=\"pix-sliding-item secondary-font text-heading-default\" style=\"transition-delay: 150ms;\">Gruplar\u0131&#32;<\/span><\/span> <\/h2><\/div><\/div>\t\t\t\t<\/div>\n\t\t\t\t<\/div>\n\t\t\t\t<div class=\"elementor-element elementor-element-c3a4398 elementor-invisible elementor-widget elementor-widget-pix-text\" data-id=\"c3a4398\" data-element_type=\"widget\" data-e-type=\"widget\" data-widget_type=\"pix-text.default\">\n\t\t\t\t<div class=\"elementor-widget-container\">\n\t\t\t\t\t<div class=\"pix-el-text w-100 text-center\" ><div class=\"d-inline-block\" style=\"max-width:600px;\"><p class=\"text-20 resp-option  text-center\" ><span class=\"animate-in d-inline-block\" data-anim-delay=\"500\" data-anim-type=\"fade-in-up\">T\u00dcY\u0130DER T\u00fcm Y\u00fczey \u0130\u015flemler Derne\u011fi \u00c7al\u0131\u015fma Gruplar\u0131 sayfalar\u0131na a\u015fa\u011f\u0131daki linklerden ula\u015fabilirsiniz<\/span><\/p><\/div><\/div>\t\t\t\t<\/div>\n\t\t\t\t<\/div>\n\t\t\t\t<section class=\"elementor-section elementor-inner-section elementor-element elementor-element-44321a4 elementor-section-boxed elementor-section-height-default elementor-section-height-default\" data-id=\"44321a4\" data-element_type=\"section\" data-e-type=\"section\">\n\t\t\t\t\t\t<div class=\"elementor-container elementor-column-gap-default\">\n\t\t\t\t\t<div class=\"elementor-column elementor-col-33 elementor-inner-column elementor-element elementor-element-3c5fbca\" data-id=\"3c5fbca\" data-element_type=\"column\" data-e-type=\"column\">\n\t\t\t<div class=\"elementor-widget-wrap elementor-element-populated\">\n\t\t\t\t\t\t<div class=\"elementor-element elementor-element-10e3e8f bg-white shadow shadow-hover-sm fly-sm rounded-10 elementor-invisible elementor-widget elementor-widget-pix-feature\" data-id=\"10e3e8f\" data-element_type=\"widget\" data-e-type=\"widget\" data-widget_type=\"pix-feature.default\">\n\t\t\t\t<div class=\"elementor-widget-container\">\n\t\t\t\t\t<a href=\"\/en\/calisma-gruplari\/cevre-ve-is-guvenligi-calisma-grubu\/\" ><div id=\"pix-feature-10e3e8f\" class=\"pix-feature-el text-custom\"><div class=\"pix-feature-icon d-inline-block mw-100 text-gradient-primary animate-in\" data-anim-type=\"fade-in-up\" data-anim-delay=\"0\" style=\"aspect-ratio:1\/1 !important;position:relative;text-align:center;font-size:1px;line-height:1px;\"><svg class=\"pixfort-icon\" width=\"24\" height=\"24\"  data-name=\"Line\/pixfort-icon-arrow-top-double-1\" viewbox=\"2 2 20 20\"><path fill=\"none\" stroke=\"var(--pf-icon-color)\" stroke-linecap=\"round\" stroke-linejoin=\"round\" stroke-width=\"var(--pf-icon-stroke-width)\" d=\"M7,12 L12,7 L17,12 M7,17 L12,12 L17,17\"\/><\/svg><\/div><h5 class=\"pix-feature-title  font-weight-bold  secondary-font text-heading-default animate-in\" style=\"padding-top:30px;\" data-anim-type=\"fade-in-up\" data-anim-delay=\"100\">\u00c7evre ve \u0130\u015f G\u00fcvenli\u011fi \u00c7al\u0131\u015fma Grubu<\/h5><div class=\"pix-feature-content text-body-default text-18     animate-in\" style=\"padding-top:10px;\" data-anim-type=\"fade-in-up\" data-anim-delay=\"200\"><\/div><\/div><\/a>\t\t\t\t<\/div>\n\t\t\t\t<\/div>\n\t\t\t\t\t<\/div>\n\t\t<\/div>\n\t\t\t\t<div class=\"elementor-column elementor-col-33 elementor-inner-column elementor-element elementor-element-a5e9e0d\" data-id=\"a5e9e0d\" data-element_type=\"column\" data-e-type=\"column\">\n\t\t\t<div class=\"elementor-widget-wrap elementor-element-populated\">\n\t\t\t\t\t\t<div class=\"elementor-element elementor-element-4988b3f bg-white shadow shadow-hover-sm fly-sm rounded-10 elementor-invisible elementor-widget elementor-widget-pix-feature\" data-id=\"4988b3f\" data-element_type=\"widget\" data-e-type=\"widget\" data-widget_type=\"pix-feature.default\">\n\t\t\t\t<div class=\"elementor-widget-container\">\n\t\t\t\t\t<a href=\"\/en\/calisma-gruplari\/cinko-esasli-kaplamalar-calisma-grubu\/\" ><div id=\"pix-feature-4988b3f\" class=\"pix-feature-el text-custom\"><div class=\"pix-feature-icon d-inline-block mw-100 text-gradient-primary animate-in\" data-anim-type=\"fade-in-up\" data-anim-delay=\"0\" style=\"aspect-ratio:1\/1 !important;position:relative;text-align:center;font-size:1px;line-height:1px;\"><svg class=\"pixfort-icon\" width=\"24\" height=\"24\"  data-name=\"Line\/pixfort-icon-layers-horizontal-4\" viewbox=\"2 2 20 20\"><path fill=\"none\" stroke=\"var(--pf-icon-color)\" stroke-linecap=\"round\" stroke-linejoin=\"round\" stroke-width=\"var(--pf-icon-stroke-width)\" d=\"M13.2871704,3.79016749 L19.1475447,6.57384527 C19.8958443,6.92928757 20.2143181,7.82404716 19.8588758,8.57234675 C19.7107133,8.88426768 19.4594657,9.13551534 19.1475447,9.28367778 L13.2871704,12.0673556 C12.4726652,12.4542455 11.5273348,12.4542455 10.7128296,12.0673556 L4.85245528,9.28367778 C4.10415569,8.92823548 3.78568194,8.03347589 4.14112424,7.2851763 C4.28928668,6.97325538 4.54053435,6.72200771 4.85245528,6.57384527 L10.7128296,3.79016749 C11.5273348,3.4032775 12.4726652,3.4032775 13.2871704,3.79016749 Z M17.8140203,9.94042115 L19.1475447,10.5738453 C19.8958443,10.9292876 20.2143181,11.8240472 19.8588758,12.5723467 C19.7107133,12.8842677 19.4594657,13.1355153 19.1475447,13.2836778 L13.2871704,16.0673556 C12.4726652,16.4542455 11.5273348,16.4542455 10.7128296,16.0673556 L4.85245528,13.2836778 C4.10415569,12.9282355 3.78568194,12.0334759 4.14112424,11.2851763 C4.28928668,10.9732554 4.54053435,10.7220077 4.85245528,10.5738453 L6.18336928,9.94166112 M17.8140203,13.9404211 L19.1475447,14.5738453 C19.8958443,14.9292876 20.2143181,15.8240472 19.8588758,16.5723467 C19.7107133,16.8842677 19.4594657,17.1355153 19.1475447,17.2836778 L13.2871704,20.0673556 C12.4726652,20.4542455 11.5273348,20.4542455 10.7128296,20.0673556 L4.85245528,17.2836778 C4.10415569,16.9282355 3.78568194,16.0334759 4.14112424,15.2851763 C4.28928668,14.9732554 4.54053435,14.7220077 4.85245528,14.5738453 L6.18336928,13.9416611\"\/><\/svg><\/div><h5 class=\"pix-feature-title  font-weight-bold  secondary-font text-heading-default animate-in\" style=\"padding-top:30px;\" data-anim-type=\"fade-in-up\" data-anim-delay=\"100\">\u00c7inko Esasl\u0131 Kaplamalar \u00c7al\u0131\u015fma Grubu<\/h5><div class=\"pix-feature-content text-body-default text-18     animate-in\" style=\"padding-top:10px;\" data-anim-type=\"fade-in-up\" data-anim-delay=\"200\"><\/div><\/div><\/a>\t\t\t\t<\/div>\n\t\t\t\t<\/div>\n\t\t\t\t\t<\/div>\n\t\t<\/div>\n\t\t\t\t<div class=\"elementor-column elementor-col-33 elementor-inner-column elementor-element elementor-element-f162f2a\" data-id=\"f162f2a\" data-element_type=\"column\" data-e-type=\"column\">\n\t\t\t<div class=\"elementor-widget-wrap elementor-element-populated\">\n\t\t\t\t\t\t<div class=\"elementor-element elementor-element-39b39c3 bg-white shadow shadow-hover-sm fly-sm rounded-10 elementor-invisible elementor-widget elementor-widget-pix-feature\" data-id=\"39b39c3\" data-element_type=\"widget\" data-e-type=\"widget\" data-widget_type=\"pix-feature.default\">\n\t\t\t\t<div class=\"elementor-widget-container\">\n\t\t\t\t\t<a href=\"\/en\/calisma-gruplari\/cr-ni-cu-cnc-kaplamalar-calisma-grubu\/\" ><div id=\"pix-feature-39b39c3\" class=\"pix-feature-el text-custom\"><div class=\"pix-feature-icon d-inline-block mw-100 text-gradient-primary animate-in\" data-anim-type=\"fade-in-up\" data-anim-delay=\"0\" style=\"aspect-ratio:1\/1 !important;position:relative;text-align:center;font-size:1px;line-height:1px;\"><svg class=\"pixfort-icon\" width=\"24\" height=\"24\"  data-name=\"Line\/pixfort-icon-slides-3\" viewbox=\"2 2 20 20\"><path fill=\"none\" stroke=\"var(--pf-icon-color)\" stroke-linecap=\"round\" stroke-linejoin=\"round\" stroke-width=\"var(--pf-icon-stroke-width)\" d=\"M8,8 L19,8 C20.1045695,8 21,8.8954305 21,10 L21,17 C21,18.1045695 20.1045695,19 19,19 L8,19 C6.8954305,19 6,18.1045695 6,17 L6,10 C6,8.8954305 6.8954305,8 8,8 Z M6,16 L5,16 C3.8954305,16 3,15.1045695 3,14 L3,7 C3,5.8954305 3.8954305,5 5,5 L15,5 C16.1045695,5 17,5.8954305 17,7 L17,8 L17,8\"\/><\/svg><\/div><h5 class=\"pix-feature-title  font-weight-bold  secondary-font text-heading-default animate-in\" style=\"padding-top:30px;\" data-anim-type=\"fade-in-up\" data-anim-delay=\"100\">Cr, Ni, Cu (CNC) Kaplamalar \u00c7al\u0131\u015fma Grubu<\/h5><div class=\"pix-feature-content text-body-default text-18     animate-in\" style=\"padding-top:10px;\" data-anim-type=\"fade-in-up\" data-anim-delay=\"200\"><\/div><\/div><\/a>\t\t\t\t<\/div>\n\t\t\t\t<\/div>\n\t\t\t\t\t<\/div>\n\t\t<\/div>\n\t\t\t\t\t<\/div>\n\t\t<\/section>\n\t\t\t\t<section class=\"elementor-section elementor-inner-section elementor-element elementor-element-ff3aae5 elementor-section-boxed elementor-section-height-default elementor-section-height-default\" data-id=\"ff3aae5\" data-element_type=\"section\" data-e-type=\"section\">\n\t\t\t\t\t\t<div class=\"elementor-container elementor-column-gap-default\">\n\t\t\t\t\t<div class=\"elementor-column elementor-col-33 elementor-inner-column elementor-element elementor-element-76d099a\" data-id=\"76d099a\" data-element_type=\"column\" data-e-type=\"column\">\n\t\t\t<div class=\"elementor-widget-wrap elementor-element-populated\">\n\t\t\t\t\t\t<div class=\"elementor-element elementor-element-d544869 bg-white shadow shadow-hover-sm fly-sm rounded-10 elementor-invisible elementor-widget elementor-widget-pix-feature\" data-id=\"d544869\" data-element_type=\"widget\" data-e-type=\"widget\" data-widget_type=\"pix-feature.default\">\n\t\t\t\t<div class=\"elementor-widget-container\">\n\t\t\t\t\t<a href=\"\/en\/calisma-gruplari\/degerli-metaller-dm-kaplamalar-calisma-grubu\/\" ><div id=\"d544869\" class=\"pix-feature-el text-custom\"><div class=\"pix-feature-icon d-inline-block mw-100 text-gradient-primary animate-in\" data-anim-type=\"fade-in-up\" data-anim-delay=\"0\" style=\"aspect-ratio:1\/1 !important;position:relative;text-align:center;font-size:1px;line-height:1px;\"><svg class=\"pixfort-icon\" width=\"24\" height=\"24\"  data-name=\"Line\/pixfort-icon-books-2\" viewbox=\"2 2 20 20\"><path fill=\"none\" stroke=\"var(--pf-icon-color)\" stroke-linecap=\"round\" stroke-linejoin=\"round\" stroke-width=\"var(--pf-icon-stroke-width)\" d=\"M16.3639244,18.3591786 L16.4143922,9.57406004 C16.4173085,9.06640808 16.1090224,8.60877091 15.6374656,8.42074654 L8.49330422,5.57214731 C7.74858726,5.27520551 6.89729354,5.51831697 6.42169991,6.16375363 L6.25753165,6.38654932 C5.83193311,6.96413674 5.95514445,7.77737964 6.53273186,8.20297817 C6.61287593,8.26203278 6.69954262,8.31167923 6.79102547,8.35093998 L13.8334865,11.3732805 L13.8334865,11.3732805 L13.7781839,21 L7.11714341,18.0083951 C6.48894579,17.7262592 6.08261634,17.1040795 6.07683739,16.415458 L6,7.25948433 L6,7.25948433 M18.9496648,15.7183572 L18.9969327,7.49025804 C19.0017578,6.65034673 18.4812816,5.89690894 17.694021,5.60417182 L11.0159391,3.12097575 C10.2811078,2.84773408 9.45412686,3.0927399 8.98672357,3.72216204 L8.79515158,3.98013979 C8.37840518,4.54134554 8.49551262,5.3341324 9.05671837,5.75087881 C9.14454791,5.81610024 9.24046266,5.86965956 9.34206439,5.91021757 L14.2437572,7.86690588 L14.2437572,7.86690588\"\/><\/svg><\/div><h5 class=\"pix-feature-title  font-weight-bold  secondary-font text-heading-default animate-in\" style=\"padding-top:30px;\" data-anim-type=\"fade-in-up\" data-anim-delay=\"100\">De\u011ferli Metaller (DM) Kaplamalar \u00c7al\u0131\u015fma Grubu<\/h5><div class=\"pix-feature-content text-body-default text-18     animate-in\" style=\"padding-top:10px;\" data-anim-type=\"fade-in-up\" data-anim-delay=\"200\"><\/div><\/div><\/a>\t\t\t\t<\/div>\n\t\t\t\t<\/div>\n\t\t\t\t\t<\/div>\n\t\t<\/div>\n\t\t\t\t<div class=\"elementor-column elementor-col-33 elementor-inner-column elementor-element elementor-element-aea86ef\" data-id=\"aea86ef\" data-element_type=\"column\" data-e-type=\"column\">\n\t\t\t<div class=\"elementor-widget-wrap elementor-element-populated\">\n\t\t\t\t\t\t<div class=\"elementor-element elementor-element-624db8c bg-white shadow shadow-hover-sm fly-sm rounded-10 elementor-invisible elementor-widget elementor-widget-pix-feature\" data-id=\"624db8c\" data-element_type=\"widget\" data-e-type=\"widget\" data-widget_type=\"pix-feature.default\">\n\t\t\t\t<div class=\"elementor-widget-container\">\n\t\t\t\t\t<a href=\"\/en\/calisma-gruplari\/on-yuzey-islemler-calisma-grubu\/\" ><div id=\"pix-feature-624db8c\" class=\"pix-feature-el text-custom\"><div class=\"pix-feature-icon d-inline-block mw-100 text-gradient-primary animate-in\" data-anim-type=\"fade-in-up\" data-anim-delay=\"0\" style=\"aspect-ratio:1\/1 !important;position:relative;text-align:center;font-size:1px;line-height:1px;\"><svg class=\"pixfort-icon\" width=\"24\" height=\"24\"  data-name=\"Line\/pixfort-icon-shield-check-1\" viewbox=\"2 2 20 20\"><path fill=\"none\" stroke=\"var(--pf-icon-color)\" stroke-linecap=\"round\" stroke-linejoin=\"round\" stroke-width=\"var(--pf-icon-stroke-width)\" d=\"M10.8375236,20.6696597 L6.25628542,17.3973467 C5.46789705,16.8342122 5,15.9249996 5,14.9561463 L5,6.90943839 C5,6.06421114 5.53134128,5.31023526 6.32732721,5.02595457 L11.3273272,3.24024028 C11.7623209,3.08488538 12.2376791,3.08488538 12.6726728,3.24024028 L17.6726728,5.02595457 C18.4686587,5.31023526 19,6.06421114 19,6.90943839 L19,14.9561463 C19,15.9249996 18.5321029,16.8342122 17.7437146,17.3973467 L13.1624764,20.6696597 C12.4670813,21.1663705 11.5329187,21.1663705 10.8375236,20.6696597 Z M9,12 L11,14 L15,10\"\/><\/svg><\/div><h5 class=\"pix-feature-title  font-weight-bold  secondary-font text-heading-default animate-in\" style=\"padding-top:30px;\" data-anim-type=\"fade-in-up\" data-anim-delay=\"100\">\u00d6n Y\u00fczey \u0130\u015flemler \u00c7al\u0131\u015fma Grubu<\/h5><div class=\"pix-feature-content text-body-default text-18     animate-in\" style=\"padding-top:10px;\" data-anim-type=\"fade-in-up\" data-anim-delay=\"200\"><\/div><\/div><\/a>\t\t\t\t<\/div>\n\t\t\t\t<\/div>\n\t\t\t\t\t<\/div>\n\t\t<\/div>\n\t\t\t\t<div class=\"elementor-column elementor-col-33 elementor-inner-column elementor-element elementor-element-38c0066\" data-id=\"38c0066\" data-element_type=\"column\" data-e-type=\"column\">\n\t\t\t<div class=\"elementor-widget-wrap elementor-element-populated\">\n\t\t\t\t\t\t<div class=\"elementor-element elementor-element-447cc92 bg-white shadow shadow-hover-sm fly-sm rounded-10 elementor-invisible elementor-widget elementor-widget-pix-feature\" data-id=\"447cc92\" data-element_type=\"widget\" data-e-type=\"widget\" data-widget_type=\"pix-feature.default\">\n\t\t\t\t<div class=\"elementor-widget-container\">\n\t\t\t\t\t<a href=\"\/en\/calisma-gruplari\/tesis-imalatcilari-ve-otomasyon-calisma-grubu\/\" ><div id=\"pix-feature-447cc92\" class=\"pix-feature-el text-custom\"><div class=\"pix-feature-icon d-inline-block mw-100 text-gradient-primary animate-in\" data-anim-type=\"fade-in-up\" data-anim-delay=\"0\" style=\"aspect-ratio:1\/1 !important;position:relative;text-align:center;font-size:1px;line-height:1px;\"><svg class=\"pixfort-icon\" width=\"24\" height=\"24\"  data-name=\"Line\/pixfort-icon-arrows-loop-2\" viewbox=\"2 2 20 20\"><path fill=\"none\" stroke=\"var(--pf-icon-color)\" stroke-linecap=\"round\" stroke-linejoin=\"round\" stroke-width=\"var(--pf-icon-stroke-width)\" d=\"M7.05025253,7.05025253 C4.72774046,9.3727646 4.37842275,12.9212625 6.00229941,15.6125636 M8.46446609,8.46446609 L8.46446609,5.63603897 L5.63603897,5.63603897 M7.05025253,7.05025253 L8.46446609,5.63603897 M10.1882667,18.7614808 C13.3608772,19.6115792 16.6086253,18.1398483 18.1274222,15.3878793 M10.7059048,16.8296291 L8.25641503,18.2438427 L9.67062859,20.6933324 M10.1882667,18.7614808 L8.25641503,18.2438427 M18.7614808,10.1882667 C17.9113824,7.0156562 15.0129519,4.93888925 11.8702784,4.99955711 M16.8296291,10.7059048 L19.2791189,12.1201183 L20.6933324,9.67062859 M18.7614808,10.1882667 L19.2791189,12.1201183\"\/><\/svg><\/div><h5 class=\"pix-feature-title  font-weight-bold  secondary-font text-heading-default animate-in\" style=\"padding-top:30px;\" data-anim-type=\"fade-in-up\" data-anim-delay=\"100\">Tesis \u0130malat\u00e7\u0131lar\u0131 ve Otomasyon \u00c7al\u0131\u015fma Grubu<\/h5><div class=\"pix-feature-content text-body-default text-18     animate-in\" style=\"padding-top:10px;\" data-anim-type=\"fade-in-up\" data-anim-delay=\"200\"><\/div><\/div><\/a>\t\t\t\t<\/div>\n\t\t\t\t<\/div>\n\t\t\t\t\t<\/div>\n\t\t<\/div>\n\t\t\t\t\t<\/div>\n\t\t<\/section>\n\t\t\t\t<section class=\"elementor-section elementor-inner-section elementor-element elementor-element-6cf7de0 elementor-section-boxed elementor-section-height-default elementor-section-height-default\" data-id=\"6cf7de0\" data-element_type=\"section\" data-e-type=\"section\">\n\t\t\t\t\t\t<div class=\"elementor-container elementor-column-gap-default\">\n\t\t\t\t\t<div class=\"elementor-column elementor-col-50 elementor-inner-column elementor-element elementor-element-7e14a26\" data-id=\"7e14a26\" data-element_type=\"column\" data-e-type=\"column\">\n\t\t\t<div class=\"elementor-widget-wrap elementor-element-populated\">\n\t\t\t\t\t\t<div class=\"elementor-element elementor-element-7139bec bg-white shadow shadow-hover-sm fly-sm rounded-10 elementor-invisible elementor-widget elementor-widget-pix-feature\" data-id=\"7139bec\" data-element_type=\"widget\" data-e-type=\"widget\" data-widget_type=\"pix-feature.default\">\n\t\t\t\t<div class=\"elementor-widget-container\">\n\t\t\t\t\t<a href=\"\/en\/calisma-gruplari\/calisma-gruplari-yonetmeligi\/\" ><div id=\"pix-feature-7139bec\" class=\"pix-feature-el text-custom\"><div class=\"pix-feature-icon d-inline-block mw-100 text-gradient-primary animate-in\" data-anim-type=\"fade-in-up\" data-anim-delay=\"0\" style=\"aspect-ratio:1\/1 !important;position:relative;text-align:center;font-size:1px;line-height:1px;\"><svg class=\"pixfort-icon\" width=\"24\" height=\"24\"  data-name=\"Line\/pixfort-icon-book-4\" viewbox=\"2 2 20 20\"><path fill=\"none\" stroke=\"var(--pf-icon-color)\" stroke-linecap=\"round\" stroke-linejoin=\"round\" stroke-width=\"var(--pf-icon-stroke-width)\" d=\"M20,21 L6,21 C4.8954305,21 4,20.1045695 4,19 C4,17.8954305 4.8954305,17 6,17 L20,17 L20,17 L20,3 L6,3 C4.8954305,3 4,3.8954305 4,5 L4,19 L4,19 M8,3 L8,17 M19,17 L19,21\" transform=\"matrix(1 0 0 -1 0 24)\"\/><\/svg><\/div><h5 class=\"pix-feature-title  font-weight-bold  secondary-font text-heading-default animate-in\" style=\"padding-top:30px;\" data-anim-type=\"fade-in-up\" data-anim-delay=\"100\">\u00c7al\u0131\u015fma Gruplar\u0131 Y\u00f6netmeli\u011fi<\/h5><div class=\"pix-feature-content text-body-default text-18     animate-in\" style=\"padding-top:10px;\" data-anim-type=\"fade-in-up\" data-anim-delay=\"200\"><\/div><\/div><\/a>\t\t\t\t<\/div>\n\t\t\t\t<\/div>\n\t\t\t\t\t<\/div>\n\t\t<\/div>\n\t\t\t\t<div class=\"elementor-column elementor-col-50 elementor-inner-column elementor-element elementor-element-d607fb0\" data-id=\"d607fb0\" data-element_type=\"column\" data-e-type=\"column\">\n\t\t\t<div class=\"elementor-widget-wrap elementor-element-populated\">\n\t\t\t\t\t\t<div class=\"elementor-element elementor-element-9aa45b1 bg-white shadow shadow-hover-sm fly-sm rounded-10 elementor-invisible elementor-widget elementor-widget-pix-feature\" data-id=\"9aa45b1\" data-element_type=\"widget\" data-e-type=\"widget\" data-widget_type=\"pix-feature.default\">\n\t\t\t\t<div class=\"elementor-widget-container\">\n\t\t\t\t\t<a href=\"\/en\/calisma-gruplari\/basvuru-formu\/\" ><div id=\"pix-feature-9aa45b1\" class=\"pix-feature-el text-custom\"><div class=\"pix-feature-icon d-inline-block mw-100 text-gradient-primary animate-in\" data-anim-type=\"fade-in-up\" data-anim-delay=\"0\" style=\"aspect-ratio:1\/1 !important;position:relative;text-align:center;font-size:1px;line-height:1px;\"><svg class=\"pixfort-icon\" width=\"24\" height=\"24\"  data-name=\"Line\/pixfort-icon-mail-open-4\" viewbox=\"2 2 20 20\"><path fill=\"none\" stroke=\"var(--pf-icon-color)\" stroke-linecap=\"round\" stroke-linejoin=\"round\" stroke-width=\"var(--pf-icon-stroke-width)\" d=\"M18.0211296,7.01408643 L20.5547002,8.70313346 C20.8328989,8.88859924 21,9.20083057 21,9.53518376 L21,19 C21,20.1045695 20.1045695,21 19,21 L5,21 C3.8954305,21 3,20.1045695 3,19 L3,9.53518376 C3,9.20083057 3.16710114,8.88859924 3.4452998,8.70313346 L5.98731471,7.00845686 L5.98731471,7.00845686 M9,13.5918345 L3.59082089,20.4037252 M14.9959078,13.5918345 L20.4003124,20.3914607 M3.30149167,8.98779765 L10.7448982,14.9882141 C11.4774541,15.5787556 12.5225812,15.5787994 13.2551866,14.9883193 L20.7,8.98779765 L20.7,8.98779765 M6,11.1902729 L6,4.2 C6,3.5372583 6.5372583,3 7.2,3 L16.8,3 C17.4627417,3 18,3.5372583 18,4.2 L18,11.1902729 L18,11.1902729 M10,7 L14,7 M10,10 L13,10\"\/><\/svg><\/div><h5 class=\"pix-feature-title  font-weight-bold  secondary-font text-heading-default animate-in\" style=\"padding-top:30px;\" data-anim-type=\"fade-in-up\" data-anim-delay=\"100\">Ba\u015fvuru Formu<\/h5><div class=\"pix-feature-content text-body-default text-18     animate-in\" style=\"padding-top:10px;\" data-anim-type=\"fade-in-up\" data-anim-delay=\"200\"><\/div><\/div><\/a>\t\t\t\t<\/div>\n\t\t\t\t<\/div>\n\t\t\t\t\t<\/div>\n\t\t<\/div>\n\t\t\t\t\t<\/div>\n\t\t<\/section>\n\t\t\t\t\t<\/div>\n\t\t<\/div>\n\t\t\t\t\t<\/div>\n\t\t<\/section>\n\t\t\t\t<\/div>","protected":false},"excerpt":{"rendered":"<p>\u00c7al\u0131\u015fma Gruplar\u0131 T\u00dcY\u0130DER T\u00fcm Y\u00fczey \u0130\u015flemler Derne\u011fi \u00c7al\u0131\u015fma Gruplar\u0131 sayfalar\u0131na a\u015fa\u011f\u0131daki linklerden ula\u015fabilirsiniz \u00c7evre ve \u0130\u015f G\u00fcvenli\u011fi \u00c7al\u0131\u015fma Grubu \u00c7inko Esasl\u0131 Kaplamalar \u00c7al\u0131\u015fma Grubu Cr, Ni, Cu (CNC) Kaplamalar \u00c7al\u0131\u015fma Grubu De\u011ferli Metaller (DM) Kaplamalar \u00c7al\u0131\u015fma Grubu \u00d6n Y\u00fczey \u0130\u015flemler&#8230;<\/p>","protected":false},"author":14,"featured_media":0,"parent":0,"menu_order":0,"comment_status":"closed","ping_status":"closed","template":"","meta":{"footnotes":""},"class_list":["post-1070","page","type-page","status-publish","hentry"],"_links":{"self":[{"href":"https:\/\/www.tuyider.org\/en\/wp-json\/wp\/v2\/pages\/1070","targetHints":{"allow":["GET"]}}],"collection":[{"href":"https:\/\/www.tuyider.org\/en\/wp-json\/wp\/v2\/pages"}],"about":[{"href":"https:\/\/www.tuyider.org\/en\/wp-json\/wp\/v2\/types\/page"}],"author":[{"embeddable":true,"href":"https:\/\/www.tuyider.org\/en\/wp-json\/wp\/v2\/users\/14"}],"replies":[{"embeddable":true,"href":"https:\/\/www.tuyider.org\/en\/wp-json\/wp\/v2\/comments?post=1070"}],"version-history":[{"count":34,"href":"https:\/\/www.tuyider.org\/en\/wp-json\/wp\/v2\/pages\/1070\/revisions"}],"predecessor-version":[{"id":5948,"href":"https:\/\/www.tuyider.org\/en\/wp-json\/wp\/v2\/pages\/1070\/revisions\/5948"}],"wp:attachment":[{"href":"https:\/\/www.tuyider.org\/en\/wp-json\/wp\/v2\/media?parent=1070"}],"curies":[{"name":"wp","href":"https:\/\/api.w.org\/{rel}","templated":true}]}}