{"id":1060,"date":"2020-12-15T15:37:22","date_gmt":"2020-12-15T12:37:22","guid":{"rendered":"http:\/\/www.tuyider4.nanotasarim.com\/?page_id=1060"},"modified":"2026-02-09T17:54:36","modified_gmt":"2026-02-09T14:54:36","slug":"dernegimiz","status":"publish","type":"page","link":"https:\/\/www.tuyider.org\/en\/dernegimiz\/","title":{"rendered":"Association"},"content":{"rendered":"<div data-elementor-type=\"wp-page\" data-elementor-id=\"1060\" class=\"elementor elementor-1060\" data-elementor-post-type=\"page\">\n\t\t\t\t\t\t<section class=\"elementor-section elementor-top-section elementor-element elementor-element-72cd055 elementor-section-stretched elementor-section-boxed elementor-section-height-default elementor-section-height-default\" data-id=\"72cd055\" data-element_type=\"section\" data-e-type=\"section\" data-settings=\"{&quot;stretch_section&quot;:&quot;section-stretched&quot;}\">\n\t\t\t\t\t\t<div class=\"elementor-container elementor-column-gap-default\">\n\t\t\t\t\t<div class=\"elementor-column elementor-col-100 elementor-top-column elementor-element elementor-element-ad1265e\" data-id=\"ad1265e\" data-element_type=\"column\" data-e-type=\"column\">\n\t\t\t<div class=\"elementor-widget-wrap elementor-element-populated\">\n\t\t\t\t\t\t<div class=\"elementor-element elementor-element-c662a2f elementor-widget elementor-widget-pix-sliding-text\" data-id=\"c662a2f\" data-element_type=\"widget\" data-e-type=\"widget\" data-widget_type=\"pix-sliding-text.default\">\n\t\t\t\t<div class=\"elementor-widget-container\">\n\t\t\t\t\t<div id=\"el-c662a2f\" class=\"mb-3 text-center\"><div class=\"d-inline-block\" style=\"max-width:600px;\"><h2 class=\"mb-32 pix-sliding-headline-2 animate-in font-weight-bold secondary-font\" data-anim-type=\"pix-sliding-text\" pix-anim-delay=\"500\" data-class=\"secondary-font text-heading-default\" style=\"\"><span class=\"slide-in-container\"><span class=\"pix-sliding-item secondary-font text-heading-default\" style=\"transition-delay: 0ms;\">Derne\u011fimiz&#32;<\/span><\/span> <\/h2><\/div><\/div>\t\t\t\t<\/div>\n\t\t\t\t<\/div>\n\t\t\t\t<div class=\"elementor-element elementor-element-b59d39b elementor-invisible elementor-widget elementor-widget-pix-text\" data-id=\"b59d39b\" data-element_type=\"widget\" data-e-type=\"widget\" data-widget_type=\"pix-text.default\">\n\t\t\t\t<div class=\"elementor-widget-container\">\n\t\t\t\t\t<div class=\"pix-el-text w-100 text-center\" ><div class=\"d-inline-block\" style=\"max-width:600px;\"><p class=\"text-20 resp-option  text-center\" ><span class=\"animate-in d-inline-block\" data-anim-delay=\"500\" data-anim-type=\"fade-in-up\">T\u00dcY\u0130DER T\u00fcm Y\u00fczey \u0130\u015flemler Derne\u011fi Tarih\u00e7esi, T\u00fcz\u00fck, Y\u00fczey \u0130\u015flem Sekt\u00f6r\u00fcn\u00fcn Tarih\u00e7esi, Sekt\u00f6re Hizmet Edenler ve \u0130\u015f Birli\u011fi Yapanlar sayfalar\u0131na a\u015fa\u011f\u0131daki linklerden ula\u015fabilirsiniz<\/span><\/p><\/div><\/div>\t\t\t\t<\/div>\n\t\t\t\t<\/div>\n\t\t\t\t<section class=\"elementor-section elementor-inner-section elementor-element elementor-element-7279f90 elementor-section-boxed elementor-section-height-default elementor-section-height-default\" data-id=\"7279f90\" data-element_type=\"section\" data-e-type=\"section\">\n\t\t\t\t\t\t<div class=\"elementor-container elementor-column-gap-default\">\n\t\t\t\t\t<div class=\"elementor-column elementor-col-50 elementor-inner-column elementor-element elementor-element-dcd5238\" data-id=\"dcd5238\" data-element_type=\"column\" data-e-type=\"column\">\n\t\t\t<div class=\"elementor-widget-wrap elementor-element-populated\">\n\t\t\t\t\t\t<div class=\"elementor-element elementor-element-eac4b62 bg-white shadow shadow-hover-sm fly-sm rounded-10 elementor-invisible elementor-widget elementor-widget-pix-feature\" data-id=\"eac4b62\" data-element_type=\"widget\" data-e-type=\"widget\" data-widget_type=\"pix-feature.default\">\n\t\t\t\t<div class=\"elementor-widget-container\">\n\t\t\t\t\t<a href=\"\/en\/dernegimiz\/dernek-tarihcesi\/\" ><div id=\"eac4b62\" class=\"pix-feature-el text-custom\"><div class=\"pix-feature-icon d-inline-block mw-100 text-gradient-primary animate-in\" data-anim-type=\"fade-in-up\" data-anim-delay=\"0\" style=\"aspect-ratio:1\/1 !important;position:relative;text-align:center;font-size:1px;line-height:1px;\"><svg class=\"pixfort-icon\" width=\"24\" height=\"24\"  data-name=\"Line\/pixfort-icon-document-2\" viewbox=\"2 2 20 20\"><path fill=\"none\" stroke=\"var(--pf-icon-color)\" stroke-linecap=\"round\" stroke-linejoin=\"round\" stroke-width=\"var(--pf-icon-stroke-width)\" d=\"M7,3 L17,3 C18.1045695,3 19,3.8954305 19,5 L19,19 C19,20.1045695 18.1045695,21 17,21 L7,21 C5.8954305,21 5,20.1045695 5,19 L5,5 C5,3.8954305 5.8954305,3 7,3 Z M9,7 L15,7 M9,10 L13,10 M9,13 L15,13 M14,17 L15,17\"\/><\/svg><\/div><h5 class=\"pix-feature-title  font-weight-bold  secondary-font text-heading-default animate-in\" style=\"padding-top:30px;\" data-anim-type=\"fade-in-up\" data-anim-delay=\"100\">About<\/h5><div class=\"pix-feature-content text-body-default text-18     animate-in\" style=\"padding-top:10px;\" data-anim-type=\"fade-in-up\" data-anim-delay=\"200\"><\/div><\/div><\/a>\t\t\t\t<\/div>\n\t\t\t\t<\/div>\n\t\t\t\t\t<\/div>\n\t\t<\/div>\n\t\t\t\t<div class=\"elementor-column elementor-col-50 elementor-inner-column elementor-element elementor-element-d4b6802\" data-id=\"d4b6802\" data-element_type=\"column\" data-e-type=\"column\">\n\t\t\t<div class=\"elementor-widget-wrap elementor-element-populated\">\n\t\t\t\t\t\t<div class=\"elementor-element elementor-element-0258827 bg-white shadow shadow-hover-sm fly-sm rounded-10 elementor-invisible elementor-widget elementor-widget-pix-feature\" data-id=\"0258827\" data-element_type=\"widget\" data-e-type=\"widget\" data-widget_type=\"pix-feature.default\">\n\t\t\t\t<div class=\"elementor-widget-container\">\n\t\t\t\t\t<a href=\"\/en\/dernegimiz\/tuzuk\/\" ><div id=\"pix-feature-0258827\" class=\"pix-feature-el text-custom\"><div class=\"pix-feature-icon d-inline-block mw-100 text-gradient-primary animate-in\" data-anim-type=\"fade-in-up\" data-anim-delay=\"0\" style=\"aspect-ratio:1\/1 !important;position:relative;text-align:center;font-size:1px;line-height:1px;\"><svg class=\"pixfort-icon\" width=\"24\" height=\"24\"  data-name=\"Line\/pixfort-icon-list-circle-left-1\" viewbox=\"2 2 20 20\"><path fill=\"none\" stroke=\"var(--pf-icon-color)\" stroke-linecap=\"round\" stroke-linejoin=\"round\" stroke-width=\"var(--pf-icon-stroke-width)\" d=\"M12,17 L19,17 C20.1045695,17 21,17.8954305 21,19 C21,20.1045695 20.1045695,21 19,21 L12,21 C10.8954305,21 10,20.1045695 10,19 C10,17.8954305 10.8954305,17 12,17 Z M5,17 C6.1045695,17 7,17.8954305 7,19 C7,20.1045695 6.1045695,21 5,21 C3.8954305,21 3,20.1045695 3,19 C3,17.8954305 3.8954305,17 5,17 Z M12,10 L19,10 C20.1045695,10 21,10.8954305 21,12 C21,13.1045695 20.1045695,14 19,14 L12,14 C10.8954305,14 10,13.1045695 10,12 C10,10.8954305 10.8954305,10 12,10 Z M5,10 C6.1045695,10 7,10.8954305 7,12 C7,13.1045695 6.1045695,14 5,14 C3.8954305,14 3,13.1045695 3,12 C3,10.8954305 3.8954305,10 5,10 Z M12,3 L19,3 C20.1045695,3 21,3.8954305 21,5 C21,6.1045695 20.1045695,7 19,7 L12,7 C10.8954305,7 10,6.1045695 10,5 C10,3.8954305 10.8954305,3 12,3 Z M5,3 C6.1045695,3 7,3.8954305 7,5 C7,6.1045695 6.1045695,7 5,7 C3.8954305,7 3,6.1045695 3,5 C3,3.8954305 3.8954305,3 5,3 Z\"\/><\/svg><\/div><h5 class=\"pix-feature-title  font-weight-bold  secondary-font text-heading-default animate-in\" style=\"padding-top:30px;\" data-anim-type=\"fade-in-up\" data-anim-delay=\"100\">Mission And Vision<\/h5><div class=\"pix-feature-content text-body-default text-18     animate-in\" style=\"padding-top:10px;\" data-anim-type=\"fade-in-up\" data-anim-delay=\"200\"><\/div><\/div><\/a>\t\t\t\t<\/div>\n\t\t\t\t<\/div>\n\t\t\t\t\t<\/div>\n\t\t<\/div>\n\t\t\t\t\t<\/div>\n\t\t<\/section>\n\t\t\t\t<section class=\"elementor-section elementor-inner-section elementor-element elementor-element-91cb413 elementor-section-boxed elementor-section-height-default elementor-section-height-default\" data-id=\"91cb413\" data-element_type=\"section\" data-e-type=\"section\">\n\t\t\t\t\t\t<div class=\"elementor-container elementor-column-gap-default\">\n\t\t\t\t\t<div class=\"elementor-column elementor-col-50 elementor-inner-column elementor-element elementor-element-40427b7\" data-id=\"40427b7\" data-element_type=\"column\" data-e-type=\"column\">\n\t\t\t<div class=\"elementor-widget-wrap elementor-element-populated\">\n\t\t\t\t\t\t<div class=\"elementor-element elementor-element-7c56519 bg-white shadow shadow-hover-sm fly-sm rounded-10 elementor-invisible elementor-widget elementor-widget-pix-feature\" data-id=\"7c56519\" data-element_type=\"widget\" data-e-type=\"widget\" data-widget_type=\"pix-feature.default\">\n\t\t\t\t<div class=\"elementor-widget-container\">\n\t\t\t\t\t<a href=\"\/en\/dernegimiz\/yuzey-islem-sektorunun-tarihcesi\/\" ><div id=\"pix-feature-7c56519\" class=\"pix-feature-el text-custom\"><div class=\"pix-feature-icon d-inline-block mw-100 text-gradient-primary animate-in\" data-anim-type=\"fade-in-up\" data-anim-delay=\"0\" style=\"aspect-ratio:1\/1 !important;position:relative;text-align:center;font-size:1px;line-height:1px;\"><svg class=\"pixfort-icon\" width=\"24\" height=\"24\"  data-name=\"Line\/pixfort-icon-layers-vertical-3\" viewbox=\"2 2 20 20\"><path fill=\"none\" stroke=\"var(--pf-icon-color)\" stroke-linecap=\"round\" stroke-linejoin=\"round\" stroke-width=\"var(--pf-icon-stroke-width)\" d=\"M15.6,11.4448795 L15.6,19.1836335 C15.6,20.0120606 14.9284271,20.6836335 14.1,20.6836335 C13.8858737,20.6836335 13.674229,20.6377893 13.4792956,20.5491832 L6.35859117,17.3124993 C5.28760831,16.825689 4.6,15.7578304 4.6,14.5813999 L4.6,6.84264599 C4.6,6.01421887 5.27157288,5.34264599 6.1,5.34264599 C6.31412631,5.34264599 6.525771,5.38849018 6.72070442,5.47709627 L13.8414088,8.7137801 C14.9123917,9.20059049 15.6,10.2684491 15.6,11.4448795 Z M10.75,3 L16.7867401,6.10460918 C18.4527405,6.96140942 19.5,8.67763839 19.5,10.5510482 L19.5,18 L19.5,18\"\/><\/svg><\/div><h5 class=\"pix-feature-title  font-weight-bold  secondary-font text-heading-default animate-in\" style=\"padding-top:30px;\" data-anim-type=\"fade-in-up\" data-anim-delay=\"100\">History<\/h5><div class=\"pix-feature-content text-body-default text-18     animate-in\" style=\"padding-top:10px;\" data-anim-type=\"fade-in-up\" data-anim-delay=\"200\"><\/div><\/div><\/a>\t\t\t\t<\/div>\n\t\t\t\t<\/div>\n\t\t\t\t\t<\/div>\n\t\t<\/div>\n\t\t\t\t<div class=\"elementor-column elementor-col-50 elementor-inner-column elementor-element elementor-element-e2ee026\" data-id=\"e2ee026\" data-element_type=\"column\" data-e-type=\"column\">\n\t\t\t<div class=\"elementor-widget-wrap elementor-element-populated\">\n\t\t\t\t\t\t<div class=\"elementor-element elementor-element-73287c4 bg-white shadow shadow-hover-sm fly-sm rounded-10 elementor-invisible elementor-widget elementor-widget-pix-feature\" data-id=\"73287c4\" data-element_type=\"widget\" data-e-type=\"widget\" data-widget_type=\"pix-feature.default\">\n\t\t\t\t<div class=\"elementor-widget-container\">\n\t\t\t\t\t<a href=\"\/en\/dernegimiz\/sektore-hizmet-edenler\/\" ><div id=\"pix-feature-73287c4\" class=\"pix-feature-el text-custom\"><div class=\"pix-feature-icon d-inline-block mw-100 text-gradient-primary animate-in\" data-anim-type=\"fade-in-up\" data-anim-delay=\"0\" style=\"aspect-ratio:1\/1 !important;position:relative;text-align:center;font-size:1px;line-height:1px;\"><svg class=\"pixfort-icon\" width=\"24\" height=\"24\"  data-name=\"Line\/pixfort-icon-users-3\" viewbox=\"2 2 20 20\"><path fill=\"none\" stroke=\"var(--pf-icon-color)\" stroke-linecap=\"round\" stroke-linejoin=\"round\" stroke-width=\"var(--pf-icon-stroke-width)\" d=\"M3,19 C4.06666667,16.3333333 6.2,15 9.4,15 C12.6,15 14.7333333,16.3333333 15.8,19 L3,19 Z M9.5,12 C11.4329966,12 13,10.4329966 13,8.5 C13,6.56700338 11.4329966,5 9.5,5 C7.56700338,5 6,6.56700338 6,8.5 C6,10.4329966 7.56700338,12 9.5,12 Z M17.4387508,16.380882 C19.4416951,16.380882 20.6738517,17.973 20.9983226,19 L18.4317492,19 M17,14 C18.1045695,14 19,13.1045695 19,12 C19,10.8954305 18.1045695,10 17,10 C15.8954305,10 15,10.8954305 15,12 C15,13.1045695 15.8954305,14 17,14 Z\"\/><\/svg><\/div><h5 class=\"pix-feature-title  font-weight-bold  secondary-font text-heading-default animate-in\" style=\"padding-top:30px;\" data-anim-type=\"fade-in-up\" data-anim-delay=\"100\">Companies in the Industry<\/h5><div class=\"pix-feature-content text-body-default text-18     animate-in\" style=\"padding-top:10px;\" data-anim-type=\"fade-in-up\" data-anim-delay=\"200\"><\/div><\/div><\/a>\t\t\t\t<\/div>\n\t\t\t\t<\/div>\n\t\t\t\t\t<\/div>\n\t\t<\/div>\n\t\t\t\t\t<\/div>\n\t\t<\/section>\n\t\t\t\t\t<\/div>\n\t\t<\/div>\n\t\t\t\t\t<\/div>\n\t\t<\/section>\n\t\t\t\t<section class=\"elementor-section elementor-top-section elementor-element elementor-element-e11115a elementor-section-stretched elementor-section-boxed elementor-section-height-default elementor-section-height-default\" data-id=\"e11115a\" data-element_type=\"section\" data-e-type=\"section\" data-settings=\"{&quot;stretch_section&quot;:&quot;section-stretched&quot;}\">\n\t\t\t\t\t\t<div class=\"elementor-container elementor-column-gap-default\">\n\t\t\t\t\t<div class=\"elementor-column elementor-col-100 elementor-top-column elementor-element elementor-element-5d6f328\" data-id=\"5d6f328\" data-element_type=\"column\" data-e-type=\"column\">\n\t\t\t<div class=\"elementor-widget-wrap elementor-element-populated\">\n\t\t\t\t\t\t<div class=\"elementor-element elementor-element-622af94 elementor-widget elementor-widget-pix-sliding-text\" data-id=\"622af94\" data-element_type=\"widget\" data-e-type=\"widget\" data-widget_type=\"pix-sliding-text.default\">\n\t\t\t\t<div class=\"elementor-widget-container\">\n\t\t\t\t\t<div id=\"el-622af94\" class=\"mb-3 text-center\"><div class=\"d-inline-block\" style=\"max-width:600px;\"><h2 class=\"mb-32 pix-sliding-headline-2 animate-in font-weight-bold secondary-font\" data-anim-type=\"pix-sliding-text\" pix-anim-delay=\"500\" data-class=\"secondary-font text-heading-default\" style=\"\"><span class=\"slide-in-container\"><span class=\"pix-sliding-item secondary-font text-heading-default\" style=\"transition-delay: 0ms;\">\u0130\u015f&#32;<\/span><\/span> <span class=\"slide-in-container\"><span class=\"pix-sliding-item secondary-font text-heading-default\" style=\"transition-delay: 150ms;\">Birli\u011fi&#32;<\/span><\/span> <span class=\"slide-in-container\"><span class=\"pix-sliding-item secondary-font text-heading-default\" style=\"transition-delay: 300ms;\">Yapanlar&#32;<\/span><\/span> <\/h2><\/div><\/div>\t\t\t\t<\/div>\n\t\t\t\t<\/div>\n\t\t\t\t<div class=\"elementor-element elementor-element-48a1209 elementor-invisible elementor-widget elementor-widget-pix-text\" data-id=\"48a1209\" data-element_type=\"widget\" data-e-type=\"widget\" data-widget_type=\"pix-text.default\">\n\t\t\t\t<div class=\"elementor-widget-container\">\n\t\t\t\t\t<div class=\"pix-el-text w-100 text-center\" ><div class=\"d-inline-block\" style=\"max-width:600px;\"><p class=\"text-20 resp-option  text-center\" ><span class=\"animate-in d-inline-block\" data-anim-delay=\"500\" data-anim-type=\"fade-in-up\">T\u00dcY\u0130DER T\u00fcm Y\u00fczey \u0130\u015flemler Derne\u011fi Sekt\u00f6rel Ortaklar\u0131m\u0131z, Kurumsal Ortaklar\u0131m\u0131z ve \u0130\u015fbirlik\u00e7ilerimiz\/Protokoller sayfalar\u0131na a\u015fa\u011f\u0131daki linklerden ula\u015fabilirsiniz<\/span><\/p><\/div><\/div>\t\t\t\t<\/div>\n\t\t\t\t<\/div>\n\t\t\t\t<section class=\"elementor-section elementor-inner-section elementor-element elementor-element-c76e330 elementor-section-boxed elementor-section-height-default elementor-section-height-default\" data-id=\"c76e330\" data-element_type=\"section\" data-e-type=\"section\">\n\t\t\t\t\t\t<div class=\"elementor-container elementor-column-gap-default\">\n\t\t\t\t\t<div class=\"elementor-column elementor-col-33 elementor-inner-column elementor-element elementor-element-b62b1da\" data-id=\"b62b1da\" data-element_type=\"column\" data-e-type=\"column\">\n\t\t\t<div class=\"elementor-widget-wrap elementor-element-populated\">\n\t\t\t\t\t\t<div class=\"elementor-element elementor-element-69b23fd bg-white shadow shadow-hover-sm fly-sm rounded-10 elementor-invisible elementor-widget elementor-widget-pix-feature\" data-id=\"69b23fd\" data-element_type=\"widget\" data-e-type=\"widget\" data-widget_type=\"pix-feature.default\">\n\t\t\t\t<div class=\"elementor-widget-container\">\n\t\t\t\t\t<a href=\"https:\/\/www.tuyider.org\/en\/dernegimiz\/isbirligi-yapanlar\/\" ><div id=\"pix-feature-69b23fd\" class=\"pix-feature-el text-custom\"><div class=\"pix-feature-icon d-inline-block mw-100 text-gradient-primary animate-in\" data-anim-type=\"fade-in-up\" data-anim-delay=\"0\" style=\"aspect-ratio:1\/1 !important;position:relative;text-align:center;font-size:1px;line-height:1px;\"><svg class=\"pixfort-icon\" width=\"24\" height=\"24\"  data-name=\"Line\/pixfort-icon-users-1\" viewbox=\"2 2 20 20\"><path fill=\"none\" stroke=\"var(--pf-icon-color)\" stroke-linecap=\"round\" stroke-linejoin=\"round\" stroke-width=\"var(--pf-icon-stroke-width)\" d=\"M3,19 C4.06666667,16.3333333 6.2,15 9.4,15 C12.6,15 14.7333333,16.3333333 15.8,19 L3,19 Z M16.0990064,14.9791394 C17.9796639,14.9791394 19.9252878,16.5225533 21,19 L18.2912726,19 M9.5,12 C11.4329966,12 13,10.4329966 13,8.5 C13,6.56700338 11.4329966,5 9.5,5 C7.56700338,5 6,6.56700338 6,8.5 C6,10.4329966 7.56700338,12 9.5,12 Z M14.5486435,11.8691524 C14.851136,11.9543966 15.1702424,12 15.5,12 C17.4329966,12 19,10.4329966 19,8.5 C19,6.56700338 17.4329966,5 15.5,5 C15.1593015,5 14.8299728,5.04867972 14.5185899,5.13946314\"\/><\/svg><\/div><h5 class=\"pix-feature-title  font-weight-bold  secondary-font text-heading-default animate-in\" style=\"padding-top:30px;\" data-anim-type=\"fade-in-up\" data-anim-delay=\"100\">Industry Partners<\/h5><div class=\"pix-feature-content text-body-default text-18     animate-in\" style=\"padding-top:10px;\" data-anim-type=\"fade-in-up\" data-anim-delay=\"200\"><\/div><\/div><\/a>\t\t\t\t<\/div>\n\t\t\t\t<\/div>\n\t\t\t\t\t<\/div>\n\t\t<\/div>\n\t\t\t\t<div class=\"elementor-column elementor-col-33 elementor-inner-column elementor-element elementor-element-d1478e0\" data-id=\"d1478e0\" data-element_type=\"column\" data-e-type=\"column\">\n\t\t\t<div class=\"elementor-widget-wrap elementor-element-populated\">\n\t\t\t\t\t\t<div class=\"elementor-element elementor-element-5ad94db bg-white shadow shadow-hover-sm fly-sm rounded-10 elementor-invisible elementor-widget elementor-widget-pix-feature\" data-id=\"5ad94db\" data-element_type=\"widget\" data-e-type=\"widget\" data-widget_type=\"pix-feature.default\">\n\t\t\t\t<div class=\"elementor-widget-container\">\n\t\t\t\t\t<a href=\"#\" ><div id=\"pix-feature-5ad94db\" class=\"pix-feature-el text-custom\"><div class=\"pix-feature-icon d-inline-block mw-100 text-gradient-primary animate-in\" data-anim-type=\"fade-in-up\" data-anim-delay=\"0\" style=\"aspect-ratio:1\/1 !important;position:relative;text-align:center;font-size:1px;line-height:1px;\"><svg class=\"pixfort-icon\" width=\"24\" height=\"24\"  data-name=\"Line\/pixfort-icon-thumbs-up-1\" viewbox=\"2 2 20 20\"><path fill=\"none\" stroke=\"var(--pf-icon-color)\" stroke-linecap=\"round\" stroke-linejoin=\"round\" stroke-width=\"var(--pf-icon-stroke-width)\" d=\"M5,10 L7,10 C8.1045695,10 9,10.8954305 9,12 L9,19 C9,20.1045695 8.1045695,21 7,21 L5,21 C3.8954305,21 3,20.1045695 3,19 L3,12 C3,10.8954305 3.8954305,10 5,10 Z M8.03665535,10.2678481 C9.09732981,7.35330999 11.5,3 12,3 C12.75,3 13.4486318,3.16107045 14,4 C14.7600223,6.03562007 13.7180199,7.9867844 14,10 L18.8099344,10 C19.9145039,10 20.8099344,10.8954305 20.8099344,12 C20.8099344,12.0604503 20.8071937,12.1208695 20.8017208,12.1810715 L20.3307143,17.362143 C20.1434128,19.4224596 18.4159543,21 16.3471414,21 L12,21 L12,21 C10.7729383,20.9580688 9.81909161,20.1644163 9,19\"\/><\/svg><\/div><h5 class=\"pix-feature-title  font-weight-bold  secondary-font text-heading-default animate-in\" style=\"padding-top:30px;\" data-anim-type=\"fade-in-up\" data-anim-delay=\"100\">Corporate Partners<\/h5><div class=\"pix-feature-content text-body-default text-18     animate-in\" style=\"padding-top:10px;\" data-anim-type=\"fade-in-up\" data-anim-delay=\"200\"><\/div><\/div><\/a>\t\t\t\t<\/div>\n\t\t\t\t<\/div>\n\t\t\t\t\t<\/div>\n\t\t<\/div>\n\t\t\t\t<div class=\"elementor-column elementor-col-33 elementor-inner-column elementor-element elementor-element-8ab82d5\" data-id=\"8ab82d5\" data-element_type=\"column\" data-e-type=\"column\">\n\t\t\t<div class=\"elementor-widget-wrap elementor-element-populated\">\n\t\t\t\t\t\t<div class=\"elementor-element elementor-element-6d789e2 bg-white shadow shadow-hover-sm fly-sm rounded-10 elementor-invisible elementor-widget elementor-widget-pix-feature\" data-id=\"6d789e2\" data-element_type=\"widget\" data-e-type=\"widget\" data-widget_type=\"pix-feature.default\">\n\t\t\t\t<div class=\"elementor-widget-container\">\n\t\t\t\t\t<a href=\"#\" ><div id=\"pix-feature-6d789e2\" class=\"pix-feature-el text-custom\"><div class=\"pix-feature-icon d-inline-block mw-100 text-gradient-primary animate-in\" data-anim-type=\"fade-in-up\" data-anim-delay=\"0\" style=\"aspect-ratio:1\/1 !important;position:relative;text-align:center;font-size:1px;line-height:1px;\"><svg class=\"pixfort-icon\" width=\"24\" height=\"24\"  data-name=\"Line\/pixfort-icon-mail-closed-edit-1\" viewbox=\"2 2 20 20\"><path fill=\"none\" stroke=\"var(--pf-icon-color)\" stroke-linecap=\"round\" stroke-linejoin=\"round\" stroke-width=\"var(--pf-icon-stroke-width)\" d=\"M12,18 L5,18 C3.8954305,18 3,17.1045695 3,16 L3,6 C3,4.8954305 3.8954305,4 5,4 L19,4 C20.1045695,4 21,4.8954305 21,6 L21,11 M20.7596132,14.6956522 L20.7825224,14.7185614 C21.1667205,15.1027595 21.1667205,15.7256676 20.7825224,16.1098657 L16.3392838,20.5531044 C16.1959663,20.6964219 16.0118814,20.7919766 15.8121972,20.8267043 L14.4071068,21.0710678 L14.4071068,21.0710678 L14.6514703,19.6659774 C14.686198,19.4662932 14.7817527,19.2822083 14.9250702,19.1388908 L19.3683089,14.6956522 C19.7525069,14.3114541 20.3754151,14.3114541 20.7596132,14.6956522 Z M18.7241798,15.3397813 L20.1383933,16.7539948 M3.30149167,4.98779765 L10.7448982,10.9882141 C11.4774541,11.5787556 12.5225812,11.5787994 13.2551866,10.9883193 L20.7,4.98779765 L20.7,4.98779765\"\/><\/svg><\/div><h5 class=\"pix-feature-title  font-weight-bold  secondary-font text-heading-default animate-in\" style=\"padding-top:30px;\" data-anim-type=\"fade-in-up\" data-anim-delay=\"100\">\u0130\u015fbirlik\u00e7ilerimiz\/Protokoller<\/h5><div class=\"pix-feature-content text-body-default text-18     animate-in\" style=\"padding-top:10px;\" data-anim-type=\"fade-in-up\" data-anim-delay=\"200\"><\/div><\/div><\/a>\t\t\t\t<\/div>\n\t\t\t\t<\/div>\n\t\t\t\t\t<\/div>\n\t\t<\/div>\n\t\t\t\t\t<\/div>\n\t\t<\/section>\n\t\t\t\t\t<\/div>\n\t\t<\/div>\n\t\t\t\t\t<\/div>\n\t\t<\/section>\n\t\t\t\t<\/div>","protected":false},"excerpt":{"rendered":"<p>Derne\u011fimiz&#32; T\u00dcY\u0130DER T\u00fcm Y\u00fczey \u0130\u015flemler Derne\u011fi Tarih\u00e7esi, T\u00fcz\u00fck, Y\u00fczey \u0130\u015flem Sekt\u00f6r\u00fcn\u00fcn Tarih\u00e7esi, Sekt\u00f6re Hizmet Edenler ve \u0130\u015f Birli\u011fi Yapanlar sayfalar\u0131na a\u015fa\u011f\u0131daki linklerden ula\u015fabilirsiniz Dernek Tarih\u00e7esi T\u00fcz\u00fck Y\u00fczey \u0130\u015flem Sekt\u00f6r\u00fcn\u00fcn Tarih\u00e7esi Sekt\u00f6re Hizmet Edenler \u0130\u015f&#32; Birli\u011fi&#32; Yapanlar&#32; T\u00dcY\u0130DER T\u00fcm Y\u00fczey \u0130\u015flemler&#8230;<\/p>","protected":false},"author":14,"featured_media":0,"parent":0,"menu_order":0,"comment_status":"closed","ping_status":"closed","template":"","meta":{"footnotes":""},"class_list":["post-1060","page","type-page","status-publish","hentry"],"_links":{"self":[{"href":"https:\/\/www.tuyider.org\/en\/wp-json\/wp\/v2\/pages\/1060","targetHints":{"allow":["GET"]}}],"collection":[{"href":"https:\/\/www.tuyider.org\/en\/wp-json\/wp\/v2\/pages"}],"about":[{"href":"https:\/\/www.tuyider.org\/en\/wp-json\/wp\/v2\/types\/page"}],"author":[{"embeddable":true,"href":"https:\/\/www.tuyider.org\/en\/wp-json\/wp\/v2\/users\/14"}],"replies":[{"embeddable":true,"href":"https:\/\/www.tuyider.org\/en\/wp-json\/wp\/v2\/comments?post=1060"}],"version-history":[{"count":10,"href":"https:\/\/www.tuyider.org\/en\/wp-json\/wp\/v2\/pages\/1060\/revisions"}],"predecessor-version":[{"id":7809,"href":"https:\/\/www.tuyider.org\/en\/wp-json\/wp\/v2\/pages\/1060\/revisions\/7809"}],"wp:attachment":[{"href":"https:\/\/www.tuyider.org\/en\/wp-json\/wp\/v2\/media?parent=1060"}],"curies":[{"name":"wp","href":"https:\/\/api.w.org\/{rel}","templated":true}]}}